{"id":118,"date":"2015-07-21T12:29:49","date_gmt":"2015-07-21T10:29:49","guid":{"rendered":"http:\/\/froewag.de\/wp2\/wp\/?page_id=118"},"modified":"2024-08-26T13:27:47","modified_gmt":"2024-08-26T11:27:47","slug":"boden","status":"publish","type":"page","link":"https:\/\/froewag.de\/en\/loesungen\/boden\/","title":{"rendered":"Boden"},"content":{"rendered":"<div data-elementor-type=\"wp-page\" data-elementor-id=\"118\" class=\"elementor elementor-118\" data-elementor-post-type=\"page\">\n\t\t\t\t\t\t<section class=\"elementor-section elementor-top-section elementor-element elementor-element-17b0944f elementor-section-boxed elementor-section-height-default elementor-section-height-default\" data-id=\"17b0944f\" data-element_type=\"section\" data-e-type=\"section\">\n\t\t\t\t\t\t<div class=\"elementor-container elementor-column-gap-default\">\n\t\t\t\t\t<div class=\"elementor-column elementor-col-100 elementor-top-column elementor-element elementor-element-7669b7ce\" data-id=\"7669b7ce\" data-element_type=\"column\" data-e-type=\"column\">\n\t\t\t<div class=\"elementor-widget-wrap elementor-element-populated\">\n\t\t\t\t\t\t<div class=\"elementor-element elementor-element-c8a7de4 elementor-widget elementor-widget-spacer\" data-id=\"c8a7de4\" data-element_type=\"widget\" data-e-type=\"widget\" data-widget_type=\"spacer.default\">\n\t\t\t\t<div class=\"elementor-widget-container\">\n\t\t\t\t\t\t\t<div class=\"elementor-spacer\">\n\t\t\t<div class=\"elementor-spacer-inner\"><\/div>\n\t\t<\/div>\n\t\t\t\t\t\t<\/div>\n\t\t\t\t<\/div>\n\t\t\t\t<div class=\"elementor-element elementor-element-4ac6305 elementor-widget elementor-widget-heading\" data-id=\"4ac6305\" data-element_type=\"widget\" data-e-type=\"widget\" data-widget_type=\"heading.default\">\n\t\t\t\t<div class=\"elementor-widget-container\">\n\t\t\t\t\t<h2 class=\"elementor-heading-title elementor-size-default\">Warum Bodenpr\u00fcfungen?<\/h2>\t\t\t\t<\/div>\n\t\t\t\t<\/div>\n\t\t\t\t\t<\/div>\n\t\t<\/div>\n\t\t\t\t\t<\/div>\n\t\t<\/section>\n\t\t\t\t<section class=\"elementor-section elementor-top-section elementor-element elementor-element-49ca861 elementor-section-boxed elementor-section-height-default elementor-section-height-default\" data-id=\"49ca861\" data-element_type=\"section\" data-e-type=\"section\">\n\t\t\t\t\t\t<div class=\"elementor-container elementor-column-gap-default\">\n\t\t\t\t\t<div class=\"elementor-column elementor-col-50 elementor-top-column elementor-element elementor-element-c1efb95\" data-id=\"c1efb95\" data-element_type=\"column\" data-e-type=\"column\">\n\t\t\t<div class=\"elementor-widget-wrap elementor-element-populated\">\n\t\t\t\t\t\t<div class=\"elementor-element elementor-element-0cff41a elementor-widget elementor-widget-text-editor\" data-id=\"0cff41a\" data-element_type=\"widget\" data-e-type=\"widget\" data-widget_type=\"text-editor.default\">\n\t\t\t\t<div class=\"elementor-widget-container\">\n\t\t\t\t\t\t\t\t\t<p>Die Verdichtungskontrolle auf der Baustelle, im Feld oder im Labor, die Bestimmung der Proctordichte oder die Wassergehaltsbestimmung sind nur einige wenige Standardpr\u00fcfungen, die bei der Bereitstellung eines festen und stabilen Untergrunds Anwendung finden.<span class=\"Apple-converted-space\">\u00a0<\/span><\/p><p>Auf der ganzen Welt finden sich unterschiedliche B\u00f6den: Steiniger Untergrund (z.B. Keupermergel), Sand, Lehmb\u00f6den, Ton oder vom Menschen geschaffen hydraulisch gebundene Tragschichten (Gestein mit Zement verdichtet). Je nach Beschaffenheit ergeben sich unterschiedliche Eigenschaften, welche vor der Bebauung zu untersuchen sind.\u00a0<\/p><p>Explizit die Ermittlung der Bodenfestigkeit, Schichtsondierung, Wasserdurchl\u00e4ssigkeit und Scherfestigkeit sind wichtige Punkte, die f\u00fcr ein Bauprojekt bares Geld bedeuten k\u00f6nnen. Wenn Sie im Vorfeld wissen, welche Bodenbeschaffenheit auf Sie zu kommt, vermeiden Sie unerwartete Zusatzinvestitionen.\u00a0<\/p>\t\t\t\t\t\t\t\t<\/div>\n\t\t\t\t<\/div>\n\t\t\t\t\t<\/div>\n\t\t<\/div>\n\t\t\t\t<div class=\"elementor-column elementor-col-50 elementor-top-column elementor-element elementor-element-282f471\" data-id=\"282f471\" data-element_type=\"column\" data-e-type=\"column\">\n\t\t\t<div class=\"elementor-widget-wrap elementor-element-populated\">\n\t\t\t\t\t\t<div class=\"elementor-element elementor-element-3b012aa elementor-widget elementor-widget-image\" data-id=\"3b012aa\" data-element_type=\"widget\" data-e-type=\"widget\" data-widget_type=\"image.default\">\n\t\t\t\t<div class=\"elementor-widget-container\">\n\t\t\t\t\t\t\t\t\t\t\t\t\t\t\t<img fetchpriority=\"high\" decoding=\"async\" width=\"1024\" height=\"388\" src=\"https:\/\/froewag.de\/wp-content\/uploads\/2022\/01\/AdobeStock_257411160-1024x388.jpeg\" class=\"attachment-large size-large wp-image-49638\" alt=\"Bodenmechanische Untersuchungen, Bodenpr\u00fcfungen\" srcset=\"https:\/\/froewag.de\/wp-content\/uploads\/2022\/01\/AdobeStock_257411160-1024x388.jpeg 1024w, https:\/\/froewag.de\/wp-content\/uploads\/2022\/01\/AdobeStock_257411160-300x114.jpeg 300w, https:\/\/froewag.de\/wp-content\/uploads\/2022\/01\/AdobeStock_257411160-768x291.jpeg 768w, https:\/\/froewag.de\/wp-content\/uploads\/2022\/01\/AdobeStock_257411160-1536x581.jpeg 1536w, https:\/\/froewag.de\/wp-content\/uploads\/2022\/01\/AdobeStock_257411160-2048x775.jpeg 2048w, https:\/\/froewag.de\/wp-content\/uploads\/2022\/01\/AdobeStock_257411160-700x265.jpeg 700w\" sizes=\"(max-width: 1024px) 100vw, 1024px\" \/>\t\t\t\t\t\t\t\t\t\t\t\t\t\t\t<\/div>\n\t\t\t\t<\/div>\n\t\t\t\t\t<\/div>\n\t\t<\/div>\n\t\t\t\t\t<\/div>\n\t\t<\/section>\n\t\t\t\t<section class=\"elementor-section elementor-top-section elementor-element elementor-element-09d192d elementor-section-boxed elementor-section-height-default elementor-section-height-default\" data-id=\"09d192d\" data-element_type=\"section\" data-e-type=\"section\">\n\t\t\t\t\t\t<div class=\"elementor-container elementor-column-gap-default\">\n\t\t\t\t\t<div class=\"elementor-column elementor-col-100 elementor-top-column elementor-element elementor-element-1ad5103\" data-id=\"1ad5103\" data-element_type=\"column\" data-e-type=\"column\">\n\t\t\t<div class=\"elementor-widget-wrap elementor-element-populated\">\n\t\t\t\t\t\t<div class=\"elementor-element elementor-element-cc05a19 elementor-widget elementor-widget-heading\" data-id=\"cc05a19\" data-element_type=\"widget\" data-e-type=\"widget\" data-widget_type=\"heading.default\">\n\t\t\t\t<div class=\"elementor-widget-container\">\n\t\t\t\t\t<h2 class=\"elementor-heading-title elementor-size-default\">F\u00fcr welche bodenmechanische Tests bieten wir Pr\u00fcfger\u00e4te an?<\/h2>\t\t\t\t<\/div>\n\t\t\t\t<\/div>\n\t\t\t\t<div class=\"elementor-element elementor-element-78e546f elementor-widget elementor-widget-spacer\" data-id=\"78e546f\" data-element_type=\"widget\" data-e-type=\"widget\" data-widget_type=\"spacer.default\">\n\t\t\t\t<div class=\"elementor-widget-container\">\n\t\t\t\t\t\t\t<div class=\"elementor-spacer\">\n\t\t\t<div class=\"elementor-spacer-inner\"><\/div>\n\t\t<\/div>\n\t\t\t\t\t\t<\/div>\n\t\t\t\t<\/div>\n\t\t\t\t<div class=\"elementor-element elementor-element-d3e4fbc elementor-widget elementor-widget-text-editor\" data-id=\"d3e4fbc\" data-element_type=\"widget\" data-e-type=\"widget\" data-widget_type=\"text-editor.default\">\n\t\t\t\t<div class=\"elementor-widget-container\">\n\t\t\t\t\t\t\t\t\t<ul><li>Einaxialer Druckversuch<\/li><li><span style=\"font-size: 16px;\">Oedometerversuch\/Kompressionsversuch<\/span><\/li><li><span style=\"font-size: 16px;\">CBR Versuch<\/span><\/li><li><span style=\"font-size: 16px;\">Punktlastversuche<\/span><\/li><li><span style=\"font-size: 16px;\">Rahmenscherversuch<\/span><\/li><li><span style=\"font-size: 16px;\">Simple-Shear-Test<\/span><\/li><li><span style=\"font-size: 16px;\">Triaxialversuche mit den Versuchstypen: UU, CU, D, CCV, K0-Bedingung<\/span><\/li><li>Probenherstellung<\/li><\/ul>\t\t\t\t\t\t\t\t<\/div>\n\t\t\t\t<\/div>\n\t\t\t\t<div class=\"elementor-element elementor-element-5fe141b elementor-grid-4 elementor-grid-tablet-3 elementor-grid-mobile-2 elementor-products-grid elementor-wc-products elementor-widget elementor-widget-woocommerce-products\" data-id=\"5fe141b\" data-element_type=\"widget\" data-e-type=\"widget\" data-widget_type=\"woocommerce-products.default\">\n\t\t\t\t<div class=\"elementor-widget-container\">\n\t\t\t\t\t<div class=\"woocommerce columns-4\"><ul class=\"products elementor-grid columns-4\">\n<li class=\"desktop-align-left tablet-align-left mobile-align-left product type-product post-47922 status-publish first instock product_cat-boden-2 product_cat-oedometer product_tag-oedometer has-post-thumbnail product-type-simple\">\n\t<a href=\"https:\/\/froewag.de\/en\/product\/mechanisches-oedometer\/\" class=\"woocommerce-LoopProduct-link woocommerce-loop-product__link\"><img decoding=\"async\" width=\"350\" height=\"400\" src=\"https:\/\/froewag.de\/wp-content\/uploads\/2021\/03\/2585-350x400.jpg\" class=\"attachment-woocommerce_thumbnail size-woocommerce_thumbnail\" alt=\"Mechanisches Oedometer\" srcset=\"https:\/\/froewag.de\/wp-content\/uploads\/2021\/03\/2585-350x400.jpg 350w, https:\/\/froewag.de\/wp-content\/uploads\/2021\/03\/2585-263x300.jpg 263w, https:\/\/froewag.de\/wp-content\/uploads\/2021\/03\/2585.jpg 700w\" sizes=\"(max-width: 350px) 100vw, 350px\" \/><div class='articlenumber'>2.585<\/div><h2 class=\"woocommerce-loop-product__title\">Mechanisches Oedometer<\/h2>\n\n\n\n<\/a>\n\n\n\n\t<span id=\"woocommerce_loop_add_to_cart_link_describedby_47922\" class=\"screen-reader-text\">\n\t\t\t<\/span>\n<\/li>\n<li class=\"desktop-align-left tablet-align-left mobile-align-left product type-product post-47562 status-publish instock product_cat-boden-2 product_cat-proctor product_cat-proctorautomat product_tag-proctorversuch-proctor has-post-thumbnail product-type-simple\">\n\t<a href=\"https:\/\/froewag.de\/en\/product\/proctorverdichter-bis-250-mm-mit-programmwahl\/\" class=\"woocommerce-LoopProduct-link woocommerce-loop-product__link\"><img decoding=\"async\" width=\"350\" height=\"400\" src=\"https:\/\/froewag.de\/wp-content\/uploads\/2021\/03\/2151-geschlossen-350x400.jpg\" class=\"attachment-woocommerce_thumbnail size-woocommerce_thumbnail\" alt=\"Proctorverdichter bis 250 mm mit Programmwahl\" srcset=\"https:\/\/froewag.de\/wp-content\/uploads\/2021\/03\/2151-geschlossen-350x400.jpg 350w, https:\/\/froewag.de\/wp-content\/uploads\/2021\/03\/2151-geschlossen-263x300.jpg 263w, https:\/\/froewag.de\/wp-content\/uploads\/2021\/03\/2151-geschlossen.jpg 700w\" sizes=\"(max-width: 350px) 100vw, 350px\" \/><div class='articlenumber'>2.151<\/div><h2 class=\"woocommerce-loop-product__title\">Proctorverdichter bis 250 mm mit Programmwahl<\/h2>\n\n\n\n<\/a>\n\n\n\n\t<span id=\"woocommerce_loop_add_to_cart_link_describedby_47562\" class=\"screen-reader-text\">\n\t\t\t<\/span>\n<\/li>\n<li class=\"desktop-align-left tablet-align-left mobile-align-left product type-product post-48122 status-publish instock product_cat-boden-2 product_cat-triaxialversuch product_cat-wasserdurchlaessigkeit product_tag-wasserdurchlaessigkeit has-post-thumbnail product-type-simple\">\n\t<a href=\"https:\/\/froewag.de\/en\/product\/wasserdurchlaessigkeits-triaxialpruefzelle-25-bar\/\" class=\"woocommerce-LoopProduct-link woocommerce-loop-product__link\"><img loading=\"lazy\" decoding=\"async\" width=\"350\" height=\"400\" src=\"https:\/\/froewag.de\/wp-content\/uploads\/2021\/03\/2943-350x400.jpg\" class=\"attachment-woocommerce_thumbnail size-woocommerce_thumbnail\" alt=\"Wasser-Durchl\u00e4ssigkeits-Triaxialpr\u00fcfzelle 2,5 bar\" srcset=\"https:\/\/froewag.de\/wp-content\/uploads\/2021\/03\/2943-350x400.jpg 350w, https:\/\/froewag.de\/wp-content\/uploads\/2021\/03\/2943-263x300.jpg 263w, https:\/\/froewag.de\/wp-content\/uploads\/2021\/03\/2943.jpg 700w\" sizes=\"(max-width: 350px) 100vw, 350px\" \/><div class='articlenumber'>2.943<\/div><h2 class=\"woocommerce-loop-product__title\">Wasser-Durchl\u00e4ssigkeits-Triaxialpr\u00fcfzelle 2,5 bar<\/h2>\n\n\n\n<\/a>\n\n\n\n\t<span id=\"woocommerce_loop_add_to_cart_link_describedby_48122\" class=\"screen-reader-text\">\n\t\t\t<\/span>\n<\/li>\n<\/ul>\n<\/div>\t\t\t\t<\/div>\n\t\t\t\t<\/div>\n\t\t\t\t\t<\/div>\n\t\t<\/div>\n\t\t\t\t\t<\/div>\n\t\t<\/section>\n\t\t\t\t<\/div>","protected":false},"excerpt":{"rendered":"<p>Die Verdichtungskontrolle auf der Baustelle, im Feld oder im Labor, die Bestimmung der Proctordichte oder die Wassergehaltsbestimmung sind nur einige wenige Standardpr\u00fcfverfahren, welche bei der Bereitstellung einer stabilen Tragschicht im Stra\u00dfenbau, festen Bodenunterlage im Kanalbau oder tragsicheren Unterlage f\u00fcr Fundamente im Hochbau Anwendung zu finden sind.<\/p>","protected":false},"author":16,"featured_media":0,"parent":67,"menu_order":3,"comment_status":"closed","ping_status":"closed","template":"","meta":{"_acf_changed":false,"site-sidebar-layout":"no-sidebar","site-content-layout":"plain-container","ast-site-content-layout":"normal-width-container","site-content-style":"unboxed","site-sidebar-style":"unboxed","ast-global-header-display":"","ast-banner-title-visibility":"","ast-main-header-display":"","ast-hfb-above-header-display":"","ast-hfb-below-header-display":"","ast-hfb-mobile-header-display":"","site-post-title":"disabled","ast-breadcrumbs-content":"","ast-featured-img":"disabled","footer-sml-layout":"","theme-transparent-header-meta":"default","adv-header-id-meta":"","stick-header-meta":"","header-above-stick-meta":"","header-main-stick-meta":"","header-below-stick-meta":"","astra-migrate-meta-layouts":"set","ast-page-background-enabled":"default","ast-page-background-meta":{"desktop":{"background-color":"","background-image":"","background-repeat":"repeat","background-position":"center center","background-size":"auto","background-attachment":"scroll","background-type":"","background-media":"","overlay-type":"","overlay-color":"","overlay-opacity":"","overlay-gradient":""},"tablet":{"background-color":"","background-image":"","background-repeat":"repeat","background-position":"center center","background-size":"auto","background-attachment":"scroll","background-type":"","background-media":"","overlay-type":"","overlay-color":"","overlay-opacity":"","overlay-gradient":""},"mobile":{"background-color":"","background-image":"","background-repeat":"repeat","background-position":"center center","background-size":"auto","background-attachment":"scroll","background-type":"","background-media":"","overlay-type":"","overlay-color":"","overlay-opacity":"","overlay-gradient":""}},"ast-content-background-meta":{"desktop":{"background-color":"var(--ast-global-color-5)","background-image":"","background-repeat":"repeat","background-position":"center center","background-size":"auto","background-attachment":"scroll","background-type":"","background-media":"","overlay-type":"","overlay-color":"","overlay-opacity":"","overlay-gradient":""},"tablet":{"background-color":"var(--ast-global-color-5)","background-image":"","background-repeat":"repeat","background-position":"center center","background-size":"auto","background-attachment":"scroll","background-type":"","background-media":"","overlay-type":"","overlay-color":"","overlay-opacity":"","overlay-gradient":""},"mobile":{"background-color":"var(--ast-global-color-5)","background-image":"","background-repeat":"repeat","background-position":"center center","background-size":"auto","background-attachment":"scroll","background-type":"","background-media":"","overlay-type":"","overlay-color":"","overlay-opacity":"","overlay-gradient":""}},"_themeisle_gutenberg_block_has_review":false,"footnotes":""},"wf_page_folders":[16032],"class_list":["post-118","page","type-page","status-publish","hentry"],"acf":[],"yoast_head":"<!-- This site is optimized with the Yoast SEO plugin v27.0 - https:\/\/yoast.com\/product\/yoast-seo-wordpress\/ -->\n<title>Boden - Fr\u00f6wag GmbH<\/title>\n<meta name=\"description\" content=\"Bodenpr\u00fcfungen sind f\u00fcr Bauprojekte unerl\u00e4sslich. Wir liefern Ihnen die passende Bodenpr\u00fcftechnik f\u00fcr die Untersuchung!\" \/>\n<meta name=\"robots\" content=\"index, follow, max-snippet:-1, max-image-preview:large, max-video-preview:-1\" \/>\n<link rel=\"canonical\" href=\"https:\/\/froewag.de\/en\/loesungen\/boden\/\" \/>\n<meta property=\"og:locale\" content=\"en_GB\" \/>\n<meta property=\"og:type\" content=\"article\" \/>\n<meta property=\"og:title\" content=\"Boden - Fr\u00f6wag GmbH\" \/>\n<meta property=\"og:description\" content=\"Bodenpr\u00fcfungen sind f\u00fcr Bauprojekte unerl\u00e4sslich. Wir liefern Ihnen die passende Bodenpr\u00fcftechnik f\u00fcr die Untersuchung!\" \/>\n<meta property=\"og:url\" content=\"https:\/\/froewag.de\/en\/loesungen\/boden\/\" \/>\n<meta property=\"og:site_name\" content=\"Fr\u00f6wag GmbH\" \/>\n<meta property=\"article:modified_time\" content=\"2024-08-26T11:27:47+00:00\" \/>\n<meta property=\"og:image\" content=\"http:\/\/froewag.de\/wp-content\/uploads\/2022\/01\/AdobeStock_257411160-1024x388.jpeg\" \/>\n<meta name=\"twitter:card\" content=\"summary_large_image\" \/>\n<script type=\"application\/ld+json\" class=\"yoast-schema-graph\">{\"@context\":\"https:\/\/schema.org\",\"@graph\":[{\"@type\":\"WebPage\",\"@id\":\"https:\/\/froewag.de\/loesungen\/boden\/\",\"url\":\"https:\/\/froewag.de\/loesungen\/boden\/\",\"name\":\"Boden - Fr\u00f6wag GmbH\",\"isPartOf\":{\"@id\":\"https:\/\/froewag.de\/#website\"},\"primaryImageOfPage\":{\"@id\":\"https:\/\/froewag.de\/loesungen\/boden\/#primaryimage\"},\"image\":{\"@id\":\"https:\/\/froewag.de\/loesungen\/boden\/#primaryimage\"},\"thumbnailUrl\":\"http:\/\/froewag.de\/wp-content\/uploads\/2022\/01\/AdobeStock_257411160-1024x388.jpeg\",\"datePublished\":\"2015-07-21T10:29:49+00:00\",\"dateModified\":\"2024-08-26T11:27:47+00:00\",\"description\":\"Bodenpr\u00fcfungen sind f\u00fcr Bauprojekte unerl\u00e4sslich. Wir liefern Ihnen die passende Bodenpr\u00fcftechnik f\u00fcr die Untersuchung!\",\"breadcrumb\":{\"@id\":\"https:\/\/froewag.de\/loesungen\/boden\/#breadcrumb\"},\"inLanguage\":\"en-GB\",\"potentialAction\":[{\"@type\":\"ReadAction\",\"target\":[\"https:\/\/froewag.de\/loesungen\/boden\/\"]}]},{\"@type\":\"ImageObject\",\"inLanguage\":\"en-GB\",\"@id\":\"https:\/\/froewag.de\/loesungen\/boden\/#primaryimage\",\"url\":\"http:\/\/froewag.de\/wp-content\/uploads\/2022\/01\/AdobeStock_257411160-1024x388.jpeg\",\"contentUrl\":\"http:\/\/froewag.de\/wp-content\/uploads\/2022\/01\/AdobeStock_257411160-1024x388.jpeg\"},{\"@type\":\"BreadcrumbList\",\"@id\":\"https:\/\/froewag.de\/loesungen\/boden\/#breadcrumb\",\"itemListElement\":[{\"@type\":\"ListItem\",\"position\":1,\"name\":\"Home\",\"item\":\"https:\/\/froewag.de\/\"},{\"@type\":\"ListItem\",\"position\":2,\"name\":\"L\u00f6sungen\",\"item\":\"https:\/\/froewag.de\/loesungen\/\"},{\"@type\":\"ListItem\",\"position\":3,\"name\":\"Boden\"}]},{\"@type\":\"WebSite\",\"@id\":\"https:\/\/froewag.de\/#website\",\"url\":\"https:\/\/froewag.de\/\",\"name\":\"Fr\u00f6wag GmbH\",\"description\":\"Pr\u00fcfanlagen f\u00fcr Baustoffe und Umwelt\",\"publisher\":{\"@id\":\"https:\/\/froewag.de\/#organization\"},\"potentialAction\":[{\"@type\":\"SearchAction\",\"target\":{\"@type\":\"EntryPoint\",\"urlTemplate\":\"https:\/\/froewag.de\/?s={search_term_string}\"},\"query-input\":{\"@type\":\"PropertyValueSpecification\",\"valueRequired\":true,\"valueName\":\"search_term_string\"}}],\"inLanguage\":\"en-GB\"},{\"@type\":\"Organization\",\"@id\":\"https:\/\/froewag.de\/#organization\",\"name\":\"Fr\u00f6Wag GmbH\",\"url\":\"https:\/\/froewag.de\/\",\"logo\":{\"@type\":\"ImageObject\",\"inLanguage\":\"en-GB\",\"@id\":\"https:\/\/froewag.de\/#\/schema\/logo\/image\/\",\"url\":\"\",\"contentUrl\":\"\",\"caption\":\"Fr\u00f6Wag GmbH\"},\"image\":{\"@id\":\"https:\/\/froewag.de\/#\/schema\/logo\/image\/\"}}]}<\/script>\n<!-- \/ Yoast SEO plugin. -->","yoast_head_json":{"title":"Boden - Fr\u00f6wag GmbH","description":"Bodenpr\u00fcfungen sind f\u00fcr Bauprojekte unerl\u00e4sslich. Wir liefern Ihnen die passende Bodenpr\u00fcftechnik f\u00fcr die Untersuchung!","robots":{"index":"index","follow":"follow","max-snippet":"max-snippet:-1","max-image-preview":"max-image-preview:large","max-video-preview":"max-video-preview:-1"},"canonical":"https:\/\/froewag.de\/en\/loesungen\/boden\/","og_locale":"en_GB","og_type":"article","og_title":"Boden - Fr\u00f6wag GmbH","og_description":"Bodenpr\u00fcfungen sind f\u00fcr Bauprojekte unerl\u00e4sslich. Wir liefern Ihnen die passende Bodenpr\u00fcftechnik f\u00fcr die Untersuchung!","og_url":"https:\/\/froewag.de\/en\/loesungen\/boden\/","og_site_name":"Fr\u00f6wag GmbH","article_modified_time":"2024-08-26T11:27:47+00:00","og_image":[{"url":"http:\/\/froewag.de\/wp-content\/uploads\/2022\/01\/AdobeStock_257411160-1024x388.jpeg","type":"","width":"","height":""}],"twitter_card":"summary_large_image","schema":{"@context":"https:\/\/schema.org","@graph":[{"@type":"WebPage","@id":"https:\/\/froewag.de\/loesungen\/boden\/","url":"https:\/\/froewag.de\/loesungen\/boden\/","name":"Boden - Fr\u00f6wag GmbH","isPartOf":{"@id":"https:\/\/froewag.de\/#website"},"primaryImageOfPage":{"@id":"https:\/\/froewag.de\/loesungen\/boden\/#primaryimage"},"image":{"@id":"https:\/\/froewag.de\/loesungen\/boden\/#primaryimage"},"thumbnailUrl":"http:\/\/froewag.de\/wp-content\/uploads\/2022\/01\/AdobeStock_257411160-1024x388.jpeg","datePublished":"2015-07-21T10:29:49+00:00","dateModified":"2024-08-26T11:27:47+00:00","description":"Bodenpr\u00fcfungen sind f\u00fcr Bauprojekte unerl\u00e4sslich. Wir liefern Ihnen die passende Bodenpr\u00fcftechnik f\u00fcr die Untersuchung!","breadcrumb":{"@id":"https:\/\/froewag.de\/loesungen\/boden\/#breadcrumb"},"inLanguage":"en-GB","potentialAction":[{"@type":"ReadAction","target":["https:\/\/froewag.de\/loesungen\/boden\/"]}]},{"@type":"ImageObject","inLanguage":"en-GB","@id":"https:\/\/froewag.de\/loesungen\/boden\/#primaryimage","url":"http:\/\/froewag.de\/wp-content\/uploads\/2022\/01\/AdobeStock_257411160-1024x388.jpeg","contentUrl":"http:\/\/froewag.de\/wp-content\/uploads\/2022\/01\/AdobeStock_257411160-1024x388.jpeg"},{"@type":"BreadcrumbList","@id":"https:\/\/froewag.de\/loesungen\/boden\/#breadcrumb","itemListElement":[{"@type":"ListItem","position":1,"name":"Home","item":"https:\/\/froewag.de\/"},{"@type":"ListItem","position":2,"name":"L\u00f6sungen","item":"https:\/\/froewag.de\/loesungen\/"},{"@type":"ListItem","position":3,"name":"Boden"}]},{"@type":"WebSite","@id":"https:\/\/froewag.de\/#website","url":"https:\/\/froewag.de\/","name":"Fr\u00f6wag GmbH","description":"Pr\u00fcfanlagen f\u00fcr Baustoffe und Umwelt","publisher":{"@id":"https:\/\/froewag.de\/#organization"},"potentialAction":[{"@type":"SearchAction","target":{"@type":"EntryPoint","urlTemplate":"https:\/\/froewag.de\/?s={search_term_string}"},"query-input":{"@type":"PropertyValueSpecification","valueRequired":true,"valueName":"search_term_string"}}],"inLanguage":"en-GB"},{"@type":"Organization","@id":"https:\/\/froewag.de\/#organization","name":"Fr\u00f6Wag GmbH","url":"https:\/\/froewag.de\/","logo":{"@type":"ImageObject","inLanguage":"en-GB","@id":"https:\/\/froewag.de\/#\/schema\/logo\/image\/","url":"","contentUrl":"","caption":"Fr\u00f6Wag GmbH"},"image":{"@id":"https:\/\/froewag.de\/#\/schema\/logo\/image\/"}}]}},"_links":{"self":[{"href":"https:\/\/froewag.de\/en\/wp-json\/wp\/v2\/pages\/118","targetHints":{"allow":["GET"]}}],"collection":[{"href":"https:\/\/froewag.de\/en\/wp-json\/wp\/v2\/pages"}],"about":[{"href":"https:\/\/froewag.de\/en\/wp-json\/wp\/v2\/types\/page"}],"author":[{"embeddable":true,"href":"https:\/\/froewag.de\/en\/wp-json\/wp\/v2\/users\/16"}],"replies":[{"embeddable":true,"href":"https:\/\/froewag.de\/en\/wp-json\/wp\/v2\/comments?post=118"}],"version-history":[{"count":59,"href":"https:\/\/froewag.de\/en\/wp-json\/wp\/v2\/pages\/118\/revisions"}],"predecessor-version":[{"id":50132,"href":"https:\/\/froewag.de\/en\/wp-json\/wp\/v2\/pages\/118\/revisions\/50132"}],"up":[{"embeddable":true,"href":"https:\/\/froewag.de\/en\/wp-json\/wp\/v2\/pages\/67"}],"wp:attachment":[{"href":"https:\/\/froewag.de\/en\/wp-json\/wp\/v2\/media?parent=118"}],"wp:term":[{"taxonomy":"wf_page_folders","embeddable":true,"href":"https:\/\/froewag.de\/en\/wp-json\/wp\/v2\/wf_page_folders?post=118"}],"curies":[{"name":"wp","href":"https:\/\/api.w.org\/{rel}","templated":true}]}}