{"id":16102,"date":"2020-02-12T08:07:08","date_gmt":"2020-02-12T07:07:08","guid":{"rendered":"http:\/\/froewag.de\/wp2\/wp\/?page_id=16102"},"modified":"2023-08-27T20:25:36","modified_gmt":"2023-08-27T18:25:36","slug":"social","status":"publish","type":"page","link":"https:\/\/froewag.de\/en\/unternehmen\/social\/","title":{"rendered":"Social Media"},"content":{"rendered":"<p>[vc_row][vc_column width=&#8220;1\/6&#8243;][vc_icon icon_fontawesome=&#8220;fa fa-instagram&#8220; size=&#8220;xl&#8220; link=&#8220;url:https%3A%2F%2Fwww.instagram.com%2Finfratest_germany%2F|title:infraTest%20Pr%C3%BCftechnik%20GmbH|target:%20_blank|&#8220;][\/vc_column][vc_column width=&#8220;2\/6&#8243;][vc_column_text]<\/p>\n<h1>Instagram<\/h1>\n<p>[\/vc_column_text][\/vc_column][vc_column width=&#8220;1\/6&#8243;][vc_icon icon_fontawesome=&#8220;fa fa-facebook-official&#8220; size=&#8220;xl&#8220; link=&#8220;url:https%3A%2F%2Fwww.facebook.com%2Finfratestprueftechnik|title:infraTest%20Pr%C3%BCftechnik%20GmbH|target:%20_blank|&#8220;][\/vc_column][vc_column width=&#8220;2\/6&#8243;][vc_column_text]<\/p>\n<h1><a href=\"https:\/\/www.facebook.com\/infratestprueftechnik\/\" target=\"_blank\" rel=\"noopener\">facebook<\/a><\/h1>\n<p>[\/vc_column_text][\/vc_column][\/vc_row][vc_row][vc_column width=&#8220;1\/6&#8243;][vc_icon icon_fontawesome=&#8220;fa fa-linkedin-square&#8220; size=&#8220;xl&#8220; link=&#8220;url:https%3A%2F%2Fwww.linkedin.com%2Fcompany%2Finfratest-prueftechnik-gmbh%2F|title:infraTest%20Pr%C3%BCftechnik%20GmbH|target:%20_blank|&#8220;][\/vc_column][vc_column width=&#8220;2\/6&#8243;][vc_column_text]<\/p>\n<h1><a href=\"https:\/\/www.linkedin.com\/company\/infratest-prueftechnik-gmbh\/\" target=\"_blank\" rel=\"noopener\">LinkedIn<\/a><\/h1>\n<p>[\/vc_column_text][\/vc_column][vc_column width=&#8220;1\/6&#8243;][vc_icon icon_fontawesome=&#8220;fa fa-youtube&#8220; size=&#8220;xl&#8220; link=&#8220;url:https%3A%2F%2Fwww.youtube.com%2Fchannel%2FUCW8Yc3bSQIGqSLZPz_EMPGw|title:infraTest%20Pr%C3%BCftechnik%20GmbH|target:%20_blank|&#8220;][\/vc_column][vc_column width=&#8220;2\/6&#8243;][vc_column_text]<\/p>\n<h1><a href=\"https:\/\/www.youtube.com\/channel\/UCW8Yc3bSQIGqSLZPz_EMPGw\" target=\"_blank\" rel=\"noopener\">YouTube<\/a><\/h1>\n<p>[\/vc_column_text][\/vc_column][\/vc_row]<\/p>\n","protected":false},"excerpt":{"rendered":"<p>[vc_row][vc_column width=&#8220;1\/6&#8243;][vc_icon icon_fontawesome=&#8220;fa fa-instagram&#8220; size=&#8220;xl&#8220; link=&#8220;url:https%3A%2F%2Fwww.instagram.com%2Finfratest_germany%2F|title:infraTest%20Pr%C3%BCftechnik%20GmbH|target:%20_blank|&#8220;][\/vc_column][vc_column width=&#8220;2\/6&#8243;][vc_column_text] Instagram [\/vc_column_text][\/vc_column][vc_column width=&#8220;1\/6&#8243;][vc_icon icon_fontawesome=&#8220;fa fa-facebook-official&#8220; size=&#8220;xl&#8220; link=&#8220;url:https%3A%2F%2Fwww.facebook.com%2Finfratestprueftechnik|title:infraTest%20Pr%C3%BCftechnik%20GmbH|target:%20_blank|&#8220;][\/vc_column][vc_column width=&#8220;2\/6&#8243;][vc_column_text] facebook [\/vc_column_text][\/vc_column][\/vc_row][vc_row][vc_column width=&#8220;1\/6&#8243;][vc_icon icon_fontawesome=&#8220;fa fa-linkedin-square&#8220; size=&#8220;xl&#8220; link=&#8220;url:https%3A%2F%2Fwww.linkedin.com%2Fcompany%2Finfratest-prueftechnik-gmbh%2F|title:infraTest%20Pr%C3%BCftechnik%20GmbH|target:%20_blank|&#8220;][\/vc_column][vc_column width=&#8220;2\/6&#8243;][vc_column_text] LinkedIn [\/vc_column_text][\/vc_column][vc_column width=&#8220;1\/6&#8243;][vc_icon icon_fontawesome=&#8220;fa fa-youtube&#8220; size=&#8220;xl&#8220; link=&#8220;url:https%3A%2F%2Fwww.youtube.com%2Fchannel%2FUCW8Yc3bSQIGqSLZPz_EMPGw|title:infraTest%20Pr%C3%BCftechnik%20GmbH|target:%20_blank|&#8220;][\/vc_column][vc_column width=&#8220;2\/6&#8243;][vc_column_text] YouTube [\/vc_column_text][\/vc_column][\/vc_row]<\/p>\n","protected":false},"author":16,"featured_media":0,"parent":71,"menu_order":0,"comment_status":"closed","ping_status":"closed","template":"","meta":{"_acf_changed":false,"site-sidebar-layout":"no-sidebar","site-content-layout":"plain-container","ast-site-content-layout":"","site-content-style":"default","site-sidebar-style":"default","ast-global-header-display":"","ast-banner-title-visibility":"","ast-main-header-display":"","ast-hfb-above-header-display":"","ast-hfb-below-header-display":"","ast-hfb-mobile-header-display":"","site-post-title":"disabled","ast-breadcrumbs-content":"","ast-featured-img":"disabled","footer-sml-layout":"","theme-transparent-header-meta":"","adv-header-id-meta":"","stick-header-meta":"","header-above-stick-meta":"","header-main-stick-meta":"","header-below-stick-meta":"","astra-migrate-meta-layouts":"default","ast-page-background-enabled":"default","ast-page-background-meta":{"desktop":{"background-color":"","background-image":"","background-repeat":"repeat","background-position":"center center","background-size":"auto","background-attachment":"scroll","background-type":"","background-media":"","overlay-type":"","overlay-color":"","overlay-opacity":"","overlay-gradient":""},"tablet":{"background-color":"","background-image":"","background-repeat":"repeat","background-position":"center center","background-size":"auto","background-attachment":"scroll","background-type":"","background-media":"","overlay-type":"","overlay-color":"","overlay-opacity":"","overlay-gradient":""},"mobile":{"background-color":"","background-image":"","background-repeat":"repeat","background-position":"center center","background-size":"auto","background-attachment":"scroll","background-type":"","background-media":"","overlay-type":"","overlay-color":"","overlay-opacity":"","overlay-gradient":""}},"ast-content-background-meta":{"desktop":{"background-color":"var(--ast-global-color-5)","background-image":"","background-repeat":"repeat","background-position":"center center","background-size":"auto","background-attachment":"scroll","background-type":"","background-media":"","overlay-type":"","overlay-color":"","overlay-opacity":"","overlay-gradient":""},"tablet":{"background-color":"var(--ast-global-color-5)","background-image":"","background-repeat":"repeat","background-position":"center center","background-size":"auto","background-attachment":"scroll","background-type":"","background-media":"","overlay-type":"","overlay-color":"","overlay-opacity":"","overlay-gradient":""},"mobile":{"background-color":"var(--ast-global-color-5)","background-image":"","background-repeat":"repeat","background-position":"center center","background-size":"auto","background-attachment":"scroll","background-type":"","background-media":"","overlay-type":"","overlay-color":"","overlay-opacity":"","overlay-gradient":""}},"_themeisle_gutenberg_block_has_review":false,"footnotes":""},"wf_page_folders":[],"class_list":["post-16102","page","type-page","status-publish","hentry"],"acf":[],"yoast_head":"<!-- This site is optimized with the Yoast SEO plugin v27.0 - https:\/\/yoast.com\/product\/yoast-seo-wordpress\/ -->\n<title>Social Media - Fr\u00f6wag GmbH<\/title>\n<meta name=\"robots\" content=\"index, follow, max-snippet:-1, max-image-preview:large, max-video-preview:-1\" \/>\n<link rel=\"canonical\" href=\"https:\/\/froewag.de\/en\/unternehmen\/social\/\" \/>\n<meta property=\"og:locale\" content=\"en_GB\" \/>\n<meta property=\"og:type\" content=\"article\" \/>\n<meta property=\"og:title\" content=\"Social Media - Fr\u00f6wag GmbH\" \/>\n<meta property=\"og:description\" content=\"[vc_row][vc_column width=&#8220;1\/6&#8243;][vc_icon icon_fontawesome=&#8220;fa fa-instagram&#8220; size=&#8220;xl&#8220; link=&#8220;url:https%3A%2F%2Fwww.instagram.com%2Finfratest_germany%2F|title:infraTest%20Pr%C3%BCftechnik%20GmbH|target:%20_blank|&#8220;][\/vc_column][vc_column width=&#8220;2\/6&#8243;][vc_column_text] Instagram [\/vc_column_text][\/vc_column][vc_column width=&#8220;1\/6&#8243;][vc_icon icon_fontawesome=&#8220;fa fa-facebook-official&#8220; size=&#8220;xl&#8220; link=&#8220;url:https%3A%2F%2Fwww.facebook.com%2Finfratestprueftechnik|title:infraTest%20Pr%C3%BCftechnik%20GmbH|target:%20_blank|&#8220;][\/vc_column][vc_column width=&#8220;2\/6&#8243;][vc_column_text] facebook [\/vc_column_text][\/vc_column][\/vc_row][vc_row][vc_column width=&#8220;1\/6&#8243;][vc_icon icon_fontawesome=&#8220;fa fa-linkedin-square&#8220; size=&#8220;xl&#8220; link=&#8220;url:https%3A%2F%2Fwww.linkedin.com%2Fcompany%2Finfratest-prueftechnik-gmbh%2F|title:infraTest%20Pr%C3%BCftechnik%20GmbH|target:%20_blank|&#8220;][\/vc_column][vc_column width=&#8220;2\/6&#8243;][vc_column_text] LinkedIn [\/vc_column_text][\/vc_column][vc_column width=&#8220;1\/6&#8243;][vc_icon icon_fontawesome=&#8220;fa fa-youtube&#8220; size=&#8220;xl&#8220; link=&#8220;url:https%3A%2F%2Fwww.youtube.com%2Fchannel%2FUCW8Yc3bSQIGqSLZPz_EMPGw|title:infraTest%20Pr%C3%BCftechnik%20GmbH|target:%20_blank|&#8220;][\/vc_column][vc_column width=&#8220;2\/6&#8243;][vc_column_text] YouTube [\/vc_column_text][\/vc_column][\/vc_row]\" \/>\n<meta property=\"og:url\" content=\"https:\/\/froewag.de\/en\/unternehmen\/social\/\" \/>\n<meta property=\"og:site_name\" content=\"Fr\u00f6wag GmbH\" \/>\n<meta property=\"article:modified_time\" content=\"2023-08-27T18:25:36+00:00\" \/>\n<meta name=\"twitter:card\" content=\"summary_large_image\" \/>\n<script type=\"application\/ld+json\" class=\"yoast-schema-graph\">{\"@context\":\"https:\/\/schema.org\",\"@graph\":[{\"@type\":\"WebPage\",\"@id\":\"https:\/\/froewag.de\/unternehmen\/social\/\",\"url\":\"https:\/\/froewag.de\/unternehmen\/social\/\",\"name\":\"Social Media - Fr\u00f6wag GmbH\",\"isPartOf\":{\"@id\":\"https:\/\/froewag.de\/#website\"},\"datePublished\":\"2020-02-12T07:07:08+00:00\",\"dateModified\":\"2023-08-27T18:25:36+00:00\",\"breadcrumb\":{\"@id\":\"https:\/\/froewag.de\/unternehmen\/social\/#breadcrumb\"},\"inLanguage\":\"en-GB\",\"potentialAction\":[{\"@type\":\"ReadAction\",\"target\":[\"https:\/\/froewag.de\/unternehmen\/social\/\"]}]},{\"@type\":\"BreadcrumbList\",\"@id\":\"https:\/\/froewag.de\/unternehmen\/social\/#breadcrumb\",\"itemListElement\":[{\"@type\":\"ListItem\",\"position\":1,\"name\":\"Home\",\"item\":\"https:\/\/froewag.de\/\"},{\"@type\":\"ListItem\",\"position\":2,\"name\":\"Unternehmen\",\"item\":\"https:\/\/froewag.de\/unternehmen\/\"},{\"@type\":\"ListItem\",\"position\":3,\"name\":\"Social Media\"}]},{\"@type\":\"WebSite\",\"@id\":\"https:\/\/froewag.de\/#website\",\"url\":\"https:\/\/froewag.de\/\",\"name\":\"Fr\u00f6wag GmbH\",\"description\":\"Pr\u00fcfanlagen f\u00fcr Baustoffe und Umwelt\",\"publisher\":{\"@id\":\"https:\/\/froewag.de\/#organization\"},\"potentialAction\":[{\"@type\":\"SearchAction\",\"target\":{\"@type\":\"EntryPoint\",\"urlTemplate\":\"https:\/\/froewag.de\/?s={search_term_string}\"},\"query-input\":{\"@type\":\"PropertyValueSpecification\",\"valueRequired\":true,\"valueName\":\"search_term_string\"}}],\"inLanguage\":\"en-GB\"},{\"@type\":\"Organization\",\"@id\":\"https:\/\/froewag.de\/#organization\",\"name\":\"Fr\u00f6Wag GmbH\",\"url\":\"https:\/\/froewag.de\/\",\"logo\":{\"@type\":\"ImageObject\",\"inLanguage\":\"en-GB\",\"@id\":\"https:\/\/froewag.de\/#\/schema\/logo\/image\/\",\"url\":\"\",\"contentUrl\":\"\",\"caption\":\"Fr\u00f6Wag GmbH\"},\"image\":{\"@id\":\"https:\/\/froewag.de\/#\/schema\/logo\/image\/\"}}]}<\/script>\n<!-- \/ Yoast SEO plugin. -->","yoast_head_json":{"title":"Social Media - Fr\u00f6wag GmbH","robots":{"index":"index","follow":"follow","max-snippet":"max-snippet:-1","max-image-preview":"max-image-preview:large","max-video-preview":"max-video-preview:-1"},"canonical":"https:\/\/froewag.de\/en\/unternehmen\/social\/","og_locale":"en_GB","og_type":"article","og_title":"Social Media - Fr\u00f6wag GmbH","og_description":"[vc_row][vc_column width=&#8220;1\/6&#8243;][vc_icon icon_fontawesome=&#8220;fa fa-instagram&#8220; size=&#8220;xl&#8220; link=&#8220;url:https%3A%2F%2Fwww.instagram.com%2Finfratest_germany%2F|title:infraTest%20Pr%C3%BCftechnik%20GmbH|target:%20_blank|&#8220;][\/vc_column][vc_column width=&#8220;2\/6&#8243;][vc_column_text] Instagram [\/vc_column_text][\/vc_column][vc_column width=&#8220;1\/6&#8243;][vc_icon icon_fontawesome=&#8220;fa fa-facebook-official&#8220; size=&#8220;xl&#8220; link=&#8220;url:https%3A%2F%2Fwww.facebook.com%2Finfratestprueftechnik|title:infraTest%20Pr%C3%BCftechnik%20GmbH|target:%20_blank|&#8220;][\/vc_column][vc_column width=&#8220;2\/6&#8243;][vc_column_text] facebook [\/vc_column_text][\/vc_column][\/vc_row][vc_row][vc_column width=&#8220;1\/6&#8243;][vc_icon icon_fontawesome=&#8220;fa fa-linkedin-square&#8220; size=&#8220;xl&#8220; link=&#8220;url:https%3A%2F%2Fwww.linkedin.com%2Fcompany%2Finfratest-prueftechnik-gmbh%2F|title:infraTest%20Pr%C3%BCftechnik%20GmbH|target:%20_blank|&#8220;][\/vc_column][vc_column width=&#8220;2\/6&#8243;][vc_column_text] LinkedIn [\/vc_column_text][\/vc_column][vc_column width=&#8220;1\/6&#8243;][vc_icon icon_fontawesome=&#8220;fa fa-youtube&#8220; size=&#8220;xl&#8220; link=&#8220;url:https%3A%2F%2Fwww.youtube.com%2Fchannel%2FUCW8Yc3bSQIGqSLZPz_EMPGw|title:infraTest%20Pr%C3%BCftechnik%20GmbH|target:%20_blank|&#8220;][\/vc_column][vc_column width=&#8220;2\/6&#8243;][vc_column_text] YouTube [\/vc_column_text][\/vc_column][\/vc_row]","og_url":"https:\/\/froewag.de\/en\/unternehmen\/social\/","og_site_name":"Fr\u00f6wag GmbH","article_modified_time":"2023-08-27T18:25:36+00:00","twitter_card":"summary_large_image","schema":{"@context":"https:\/\/schema.org","@graph":[{"@type":"WebPage","@id":"https:\/\/froewag.de\/unternehmen\/social\/","url":"https:\/\/froewag.de\/unternehmen\/social\/","name":"Social Media - Fr\u00f6wag GmbH","isPartOf":{"@id":"https:\/\/froewag.de\/#website"},"datePublished":"2020-02-12T07:07:08+00:00","dateModified":"2023-08-27T18:25:36+00:00","breadcrumb":{"@id":"https:\/\/froewag.de\/unternehmen\/social\/#breadcrumb"},"inLanguage":"en-GB","potentialAction":[{"@type":"ReadAction","target":["https:\/\/froewag.de\/unternehmen\/social\/"]}]},{"@type":"BreadcrumbList","@id":"https:\/\/froewag.de\/unternehmen\/social\/#breadcrumb","itemListElement":[{"@type":"ListItem","position":1,"name":"Home","item":"https:\/\/froewag.de\/"},{"@type":"ListItem","position":2,"name":"Unternehmen","item":"https:\/\/froewag.de\/unternehmen\/"},{"@type":"ListItem","position":3,"name":"Social Media"}]},{"@type":"WebSite","@id":"https:\/\/froewag.de\/#website","url":"https:\/\/froewag.de\/","name":"Fr\u00f6wag GmbH","description":"Pr\u00fcfanlagen f\u00fcr Baustoffe und Umwelt","publisher":{"@id":"https:\/\/froewag.de\/#organization"},"potentialAction":[{"@type":"SearchAction","target":{"@type":"EntryPoint","urlTemplate":"https:\/\/froewag.de\/?s={search_term_string}"},"query-input":{"@type":"PropertyValueSpecification","valueRequired":true,"valueName":"search_term_string"}}],"inLanguage":"en-GB"},{"@type":"Organization","@id":"https:\/\/froewag.de\/#organization","name":"Fr\u00f6Wag GmbH","url":"https:\/\/froewag.de\/","logo":{"@type":"ImageObject","inLanguage":"en-GB","@id":"https:\/\/froewag.de\/#\/schema\/logo\/image\/","url":"","contentUrl":"","caption":"Fr\u00f6Wag GmbH"},"image":{"@id":"https:\/\/froewag.de\/#\/schema\/logo\/image\/"}}]}},"_links":{"self":[{"href":"https:\/\/froewag.de\/en\/wp-json\/wp\/v2\/pages\/16102","targetHints":{"allow":["GET"]}}],"collection":[{"href":"https:\/\/froewag.de\/en\/wp-json\/wp\/v2\/pages"}],"about":[{"href":"https:\/\/froewag.de\/en\/wp-json\/wp\/v2\/types\/page"}],"author":[{"embeddable":true,"href":"https:\/\/froewag.de\/en\/wp-json\/wp\/v2\/users\/16"}],"replies":[{"embeddable":true,"href":"https:\/\/froewag.de\/en\/wp-json\/wp\/v2\/comments?post=16102"}],"version-history":[{"count":32,"href":"https:\/\/froewag.de\/en\/wp-json\/wp\/v2\/pages\/16102\/revisions"}],"predecessor-version":[{"id":53396,"href":"https:\/\/froewag.de\/en\/wp-json\/wp\/v2\/pages\/16102\/revisions\/53396"}],"up":[{"embeddable":true,"href":"https:\/\/froewag.de\/en\/wp-json\/wp\/v2\/pages\/71"}],"wp:attachment":[{"href":"https:\/\/froewag.de\/en\/wp-json\/wp\/v2\/media?parent=16102"}],"wp:term":[{"taxonomy":"wf_page_folders","embeddable":true,"href":"https:\/\/froewag.de\/en\/wp-json\/wp\/v2\/wf_page_folders?post=16102"}],"curies":[{"name":"wp","href":"https:\/\/api.w.org\/{rel}","templated":true}]}}