{"id":6562,"date":"2017-07-31T10:13:22","date_gmt":"2017-07-31T08:13:22","guid":{"rendered":"http:\/\/froewag.de\/wp2\/wp\/?page_id=6562\/"},"modified":"2025-01-20T08:40:45","modified_gmt":"2025-01-20T07:40:45","slug":"impressum","status":"publish","type":"page","link":"https:\/\/froewag.de\/en\/impressum\/","title":{"rendered":"Impressum"},"content":{"rendered":"<div class=\"mara-it-postcontent\">\n<div class=\"mara-it-article\">\n<p>Fr\u00f6Wag GmbH<br \/>\nWieslensdorfer Str. 25-29<br \/>\n74182 Obersulm<br \/>\nDeutschland<\/p>\n<p>Telefon: 0049 7130 40239 50<br \/>\nFax: 0049 7130 40239 55<br \/>\nEmail: <span id=\"cloak52911\"><a href=\"mailto:info@froewag.de\">info@froewag.de <\/a><\/span><\/p>\n<p>Gesch\u00e4ftsf\u00fchrer: J\u00f6rg Fr\u00f6hlich, Denis Allrich<\/p>\n<p>Handelsregisgtereintrag: Amtsgericht Stuttgart, HRB 105941<\/p>\n<p>Zust\u00e4ndige Kammer: Handwerkskammer Heilbronn-Franken, Betriebsnr. 029261<\/p>\n<p>Umsatzsteuer-Identifikationsnummer gem\u00e4\u00df \u00a7 27 a Umsatzsteuergesetz: DE811967003<\/p>\n<p><strong>Betriebshaftpflichtversicherung:<\/strong><br \/>\nW\u00fcrttembergische Versicherung AG Stuttgart<br \/>\nGeneralagentur Alexander Schmid<br \/>\nHauptstra\u00dfe 9<br \/>\n71543 W\u00fcstenrot<br \/>\nGeltungsbereich: weltweit, ausgenommen USA \/ USA-Territorien und Kanada<\/p>\n<\/div>\n<\/div>","protected":false},"excerpt":{"rendered":"<p>Fr\u00f6Wag GmbH Wieslensdorfer Str. 25-29 74182 Obersulm Deutschland Telefon: 0049 7130 40239 50 Fax: 0049 7130 40239 55 Email: info@froewag.de Gesch\u00e4ftsf\u00fchrer: J\u00f6rg Fr\u00f6hlich, Denis Allrich Handelsregisgtereintrag: Amtsgericht Stuttgart, HRB 105941 Zust\u00e4ndige Kammer: Handwerkskammer Heilbronn-Franken, Betriebsnr. 029261 Umsatzsteuer-Identifikationsnummer gem\u00e4\u00df \u00a7 27 a Umsatzsteuergesetz: DE811967003 Betriebshaftpflichtversicherung: W\u00fcrttembergische Versicherung AG Stuttgart Generalagentur Alexander Schmid Hauptstra\u00dfe 9 71543 W\u00fcstenrot [&hellip;]<\/p>\n","protected":false},"author":16,"featured_media":0,"parent":0,"menu_order":0,"comment_status":"closed","ping_status":"closed","template":"","meta":{"_acf_changed":false,"site-sidebar-layout":"no-sidebar","site-content-layout":"default","ast-site-content-layout":"default","site-content-style":"default","site-sidebar-style":"default","ast-global-header-display":"","ast-banner-title-visibility":"","ast-main-header-display":"","ast-hfb-above-header-display":"","ast-hfb-below-header-display":"","ast-hfb-mobile-header-display":"","site-post-title":"","ast-breadcrumbs-content":"","ast-featured-img":"","footer-sml-layout":"","ast-disable-related-posts":"","theme-transparent-header-meta":"default","adv-header-id-meta":"","stick-header-meta":"","header-above-stick-meta":"","header-main-stick-meta":"","header-below-stick-meta":"","astra-migrate-meta-layouts":"set","ast-page-background-enabled":"default","ast-page-background-meta":{"desktop":{"background-color":"","background-image":"","background-repeat":"repeat","background-position":"center center","background-size":"auto","background-attachment":"scroll","background-type":"","background-media":"","overlay-type":"","overlay-color":"","overlay-opacity":"","overlay-gradient":""},"tablet":{"background-color":"","background-image":"","background-repeat":"repeat","background-position":"center center","background-size":"auto","background-attachment":"scroll","background-type":"","background-media":"","overlay-type":"","overlay-color":"","overlay-opacity":"","overlay-gradient":""},"mobile":{"background-color":"","background-image":"","background-repeat":"repeat","background-position":"center center","background-size":"auto","background-attachment":"scroll","background-type":"","background-media":"","overlay-type":"","overlay-color":"","overlay-opacity":"","overlay-gradient":""}},"ast-content-background-meta":{"desktop":{"background-color":"var(--ast-global-color-5)","background-image":"","background-repeat":"repeat","background-position":"center center","background-size":"auto","background-attachment":"scroll","background-type":"","background-media":"","overlay-type":"","overlay-color":"","overlay-opacity":"","overlay-gradient":""},"tablet":{"background-color":"var(--ast-global-color-5)","background-image":"","background-repeat":"repeat","background-position":"center center","background-size":"auto","background-attachment":"scroll","background-type":"","background-media":"","overlay-type":"","overlay-color":"","overlay-opacity":"","overlay-gradient":""},"mobile":{"background-color":"var(--ast-global-color-5)","background-image":"","background-repeat":"repeat","background-position":"center center","background-size":"auto","background-attachment":"scroll","background-type":"","background-media":"","overlay-type":"","overlay-color":"","overlay-opacity":"","overlay-gradient":""}},"_themeisle_gutenberg_block_has_review":false,"footnotes":""},"wf_page_folders":[16032],"class_list":["post-6562","page","type-page","status-publish","hentry"],"acf":[],"yoast_head":"<!-- This site is optimized with the Yoast SEO plugin v27.4 - https:\/\/yoast.com\/product\/yoast-seo-wordpress\/ -->\n<title>Impressum - Fr\u00f6wag GmbH<\/title>\n<meta name=\"robots\" content=\"index, follow, max-snippet:-1, max-image-preview:large, max-video-preview:-1\" \/>\n<link rel=\"canonical\" href=\"https:\/\/froewag.de\/en\/impressum\/\" \/>\n<meta property=\"og:locale\" content=\"en_GB\" \/>\n<meta property=\"og:type\" content=\"article\" \/>\n<meta property=\"og:title\" content=\"Impressum - Fr\u00f6wag GmbH\" \/>\n<meta property=\"og:description\" content=\"Fr\u00f6Wag GmbH Wieslensdorfer Str. 25-29 74182 Obersulm Deutschland Telefon: 0049 7130 40239 50 Fax: 0049 7130 40239 55 Email: info@froewag.de Gesch\u00e4ftsf\u00fchrer: J\u00f6rg Fr\u00f6hlich, Denis Allrich Handelsregisgtereintrag: Amtsgericht Stuttgart, HRB 105941 Zust\u00e4ndige Kammer: Handwerkskammer Heilbronn-Franken, Betriebsnr. 029261 Umsatzsteuer-Identifikationsnummer gem\u00e4\u00df \u00a7 27 a Umsatzsteuergesetz: DE811967003 Betriebshaftpflichtversicherung: W\u00fcrttembergische Versicherung AG Stuttgart Generalagentur Alexander Schmid Hauptstra\u00dfe 9 71543 W\u00fcstenrot [&hellip;]\" \/>\n<meta property=\"og:url\" content=\"https:\/\/froewag.de\/en\/impressum\/\" \/>\n<meta property=\"og:site_name\" content=\"Fr\u00f6wag GmbH\" \/>\n<meta property=\"article:modified_time\" content=\"2025-01-20T07:40:45+00:00\" \/>\n<meta name=\"twitter:card\" content=\"summary_large_image\" \/>\n<script type=\"application\/ld+json\" class=\"yoast-schema-graph\">{\"@context\":\"https:\\\/\\\/schema.org\",\"@graph\":[{\"@type\":\"WebPage\",\"@id\":\"https:\\\/\\\/froewag.de\\\/impressum\\\/\",\"url\":\"https:\\\/\\\/froewag.de\\\/impressum\\\/\",\"name\":\"Impressum - Fr\u00f6wag GmbH\",\"isPartOf\":{\"@id\":\"https:\\\/\\\/froewag.de\\\/#website\"},\"datePublished\":\"2017-07-31T08:13:22+00:00\",\"dateModified\":\"2025-01-20T07:40:45+00:00\",\"breadcrumb\":{\"@id\":\"https:\\\/\\\/froewag.de\\\/impressum\\\/#breadcrumb\"},\"inLanguage\":\"en-GB\",\"potentialAction\":[{\"@type\":\"ReadAction\",\"target\":[\"https:\\\/\\\/froewag.de\\\/impressum\\\/\"]}]},{\"@type\":\"BreadcrumbList\",\"@id\":\"https:\\\/\\\/froewag.de\\\/impressum\\\/#breadcrumb\",\"itemListElement\":[{\"@type\":\"ListItem\",\"position\":1,\"name\":\"Home\",\"item\":\"https:\\\/\\\/froewag.de\\\/\"},{\"@type\":\"ListItem\",\"position\":2,\"name\":\"Impressum\"}]},{\"@type\":\"WebSite\",\"@id\":\"https:\\\/\\\/froewag.de\\\/#website\",\"url\":\"https:\\\/\\\/froewag.de\\\/\",\"name\":\"Fr\u00f6wag GmbH\",\"description\":\"Pr\u00fcfanlagen f\u00fcr Baustoffe und Umwelt\",\"publisher\":{\"@id\":\"https:\\\/\\\/froewag.de\\\/#organization\"},\"potentialAction\":[{\"@type\":\"SearchAction\",\"target\":{\"@type\":\"EntryPoint\",\"urlTemplate\":\"https:\\\/\\\/froewag.de\\\/?s={search_term_string}\"},\"query-input\":{\"@type\":\"PropertyValueSpecification\",\"valueRequired\":true,\"valueName\":\"search_term_string\"}}],\"inLanguage\":\"en-GB\"},{\"@type\":\"Organization\",\"@id\":\"https:\\\/\\\/froewag.de\\\/#organization\",\"name\":\"Fr\u00f6Wag GmbH\",\"url\":\"https:\\\/\\\/froewag.de\\\/\",\"logo\":{\"@type\":\"ImageObject\",\"inLanguage\":\"en-GB\",\"@id\":\"https:\\\/\\\/froewag.de\\\/#\\\/schema\\\/logo\\\/image\\\/\",\"url\":\"\",\"contentUrl\":\"\",\"caption\":\"Fr\u00f6Wag GmbH\"},\"image\":{\"@id\":\"https:\\\/\\\/froewag.de\\\/#\\\/schema\\\/logo\\\/image\\\/\"}}]}<\/script>\n<!-- \/ Yoast SEO plugin. -->","yoast_head_json":{"title":"Impressum - Fr\u00f6wag GmbH","robots":{"index":"index","follow":"follow","max-snippet":"max-snippet:-1","max-image-preview":"max-image-preview:large","max-video-preview":"max-video-preview:-1"},"canonical":"https:\/\/froewag.de\/en\/impressum\/","og_locale":"en_GB","og_type":"article","og_title":"Impressum - Fr\u00f6wag GmbH","og_description":"Fr\u00f6Wag GmbH Wieslensdorfer Str. 25-29 74182 Obersulm Deutschland Telefon: 0049 7130 40239 50 Fax: 0049 7130 40239 55 Email: info@froewag.de Gesch\u00e4ftsf\u00fchrer: J\u00f6rg Fr\u00f6hlich, Denis Allrich Handelsregisgtereintrag: Amtsgericht Stuttgart, HRB 105941 Zust\u00e4ndige Kammer: Handwerkskammer Heilbronn-Franken, Betriebsnr. 029261 Umsatzsteuer-Identifikationsnummer gem\u00e4\u00df \u00a7 27 a Umsatzsteuergesetz: DE811967003 Betriebshaftpflichtversicherung: W\u00fcrttembergische Versicherung AG Stuttgart Generalagentur Alexander Schmid Hauptstra\u00dfe 9 71543 W\u00fcstenrot [&hellip;]","og_url":"https:\/\/froewag.de\/en\/impressum\/","og_site_name":"Fr\u00f6wag GmbH","article_modified_time":"2025-01-20T07:40:45+00:00","twitter_card":"summary_large_image","schema":{"@context":"https:\/\/schema.org","@graph":[{"@type":"WebPage","@id":"https:\/\/froewag.de\/impressum\/","url":"https:\/\/froewag.de\/impressum\/","name":"Impressum - Fr\u00f6wag GmbH","isPartOf":{"@id":"https:\/\/froewag.de\/#website"},"datePublished":"2017-07-31T08:13:22+00:00","dateModified":"2025-01-20T07:40:45+00:00","breadcrumb":{"@id":"https:\/\/froewag.de\/impressum\/#breadcrumb"},"inLanguage":"en-GB","potentialAction":[{"@type":"ReadAction","target":["https:\/\/froewag.de\/impressum\/"]}]},{"@type":"BreadcrumbList","@id":"https:\/\/froewag.de\/impressum\/#breadcrumb","itemListElement":[{"@type":"ListItem","position":1,"name":"Home","item":"https:\/\/froewag.de\/"},{"@type":"ListItem","position":2,"name":"Impressum"}]},{"@type":"WebSite","@id":"https:\/\/froewag.de\/#website","url":"https:\/\/froewag.de\/","name":"Fr\u00f6wag GmbH","description":"Pr\u00fcfanlagen f\u00fcr Baustoffe und Umwelt","publisher":{"@id":"https:\/\/froewag.de\/#organization"},"potentialAction":[{"@type":"SearchAction","target":{"@type":"EntryPoint","urlTemplate":"https:\/\/froewag.de\/?s={search_term_string}"},"query-input":{"@type":"PropertyValueSpecification","valueRequired":true,"valueName":"search_term_string"}}],"inLanguage":"en-GB"},{"@type":"Organization","@id":"https:\/\/froewag.de\/#organization","name":"Fr\u00f6Wag GmbH","url":"https:\/\/froewag.de\/","logo":{"@type":"ImageObject","inLanguage":"en-GB","@id":"https:\/\/froewag.de\/#\/schema\/logo\/image\/","url":"","contentUrl":"","caption":"Fr\u00f6Wag GmbH"},"image":{"@id":"https:\/\/froewag.de\/#\/schema\/logo\/image\/"}}]}},"_links":{"self":[{"href":"https:\/\/froewag.de\/en\/wp-json\/wp\/v2\/pages\/6562","targetHints":{"allow":["GET"]}}],"collection":[{"href":"https:\/\/froewag.de\/en\/wp-json\/wp\/v2\/pages"}],"about":[{"href":"https:\/\/froewag.de\/en\/wp-json\/wp\/v2\/types\/page"}],"author":[{"embeddable":true,"href":"https:\/\/froewag.de\/en\/wp-json\/wp\/v2\/users\/16"}],"replies":[{"embeddable":true,"href":"https:\/\/froewag.de\/en\/wp-json\/wp\/v2\/comments?post=6562"}],"version-history":[{"count":8,"href":"https:\/\/froewag.de\/en\/wp-json\/wp\/v2\/pages\/6562\/revisions"}],"predecessor-version":[{"id":55233,"href":"https:\/\/froewag.de\/en\/wp-json\/wp\/v2\/pages\/6562\/revisions\/55233"}],"wp:attachment":[{"href":"https:\/\/froewag.de\/en\/wp-json\/wp\/v2\/media?parent=6562"}],"wp:term":[{"taxonomy":"wf_page_folders","embeddable":true,"href":"https:\/\/froewag.de\/en\/wp-json\/wp\/v2\/wf_page_folders?post=6562"}],"curies":[{"name":"wp","href":"https:\/\/api.w.org\/{rel}","templated":true}]}}