{"id":71,"date":"2015-07-20T17:13:57","date_gmt":"2015-07-20T15:13:57","guid":{"rendered":"http:\/\/froewag.de\/wp2\/wp\/?page_id=71"},"modified":"2023-06-17T14:07:47","modified_gmt":"2023-06-17T12:07:47","slug":"unternehmen","status":"publish","type":"page","link":"https:\/\/froewag.de\/en\/unternehmen\/","title":{"rendered":"Unternehmen"},"content":{"rendered":"<div data-elementor-type=\"wp-page\" data-elementor-id=\"71\" class=\"elementor elementor-71\" data-elementor-post-type=\"page\">\n\t\t\t\t\t\t<section class=\"elementor-section elementor-top-section elementor-element elementor-element-753f7868 elementor-section-boxed elementor-section-height-default elementor-section-height-default\" data-id=\"753f7868\" data-element_type=\"section\" data-e-type=\"section\">\n\t\t\t\t\t\t<div class=\"elementor-container elementor-column-gap-default\">\n\t\t\t\t\t<div class=\"elementor-column elementor-col-100 elementor-top-column elementor-element elementor-element-a76a12d\" data-id=\"a76a12d\" data-element_type=\"column\" data-e-type=\"column\">\n\t\t\t<div class=\"elementor-widget-wrap elementor-element-populated\">\n\t\t\t\t\t\t<div class=\"elementor-element elementor-element-5d5bac8a elementor-widget elementor-widget-text-editor\" data-id=\"5d5bac8a\" data-element_type=\"widget\" data-e-type=\"widget\" data-widget_type=\"text-editor.default\">\n\t\t\t\t<div class=\"elementor-widget-container\">\n\t\t\t\t\t\t\t\t\t<h3><strong>Was ist das Besondere?<\/strong><\/h3><div><p>Als mittelst\u00e4ndisches Unternehmen mit langj\u00e4hriger Erfahrung arbeiten wir anwenderfreundlich und praxisorientiert. Unsere nachhaltige Kundenorientierung f\u00fchrt insbesondere bei Bestandskunden zu einem engen Vertrauensverh\u00e4ltnis.<\/p><p>Unsere Kunden lernen in k\u00fcrzester Zeit das gesamte Team kennen und besprechen ihre Sonderw\u00fcnsche oder speziellen Anforderungen direkt mit dem Chef.<\/p><\/div>\t\t\t\t\t\t\t\t<\/div>\n\t\t\t\t<\/div>\n\t\t\t\t<div class=\"elementor-element elementor-element-8f57e3a elementor-widget elementor-widget-image\" data-id=\"8f57e3a\" data-element_type=\"widget\" data-e-type=\"widget\" data-widget_type=\"image.default\">\n\t\t\t\t<div class=\"elementor-widget-container\">\n\t\t\t\t\t\t\t\t\t\t\t\t\t\t\t<img fetchpriority=\"high\" decoding=\"async\" width=\"1024\" height=\"683\" src=\"https:\/\/froewag.de\/wp-content\/uploads\/2021\/07\/Matthias-Martus-infratest_-Joerg-Froehlich-FroeWag-1024x683.jpg\" class=\"attachment-large size-large wp-image-25252\" alt=\"Fr\u00f6Wag ist Teil der infraTest Gruppe: J\u00f6rg Fr\u00f6hlich und Matthias Martus besiegeln Zusammenschluss\" srcset=\"https:\/\/froewag.de\/wp-content\/uploads\/2021\/07\/Matthias-Martus-infratest_-Joerg-Froehlich-FroeWag-1024x683.jpg 1024w, https:\/\/froewag.de\/wp-content\/uploads\/2021\/07\/Matthias-Martus-infratest_-Joerg-Froehlich-FroeWag-300x200.jpg 300w, https:\/\/froewag.de\/wp-content\/uploads\/2021\/07\/Matthias-Martus-infratest_-Joerg-Froehlich-FroeWag-768x512.jpg 768w, https:\/\/froewag.de\/wp-content\/uploads\/2021\/07\/Matthias-Martus-infratest_-Joerg-Froehlich-FroeWag-700x467.jpg 700w, https:\/\/froewag.de\/wp-content\/uploads\/2021\/07\/Matthias-Martus-infratest_-Joerg-Froehlich-FroeWag-1536x1024.jpg 1536w, https:\/\/froewag.de\/wp-content\/uploads\/2021\/07\/Matthias-Martus-infratest_-Joerg-Froehlich-FroeWag-2048x1365.jpg 2048w\" sizes=\"(max-width: 1024px) 100vw, 1024px\" \/>\t\t\t\t\t\t\t\t\t\t\t\t\t\t\t<\/div>\n\t\t\t\t<\/div>\n\t\t\t\t\t<\/div>\n\t\t<\/div>\n\t\t\t\t\t<\/div>\n\t\t<\/section>\n\t\t\t\t<section class=\"elementor-section elementor-top-section elementor-element elementor-element-bfeac27 elementor-section-boxed elementor-section-height-default elementor-section-height-default\" data-id=\"bfeac27\" data-element_type=\"section\" data-e-type=\"section\">\n\t\t\t\t\t\t<div class=\"elementor-container elementor-column-gap-default\">\n\t\t\t\t\t<div class=\"elementor-column elementor-col-100 elementor-top-column elementor-element elementor-element-6305dce\" data-id=\"6305dce\" data-element_type=\"column\" data-e-type=\"column\">\n\t\t\t<div class=\"elementor-widget-wrap elementor-element-populated\">\n\t\t\t\t\t\t<div class=\"elementor-element elementor-element-629962a elementor-widget elementor-widget-text-editor\" data-id=\"629962a\" data-element_type=\"widget\" data-e-type=\"widget\" data-widget_type=\"text-editor.default\">\n\t\t\t\t<div class=\"elementor-widget-container\">\n\t\t\t\t\t\t\t\t\t<p style=\"text-align: center;\"><em>Gesch\u00e4ftsf\u00fchrer der Fr\u00f6Wag J\u00f6rg Fr\u00f6hlich (links) und Gesch\u00e4ftsf\u00fchrer der infraTest Pr\u00fcftechnik Matthias Martus (rechts) besiegeln den Zusammenschluss.<\/em><\/p>\t\t\t\t\t\t\t\t<\/div>\n\t\t\t\t<\/div>\n\t\t\t\t\t<\/div>\n\t\t<\/div>\n\t\t\t\t\t<\/div>\n\t\t<\/section>\n\t\t\t\t<section class=\"elementor-section elementor-top-section elementor-element elementor-element-a69a7b5 elementor-section-boxed elementor-section-height-default elementor-section-height-default\" data-id=\"a69a7b5\" data-element_type=\"section\" data-e-type=\"section\">\n\t\t\t\t\t\t<div class=\"elementor-container elementor-column-gap-default\">\n\t\t\t\t\t<div class=\"elementor-column elementor-col-33 elementor-top-column elementor-element elementor-element-6e9da84\" data-id=\"6e9da84\" data-element_type=\"column\" data-e-type=\"column\">\n\t\t\t<div class=\"elementor-widget-wrap elementor-element-populated\">\n\t\t\t\t\t\t<div class=\"elementor-element elementor-element-76853a5 elementor-view-default elementor-widget elementor-widget-icon\" data-id=\"76853a5\" data-element_type=\"widget\" data-e-type=\"widget\" data-widget_type=\"icon.default\">\n\t\t\t\t<div class=\"elementor-widget-container\">\n\t\t\t\t\t\t\t<div class=\"elementor-icon-wrapper\">\n\t\t\t<div class=\"elementor-icon\">\n\t\t\t<svg aria-hidden=\"true\" class=\"e-font-icon-svg e-fas-thumbs-up\" viewbox=\"0 0 512 512\" xmlns=\"http:\/\/www.w3.org\/2000\/svg\"><path d=\"M104 224H24c-13.255 0-24 10.745-24 24v240c0 13.255 10.745 24 24 24h80c13.255 0 24-10.745 24-24V248c0-13.255-10.745-24-24-24zM64 472c-13.255 0-24-10.745-24-24s10.745-24 24-24 24 10.745 24 24-10.745 24-24 24zM384 81.452c0 42.416-25.97 66.208-33.277 94.548h101.723c33.397 0 59.397 27.746 59.553 58.098.084 17.938-7.546 37.249-19.439 49.197l-.11.11c9.836 23.337 8.237 56.037-9.308 79.469 8.681 25.895-.069 57.704-16.382 74.757 4.298 17.598 2.244 32.575-6.148 44.632C440.202 511.587 389.616 512 346.839 512l-2.845-.001c-48.287-.017-87.806-17.598-119.56-31.725-15.957-7.099-36.821-15.887-52.651-16.178-6.54-.12-11.783-5.457-11.783-11.998v-213.77c0-3.2 1.282-6.271 3.558-8.521 39.614-39.144 56.648-80.587 89.117-113.111 14.804-14.832 20.188-37.236 25.393-58.902C282.515 39.293 291.817 0 312 0c24 0 72 8 72 81.452z\"><\/path><\/svg>\t\t\t<\/div>\n\t\t<\/div>\n\t\t\t\t\t\t<\/div>\n\t\t\t\t<\/div>\n\t\t\t\t\t<\/div>\n\t\t<\/div>\n\t\t\t\t<div class=\"elementor-column elementor-col-66 elementor-top-column elementor-element elementor-element-9803391\" data-id=\"9803391\" data-element_type=\"column\" data-e-type=\"column\">\n\t\t\t<div class=\"elementor-widget-wrap elementor-element-populated\">\n\t\t\t\t\t\t<div class=\"elementor-element elementor-element-c7b2f2f elementor-widget elementor-widget-text-editor\" data-id=\"c7b2f2f\" data-element_type=\"widget\" data-e-type=\"widget\" data-widget_type=\"text-editor.default\">\n\t\t\t\t<div class=\"elementor-widget-container\">\n\t\t\t\t\t\t\t\t\t<h3 style=\"text-align: left;\"><strong>Die wichtigsten Vorteile<\/strong><\/h3><ul><li>Robuste und zuverl\u00e4ssige Ger\u00e4te<\/li><li>Konzentration auf das Wesentliche<\/li><li>Clevere, kreative und funktionale L\u00f6sungen<\/li><li>Der Chef k\u00fcmmert sich pers\u00f6nlich um s\u00e4mtliche Belange der Kunden\u00a0<\/li><\/ul><p style=\"text-align: left;\"><strong>Wir sind Praktiker mit schw\u00e4bischen Einfallsreichtum!<\/strong><\/p>\t\t\t\t\t\t\t\t<\/div>\n\t\t\t\t<\/div>\n\t\t\t\t\t<\/div>\n\t\t<\/div>\n\t\t\t\t\t<\/div>\n\t\t<\/section>\n\t\t\t\t<section class=\"elementor-section elementor-top-section elementor-element elementor-element-33bb401 elementor-section-boxed elementor-section-height-default elementor-section-height-default\" data-id=\"33bb401\" data-element_type=\"section\" data-e-type=\"section\">\n\t\t\t\t\t\t<div class=\"elementor-container elementor-column-gap-default\">\n\t\t\t\t\t<div class=\"elementor-column elementor-col-66 elementor-top-column elementor-element elementor-element-142416a\" data-id=\"142416a\" data-element_type=\"column\" data-e-type=\"column\">\n\t\t\t<div class=\"elementor-widget-wrap elementor-element-populated\">\n\t\t\t\t\t\t<div class=\"elementor-element elementor-element-c6b2767 elementor-widget elementor-widget-text-editor\" data-id=\"c6b2767\" data-element_type=\"widget\" data-e-type=\"widget\" data-widget_type=\"text-editor.default\">\n\t\t\t\t<div class=\"elementor-widget-container\">\n\t\t\t\t\t\t\t\t\t<h3><strong>Wo kommen wir her?<\/strong><\/h3><div><p>Die Fr\u00f6Wag GmbH wurde im Jahr 1996 durch die Herren J\u00f6rg und Udo Fr\u00f6hlich zusammen mit Herrn Wolfgang Wagner gegr\u00fcndet. 1999 zog sich Herr Wagner in den Ruhestand zur\u00fcck und Herr J\u00f6rg Fr\u00f6hlich \u00fcbernahm die Firma. 2004 erfolgte der Umzug ins neue Firmengeb\u00e4ude nach Obersulm-Eschenau und 2010 wurde der neue Hallenanbau fertiggestellt.\u00a0<\/p><p>Anfang 2021 gelang der Zusammenschluss mit der infraTest Gruppe. Als Allrounder komplettieren wir nun das Produktportfolio des Marktf\u00fchrers.<\/p><p>Seit mehr als 25 Jahren produzieren wir Pr\u00fcfger\u00e4te f\u00fcr Baustoffe und Umwelt und bieten ein umfangreiches Leistungsangebot auf allen Gebieten der Pr\u00fcftechnik. Unsere Produkte werden sowohl in Deutschland als auch in internationalen Laboren erfolgreich eingesetzt.<\/p><p><strong>Fr\u00f6Wag steht f\u00fcr Qualit\u00e4t Made in Germany.<\/strong><\/p><\/div>\t\t\t\t\t\t\t\t<\/div>\n\t\t\t\t<\/div>\n\t\t\t\t\t<\/div>\n\t\t<\/div>\n\t\t\t\t<div class=\"elementor-column elementor-col-33 elementor-top-column elementor-element elementor-element-8bf2a98\" data-id=\"8bf2a98\" data-element_type=\"column\" data-e-type=\"column\">\n\t\t\t<div class=\"elementor-widget-wrap elementor-element-populated\">\n\t\t\t\t\t\t<div class=\"elementor-element elementor-element-0fccde6 elementor-view-default elementor-widget elementor-widget-icon\" data-id=\"0fccde6\" data-element_type=\"widget\" data-e-type=\"widget\" data-widget_type=\"icon.default\">\n\t\t\t\t<div class=\"elementor-widget-container\">\n\t\t\t\t\t\t\t<div class=\"elementor-icon-wrapper\">\n\t\t\t<div class=\"elementor-icon\">\n\t\t\t<svg aria-hidden=\"true\" class=\"e-font-icon-svg e-fas-rocket\" viewbox=\"0 0 512 512\" xmlns=\"http:\/\/www.w3.org\/2000\/svg\"><path d=\"M505.12019,19.09375c-1.18945-5.53125-6.65819-11-12.207-12.1875C460.716,0,435.507,0,410.40747,0,307.17523,0,245.26909,55.20312,199.05238,128H94.83772c-16.34763.01562-35.55658,11.875-42.88664,26.48438L2.51562,253.29688A28.4,28.4,0,0,0,0,264a24.00867,24.00867,0,0,0,24.00582,24H127.81618l-22.47457,22.46875c-11.36521,11.36133-12.99607,32.25781,0,45.25L156.24582,406.625c11.15623,11.1875,32.15619,13.15625,45.27726,0l22.47457-22.46875V488a24.00867,24.00867,0,0,0,24.00581,24,28.55934,28.55934,0,0,0,10.707-2.51562l98.72834-49.39063c14.62888-7.29687,26.50776-26.5,26.50776-42.85937V312.79688c72.59753-46.3125,128.03493-108.40626,128.03493-211.09376C512.07526,76.5,512.07526,51.29688,505.12019,19.09375ZM384.04033,168A40,40,0,1,1,424.05,128,40.02322,40.02322,0,0,1,384.04033,168Z\"><\/path><\/svg>\t\t\t<\/div>\n\t\t<\/div>\n\t\t\t\t\t\t<\/div>\n\t\t\t\t<\/div>\n\t\t\t\t\t<\/div>\n\t\t<\/div>\n\t\t\t\t\t<\/div>\n\t\t<\/section>\n\t\t\t\t<section class=\"elementor-section elementor-top-section elementor-element elementor-element-f494cb4 elementor-section-boxed elementor-section-height-default elementor-section-height-default\" data-id=\"f494cb4\" data-element_type=\"section\" data-e-type=\"section\">\n\t\t\t\t\t\t<div class=\"elementor-container elementor-column-gap-default\">\n\t\t\t\t\t<div class=\"elementor-column elementor-col-33 elementor-top-column elementor-element elementor-element-11256de\" data-id=\"11256de\" data-element_type=\"column\" data-e-type=\"column\">\n\t\t\t<div class=\"elementor-widget-wrap elementor-element-populated\">\n\t\t\t\t\t\t<div class=\"elementor-element elementor-element-058a03d elementor-view-default elementor-widget elementor-widget-icon\" data-id=\"058a03d\" data-element_type=\"widget\" data-e-type=\"widget\" data-widget_type=\"icon.default\">\n\t\t\t\t<div class=\"elementor-widget-container\">\n\t\t\t\t\t\t\t<div class=\"elementor-icon-wrapper\">\n\t\t\t<div class=\"elementor-icon\">\n\t\t\t<svg aria-hidden=\"true\" class=\"e-font-icon-svg e-fas-microscope\" viewbox=\"0 0 512 512\" xmlns=\"http:\/\/www.w3.org\/2000\/svg\"><path d=\"M160 320h12v16c0 8.84 7.16 16 16 16h40c8.84 0 16-7.16 16-16v-16h12c17.67 0 32-14.33 32-32V64c0-17.67-14.33-32-32-32V16c0-8.84-7.16-16-16-16h-64c-8.84 0-16 7.16-16 16v16c-17.67 0-32 14.33-32 32v224c0 17.67 14.33 32 32 32zm304 128h-1.29C493.24 413.99 512 369.2 512 320c0-105.88-86.12-192-192-192v64c70.58 0 128 57.42 128 128s-57.42 128-128 128H48c-26.51 0-48 21.49-48 48 0 8.84 7.16 16 16 16h480c8.84 0 16-7.16 16-16 0-26.51-21.49-48-48-48zm-360-32h208c4.42 0 8-3.58 8-8v-16c0-4.42-3.58-8-8-8H104c-4.42 0-8 3.58-8 8v16c0 4.42 3.58 8 8 8z\"><\/path><\/svg>\t\t\t<\/div>\n\t\t<\/div>\n\t\t\t\t\t\t<\/div>\n\t\t\t\t<\/div>\n\t\t\t\t\t<\/div>\n\t\t<\/div>\n\t\t\t\t<div class=\"elementor-column elementor-col-66 elementor-top-column elementor-element elementor-element-909cf73\" data-id=\"909cf73\" data-element_type=\"column\" data-e-type=\"column\">\n\t\t\t<div class=\"elementor-widget-wrap elementor-element-populated\">\n\t\t\t\t\t\t<div class=\"elementor-element elementor-element-acdba3d elementor-widget elementor-widget-text-editor\" data-id=\"acdba3d\" data-element_type=\"widget\" data-e-type=\"widget\" data-widget_type=\"text-editor.default\">\n\t\t\t\t<div class=\"elementor-widget-container\">\n\t\t\t\t\t\t\t\t\t<h3><strong>Wer sind unsere Kunden?<\/strong><\/h3><p>Wir beliefern haupts\u00e4chlich Klein- und mittelst\u00e4ndische Unternehmen. Denn der individuelle Dialog liegt uns am Herzen. \u00a0<\/p><p><span style=\"font-size: 16px;\">Hierbei setzen Institute, Asphaltmischanlagen, Universit\u00e4ten, Ingenieurb\u00fcros, der Stra\u00dfen-, Hoch- und Tiefbau bevorzugt unsere Ger\u00e4te f\u00fcr die Baustoffpr\u00fcfung ein.<\/span><\/p><div><p>Ziel ist entweder die Selbst\u00fcberwachung zur Qualit\u00e4tssicherung, die Fremdkontrolle oder Forschung.<\/p><\/div>\t\t\t\t\t\t\t\t<\/div>\n\t\t\t\t<\/div>\n\t\t\t\t\t<\/div>\n\t\t<\/div>\n\t\t\t\t\t<\/div>\n\t\t<\/section>\n\t\t\t\t<\/div>","protected":false},"excerpt":{"rendered":"<p>Was ist das Besondere? Als mittelst\u00e4ndisches Unternehmen mit langj\u00e4hriger Erfahrung arbeiten wir anwenderfreundlich und praxisorientiert. Unsere nachhaltige Kundenorientierung f\u00fchrt insbesondere bei Bestandskunden zu einem engen Vertrauensverh\u00e4ltnis. Unsere Kunden lernen in k\u00fcrzester Zeit das gesamte Team kennen und besprechen ihre Sonderw\u00fcnsche oder speziellen Anforderungen direkt mit dem Chef. Gesch\u00e4ftsf\u00fchrer der Fr\u00f6Wag J\u00f6rg Fr\u00f6hlich (links) und Gesch\u00e4ftsf\u00fchrer [&hellip;]<\/p>\n","protected":false},"author":16,"featured_media":0,"parent":0,"menu_order":0,"comment_status":"closed","ping_status":"closed","template":"","meta":{"_acf_changed":false,"site-sidebar-layout":"no-sidebar","site-content-layout":"default","ast-site-content-layout":"","site-content-style":"default","site-sidebar-style":"default","ast-global-header-display":"","ast-banner-title-visibility":"","ast-main-header-display":"","ast-hfb-above-header-display":"","ast-hfb-below-header-display":"","ast-hfb-mobile-header-display":"","site-post-title":"","ast-breadcrumbs-content":"","ast-featured-img":"","footer-sml-layout":"","theme-transparent-header-meta":"default","adv-header-id-meta":"","stick-header-meta":"","header-above-stick-meta":"","header-main-stick-meta":"","header-below-stick-meta":"","astra-migrate-meta-layouts":"default","ast-page-background-enabled":"default","ast-page-background-meta":{"desktop":{"background-color":"","background-image":"","background-repeat":"repeat","background-position":"center center","background-size":"auto","background-attachment":"scroll","background-type":"","background-media":"","overlay-type":"","overlay-color":"","overlay-opacity":"","overlay-gradient":""},"tablet":{"background-color":"","background-image":"","background-repeat":"repeat","background-position":"center center","background-size":"auto","background-attachment":"scroll","background-type":"","background-media":"","overlay-type":"","overlay-color":"","overlay-opacity":"","overlay-gradient":""},"mobile":{"background-color":"","background-image":"","background-repeat":"repeat","background-position":"center center","background-size":"auto","background-attachment":"scroll","background-type":"","background-media":"","overlay-type":"","overlay-color":"","overlay-opacity":"","overlay-gradient":""}},"ast-content-background-meta":{"desktop":{"background-color":"var(--ast-global-color-5)","background-image":"","background-repeat":"repeat","background-position":"center center","background-size":"auto","background-attachment":"scroll","background-type":"","background-media":"","overlay-type":"","overlay-color":"","overlay-opacity":"","overlay-gradient":""},"tablet":{"background-color":"var(--ast-global-color-5)","background-image":"","background-repeat":"repeat","background-position":"center center","background-size":"auto","background-attachment":"scroll","background-type":"","background-media":"","overlay-type":"","overlay-color":"","overlay-opacity":"","overlay-gradient":""},"mobile":{"background-color":"var(--ast-global-color-5)","background-image":"","background-repeat":"repeat","background-position":"center center","background-size":"auto","background-attachment":"scroll","background-type":"","background-media":"","overlay-type":"","overlay-color":"","overlay-opacity":"","overlay-gradient":""}},"_themeisle_gutenberg_block_has_review":false,"footnotes":""},"wf_page_folders":[16032],"class_list":["post-71","page","type-page","status-publish","hentry"],"acf":[],"yoast_head":"<!-- This site is optimized with the Yoast SEO plugin v27.0 - https:\/\/yoast.com\/product\/yoast-seo-wordpress\/ -->\n<title>Unternehmen - Fr\u00f6wag GmbH<\/title>\n<meta name=\"robots\" content=\"index, follow, max-snippet:-1, max-image-preview:large, max-video-preview:-1\" \/>\n<link rel=\"canonical\" href=\"https:\/\/froewag.de\/en\/unternehmen\/\" \/>\n<meta property=\"og:locale\" content=\"en_GB\" \/>\n<meta property=\"og:type\" content=\"article\" \/>\n<meta property=\"og:title\" content=\"Unternehmen - Fr\u00f6wag GmbH\" \/>\n<meta property=\"og:description\" content=\"Was ist das Besondere? Als mittelst\u00e4ndisches Unternehmen mit langj\u00e4hriger Erfahrung arbeiten wir anwenderfreundlich und praxisorientiert. Unsere nachhaltige Kundenorientierung f\u00fchrt insbesondere bei Bestandskunden zu einem engen Vertrauensverh\u00e4ltnis. Unsere Kunden lernen in k\u00fcrzester Zeit das gesamte Team kennen und besprechen ihre Sonderw\u00fcnsche oder speziellen Anforderungen direkt mit dem Chef. Gesch\u00e4ftsf\u00fchrer der Fr\u00f6Wag J\u00f6rg Fr\u00f6hlich (links) und Gesch\u00e4ftsf\u00fchrer [&hellip;]\" \/>\n<meta property=\"og:url\" content=\"https:\/\/froewag.de\/en\/unternehmen\/\" \/>\n<meta property=\"og:site_name\" content=\"Fr\u00f6wag GmbH\" \/>\n<meta property=\"article:modified_time\" content=\"2023-06-17T12:07:47+00:00\" \/>\n<meta property=\"og:image\" content=\"http:\/\/froewag.de\/wp-content\/uploads\/2021\/07\/Matthias-Martus-infratest_-Joerg-Froehlich-FroeWag-1024x683.jpg\" \/>\n<meta name=\"twitter:card\" content=\"summary_large_image\" \/>\n<script type=\"application\/ld+json\" class=\"yoast-schema-graph\">{\"@context\":\"https:\/\/schema.org\",\"@graph\":[{\"@type\":\"WebPage\",\"@id\":\"https:\/\/froewag.de\/unternehmen\/\",\"url\":\"https:\/\/froewag.de\/unternehmen\/\",\"name\":\"Unternehmen - Fr\u00f6wag GmbH\",\"isPartOf\":{\"@id\":\"https:\/\/froewag.de\/#website\"},\"primaryImageOfPage\":{\"@id\":\"https:\/\/froewag.de\/unternehmen\/#primaryimage\"},\"image\":{\"@id\":\"https:\/\/froewag.de\/unternehmen\/#primaryimage\"},\"thumbnailUrl\":\"http:\/\/froewag.de\/wp-content\/uploads\/2021\/07\/Matthias-Martus-infratest_-Joerg-Froehlich-FroeWag-1024x683.jpg\",\"datePublished\":\"2015-07-20T15:13:57+00:00\",\"dateModified\":\"2023-06-17T12:07:47+00:00\",\"breadcrumb\":{\"@id\":\"https:\/\/froewag.de\/unternehmen\/#breadcrumb\"},\"inLanguage\":\"en-GB\",\"potentialAction\":[{\"@type\":\"ReadAction\",\"target\":[\"https:\/\/froewag.de\/unternehmen\/\"]}]},{\"@type\":\"ImageObject\",\"inLanguage\":\"en-GB\",\"@id\":\"https:\/\/froewag.de\/unternehmen\/#primaryimage\",\"url\":\"http:\/\/froewag.de\/wp-content\/uploads\/2021\/07\/Matthias-Martus-infratest_-Joerg-Froehlich-FroeWag-1024x683.jpg\",\"contentUrl\":\"http:\/\/froewag.de\/wp-content\/uploads\/2021\/07\/Matthias-Martus-infratest_-Joerg-Froehlich-FroeWag-1024x683.jpg\"},{\"@type\":\"BreadcrumbList\",\"@id\":\"https:\/\/froewag.de\/unternehmen\/#breadcrumb\",\"itemListElement\":[{\"@type\":\"ListItem\",\"position\":1,\"name\":\"Home\",\"item\":\"https:\/\/froewag.de\/\"},{\"@type\":\"ListItem\",\"position\":2,\"name\":\"Unternehmen\"}]},{\"@type\":\"WebSite\",\"@id\":\"https:\/\/froewag.de\/#website\",\"url\":\"https:\/\/froewag.de\/\",\"name\":\"Fr\u00f6wag GmbH\",\"description\":\"Pr\u00fcfanlagen f\u00fcr Baustoffe und Umwelt\",\"publisher\":{\"@id\":\"https:\/\/froewag.de\/#organization\"},\"potentialAction\":[{\"@type\":\"SearchAction\",\"target\":{\"@type\":\"EntryPoint\",\"urlTemplate\":\"https:\/\/froewag.de\/?s={search_term_string}\"},\"query-input\":{\"@type\":\"PropertyValueSpecification\",\"valueRequired\":true,\"valueName\":\"search_term_string\"}}],\"inLanguage\":\"en-GB\"},{\"@type\":\"Organization\",\"@id\":\"https:\/\/froewag.de\/#organization\",\"name\":\"Fr\u00f6Wag GmbH\",\"url\":\"https:\/\/froewag.de\/\",\"logo\":{\"@type\":\"ImageObject\",\"inLanguage\":\"en-GB\",\"@id\":\"https:\/\/froewag.de\/#\/schema\/logo\/image\/\",\"url\":\"\",\"contentUrl\":\"\",\"caption\":\"Fr\u00f6Wag GmbH\"},\"image\":{\"@id\":\"https:\/\/froewag.de\/#\/schema\/logo\/image\/\"}}]}<\/script>\n<!-- \/ Yoast SEO plugin. -->","yoast_head_json":{"title":"Unternehmen - Fr\u00f6wag GmbH","robots":{"index":"index","follow":"follow","max-snippet":"max-snippet:-1","max-image-preview":"max-image-preview:large","max-video-preview":"max-video-preview:-1"},"canonical":"https:\/\/froewag.de\/en\/unternehmen\/","og_locale":"en_GB","og_type":"article","og_title":"Unternehmen - Fr\u00f6wag GmbH","og_description":"Was ist das Besondere? Als mittelst\u00e4ndisches Unternehmen mit langj\u00e4hriger Erfahrung arbeiten wir anwenderfreundlich und praxisorientiert. Unsere nachhaltige Kundenorientierung f\u00fchrt insbesondere bei Bestandskunden zu einem engen Vertrauensverh\u00e4ltnis. Unsere Kunden lernen in k\u00fcrzester Zeit das gesamte Team kennen und besprechen ihre Sonderw\u00fcnsche oder speziellen Anforderungen direkt mit dem Chef. Gesch\u00e4ftsf\u00fchrer der Fr\u00f6Wag J\u00f6rg Fr\u00f6hlich (links) und Gesch\u00e4ftsf\u00fchrer [&hellip;]","og_url":"https:\/\/froewag.de\/en\/unternehmen\/","og_site_name":"Fr\u00f6wag GmbH","article_modified_time":"2023-06-17T12:07:47+00:00","og_image":[{"url":"http:\/\/froewag.de\/wp-content\/uploads\/2021\/07\/Matthias-Martus-infratest_-Joerg-Froehlich-FroeWag-1024x683.jpg","type":"","width":"","height":""}],"twitter_card":"summary_large_image","schema":{"@context":"https:\/\/schema.org","@graph":[{"@type":"WebPage","@id":"https:\/\/froewag.de\/unternehmen\/","url":"https:\/\/froewag.de\/unternehmen\/","name":"Unternehmen - Fr\u00f6wag GmbH","isPartOf":{"@id":"https:\/\/froewag.de\/#website"},"primaryImageOfPage":{"@id":"https:\/\/froewag.de\/unternehmen\/#primaryimage"},"image":{"@id":"https:\/\/froewag.de\/unternehmen\/#primaryimage"},"thumbnailUrl":"http:\/\/froewag.de\/wp-content\/uploads\/2021\/07\/Matthias-Martus-infratest_-Joerg-Froehlich-FroeWag-1024x683.jpg","datePublished":"2015-07-20T15:13:57+00:00","dateModified":"2023-06-17T12:07:47+00:00","breadcrumb":{"@id":"https:\/\/froewag.de\/unternehmen\/#breadcrumb"},"inLanguage":"en-GB","potentialAction":[{"@type":"ReadAction","target":["https:\/\/froewag.de\/unternehmen\/"]}]},{"@type":"ImageObject","inLanguage":"en-GB","@id":"https:\/\/froewag.de\/unternehmen\/#primaryimage","url":"http:\/\/froewag.de\/wp-content\/uploads\/2021\/07\/Matthias-Martus-infratest_-Joerg-Froehlich-FroeWag-1024x683.jpg","contentUrl":"http:\/\/froewag.de\/wp-content\/uploads\/2021\/07\/Matthias-Martus-infratest_-Joerg-Froehlich-FroeWag-1024x683.jpg"},{"@type":"BreadcrumbList","@id":"https:\/\/froewag.de\/unternehmen\/#breadcrumb","itemListElement":[{"@type":"ListItem","position":1,"name":"Home","item":"https:\/\/froewag.de\/"},{"@type":"ListItem","position":2,"name":"Unternehmen"}]},{"@type":"WebSite","@id":"https:\/\/froewag.de\/#website","url":"https:\/\/froewag.de\/","name":"Fr\u00f6wag GmbH","description":"Pr\u00fcfanlagen f\u00fcr Baustoffe und Umwelt","publisher":{"@id":"https:\/\/froewag.de\/#organization"},"potentialAction":[{"@type":"SearchAction","target":{"@type":"EntryPoint","urlTemplate":"https:\/\/froewag.de\/?s={search_term_string}"},"query-input":{"@type":"PropertyValueSpecification","valueRequired":true,"valueName":"search_term_string"}}],"inLanguage":"en-GB"},{"@type":"Organization","@id":"https:\/\/froewag.de\/#organization","name":"Fr\u00f6Wag GmbH","url":"https:\/\/froewag.de\/","logo":{"@type":"ImageObject","inLanguage":"en-GB","@id":"https:\/\/froewag.de\/#\/schema\/logo\/image\/","url":"","contentUrl":"","caption":"Fr\u00f6Wag GmbH"},"image":{"@id":"https:\/\/froewag.de\/#\/schema\/logo\/image\/"}}]}},"_links":{"self":[{"href":"https:\/\/froewag.de\/en\/wp-json\/wp\/v2\/pages\/71","targetHints":{"allow":["GET"]}}],"collection":[{"href":"https:\/\/froewag.de\/en\/wp-json\/wp\/v2\/pages"}],"about":[{"href":"https:\/\/froewag.de\/en\/wp-json\/wp\/v2\/types\/page"}],"author":[{"embeddable":true,"href":"https:\/\/froewag.de\/en\/wp-json\/wp\/v2\/users\/16"}],"replies":[{"embeddable":true,"href":"https:\/\/froewag.de\/en\/wp-json\/wp\/v2\/comments?post=71"}],"version-history":[{"count":22,"href":"https:\/\/froewag.de\/en\/wp-json\/wp\/v2\/pages\/71\/revisions"}],"predecessor-version":[{"id":50693,"href":"https:\/\/froewag.de\/en\/wp-json\/wp\/v2\/pages\/71\/revisions\/50693"}],"wp:attachment":[{"href":"https:\/\/froewag.de\/en\/wp-json\/wp\/v2\/media?parent=71"}],"wp:term":[{"taxonomy":"wf_page_folders","embeddable":true,"href":"https:\/\/froewag.de\/en\/wp-json\/wp\/v2\/wf_page_folders?post=71"}],"curies":[{"name":"wp","href":"https:\/\/api.w.org\/{rel}","templated":true}]}}