{"id":7411,"date":"2017-09-27T13:09:51","date_gmt":"2017-09-27T11:09:51","guid":{"rendered":"http:\/\/froewag.de\/wp2\/wp\/?page_id=7411\/"},"modified":"2017-11-29T09:09:34","modified_gmt":"2017-11-29T08:09:34","slug":"concrete","status":"publish","type":"page","link":"https:\/\/froewag.de\/en\/solutions\/concrete\/","title":{"rendered":"Concrete"},"content":{"rendered":"<p>[vc_row][vc_column][vc_column_text]<strong>As application in building construction or road construction <\/strong><\/p>\n<p>As a building material for high-rise construction and underground civil engineering, concrete can be found in a wide range of applications in concrete road construction, as a bearing surface for airfields, in bridge construction, as a ready-made component or shotcrete in special applications for tunnel construction or in combination with signaling, centralization and blocking technology. As various is the use of concrete, so different are the concrete test methods used for the quality control.[\/vc_column_text][\/vc_column][\/vc_row][vc_row][vc_column][wpc_custom_heading heading=&#8220;Products that might interest you&#8220; colored_line=&#8220;yes&#8220; position=&#8220;center&#8220; size=&#8220;medium&#8220; id=&#8220;result_box&#8220; class=&#8220;short_text&#8220;][\/vc_column][\/vc_row][vc_row][vc_column]<div class=\"woocommerce columns-4 \"><div class=\"woocommerce-no-products-found\">\n\t\n\t<div class=\"woocommerce-info\" role=\"status\">\n\t\tNo products were found matching your selection.\t<\/div>\n<\/div>\n<\/div>[\/vc_column][\/vc_row]<\/p>\n","protected":false},"excerpt":{"rendered":"<p>As a building material for high-rise construction and underground civil engineering, concrete can be found in a wide range of applications in concrete road construction, as a bearing surface for airfields, in bridge construction, as a ready-made component or shotcrete in special applications for tunnel construction or in combination with signaling, centralization and blocking technology. As various is the use of concrete, so different are the concrete test methods used for the quality control.<\/p>","protected":false},"author":16,"featured_media":6612,"parent":7403,"menu_order":2,"comment_status":"closed","ping_status":"closed","template":"","meta":{"_acf_changed":false,"site-sidebar-layout":"no-sidebar","site-content-layout":"plain-container","ast-site-content-layout":"","site-content-style":"default","site-sidebar-style":"default","ast-global-header-display":"","ast-banner-title-visibility":"","ast-main-header-display":"","ast-hfb-above-header-display":"","ast-hfb-below-header-display":"","ast-hfb-mobile-header-display":"","site-post-title":"disabled","ast-breadcrumbs-content":"","ast-featured-img":"disabled","footer-sml-layout":"","theme-transparent-header-meta":"","adv-header-id-meta":"","stick-header-meta":"","header-above-stick-meta":"","header-main-stick-meta":"","header-below-stick-meta":"","astra-migrate-meta-layouts":"default","ast-page-background-enabled":"default","ast-page-background-meta":{"desktop":{"background-color":"","background-image":"","background-repeat":"repeat","background-position":"center center","background-size":"auto","background-attachment":"scroll","background-type":"","background-media":"","overlay-type":"","overlay-color":"","overlay-opacity":"","overlay-gradient":""},"tablet":{"background-color":"","background-image":"","background-repeat":"repeat","background-position":"center center","background-size":"auto","background-attachment":"scroll","background-type":"","background-media":"","overlay-type":"","overlay-color":"","overlay-opacity":"","overlay-gradient":""},"mobile":{"background-color":"","background-image":"","background-repeat":"repeat","background-position":"center center","background-size":"auto","background-attachment":"scroll","background-type":"","background-media":"","overlay-type":"","overlay-color":"","overlay-opacity":"","overlay-gradient":""}},"ast-content-background-meta":{"desktop":{"background-color":"var(--ast-global-color-5)","background-image":"","background-repeat":"repeat","background-position":"center center","background-size":"auto","background-attachment":"scroll","background-type":"","background-media":"","overlay-type":"","overlay-color":"","overlay-opacity":"","overlay-gradient":""},"tablet":{"background-color":"var(--ast-global-color-5)","background-image":"","background-repeat":"repeat","background-position":"center center","background-size":"auto","background-attachment":"scroll","background-type":"","background-media":"","overlay-type":"","overlay-color":"","overlay-opacity":"","overlay-gradient":""},"mobile":{"background-color":"var(--ast-global-color-5)","background-image":"","background-repeat":"repeat","background-position":"center center","background-size":"auto","background-attachment":"scroll","background-type":"","background-media":"","overlay-type":"","overlay-color":"","overlay-opacity":"","overlay-gradient":""}},"_themeisle_gutenberg_block_has_review":false,"footnotes":""},"wf_page_folders":[],"class_list":["post-7411","page","type-page","status-publish","has-post-thumbnail","hentry"],"acf":[],"yoast_head":"<!-- This site is optimized with the Yoast SEO plugin v27.0 - https:\/\/yoast.com\/product\/yoast-seo-wordpress\/ -->\n<title>Concrete - Fr\u00f6wag GmbH<\/title>\n<meta name=\"robots\" content=\"index, follow, max-snippet:-1, max-image-preview:large, max-video-preview:-1\" \/>\n<link rel=\"canonical\" href=\"https:\/\/froewag.de\/en\/solutions\/concrete\/\" \/>\n<meta property=\"og:locale\" content=\"en_GB\" \/>\n<meta property=\"og:type\" content=\"article\" \/>\n<meta property=\"og:title\" content=\"Concrete - Fr\u00f6wag GmbH\" \/>\n<meta property=\"og:description\" content=\"As a building material for high-rise construction and underground civil engineering, concrete can be found in a wide range of applications in concrete road construction, as a bearing surface for airfields, in bridge construction, as a ready-made component or shotcrete in special applications for tunnel construction or in combination with signaling, centralization and blocking technology. As various is the use of concrete, so different are the concrete test methods used for the quality control.\" \/>\n<meta property=\"og:url\" content=\"https:\/\/froewag.de\/en\/solutions\/concrete\/\" \/>\n<meta property=\"og:site_name\" content=\"Fr\u00f6wag GmbH\" \/>\n<meta property=\"article:modified_time\" content=\"2017-11-29T08:09:34+00:00\" \/>\n<meta property=\"og:image\" content=\"https:\/\/froewag.de\/wp-content\/uploads\/2015\/07\/loesungen-beton.jpg\" \/>\n\t<meta property=\"og:image:width\" content=\"600\" \/>\n\t<meta property=\"og:image:height\" content=\"300\" \/>\n\t<meta property=\"og:image:type\" content=\"image\/jpeg\" \/>\n<meta name=\"twitter:card\" content=\"summary_large_image\" \/>\n<script type=\"application\/ld+json\" class=\"yoast-schema-graph\">{\"@context\":\"https:\/\/schema.org\",\"@graph\":[{\"@type\":\"WebPage\",\"@id\":\"https:\/\/froewag.de\/solutions\/concrete\/\",\"url\":\"https:\/\/froewag.de\/solutions\/concrete\/\",\"name\":\"Concrete - Fr\u00f6wag GmbH\",\"isPartOf\":{\"@id\":\"https:\/\/froewag.de\/#website\"},\"primaryImageOfPage\":{\"@id\":\"https:\/\/froewag.de\/solutions\/concrete\/#primaryimage\"},\"image\":{\"@id\":\"https:\/\/froewag.de\/solutions\/concrete\/#primaryimage\"},\"thumbnailUrl\":\"https:\/\/froewag.de\/wp-content\/uploads\/2015\/07\/loesungen-beton.jpg\",\"datePublished\":\"2017-09-27T11:09:51+00:00\",\"dateModified\":\"2017-11-29T08:09:34+00:00\",\"breadcrumb\":{\"@id\":\"https:\/\/froewag.de\/solutions\/concrete\/#breadcrumb\"},\"inLanguage\":\"en-GB\",\"potentialAction\":[{\"@type\":\"ReadAction\",\"target\":[\"https:\/\/froewag.de\/solutions\/concrete\/\"]}]},{\"@type\":\"ImageObject\",\"inLanguage\":\"en-GB\",\"@id\":\"https:\/\/froewag.de\/solutions\/concrete\/#primaryimage\",\"url\":\"https:\/\/froewag.de\/wp-content\/uploads\/2015\/07\/loesungen-beton.jpg\",\"contentUrl\":\"https:\/\/froewag.de\/wp-content\/uploads\/2015\/07\/loesungen-beton.jpg\",\"width\":600,\"height\":300},{\"@type\":\"BreadcrumbList\",\"@id\":\"https:\/\/froewag.de\/solutions\/concrete\/#breadcrumb\",\"itemListElement\":[{\"@type\":\"ListItem\",\"position\":1,\"name\":\"Home\",\"item\":\"https:\/\/froewag.de\/\"},{\"@type\":\"ListItem\",\"position\":2,\"name\":\"Solutions\",\"item\":\"https:\/\/froewag.de\/solutions\/\"},{\"@type\":\"ListItem\",\"position\":3,\"name\":\"Concrete\"}]},{\"@type\":\"WebSite\",\"@id\":\"https:\/\/froewag.de\/#website\",\"url\":\"https:\/\/froewag.de\/\",\"name\":\"Fr\u00f6wag GmbH\",\"description\":\"Pr\u00fcfanlagen f\u00fcr Baustoffe und Umwelt\",\"publisher\":{\"@id\":\"https:\/\/froewag.de\/#organization\"},\"potentialAction\":[{\"@type\":\"SearchAction\",\"target\":{\"@type\":\"EntryPoint\",\"urlTemplate\":\"https:\/\/froewag.de\/?s={search_term_string}\"},\"query-input\":{\"@type\":\"PropertyValueSpecification\",\"valueRequired\":true,\"valueName\":\"search_term_string\"}}],\"inLanguage\":\"en-GB\"},{\"@type\":\"Organization\",\"@id\":\"https:\/\/froewag.de\/#organization\",\"name\":\"Fr\u00f6Wag GmbH\",\"url\":\"https:\/\/froewag.de\/\",\"logo\":{\"@type\":\"ImageObject\",\"inLanguage\":\"en-GB\",\"@id\":\"https:\/\/froewag.de\/#\/schema\/logo\/image\/\",\"url\":\"\",\"contentUrl\":\"\",\"caption\":\"Fr\u00f6Wag GmbH\"},\"image\":{\"@id\":\"https:\/\/froewag.de\/#\/schema\/logo\/image\/\"}}]}<\/script>\n<!-- \/ Yoast SEO plugin. -->","yoast_head_json":{"title":"Concrete - Fr\u00f6wag GmbH","robots":{"index":"index","follow":"follow","max-snippet":"max-snippet:-1","max-image-preview":"max-image-preview:large","max-video-preview":"max-video-preview:-1"},"canonical":"https:\/\/froewag.de\/en\/solutions\/concrete\/","og_locale":"en_GB","og_type":"article","og_title":"Concrete - Fr\u00f6wag GmbH","og_description":"As a building material for high-rise construction and underground civil engineering, concrete can be found in a wide range of applications in concrete road construction, as a bearing surface for airfields, in bridge construction, as a ready-made component or shotcrete in special applications for tunnel construction or in combination with signaling, centralization and blocking technology. As various is the use of concrete, so different are the concrete test methods used for the quality control.","og_url":"https:\/\/froewag.de\/en\/solutions\/concrete\/","og_site_name":"Fr\u00f6wag GmbH","article_modified_time":"2017-11-29T08:09:34+00:00","og_image":[{"width":600,"height":300,"url":"https:\/\/froewag.de\/wp-content\/uploads\/2015\/07\/loesungen-beton.jpg","type":"image\/jpeg"}],"twitter_card":"summary_large_image","schema":{"@context":"https:\/\/schema.org","@graph":[{"@type":"WebPage","@id":"https:\/\/froewag.de\/solutions\/concrete\/","url":"https:\/\/froewag.de\/solutions\/concrete\/","name":"Concrete - Fr\u00f6wag GmbH","isPartOf":{"@id":"https:\/\/froewag.de\/#website"},"primaryImageOfPage":{"@id":"https:\/\/froewag.de\/solutions\/concrete\/#primaryimage"},"image":{"@id":"https:\/\/froewag.de\/solutions\/concrete\/#primaryimage"},"thumbnailUrl":"https:\/\/froewag.de\/wp-content\/uploads\/2015\/07\/loesungen-beton.jpg","datePublished":"2017-09-27T11:09:51+00:00","dateModified":"2017-11-29T08:09:34+00:00","breadcrumb":{"@id":"https:\/\/froewag.de\/solutions\/concrete\/#breadcrumb"},"inLanguage":"en-GB","potentialAction":[{"@type":"ReadAction","target":["https:\/\/froewag.de\/solutions\/concrete\/"]}]},{"@type":"ImageObject","inLanguage":"en-GB","@id":"https:\/\/froewag.de\/solutions\/concrete\/#primaryimage","url":"https:\/\/froewag.de\/wp-content\/uploads\/2015\/07\/loesungen-beton.jpg","contentUrl":"https:\/\/froewag.de\/wp-content\/uploads\/2015\/07\/loesungen-beton.jpg","width":600,"height":300},{"@type":"BreadcrumbList","@id":"https:\/\/froewag.de\/solutions\/concrete\/#breadcrumb","itemListElement":[{"@type":"ListItem","position":1,"name":"Home","item":"https:\/\/froewag.de\/"},{"@type":"ListItem","position":2,"name":"Solutions","item":"https:\/\/froewag.de\/solutions\/"},{"@type":"ListItem","position":3,"name":"Concrete"}]},{"@type":"WebSite","@id":"https:\/\/froewag.de\/#website","url":"https:\/\/froewag.de\/","name":"Fr\u00f6wag GmbH","description":"Pr\u00fcfanlagen f\u00fcr Baustoffe und Umwelt","publisher":{"@id":"https:\/\/froewag.de\/#organization"},"potentialAction":[{"@type":"SearchAction","target":{"@type":"EntryPoint","urlTemplate":"https:\/\/froewag.de\/?s={search_term_string}"},"query-input":{"@type":"PropertyValueSpecification","valueRequired":true,"valueName":"search_term_string"}}],"inLanguage":"en-GB"},{"@type":"Organization","@id":"https:\/\/froewag.de\/#organization","name":"Fr\u00f6Wag GmbH","url":"https:\/\/froewag.de\/","logo":{"@type":"ImageObject","inLanguage":"en-GB","@id":"https:\/\/froewag.de\/#\/schema\/logo\/image\/","url":"","contentUrl":"","caption":"Fr\u00f6Wag GmbH"},"image":{"@id":"https:\/\/froewag.de\/#\/schema\/logo\/image\/"}}]}},"_links":{"self":[{"href":"https:\/\/froewag.de\/en\/wp-json\/wp\/v2\/pages\/7411","targetHints":{"allow":["GET"]}}],"collection":[{"href":"https:\/\/froewag.de\/en\/wp-json\/wp\/v2\/pages"}],"about":[{"href":"https:\/\/froewag.de\/en\/wp-json\/wp\/v2\/types\/page"}],"author":[{"embeddable":true,"href":"https:\/\/froewag.de\/en\/wp-json\/wp\/v2\/users\/16"}],"replies":[{"embeddable":true,"href":"https:\/\/froewag.de\/en\/wp-json\/wp\/v2\/comments?post=7411"}],"version-history":[{"count":8,"href":"https:\/\/froewag.de\/en\/wp-json\/wp\/v2\/pages\/7411\/revisions"}],"predecessor-version":[{"id":12710,"href":"https:\/\/froewag.de\/en\/wp-json\/wp\/v2\/pages\/7411\/revisions\/12710"}],"up":[{"embeddable":true,"href":"https:\/\/froewag.de\/en\/wp-json\/wp\/v2\/pages\/7403"}],"wp:featuredmedia":[{"embeddable":true,"href":"https:\/\/froewag.de\/en\/wp-json\/wp\/v2\/media\/6612"}],"wp:attachment":[{"href":"https:\/\/froewag.de\/en\/wp-json\/wp\/v2\/media?parent=7411"}],"wp:term":[{"taxonomy":"wf_page_folders","embeddable":true,"href":"https:\/\/froewag.de\/en\/wp-json\/wp\/v2\/wf_page_folders?post=7411"}],"curies":[{"name":"wp","href":"https:\/\/api.w.org\/{rel}","templated":true}]}}