{"id":46932,"date":"2021-10-06T21:11:54","date_gmt":"2021-10-06T19:11:54","guid":{"rendered":"http:\/\/froewag.de\/wp2\/produkt\/bindemittel-extraktionszentrifuge-400v\/"},"modified":"2024-01-10T18:20:47","modified_gmt":"2024-01-10T17:20:47","slug":"bindemittel-extraktionszentrifuge-400v","status":"publish","type":"product","link":"https:\/\/froewag.de\/en\/product\/bindemittel-extraktionszentrifuge-400v\/","title":{"rendered":"Bindemittel-Extraktionszentrifuge 400V"},"content":{"rendered":"<p>EN 12697-1 &#8211; BS 598\/5284 &#8211; ASTM D2172 &#8211; AASHTO T164<\/p>\n<p>Bindemittel-Extraktionszentrifuge 400V zur Bestimmung von Bindemittel und Mineralstoffanteilen f\u00fcr nicht brennbare L\u00f6sungsmittel.<\/p>\n<p>Zentrifugenspindel mit wartungsfreier Lagerung, Motor mit Thermoschutz.<\/p>\n<p>Integrierte Ablaufschale aus Aluminium. Das Auslaufrohr hat einen Durchmesser von 25 mm, Siebtrichter f\u00fcr Normsiebgr\u00f6\u00dfen \u00f8 200 mm.<\/p>\n<p>Separater Steuerkasten zur Wandmontage.<\/p>\n<p>Lieferung erfolgt mit 2 Schleuderh\u00fclsen \u00f8 122 x 210 mm.<\/p>","protected":false},"excerpt":{"rendered":"<p>Zentrifugenspindel zur Bestimmung von Bindemittel und Mineralstoffanteilen<\/p>","protected":false},"featured_media":21236,"template":"","meta":{"_acf_changed":false,"site-sidebar-layout":"default","site-content-layout":"plain-container","ast-site-content-layout":"normal-width-container","site-content-style":"unboxed","site-sidebar-style":"unboxed","ast-global-header-display":"","ast-banner-title-visibility":"","ast-main-header-display":"","ast-hfb-above-header-display":"","ast-hfb-below-header-display":"","ast-hfb-mobile-header-display":"","site-post-title":"","ast-breadcrumbs-content":"","ast-featured-img":"","footer-sml-layout":"","theme-transparent-header-meta":"default","adv-header-id-meta":"","stick-header-meta":"","header-above-stick-meta":"","header-main-stick-meta":"","header-below-stick-meta":"","astra-migrate-meta-layouts":"set","ast-page-background-enabled":"default","ast-page-background-meta":{"desktop":{"background-color":"","background-image":"","background-repeat":"repeat","background-position":"center center","background-size":"auto","background-attachment":"scroll","background-type":"","background-media":"","overlay-type":"","overlay-color":"","overlay-opacity":"","overlay-gradient":""},"tablet":{"background-color":"","background-image":"","background-repeat":"repeat","background-position":"center center","background-size":"auto","background-attachment":"scroll","background-type":"","background-media":"","overlay-type":"","overlay-color":"","overlay-opacity":"","overlay-gradient":""},"mobile":{"background-color":"","background-image":"","background-repeat":"repeat","background-position":"center center","background-size":"auto","background-attachment":"scroll","background-type":"","background-media":"","overlay-type":"","overlay-color":"","overlay-opacity":"","overlay-gradient":""}},"ast-content-background-meta":{"desktop":{"background-color":"var(--ast-global-color-5)","background-image":"","background-repeat":"repeat","background-position":"center center","background-size":"auto","background-attachment":"scroll","background-type":"","background-media":"","overlay-type":"","overlay-color":"","overlay-opacity":"","overlay-gradient":""},"tablet":{"background-color":"var(--ast-global-color-5)","background-image":"","background-repeat":"repeat","background-position":"center center","background-size":"auto","background-attachment":"scroll","background-type":"","background-media":"","overlay-type":"","overlay-color":"","overlay-opacity":"","overlay-gradient":""},"mobile":{"background-color":"var(--ast-global-color-5)","background-image":"","background-repeat":"repeat","background-position":"center center","background-size":"auto","background-attachment":"scroll","background-type":"","background-media":"","overlay-type":"","overlay-color":"","overlay-opacity":"","overlay-gradient":""}},"_themeisle_gutenberg_block_has_review":false},"product_brand":[],"product_cat":[13577,13578,14564],"product_tag":[13579],"class_list":{"0":"post-46932","1":"product","2":"type-product","3":"status-publish","4":"has-post-thumbnail","6":"product_cat-asphalt","7":"product_cat-extraktion","8":"product_cat-zubehoer-extraktion","9":"product_tag-zentrifuge-extraktion-asphalt-bindemittelgehaltsbestimmung","10":"pa_einzelnormen-aashto-t164","11":"pa_einzelnormen-astm-d2172","12":"pa_einzelnormen-bs-5284","13":"pa_einzelnormen-en-12697-1","14":"pa_einzelnormen-aashto","15":"pa_einzelnormen-astm","16":"pa_einzelnormen-bs","17":"pa_einzelnormen-bs-598","18":"pa_einzelnormen-en","19":"pa_elektrische-daten-400v-3phnpe-50-hz-11-kw","20":"pa_normen-400v-3phnpe-50-hz-11-kw","21":"desktop-align-left","22":"tablet-align-left","23":"mobile-align-left","25":"first","26":"instock","27":"product-type-simple"},"acf":[],"yoast_head":"<!-- This site is optimized with the Yoast SEO plugin v27.0 - https:\/\/yoast.com\/product\/yoast-seo-wordpress\/ -->\n<title>Bindemittel-Extraktionszentrifuge 400V - Fr\u00f6wag GmbH<\/title>\n<meta name=\"robots\" content=\"index, follow, max-snippet:-1, max-image-preview:large, max-video-preview:-1\" \/>\n<link rel=\"canonical\" href=\"https:\/\/froewag.de\/en\/product\/bindemittel-extraktionszentrifuge-400v\/\" \/>\n<meta property=\"og:locale\" content=\"en_GB\" \/>\n<meta property=\"og:type\" content=\"article\" \/>\n<meta property=\"og:title\" content=\"Bindemittel-Extraktionszentrifuge 400V - Fr\u00f6wag GmbH\" \/>\n<meta property=\"og:description\" content=\"Zentrifugenspindel zur Bestimmung von Bindemittel und Mineralstoffanteilen\" \/>\n<meta property=\"og:url\" content=\"https:\/\/froewag.de\/en\/product\/bindemittel-extraktionszentrifuge-400v\/\" \/>\n<meta property=\"og:site_name\" content=\"Fr\u00f6wag GmbH\" \/>\n<meta property=\"article:modified_time\" content=\"2024-01-10T17:20:47+00:00\" \/>\n<meta property=\"og:image\" content=\"https:\/\/froewag.de\/wp-content\/uploads\/2021\/03\/1002.jpg\" \/>\n\t<meta property=\"og:image:width\" content=\"700\" \/>\n\t<meta property=\"og:image:height\" content=\"800\" \/>\n\t<meta property=\"og:image:type\" content=\"image\/jpeg\" \/>\n<meta name=\"twitter:card\" content=\"summary_large_image\" \/>\n<script type=\"application\/ld+json\" class=\"yoast-schema-graph\">{\"@context\":\"https:\/\/schema.org\",\"@graph\":[{\"@type\":\"WebPage\",\"@id\":\"https:\/\/froewag.de\/produkt\/bindemittel-extraktionszentrifuge-400v\/\",\"url\":\"https:\/\/froewag.de\/produkt\/bindemittel-extraktionszentrifuge-400v\/\",\"name\":\"Bindemittel-Extraktionszentrifuge 400V - Fr\u00f6wag GmbH\",\"isPartOf\":{\"@id\":\"https:\/\/froewag.de\/#website\"},\"primaryImageOfPage\":{\"@id\":\"https:\/\/froewag.de\/produkt\/bindemittel-extraktionszentrifuge-400v\/#primaryimage\"},\"image\":{\"@id\":\"https:\/\/froewag.de\/produkt\/bindemittel-extraktionszentrifuge-400v\/#primaryimage\"},\"thumbnailUrl\":\"https:\/\/froewag.de\/wp-content\/uploads\/2021\/03\/1002.jpg\",\"datePublished\":\"2021-10-06T19:11:54+00:00\",\"dateModified\":\"2024-01-10T17:20:47+00:00\",\"breadcrumb\":{\"@id\":\"https:\/\/froewag.de\/produkt\/bindemittel-extraktionszentrifuge-400v\/#breadcrumb\"},\"inLanguage\":\"en-GB\",\"potentialAction\":[{\"@type\":\"ReadAction\",\"target\":[\"https:\/\/froewag.de\/produkt\/bindemittel-extraktionszentrifuge-400v\/\"]}]},{\"@type\":\"ImageObject\",\"inLanguage\":\"en-GB\",\"@id\":\"https:\/\/froewag.de\/produkt\/bindemittel-extraktionszentrifuge-400v\/#primaryimage\",\"url\":\"https:\/\/froewag.de\/wp-content\/uploads\/2021\/03\/1002.jpg\",\"contentUrl\":\"https:\/\/froewag.de\/wp-content\/uploads\/2021\/03\/1002.jpg\",\"width\":700,\"height\":800},{\"@type\":\"BreadcrumbList\",\"@id\":\"https:\/\/froewag.de\/produkt\/bindemittel-extraktionszentrifuge-400v\/#breadcrumb\",\"itemListElement\":[{\"@type\":\"ListItem\",\"position\":1,\"name\":\"Home\",\"item\":\"https:\/\/froewag.de\/\"},{\"@type\":\"ListItem\",\"position\":2,\"name\":\"Produkte\",\"item\":\"https:\/\/froewag.de\/produkte\/\"},{\"@type\":\"ListItem\",\"position\":3,\"name\":\"Asphalt\",\"item\":\"https:\/\/froewag.de\/produktkategorie\/asphalt\/\"},{\"@type\":\"ListItem\",\"position\":4,\"name\":\"Bindemittel-Extraktionszentrifuge 400V\"}]},{\"@type\":\"WebSite\",\"@id\":\"https:\/\/froewag.de\/#website\",\"url\":\"https:\/\/froewag.de\/\",\"name\":\"Fr\u00f6wag GmbH\",\"description\":\"Pr\u00fcfanlagen f\u00fcr Baustoffe und Umwelt\",\"publisher\":{\"@id\":\"https:\/\/froewag.de\/#organization\"},\"potentialAction\":[{\"@type\":\"SearchAction\",\"target\":{\"@type\":\"EntryPoint\",\"urlTemplate\":\"https:\/\/froewag.de\/?s={search_term_string}\"},\"query-input\":{\"@type\":\"PropertyValueSpecification\",\"valueRequired\":true,\"valueName\":\"search_term_string\"}}],\"inLanguage\":\"en-GB\"},{\"@type\":\"Organization\",\"@id\":\"https:\/\/froewag.de\/#organization\",\"name\":\"Fr\u00f6Wag GmbH\",\"url\":\"https:\/\/froewag.de\/\",\"logo\":{\"@type\":\"ImageObject\",\"inLanguage\":\"en-GB\",\"@id\":\"https:\/\/froewag.de\/#\/schema\/logo\/image\/\",\"url\":\"\",\"contentUrl\":\"\",\"caption\":\"Fr\u00f6Wag GmbH\"},\"image\":{\"@id\":\"https:\/\/froewag.de\/#\/schema\/logo\/image\/\"}}]}<\/script>\n<!-- \/ Yoast SEO plugin. -->","yoast_head_json":{"title":"Bindemittel-Extraktionszentrifuge 400V - Fr\u00f6wag GmbH","robots":{"index":"index","follow":"follow","max-snippet":"max-snippet:-1","max-image-preview":"max-image-preview:large","max-video-preview":"max-video-preview:-1"},"canonical":"https:\/\/froewag.de\/en\/product\/bindemittel-extraktionszentrifuge-400v\/","og_locale":"en_GB","og_type":"article","og_title":"Bindemittel-Extraktionszentrifuge 400V - Fr\u00f6wag GmbH","og_description":"Zentrifugenspindel zur Bestimmung von Bindemittel und Mineralstoffanteilen","og_url":"https:\/\/froewag.de\/en\/product\/bindemittel-extraktionszentrifuge-400v\/","og_site_name":"Fr\u00f6wag GmbH","article_modified_time":"2024-01-10T17:20:47+00:00","og_image":[{"width":700,"height":800,"url":"https:\/\/froewag.de\/wp-content\/uploads\/2021\/03\/1002.jpg","type":"image\/jpeg"}],"twitter_card":"summary_large_image","schema":{"@context":"https:\/\/schema.org","@graph":[{"@type":"WebPage","@id":"https:\/\/froewag.de\/produkt\/bindemittel-extraktionszentrifuge-400v\/","url":"https:\/\/froewag.de\/produkt\/bindemittel-extraktionszentrifuge-400v\/","name":"Bindemittel-Extraktionszentrifuge 400V - Fr\u00f6wag GmbH","isPartOf":{"@id":"https:\/\/froewag.de\/#website"},"primaryImageOfPage":{"@id":"https:\/\/froewag.de\/produkt\/bindemittel-extraktionszentrifuge-400v\/#primaryimage"},"image":{"@id":"https:\/\/froewag.de\/produkt\/bindemittel-extraktionszentrifuge-400v\/#primaryimage"},"thumbnailUrl":"https:\/\/froewag.de\/wp-content\/uploads\/2021\/03\/1002.jpg","datePublished":"2021-10-06T19:11:54+00:00","dateModified":"2024-01-10T17:20:47+00:00","breadcrumb":{"@id":"https:\/\/froewag.de\/produkt\/bindemittel-extraktionszentrifuge-400v\/#breadcrumb"},"inLanguage":"en-GB","potentialAction":[{"@type":"ReadAction","target":["https:\/\/froewag.de\/produkt\/bindemittel-extraktionszentrifuge-400v\/"]}]},{"@type":"ImageObject","inLanguage":"en-GB","@id":"https:\/\/froewag.de\/produkt\/bindemittel-extraktionszentrifuge-400v\/#primaryimage","url":"https:\/\/froewag.de\/wp-content\/uploads\/2021\/03\/1002.jpg","contentUrl":"https:\/\/froewag.de\/wp-content\/uploads\/2021\/03\/1002.jpg","width":700,"height":800},{"@type":"BreadcrumbList","@id":"https:\/\/froewag.de\/produkt\/bindemittel-extraktionszentrifuge-400v\/#breadcrumb","itemListElement":[{"@type":"ListItem","position":1,"name":"Home","item":"https:\/\/froewag.de\/"},{"@type":"ListItem","position":2,"name":"Produkte","item":"https:\/\/froewag.de\/produkte\/"},{"@type":"ListItem","position":3,"name":"Asphalt","item":"https:\/\/froewag.de\/produktkategorie\/asphalt\/"},{"@type":"ListItem","position":4,"name":"Bindemittel-Extraktionszentrifuge 400V"}]},{"@type":"WebSite","@id":"https:\/\/froewag.de\/#website","url":"https:\/\/froewag.de\/","name":"Fr\u00f6wag GmbH","description":"Pr\u00fcfanlagen f\u00fcr Baustoffe und Umwelt","publisher":{"@id":"https:\/\/froewag.de\/#organization"},"potentialAction":[{"@type":"SearchAction","target":{"@type":"EntryPoint","urlTemplate":"https:\/\/froewag.de\/?s={search_term_string}"},"query-input":{"@type":"PropertyValueSpecification","valueRequired":true,"valueName":"search_term_string"}}],"inLanguage":"en-GB"},{"@type":"Organization","@id":"https:\/\/froewag.de\/#organization","name":"Fr\u00f6Wag GmbH","url":"https:\/\/froewag.de\/","logo":{"@type":"ImageObject","inLanguage":"en-GB","@id":"https:\/\/froewag.de\/#\/schema\/logo\/image\/","url":"","contentUrl":"","caption":"Fr\u00f6Wag GmbH"},"image":{"@id":"https:\/\/froewag.de\/#\/schema\/logo\/image\/"}}]}},"_links":{"self":[{"href":"https:\/\/froewag.de\/en\/wp-json\/wp\/v2\/product\/46932","targetHints":{"allow":["GET"]}}],"collection":[{"href":"https:\/\/froewag.de\/en\/wp-json\/wp\/v2\/product"}],"about":[{"href":"https:\/\/froewag.de\/en\/wp-json\/wp\/v2\/types\/product"}],"version-history":[{"count":3,"href":"https:\/\/froewag.de\/en\/wp-json\/wp\/v2\/product\/46932\/revisions"}],"predecessor-version":[{"id":53717,"href":"https:\/\/froewag.de\/en\/wp-json\/wp\/v2\/product\/46932\/revisions\/53717"}],"wp:featuredmedia":[{"embeddable":true,"href":"https:\/\/froewag.de\/en\/wp-json\/wp\/v2\/media\/21236"}],"wp:attachment":[{"href":"https:\/\/froewag.de\/en\/wp-json\/wp\/v2\/media?parent=46932"}],"wp:term":[{"taxonomy":"product_brand","embeddable":true,"href":"https:\/\/froewag.de\/en\/wp-json\/wp\/v2\/product_brand?post=46932"},{"taxonomy":"product_cat","embeddable":true,"href":"https:\/\/froewag.de\/en\/wp-json\/wp\/v2\/product_cat?post=46932"},{"taxonomy":"product_tag","embeddable":true,"href":"https:\/\/froewag.de\/en\/wp-json\/wp\/v2\/product_tag?post=46932"}],"curies":[{"name":"wp","href":"https:\/\/api.w.org\/{rel}","templated":true}]}}