{"id":47046,"date":"2021-10-06T21:12:11","date_gmt":"2021-10-06T19:12:11","guid":{"rendered":"http:\/\/froewag.de\/wp2\/produkt\/schallschutzkabine-fuer-marshallverdichter-1-241\/"},"modified":"2024-01-13T12:58:14","modified_gmt":"2024-01-13T11:58:14","slug":"schallschutzkabine-zu-marshallverdichter-1-241","status":"publish","type":"product","link":"https:\/\/froewag.de\/en\/product\/schallschutzkabine-zu-marshallverdichter-1-241\/","title":{"rendered":"Schallschutzkabine zu Marshallverdichter 1.241"},"content":{"rendered":"<p>Schallschutzkabine zu Marshallverdichter 1.241<\/p>\n<p>Stabiles doppelwandiges Holzgeh\u00e4use mit Schallschutzisolierung zwischen Innen- und Au\u00dfenwand.<\/p>\n<p>Innenfl\u00e4chen mit waffelf\u00f6rmigem Schalld\u00e4mmmaterial. Innenraum mit Lampe und Schalter, sowie mit Steckdose f\u00fcr Heizplatte. Verschlie\u00dfbare T\u00fcr (T\u00fcranschlag links, auf Wunsch auch rechts)<\/p>\n<p>Anlieferung in Einzelteilen, schraubbar<\/p>","protected":false},"excerpt":{"rendered":"<p>Stabiles doppelwandiges Holzgeh\u00e4use mit Schallschutzisolierung zwischen Innen- und Au\u00dfenwand.<\/p>","protected":false},"featured_media":21026,"template":"","meta":{"_acf_changed":false,"site-sidebar-layout":"default","site-content-layout":"plain-container","ast-site-content-layout":"normal-width-container","site-content-style":"unboxed","site-sidebar-style":"unboxed","ast-global-header-display":"","ast-banner-title-visibility":"","ast-main-header-display":"","ast-hfb-above-header-display":"","ast-hfb-below-header-display":"","ast-hfb-mobile-header-display":"","site-post-title":"","ast-breadcrumbs-content":"","ast-featured-img":"","footer-sml-layout":"","theme-transparent-header-meta":"default","adv-header-id-meta":"","stick-header-meta":"","header-above-stick-meta":"","header-main-stick-meta":"","header-below-stick-meta":"","astra-migrate-meta-layouts":"set","ast-page-background-enabled":"default","ast-page-background-meta":{"desktop":{"background-color":"","background-image":"","background-repeat":"repeat","background-position":"center center","background-size":"auto","background-attachment":"scroll","background-type":"","background-media":"","overlay-type":"","overlay-color":"","overlay-opacity":"","overlay-gradient":""},"tablet":{"background-color":"","background-image":"","background-repeat":"repeat","background-position":"center center","background-size":"auto","background-attachment":"scroll","background-type":"","background-media":"","overlay-type":"","overlay-color":"","overlay-opacity":"","overlay-gradient":""},"mobile":{"background-color":"","background-image":"","background-repeat":"repeat","background-position":"center center","background-size":"auto","background-attachment":"scroll","background-type":"","background-media":"","overlay-type":"","overlay-color":"","overlay-opacity":"","overlay-gradient":""}},"ast-content-background-meta":{"desktop":{"background-color":"var(--ast-global-color-5)","background-image":"","background-repeat":"repeat","background-position":"center center","background-size":"auto","background-attachment":"scroll","background-type":"","background-media":"","overlay-type":"","overlay-color":"","overlay-opacity":"","overlay-gradient":""},"tablet":{"background-color":"var(--ast-global-color-5)","background-image":"","background-repeat":"repeat","background-position":"center center","background-size":"auto","background-attachment":"scroll","background-type":"","background-media":"","overlay-type":"","overlay-color":"","overlay-opacity":"","overlay-gradient":""},"mobile":{"background-color":"var(--ast-global-color-5)","background-image":"","background-repeat":"repeat","background-position":"center center","background-size":"auto","background-attachment":"scroll","background-type":"","background-media":"","overlay-type":"","overlay-color":"","overlay-opacity":"","overlay-gradient":""}},"_themeisle_gutenberg_block_has_review":false},"product_brand":[],"product_cat":[13577,13646,14587],"product_tag":[14597,9496,13647,9214,9530],"class_list":{"0":"post-47046","1":"product","2":"type-product","3":"status-publish","4":"has-post-thumbnail","6":"product_cat-asphalt","7":"product_cat-marshall","8":"product_cat-marshallverdichter","9":"product_tag-einhausung","10":"product_tag-marshall-verdichtungsgeraet","11":"product_tag-probenverdichtung","12":"product_tag-schallisolierung","13":"product_tag-schallschutzkabine","14":"pa_abmessung-ca-930-x-930-x-2450-mm","15":"pa_elektrische-daten-1phnpe-50-hz-230-v","16":"pa_gewicht-ca-250-kg","17":"pa_normen-1phnpe-50-hz-230-v","18":"desktop-align-left","19":"tablet-align-left","20":"mobile-align-left","22":"first","23":"instock","24":"product-type-simple"},"acf":[],"yoast_head":"<!-- This site is optimized with the Yoast SEO plugin v27.0 - https:\/\/yoast.com\/product\/yoast-seo-wordpress\/ -->\n<title>Schallschutzkabine zu Marshallverdichter 1.241 - Fr\u00f6wag GmbH<\/title>\n<meta name=\"robots\" content=\"index, follow, max-snippet:-1, max-image-preview:large, max-video-preview:-1\" \/>\n<link rel=\"canonical\" href=\"https:\/\/froewag.de\/en\/product\/schallschutzkabine-zu-marshallverdichter-1-241\/\" \/>\n<meta property=\"og:locale\" content=\"en_GB\" \/>\n<meta property=\"og:type\" content=\"article\" \/>\n<meta property=\"og:title\" content=\"Schallschutzkabine zu Marshallverdichter 1.241 - Fr\u00f6wag GmbH\" \/>\n<meta property=\"og:description\" content=\"Stabiles doppelwandiges Holzgeh\u00e4use mit Schallschutzisolierung zwischen Innen- und Au\u00dfenwand.\" \/>\n<meta property=\"og:url\" content=\"https:\/\/froewag.de\/en\/product\/schallschutzkabine-zu-marshallverdichter-1-241\/\" \/>\n<meta property=\"og:site_name\" content=\"Fr\u00f6wag GmbH\" \/>\n<meta property=\"article:modified_time\" content=\"2024-01-13T11:58:14+00:00\" \/>\n<meta property=\"og:image\" content=\"https:\/\/froewag.de\/wp-content\/uploads\/2021\/03\/1246.jpg\" \/>\n\t<meta property=\"og:image:width\" content=\"700\" \/>\n\t<meta property=\"og:image:height\" content=\"800\" \/>\n\t<meta property=\"og:image:type\" content=\"image\/jpeg\" \/>\n<meta name=\"twitter:card\" content=\"summary_large_image\" \/>\n<script type=\"application\/ld+json\" class=\"yoast-schema-graph\">{\"@context\":\"https:\/\/schema.org\",\"@graph\":[{\"@type\":\"WebPage\",\"@id\":\"https:\/\/froewag.de\/produkt\/schallschutzkabine-zu-marshallverdichter-1-241\/\",\"url\":\"https:\/\/froewag.de\/produkt\/schallschutzkabine-zu-marshallverdichter-1-241\/\",\"name\":\"Schallschutzkabine zu Marshallverdichter 1.241 - Fr\u00f6wag GmbH\",\"isPartOf\":{\"@id\":\"https:\/\/froewag.de\/#website\"},\"primaryImageOfPage\":{\"@id\":\"https:\/\/froewag.de\/produkt\/schallschutzkabine-zu-marshallverdichter-1-241\/#primaryimage\"},\"image\":{\"@id\":\"https:\/\/froewag.de\/produkt\/schallschutzkabine-zu-marshallverdichter-1-241\/#primaryimage\"},\"thumbnailUrl\":\"https:\/\/froewag.de\/wp-content\/uploads\/2021\/03\/1246.jpg\",\"datePublished\":\"2021-10-06T19:12:11+00:00\",\"dateModified\":\"2024-01-13T11:58:14+00:00\",\"breadcrumb\":{\"@id\":\"https:\/\/froewag.de\/produkt\/schallschutzkabine-zu-marshallverdichter-1-241\/#breadcrumb\"},\"inLanguage\":\"en-GB\",\"potentialAction\":[{\"@type\":\"ReadAction\",\"target\":[\"https:\/\/froewag.de\/produkt\/schallschutzkabine-zu-marshallverdichter-1-241\/\"]}]},{\"@type\":\"ImageObject\",\"inLanguage\":\"en-GB\",\"@id\":\"https:\/\/froewag.de\/produkt\/schallschutzkabine-zu-marshallverdichter-1-241\/#primaryimage\",\"url\":\"https:\/\/froewag.de\/wp-content\/uploads\/2021\/03\/1246.jpg\",\"contentUrl\":\"https:\/\/froewag.de\/wp-content\/uploads\/2021\/03\/1246.jpg\",\"width\":700,\"height\":800},{\"@type\":\"BreadcrumbList\",\"@id\":\"https:\/\/froewag.de\/produkt\/schallschutzkabine-zu-marshallverdichter-1-241\/#breadcrumb\",\"itemListElement\":[{\"@type\":\"ListItem\",\"position\":1,\"name\":\"Home\",\"item\":\"https:\/\/froewag.de\/\"},{\"@type\":\"ListItem\",\"position\":2,\"name\":\"Produkte\",\"item\":\"https:\/\/froewag.de\/produkte\/\"},{\"@type\":\"ListItem\",\"position\":3,\"name\":\"Asphalt\",\"item\":\"https:\/\/froewag.de\/produktkategorie\/asphalt\/\"},{\"@type\":\"ListItem\",\"position\":4,\"name\":\"Schallschutzkabine zu Marshallverdichter 1.241\"}]},{\"@type\":\"WebSite\",\"@id\":\"https:\/\/froewag.de\/#website\",\"url\":\"https:\/\/froewag.de\/\",\"name\":\"Fr\u00f6wag GmbH\",\"description\":\"Pr\u00fcfanlagen f\u00fcr Baustoffe und Umwelt\",\"publisher\":{\"@id\":\"https:\/\/froewag.de\/#organization\"},\"potentialAction\":[{\"@type\":\"SearchAction\",\"target\":{\"@type\":\"EntryPoint\",\"urlTemplate\":\"https:\/\/froewag.de\/?s={search_term_string}\"},\"query-input\":{\"@type\":\"PropertyValueSpecification\",\"valueRequired\":true,\"valueName\":\"search_term_string\"}}],\"inLanguage\":\"en-GB\"},{\"@type\":\"Organization\",\"@id\":\"https:\/\/froewag.de\/#organization\",\"name\":\"Fr\u00f6Wag GmbH\",\"url\":\"https:\/\/froewag.de\/\",\"logo\":{\"@type\":\"ImageObject\",\"inLanguage\":\"en-GB\",\"@id\":\"https:\/\/froewag.de\/#\/schema\/logo\/image\/\",\"url\":\"\",\"contentUrl\":\"\",\"caption\":\"Fr\u00f6Wag GmbH\"},\"image\":{\"@id\":\"https:\/\/froewag.de\/#\/schema\/logo\/image\/\"}}]}<\/script>\n<!-- \/ Yoast SEO plugin. -->","yoast_head_json":{"title":"Schallschutzkabine zu Marshallverdichter 1.241 - Fr\u00f6wag GmbH","robots":{"index":"index","follow":"follow","max-snippet":"max-snippet:-1","max-image-preview":"max-image-preview:large","max-video-preview":"max-video-preview:-1"},"canonical":"https:\/\/froewag.de\/en\/product\/schallschutzkabine-zu-marshallverdichter-1-241\/","og_locale":"en_GB","og_type":"article","og_title":"Schallschutzkabine zu Marshallverdichter 1.241 - Fr\u00f6wag GmbH","og_description":"Stabiles doppelwandiges Holzgeh\u00e4use mit Schallschutzisolierung zwischen Innen- und Au\u00dfenwand.","og_url":"https:\/\/froewag.de\/en\/product\/schallschutzkabine-zu-marshallverdichter-1-241\/","og_site_name":"Fr\u00f6wag GmbH","article_modified_time":"2024-01-13T11:58:14+00:00","og_image":[{"width":700,"height":800,"url":"https:\/\/froewag.de\/wp-content\/uploads\/2021\/03\/1246.jpg","type":"image\/jpeg"}],"twitter_card":"summary_large_image","schema":{"@context":"https:\/\/schema.org","@graph":[{"@type":"WebPage","@id":"https:\/\/froewag.de\/produkt\/schallschutzkabine-zu-marshallverdichter-1-241\/","url":"https:\/\/froewag.de\/produkt\/schallschutzkabine-zu-marshallverdichter-1-241\/","name":"Schallschutzkabine zu Marshallverdichter 1.241 - Fr\u00f6wag GmbH","isPartOf":{"@id":"https:\/\/froewag.de\/#website"},"primaryImageOfPage":{"@id":"https:\/\/froewag.de\/produkt\/schallschutzkabine-zu-marshallverdichter-1-241\/#primaryimage"},"image":{"@id":"https:\/\/froewag.de\/produkt\/schallschutzkabine-zu-marshallverdichter-1-241\/#primaryimage"},"thumbnailUrl":"https:\/\/froewag.de\/wp-content\/uploads\/2021\/03\/1246.jpg","datePublished":"2021-10-06T19:12:11+00:00","dateModified":"2024-01-13T11:58:14+00:00","breadcrumb":{"@id":"https:\/\/froewag.de\/produkt\/schallschutzkabine-zu-marshallverdichter-1-241\/#breadcrumb"},"inLanguage":"en-GB","potentialAction":[{"@type":"ReadAction","target":["https:\/\/froewag.de\/produkt\/schallschutzkabine-zu-marshallverdichter-1-241\/"]}]},{"@type":"ImageObject","inLanguage":"en-GB","@id":"https:\/\/froewag.de\/produkt\/schallschutzkabine-zu-marshallverdichter-1-241\/#primaryimage","url":"https:\/\/froewag.de\/wp-content\/uploads\/2021\/03\/1246.jpg","contentUrl":"https:\/\/froewag.de\/wp-content\/uploads\/2021\/03\/1246.jpg","width":700,"height":800},{"@type":"BreadcrumbList","@id":"https:\/\/froewag.de\/produkt\/schallschutzkabine-zu-marshallverdichter-1-241\/#breadcrumb","itemListElement":[{"@type":"ListItem","position":1,"name":"Home","item":"https:\/\/froewag.de\/"},{"@type":"ListItem","position":2,"name":"Produkte","item":"https:\/\/froewag.de\/produkte\/"},{"@type":"ListItem","position":3,"name":"Asphalt","item":"https:\/\/froewag.de\/produktkategorie\/asphalt\/"},{"@type":"ListItem","position":4,"name":"Schallschutzkabine zu Marshallverdichter 1.241"}]},{"@type":"WebSite","@id":"https:\/\/froewag.de\/#website","url":"https:\/\/froewag.de\/","name":"Fr\u00f6wag GmbH","description":"Pr\u00fcfanlagen f\u00fcr Baustoffe und Umwelt","publisher":{"@id":"https:\/\/froewag.de\/#organization"},"potentialAction":[{"@type":"SearchAction","target":{"@type":"EntryPoint","urlTemplate":"https:\/\/froewag.de\/?s={search_term_string}"},"query-input":{"@type":"PropertyValueSpecification","valueRequired":true,"valueName":"search_term_string"}}],"inLanguage":"en-GB"},{"@type":"Organization","@id":"https:\/\/froewag.de\/#organization","name":"Fr\u00f6Wag GmbH","url":"https:\/\/froewag.de\/","logo":{"@type":"ImageObject","inLanguage":"en-GB","@id":"https:\/\/froewag.de\/#\/schema\/logo\/image\/","url":"","contentUrl":"","caption":"Fr\u00f6Wag GmbH"},"image":{"@id":"https:\/\/froewag.de\/#\/schema\/logo\/image\/"}}]}},"_links":{"self":[{"href":"https:\/\/froewag.de\/en\/wp-json\/wp\/v2\/product\/47046","targetHints":{"allow":["GET"]}}],"collection":[{"href":"https:\/\/froewag.de\/en\/wp-json\/wp\/v2\/product"}],"about":[{"href":"https:\/\/froewag.de\/en\/wp-json\/wp\/v2\/types\/product"}],"version-history":[{"count":3,"href":"https:\/\/froewag.de\/en\/wp-json\/wp\/v2\/product\/47046\/revisions"}],"predecessor-version":[{"id":53770,"href":"https:\/\/froewag.de\/en\/wp-json\/wp\/v2\/product\/47046\/revisions\/53770"}],"wp:featuredmedia":[{"embeddable":true,"href":"https:\/\/froewag.de\/en\/wp-json\/wp\/v2\/media\/21026"}],"wp:attachment":[{"href":"https:\/\/froewag.de\/en\/wp-json\/wp\/v2\/media?parent=47046"}],"wp:term":[{"taxonomy":"product_brand","embeddable":true,"href":"https:\/\/froewag.de\/en\/wp-json\/wp\/v2\/product_brand?post=47046"},{"taxonomy":"product_cat","embeddable":true,"href":"https:\/\/froewag.de\/en\/wp-json\/wp\/v2\/product_cat?post=47046"},{"taxonomy":"product_tag","embeddable":true,"href":"https:\/\/froewag.de\/en\/wp-json\/wp\/v2\/product_tag?post=47046"}],"curies":[{"name":"wp","href":"https:\/\/api.w.org\/{rel}","templated":true}]}}