{"id":47074,"date":"2021-10-06T21:12:19","date_gmt":"2021-10-06T19:12:19","guid":{"rendered":"http:\/\/froewag.de\/wp2\/produkt\/marshall-auspressgeraet-100-150-mm-elektrohydraulisch-tischmodell-fuer-marshallkoerper-en-12697-30\/"},"modified":"2024-01-12T13:57:12","modified_gmt":"2024-01-12T12:57:12","slug":"marshall-auspressgeraet-100-150-mm-elektrohydraulisch-tischmodell-fuer-marshallkoerper-en-12697-30","status":"publish","type":"product","link":"https:\/\/froewag.de\/en\/product\/marshall-auspressgeraet-100-150-mm-elektrohydraulisch-tischmodell-fuer-marshallkoerper-en-12697-30\/","title":{"rendered":"Marshall &#8211; Auspressger\u00e4t 100\/150 mm elektrohydraulisch Tischmodell f\u00fcr Marshallk\u00f6rper EN 12697-30"},"content":{"rendered":"<p>Marshall &#8211; Auspressger\u00e4t 100\/150 mm elektrohydraulisch Tischmodell f\u00fcr Marshallk\u00f6rper nach EN 12697-30<\/p>\n<p>Druckkraft 50 kN, Kolbenhub ca. 150 mm, einfach wirkender Hydraulikzylinder mit Federr\u00fcckzug, Ausdr\u00fcckstempel und Gegenring f\u00fcr Proben \u00f8 101,6 mm und \u00f8 150 mm<\/p>\n<p>Ma\u00dfe Vorrichtung \u00f8 275 x 530 mm<\/p>\n<p>Ma\u00dfe Aggregat LxBxH 350 x 200 x 550 mm<\/p>","protected":false},"excerpt":{"rendered":"<p>zum Auspressen von Marshall-Probek\u00f6rpern<\/p>","protected":false},"featured_media":0,"template":"","meta":{"_acf_changed":false,"site-sidebar-layout":"default","site-content-layout":"plain-container","ast-site-content-layout":"normal-width-container","site-content-style":"unboxed","site-sidebar-style":"unboxed","ast-global-header-display":"","ast-banner-title-visibility":"","ast-main-header-display":"","ast-hfb-above-header-display":"","ast-hfb-below-header-display":"","ast-hfb-mobile-header-display":"","site-post-title":"","ast-breadcrumbs-content":"","ast-featured-img":"","footer-sml-layout":"","theme-transparent-header-meta":"default","adv-header-id-meta":"","stick-header-meta":"","header-above-stick-meta":"","header-main-stick-meta":"","header-below-stick-meta":"","astra-migrate-meta-layouts":"set","ast-page-background-enabled":"default","ast-page-background-meta":{"desktop":{"background-color":"","background-image":"","background-repeat":"repeat","background-position":"center center","background-size":"auto","background-attachment":"scroll","background-type":"","background-media":"","overlay-type":"","overlay-color":"","overlay-opacity":"","overlay-gradient":""},"tablet":{"background-color":"","background-image":"","background-repeat":"repeat","background-position":"center center","background-size":"auto","background-attachment":"scroll","background-type":"","background-media":"","overlay-type":"","overlay-color":"","overlay-opacity":"","overlay-gradient":""},"mobile":{"background-color":"","background-image":"","background-repeat":"repeat","background-position":"center center","background-size":"auto","background-attachment":"scroll","background-type":"","background-media":"","overlay-type":"","overlay-color":"","overlay-opacity":"","overlay-gradient":""}},"ast-content-background-meta":{"desktop":{"background-color":"var(--ast-global-color-5)","background-image":"","background-repeat":"repeat","background-position":"center center","background-size":"auto","background-attachment":"scroll","background-type":"","background-media":"","overlay-type":"","overlay-color":"","overlay-opacity":"","overlay-gradient":""},"tablet":{"background-color":"var(--ast-global-color-5)","background-image":"","background-repeat":"repeat","background-position":"center center","background-size":"auto","background-attachment":"scroll","background-type":"","background-media":"","overlay-type":"","overlay-color":"","overlay-opacity":"","overlay-gradient":""},"mobile":{"background-color":"var(--ast-global-color-5)","background-image":"","background-repeat":"repeat","background-position":"center center","background-size":"auto","background-attachment":"scroll","background-type":"","background-media":"","overlay-type":"","overlay-color":"","overlay-opacity":"","overlay-gradient":""}},"_themeisle_gutenberg_block_has_review":false},"product_brand":[],"product_cat":[13577,14574,13646,14578],"product_tag":[14600,13674],"class_list":{"0":"post-47074","1":"product","2":"type-product","3":"status-publish","5":"product_cat-asphalt","6":"product_cat-auspressgeraete","7":"product_cat-marshall","8":"product_cat-zubehoer-marshall","9":"product_tag-marshallauspressgeraet","10":"product_tag-probenauspressgeraet","11":"pa_elektrische-daten-3-phnpe-50-hz-400-v-18-kw","12":"pa_normen-3-phnpe-50-hz-400-v-18-kw","13":"desktop-align-left","14":"tablet-align-left","15":"mobile-align-left","17":"first","18":"instock","19":"product-type-simple"},"acf":[],"yoast_head":"<!-- This site is optimized with the Yoast SEO plugin v27.0 - https:\/\/yoast.com\/product\/yoast-seo-wordpress\/ -->\n<title>Marshall - Auspressger\u00e4t 100\/150 mm elektrohydraulisch Tischmodell f\u00fcr Marshallk\u00f6rper EN 12697-30 - Fr\u00f6wag GmbH<\/title>\n<meta name=\"robots\" content=\"index, follow, max-snippet:-1, max-image-preview:large, max-video-preview:-1\" \/>\n<link rel=\"canonical\" href=\"https:\/\/froewag.de\/en\/product\/marshall-auspressgeraet-100-150-mm-elektrohydraulisch-tischmodell-fuer-marshallkoerper-en-12697-30\/\" \/>\n<meta property=\"og:locale\" content=\"en_GB\" \/>\n<meta property=\"og:type\" content=\"article\" \/>\n<meta property=\"og:title\" content=\"Marshall - Auspressger\u00e4t 100\/150 mm elektrohydraulisch Tischmodell f\u00fcr Marshallk\u00f6rper EN 12697-30 - Fr\u00f6wag GmbH\" \/>\n<meta property=\"og:description\" content=\"zum Auspressen von Marshall-Probek\u00f6rpern\" \/>\n<meta property=\"og:url\" content=\"https:\/\/froewag.de\/en\/product\/marshall-auspressgeraet-100-150-mm-elektrohydraulisch-tischmodell-fuer-marshallkoerper-en-12697-30\/\" \/>\n<meta property=\"og:site_name\" content=\"Fr\u00f6wag GmbH\" \/>\n<meta property=\"article:modified_time\" content=\"2024-01-12T12:57:12+00:00\" \/>\n<meta name=\"twitter:card\" content=\"summary_large_image\" \/>\n<script type=\"application\/ld+json\" class=\"yoast-schema-graph\">{\"@context\":\"https:\/\/schema.org\",\"@graph\":[{\"@type\":\"WebPage\",\"@id\":\"https:\/\/froewag.de\/produkt\/marshall-auspressgeraet-100-150-mm-elektrohydraulisch-tischmodell-fuer-marshallkoerper-en-12697-30\/\",\"url\":\"https:\/\/froewag.de\/produkt\/marshall-auspressgeraet-100-150-mm-elektrohydraulisch-tischmodell-fuer-marshallkoerper-en-12697-30\/\",\"name\":\"Marshall - Auspressger\u00e4t 100\/150 mm elektrohydraulisch Tischmodell f\u00fcr Marshallk\u00f6rper EN 12697-30 - Fr\u00f6wag GmbH\",\"isPartOf\":{\"@id\":\"https:\/\/froewag.de\/#website\"},\"datePublished\":\"2021-10-06T19:12:19+00:00\",\"dateModified\":\"2024-01-12T12:57:12+00:00\",\"breadcrumb\":{\"@id\":\"https:\/\/froewag.de\/produkt\/marshall-auspressgeraet-100-150-mm-elektrohydraulisch-tischmodell-fuer-marshallkoerper-en-12697-30\/#breadcrumb\"},\"inLanguage\":\"en-GB\",\"potentialAction\":[{\"@type\":\"ReadAction\",\"target\":[\"https:\/\/froewag.de\/produkt\/marshall-auspressgeraet-100-150-mm-elektrohydraulisch-tischmodell-fuer-marshallkoerper-en-12697-30\/\"]}]},{\"@type\":\"BreadcrumbList\",\"@id\":\"https:\/\/froewag.de\/produkt\/marshall-auspressgeraet-100-150-mm-elektrohydraulisch-tischmodell-fuer-marshallkoerper-en-12697-30\/#breadcrumb\",\"itemListElement\":[{\"@type\":\"ListItem\",\"position\":1,\"name\":\"Home\",\"item\":\"https:\/\/froewag.de\/\"},{\"@type\":\"ListItem\",\"position\":2,\"name\":\"Produkte\",\"item\":\"https:\/\/froewag.de\/produkte\/\"},{\"@type\":\"ListItem\",\"position\":3,\"name\":\"Asphalt\",\"item\":\"https:\/\/froewag.de\/produktkategorie\/asphalt\/\"},{\"@type\":\"ListItem\",\"position\":4,\"name\":\"Marshall &#8211; Auspressger\u00e4t 100\/150 mm elektrohydraulisch Tischmodell f\u00fcr Marshallk\u00f6rper EN 12697-30\"}]},{\"@type\":\"WebSite\",\"@id\":\"https:\/\/froewag.de\/#website\",\"url\":\"https:\/\/froewag.de\/\",\"name\":\"Fr\u00f6wag GmbH\",\"description\":\"Pr\u00fcfanlagen f\u00fcr Baustoffe und Umwelt\",\"publisher\":{\"@id\":\"https:\/\/froewag.de\/#organization\"},\"potentialAction\":[{\"@type\":\"SearchAction\",\"target\":{\"@type\":\"EntryPoint\",\"urlTemplate\":\"https:\/\/froewag.de\/?s={search_term_string}\"},\"query-input\":{\"@type\":\"PropertyValueSpecification\",\"valueRequired\":true,\"valueName\":\"search_term_string\"}}],\"inLanguage\":\"en-GB\"},{\"@type\":\"Organization\",\"@id\":\"https:\/\/froewag.de\/#organization\",\"name\":\"Fr\u00f6Wag GmbH\",\"url\":\"https:\/\/froewag.de\/\",\"logo\":{\"@type\":\"ImageObject\",\"inLanguage\":\"en-GB\",\"@id\":\"https:\/\/froewag.de\/#\/schema\/logo\/image\/\",\"url\":\"\",\"contentUrl\":\"\",\"caption\":\"Fr\u00f6Wag GmbH\"},\"image\":{\"@id\":\"https:\/\/froewag.de\/#\/schema\/logo\/image\/\"}}]}<\/script>\n<!-- \/ Yoast SEO plugin. -->","yoast_head_json":{"title":"Marshall - Auspressger\u00e4t 100\/150 mm elektrohydraulisch Tischmodell f\u00fcr Marshallk\u00f6rper EN 12697-30 - Fr\u00f6wag GmbH","robots":{"index":"index","follow":"follow","max-snippet":"max-snippet:-1","max-image-preview":"max-image-preview:large","max-video-preview":"max-video-preview:-1"},"canonical":"https:\/\/froewag.de\/en\/product\/marshall-auspressgeraet-100-150-mm-elektrohydraulisch-tischmodell-fuer-marshallkoerper-en-12697-30\/","og_locale":"en_GB","og_type":"article","og_title":"Marshall - Auspressger\u00e4t 100\/150 mm elektrohydraulisch Tischmodell f\u00fcr Marshallk\u00f6rper EN 12697-30 - Fr\u00f6wag GmbH","og_description":"zum Auspressen von Marshall-Probek\u00f6rpern","og_url":"https:\/\/froewag.de\/en\/product\/marshall-auspressgeraet-100-150-mm-elektrohydraulisch-tischmodell-fuer-marshallkoerper-en-12697-30\/","og_site_name":"Fr\u00f6wag GmbH","article_modified_time":"2024-01-12T12:57:12+00:00","twitter_card":"summary_large_image","schema":{"@context":"https:\/\/schema.org","@graph":[{"@type":"WebPage","@id":"https:\/\/froewag.de\/produkt\/marshall-auspressgeraet-100-150-mm-elektrohydraulisch-tischmodell-fuer-marshallkoerper-en-12697-30\/","url":"https:\/\/froewag.de\/produkt\/marshall-auspressgeraet-100-150-mm-elektrohydraulisch-tischmodell-fuer-marshallkoerper-en-12697-30\/","name":"Marshall - Auspressger\u00e4t 100\/150 mm elektrohydraulisch Tischmodell f\u00fcr Marshallk\u00f6rper EN 12697-30 - Fr\u00f6wag GmbH","isPartOf":{"@id":"https:\/\/froewag.de\/#website"},"datePublished":"2021-10-06T19:12:19+00:00","dateModified":"2024-01-12T12:57:12+00:00","breadcrumb":{"@id":"https:\/\/froewag.de\/produkt\/marshall-auspressgeraet-100-150-mm-elektrohydraulisch-tischmodell-fuer-marshallkoerper-en-12697-30\/#breadcrumb"},"inLanguage":"en-GB","potentialAction":[{"@type":"ReadAction","target":["https:\/\/froewag.de\/produkt\/marshall-auspressgeraet-100-150-mm-elektrohydraulisch-tischmodell-fuer-marshallkoerper-en-12697-30\/"]}]},{"@type":"BreadcrumbList","@id":"https:\/\/froewag.de\/produkt\/marshall-auspressgeraet-100-150-mm-elektrohydraulisch-tischmodell-fuer-marshallkoerper-en-12697-30\/#breadcrumb","itemListElement":[{"@type":"ListItem","position":1,"name":"Home","item":"https:\/\/froewag.de\/"},{"@type":"ListItem","position":2,"name":"Produkte","item":"https:\/\/froewag.de\/produkte\/"},{"@type":"ListItem","position":3,"name":"Asphalt","item":"https:\/\/froewag.de\/produktkategorie\/asphalt\/"},{"@type":"ListItem","position":4,"name":"Marshall &#8211; Auspressger\u00e4t 100\/150 mm elektrohydraulisch Tischmodell f\u00fcr Marshallk\u00f6rper EN 12697-30"}]},{"@type":"WebSite","@id":"https:\/\/froewag.de\/#website","url":"https:\/\/froewag.de\/","name":"Fr\u00f6wag GmbH","description":"Pr\u00fcfanlagen f\u00fcr Baustoffe und Umwelt","publisher":{"@id":"https:\/\/froewag.de\/#organization"},"potentialAction":[{"@type":"SearchAction","target":{"@type":"EntryPoint","urlTemplate":"https:\/\/froewag.de\/?s={search_term_string}"},"query-input":{"@type":"PropertyValueSpecification","valueRequired":true,"valueName":"search_term_string"}}],"inLanguage":"en-GB"},{"@type":"Organization","@id":"https:\/\/froewag.de\/#organization","name":"Fr\u00f6Wag GmbH","url":"https:\/\/froewag.de\/","logo":{"@type":"ImageObject","inLanguage":"en-GB","@id":"https:\/\/froewag.de\/#\/schema\/logo\/image\/","url":"","contentUrl":"","caption":"Fr\u00f6Wag GmbH"},"image":{"@id":"https:\/\/froewag.de\/#\/schema\/logo\/image\/"}}]}},"_links":{"self":[{"href":"https:\/\/froewag.de\/en\/wp-json\/wp\/v2\/product\/47074","targetHints":{"allow":["GET"]}}],"collection":[{"href":"https:\/\/froewag.de\/en\/wp-json\/wp\/v2\/product"}],"about":[{"href":"https:\/\/froewag.de\/en\/wp-json\/wp\/v2\/types\/product"}],"version-history":[{"count":3,"href":"https:\/\/froewag.de\/en\/wp-json\/wp\/v2\/product\/47074\/revisions"}],"predecessor-version":[{"id":53759,"href":"https:\/\/froewag.de\/en\/wp-json\/wp\/v2\/product\/47074\/revisions\/53759"}],"wp:attachment":[{"href":"https:\/\/froewag.de\/en\/wp-json\/wp\/v2\/media?parent=47074"}],"wp:term":[{"taxonomy":"product_brand","embeddable":true,"href":"https:\/\/froewag.de\/en\/wp-json\/wp\/v2\/product_brand?post=47074"},{"taxonomy":"product_cat","embeddable":true,"href":"https:\/\/froewag.de\/en\/wp-json\/wp\/v2\/product_cat?post=47074"},{"taxonomy":"product_tag","embeddable":true,"href":"https:\/\/froewag.de\/en\/wp-json\/wp\/v2\/product_tag?post=47074"}],"curies":[{"name":"wp","href":"https:\/\/api.w.org\/{rel}","templated":true}]}}