{"id":47170,"date":"2021-10-06T21:12:35","date_gmt":"2021-10-06T19:12:35","guid":{"rendered":"http:\/\/froewag.de\/wp2\/produkt\/elektronische-messeinrichtung-mit-usb-anschluss-zum-eindrucktiefenpruefgeraet-fuer-1-messstelle\/"},"modified":"2021-10-06T21:12:40","modified_gmt":"2021-10-06T19:12:40","slug":"elektronische-messeinrichtung-mit-usb-anschluss-zum-eindrucktiefenpruefgeraet-fuer-1-messstelle","status":"publish","type":"product","link":"https:\/\/froewag.de\/en\/product\/elektronische-messeinrichtung-mit-usb-anschluss-zum-eindrucktiefenpruefgeraet-fuer-1-messstelle\/","title":{"rendered":"Elektronische Messeinrichtung mit USB-Anschluss zum Eindrucktiefenpr\u00fcfger\u00e4t  &#8211; f\u00fcr 1 Messstelle"},"content":{"rendered":"<p>EN 12697-20<\/p>\n<p>Elektronische Messeinrichtung mit USB-Anschluss zum Eindrucktiefenpr\u00fcfger\u00e4t  &#8211; f\u00fcr 1 Messstelle<\/p>\n<p>Adapter zum Anschluss von zwei digitalen Wegaufnehmer, digitaler Wegaufnehmer mit Halterung, Messweg 30 mm, Aufl\u00f6sung 0,01 mm<\/p>\n<p>Software f\u00fcr Eindringversuch nach EN 12697-20, f\u00fcr WIN98\/2000\/ME\/XP<\/p>\n<p>Voraussetzung: USB 2.0 &#8211; Anschl\u00fcsse am PC<\/p>","protected":false},"excerpt":{"rendered":"<p>Adapter zum Anschluss von zwei digitalen Wegaufnehmer<\/p>","protected":false},"featured_media":20848,"template":"","meta":{"_acf_changed":false,"site-sidebar-layout":"default","site-content-layout":"plain-container","ast-site-content-layout":"","site-content-style":"default","site-sidebar-style":"default","ast-global-header-display":"","ast-banner-title-visibility":"","ast-main-header-display":"","ast-hfb-above-header-display":"","ast-hfb-below-header-display":"","ast-hfb-mobile-header-display":"","site-post-title":"","ast-breadcrumbs-content":"","ast-featured-img":"","footer-sml-layout":"","theme-transparent-header-meta":"default","adv-header-id-meta":"","stick-header-meta":"","header-above-stick-meta":"","header-main-stick-meta":"","header-below-stick-meta":"","astra-migrate-meta-layouts":"default","ast-page-background-enabled":"default","ast-page-background-meta":{"desktop":{"background-color":"","background-image":"","background-repeat":"repeat","background-position":"center center","background-size":"auto","background-attachment":"scroll","background-type":"","background-media":"","overlay-type":"","overlay-color":"","overlay-opacity":"","overlay-gradient":""},"tablet":{"background-color":"","background-image":"","background-repeat":"repeat","background-position":"center center","background-size":"auto","background-attachment":"scroll","background-type":"","background-media":"","overlay-type":"","overlay-color":"","overlay-opacity":"","overlay-gradient":""},"mobile":{"background-color":"","background-image":"","background-repeat":"repeat","background-position":"center center","background-size":"auto","background-attachment":"scroll","background-type":"","background-media":"","overlay-type":"","overlay-color":"","overlay-opacity":"","overlay-gradient":""}},"ast-content-background-meta":{"desktop":{"background-color":"var(--ast-global-color-5)","background-image":"","background-repeat":"repeat","background-position":"center center","background-size":"auto","background-attachment":"scroll","background-type":"","background-media":"","overlay-type":"","overlay-color":"","overlay-opacity":"","overlay-gradient":""},"tablet":{"background-color":"var(--ast-global-color-5)","background-image":"","background-repeat":"repeat","background-position":"center center","background-size":"auto","background-attachment":"scroll","background-type":"","background-media":"","overlay-type":"","overlay-color":"","overlay-opacity":"","overlay-gradient":""},"mobile":{"background-color":"var(--ast-global-color-5)","background-image":"","background-repeat":"repeat","background-position":"center center","background-size":"auto","background-attachment":"scroll","background-type":"","background-media":"","overlay-type":"","overlay-color":"","overlay-opacity":"","overlay-gradient":""}},"_themeisle_gutenberg_block_has_review":false},"product_brand":[],"product_cat":[13577,13746],"product_tag":[13750],"class_list":{"0":"post-47170","1":"product","2":"type-product","3":"status-publish","4":"has-post-thumbnail","6":"product_cat-asphalt","7":"product_cat-eindringpruefung","8":"product_tag-eindrucktiefenpruefgeraet","9":"pa_einzelnormen-en-12697-20","10":"pa_einzelnormen-en","11":"desktop-align-left","12":"tablet-align-left","13":"mobile-align-left","15":"first","16":"instock","17":"product-type-simple"},"acf":[],"yoast_head":"<!-- This site is optimized with the Yoast SEO plugin v27.0 - https:\/\/yoast.com\/product\/yoast-seo-wordpress\/ -->\n<title>Elektronische Messeinrichtung mit USB-Anschluss zum Eindrucktiefenpr\u00fcfger\u00e4t - f\u00fcr 1 Messstelle - Fr\u00f6wag GmbH<\/title>\n<meta name=\"robots\" content=\"index, follow, max-snippet:-1, max-image-preview:large, max-video-preview:-1\" \/>\n<link rel=\"canonical\" href=\"https:\/\/froewag.de\/en\/product\/elektronische-messeinrichtung-mit-usb-anschluss-zum-eindrucktiefenpruefgeraet-fuer-1-messstelle\/\" \/>\n<meta property=\"og:locale\" content=\"en_GB\" \/>\n<meta property=\"og:type\" content=\"article\" \/>\n<meta property=\"og:title\" content=\"Elektronische Messeinrichtung mit USB-Anschluss zum Eindrucktiefenpr\u00fcfger\u00e4t - f\u00fcr 1 Messstelle - Fr\u00f6wag GmbH\" \/>\n<meta property=\"og:description\" content=\"Adapter zum Anschluss von zwei digitalen Wegaufnehmer\" \/>\n<meta property=\"og:url\" content=\"https:\/\/froewag.de\/en\/product\/elektronische-messeinrichtung-mit-usb-anschluss-zum-eindrucktiefenpruefgeraet-fuer-1-messstelle\/\" \/>\n<meta property=\"og:site_name\" content=\"Fr\u00f6wag GmbH\" \/>\n<meta property=\"article:modified_time\" content=\"2021-10-06T19:12:40+00:00\" \/>\n<meta property=\"og:image\" content=\"https:\/\/froewag.de\/wp-content\/uploads\/2021\/03\/1488-01.jpg\" \/>\n\t<meta property=\"og:image:width\" content=\"700\" \/>\n\t<meta property=\"og:image:height\" content=\"800\" \/>\n\t<meta property=\"og:image:type\" content=\"image\/jpeg\" \/>\n<meta name=\"twitter:card\" content=\"summary_large_image\" \/>\n<script type=\"application\/ld+json\" class=\"yoast-schema-graph\">{\"@context\":\"https:\/\/schema.org\",\"@graph\":[{\"@type\":\"WebPage\",\"@id\":\"https:\/\/froewag.de\/produkt\/elektronische-messeinrichtung-mit-usb-anschluss-zum-eindrucktiefenpruefgeraet-fuer-1-messstelle\/\",\"url\":\"https:\/\/froewag.de\/produkt\/elektronische-messeinrichtung-mit-usb-anschluss-zum-eindrucktiefenpruefgeraet-fuer-1-messstelle\/\",\"name\":\"Elektronische Messeinrichtung mit USB-Anschluss zum Eindrucktiefenpr\u00fcfger\u00e4t - f\u00fcr 1 Messstelle - Fr\u00f6wag GmbH\",\"isPartOf\":{\"@id\":\"https:\/\/froewag.de\/#website\"},\"primaryImageOfPage\":{\"@id\":\"https:\/\/froewag.de\/produkt\/elektronische-messeinrichtung-mit-usb-anschluss-zum-eindrucktiefenpruefgeraet-fuer-1-messstelle\/#primaryimage\"},\"image\":{\"@id\":\"https:\/\/froewag.de\/produkt\/elektronische-messeinrichtung-mit-usb-anschluss-zum-eindrucktiefenpruefgeraet-fuer-1-messstelle\/#primaryimage\"},\"thumbnailUrl\":\"https:\/\/froewag.de\/wp-content\/uploads\/2021\/03\/1488-01.jpg\",\"datePublished\":\"2021-10-06T19:12:35+00:00\",\"dateModified\":\"2021-10-06T19:12:40+00:00\",\"breadcrumb\":{\"@id\":\"https:\/\/froewag.de\/produkt\/elektronische-messeinrichtung-mit-usb-anschluss-zum-eindrucktiefenpruefgeraet-fuer-1-messstelle\/#breadcrumb\"},\"inLanguage\":\"en-GB\",\"potentialAction\":[{\"@type\":\"ReadAction\",\"target\":[\"https:\/\/froewag.de\/produkt\/elektronische-messeinrichtung-mit-usb-anschluss-zum-eindrucktiefenpruefgeraet-fuer-1-messstelle\/\"]}]},{\"@type\":\"ImageObject\",\"inLanguage\":\"en-GB\",\"@id\":\"https:\/\/froewag.de\/produkt\/elektronische-messeinrichtung-mit-usb-anschluss-zum-eindrucktiefenpruefgeraet-fuer-1-messstelle\/#primaryimage\",\"url\":\"https:\/\/froewag.de\/wp-content\/uploads\/2021\/03\/1488-01.jpg\",\"contentUrl\":\"https:\/\/froewag.de\/wp-content\/uploads\/2021\/03\/1488-01.jpg\",\"width\":700,\"height\":800},{\"@type\":\"BreadcrumbList\",\"@id\":\"https:\/\/froewag.de\/produkt\/elektronische-messeinrichtung-mit-usb-anschluss-zum-eindrucktiefenpruefgeraet-fuer-1-messstelle\/#breadcrumb\",\"itemListElement\":[{\"@type\":\"ListItem\",\"position\":1,\"name\":\"Home\",\"item\":\"https:\/\/froewag.de\/\"},{\"@type\":\"ListItem\",\"position\":2,\"name\":\"Produkte\",\"item\":\"https:\/\/froewag.de\/produkte\/\"},{\"@type\":\"ListItem\",\"position\":3,\"name\":\"Asphalt\",\"item\":\"https:\/\/froewag.de\/produktkategorie\/asphalt\/\"},{\"@type\":\"ListItem\",\"position\":4,\"name\":\"Eindringpr\u00fcfung\",\"item\":\"https:\/\/froewag.de\/produktkategorie\/asphalt\/eindringpruefung\/\"},{\"@type\":\"ListItem\",\"position\":5,\"name\":\"Elektronische Messeinrichtung mit USB-Anschluss zum Eindrucktiefenpr\u00fcfger\u00e4t &#8211; f\u00fcr 1 Messstelle\"}]},{\"@type\":\"WebSite\",\"@id\":\"https:\/\/froewag.de\/#website\",\"url\":\"https:\/\/froewag.de\/\",\"name\":\"Fr\u00f6wag GmbH\",\"description\":\"Pr\u00fcfanlagen f\u00fcr Baustoffe und Umwelt\",\"publisher\":{\"@id\":\"https:\/\/froewag.de\/#organization\"},\"potentialAction\":[{\"@type\":\"SearchAction\",\"target\":{\"@type\":\"EntryPoint\",\"urlTemplate\":\"https:\/\/froewag.de\/?s={search_term_string}\"},\"query-input\":{\"@type\":\"PropertyValueSpecification\",\"valueRequired\":true,\"valueName\":\"search_term_string\"}}],\"inLanguage\":\"en-GB\"},{\"@type\":\"Organization\",\"@id\":\"https:\/\/froewag.de\/#organization\",\"name\":\"Fr\u00f6Wag GmbH\",\"url\":\"https:\/\/froewag.de\/\",\"logo\":{\"@type\":\"ImageObject\",\"inLanguage\":\"en-GB\",\"@id\":\"https:\/\/froewag.de\/#\/schema\/logo\/image\/\",\"url\":\"\",\"contentUrl\":\"\",\"caption\":\"Fr\u00f6Wag GmbH\"},\"image\":{\"@id\":\"https:\/\/froewag.de\/#\/schema\/logo\/image\/\"}}]}<\/script>\n<!-- \/ Yoast SEO plugin. -->","yoast_head_json":{"title":"Elektronische Messeinrichtung mit USB-Anschluss zum Eindrucktiefenpr\u00fcfger\u00e4t - f\u00fcr 1 Messstelle - Fr\u00f6wag GmbH","robots":{"index":"index","follow":"follow","max-snippet":"max-snippet:-1","max-image-preview":"max-image-preview:large","max-video-preview":"max-video-preview:-1"},"canonical":"https:\/\/froewag.de\/en\/product\/elektronische-messeinrichtung-mit-usb-anschluss-zum-eindrucktiefenpruefgeraet-fuer-1-messstelle\/","og_locale":"en_GB","og_type":"article","og_title":"Elektronische Messeinrichtung mit USB-Anschluss zum Eindrucktiefenpr\u00fcfger\u00e4t - f\u00fcr 1 Messstelle - Fr\u00f6wag GmbH","og_description":"Adapter zum Anschluss von zwei digitalen Wegaufnehmer","og_url":"https:\/\/froewag.de\/en\/product\/elektronische-messeinrichtung-mit-usb-anschluss-zum-eindrucktiefenpruefgeraet-fuer-1-messstelle\/","og_site_name":"Fr\u00f6wag GmbH","article_modified_time":"2021-10-06T19:12:40+00:00","og_image":[{"width":700,"height":800,"url":"https:\/\/froewag.de\/wp-content\/uploads\/2021\/03\/1488-01.jpg","type":"image\/jpeg"}],"twitter_card":"summary_large_image","schema":{"@context":"https:\/\/schema.org","@graph":[{"@type":"WebPage","@id":"https:\/\/froewag.de\/produkt\/elektronische-messeinrichtung-mit-usb-anschluss-zum-eindrucktiefenpruefgeraet-fuer-1-messstelle\/","url":"https:\/\/froewag.de\/produkt\/elektronische-messeinrichtung-mit-usb-anschluss-zum-eindrucktiefenpruefgeraet-fuer-1-messstelle\/","name":"Elektronische Messeinrichtung mit USB-Anschluss zum Eindrucktiefenpr\u00fcfger\u00e4t - f\u00fcr 1 Messstelle - Fr\u00f6wag GmbH","isPartOf":{"@id":"https:\/\/froewag.de\/#website"},"primaryImageOfPage":{"@id":"https:\/\/froewag.de\/produkt\/elektronische-messeinrichtung-mit-usb-anschluss-zum-eindrucktiefenpruefgeraet-fuer-1-messstelle\/#primaryimage"},"image":{"@id":"https:\/\/froewag.de\/produkt\/elektronische-messeinrichtung-mit-usb-anschluss-zum-eindrucktiefenpruefgeraet-fuer-1-messstelle\/#primaryimage"},"thumbnailUrl":"https:\/\/froewag.de\/wp-content\/uploads\/2021\/03\/1488-01.jpg","datePublished":"2021-10-06T19:12:35+00:00","dateModified":"2021-10-06T19:12:40+00:00","breadcrumb":{"@id":"https:\/\/froewag.de\/produkt\/elektronische-messeinrichtung-mit-usb-anschluss-zum-eindrucktiefenpruefgeraet-fuer-1-messstelle\/#breadcrumb"},"inLanguage":"en-GB","potentialAction":[{"@type":"ReadAction","target":["https:\/\/froewag.de\/produkt\/elektronische-messeinrichtung-mit-usb-anschluss-zum-eindrucktiefenpruefgeraet-fuer-1-messstelle\/"]}]},{"@type":"ImageObject","inLanguage":"en-GB","@id":"https:\/\/froewag.de\/produkt\/elektronische-messeinrichtung-mit-usb-anschluss-zum-eindrucktiefenpruefgeraet-fuer-1-messstelle\/#primaryimage","url":"https:\/\/froewag.de\/wp-content\/uploads\/2021\/03\/1488-01.jpg","contentUrl":"https:\/\/froewag.de\/wp-content\/uploads\/2021\/03\/1488-01.jpg","width":700,"height":800},{"@type":"BreadcrumbList","@id":"https:\/\/froewag.de\/produkt\/elektronische-messeinrichtung-mit-usb-anschluss-zum-eindrucktiefenpruefgeraet-fuer-1-messstelle\/#breadcrumb","itemListElement":[{"@type":"ListItem","position":1,"name":"Home","item":"https:\/\/froewag.de\/"},{"@type":"ListItem","position":2,"name":"Produkte","item":"https:\/\/froewag.de\/produkte\/"},{"@type":"ListItem","position":3,"name":"Asphalt","item":"https:\/\/froewag.de\/produktkategorie\/asphalt\/"},{"@type":"ListItem","position":4,"name":"Eindringpr\u00fcfung","item":"https:\/\/froewag.de\/produktkategorie\/asphalt\/eindringpruefung\/"},{"@type":"ListItem","position":5,"name":"Elektronische Messeinrichtung mit USB-Anschluss zum Eindrucktiefenpr\u00fcfger\u00e4t &#8211; f\u00fcr 1 Messstelle"}]},{"@type":"WebSite","@id":"https:\/\/froewag.de\/#website","url":"https:\/\/froewag.de\/","name":"Fr\u00f6wag GmbH","description":"Pr\u00fcfanlagen f\u00fcr Baustoffe und Umwelt","publisher":{"@id":"https:\/\/froewag.de\/#organization"},"potentialAction":[{"@type":"SearchAction","target":{"@type":"EntryPoint","urlTemplate":"https:\/\/froewag.de\/?s={search_term_string}"},"query-input":{"@type":"PropertyValueSpecification","valueRequired":true,"valueName":"search_term_string"}}],"inLanguage":"en-GB"},{"@type":"Organization","@id":"https:\/\/froewag.de\/#organization","name":"Fr\u00f6Wag GmbH","url":"https:\/\/froewag.de\/","logo":{"@type":"ImageObject","inLanguage":"en-GB","@id":"https:\/\/froewag.de\/#\/schema\/logo\/image\/","url":"","contentUrl":"","caption":"Fr\u00f6Wag GmbH"},"image":{"@id":"https:\/\/froewag.de\/#\/schema\/logo\/image\/"}}]}},"_links":{"self":[{"href":"https:\/\/froewag.de\/en\/wp-json\/wp\/v2\/product\/47170","targetHints":{"allow":["GET"]}}],"collection":[{"href":"https:\/\/froewag.de\/en\/wp-json\/wp\/v2\/product"}],"about":[{"href":"https:\/\/froewag.de\/en\/wp-json\/wp\/v2\/types\/product"}],"version-history":[{"count":1,"href":"https:\/\/froewag.de\/en\/wp-json\/wp\/v2\/product\/47170\/revisions"}],"predecessor-version":[{"id":47171,"href":"https:\/\/froewag.de\/en\/wp-json\/wp\/v2\/product\/47170\/revisions\/47171"}],"wp:featuredmedia":[{"embeddable":true,"href":"https:\/\/froewag.de\/en\/wp-json\/wp\/v2\/media\/20848"}],"wp:attachment":[{"href":"https:\/\/froewag.de\/en\/wp-json\/wp\/v2\/media?parent=47170"}],"wp:term":[{"taxonomy":"product_brand","embeddable":true,"href":"https:\/\/froewag.de\/en\/wp-json\/wp\/v2\/product_brand?post=47170"},{"taxonomy":"product_cat","embeddable":true,"href":"https:\/\/froewag.de\/en\/wp-json\/wp\/v2\/product_cat?post=47170"},{"taxonomy":"product_tag","embeddable":true,"href":"https:\/\/froewag.de\/en\/wp-json\/wp\/v2\/product_tag?post=47170"}],"curies":[{"name":"wp","href":"https:\/\/api.w.org\/{rel}","templated":true}]}}