{"id":47184,"date":"2021-10-06T21:12:43","date_gmt":"2021-10-06T19:12:43","guid":{"rendered":"http:\/\/froewag.de\/wp2\/produkt\/rohdichtebestimmung-mit-wasser-und-zur-bestimmung-der-wasserempfindlichkeit\/"},"modified":"2025-10-15T13:58:14","modified_gmt":"2025-10-15T11:58:14","slug":"rohdichtebestimmung-mit-wasser-und-zur-bestimmung-der-wasserempfindlichkeit","status":"publish","type":"product","link":"https:\/\/froewag.de\/en\/product\/rohdichtebestimmung-mit-wasser-und-zur-bestimmung-der-wasserempfindlichkeit\/","title":{"rendered":"Rohdichtebestimmung mit Wasser und zur Bestimmung der Wasserempfindlichkeit"},"content":{"rendered":"<p>EN 12697-5, EN 12697-12, TP-A StB T.5, TP-A StB T.12<\/p>\n<p>Rohdichtebestimmung mit Wasser und zur Bestimmung der Wasserempfindlichkeit<\/p>\n<p>Vakuumvorrichtung zur Entl\u00fcftung von Pyknometerproben, geeignet f\u00fcr 500, 1000 oder 2000 ml Flaschen oder Marshallk\u00f6rper \u00f8 100 mm.<\/p>\n<p>4 Vakuumzylinder mit Sichtfenster, Vakuummanometer, Anschluss f\u00fcr Vakuumpumpe und Controller, sowie Vakuum- Entl\u00fcftungsanschluss mit Nadelventil<\/p>\n<p>Konzipiert auch f\u00fcr R\u00fctteltische mit einer Grundfl\u00e4che von 406 x 406 mm (7.450)<\/p>","protected":false},"excerpt":{"rendered":"<p>Vakuumvorrichtung zur Entl\u00fcftung von Pyknometerproben, geeignet f\u00fcr 500, 1000 oder 2000 ml Flaschen oder Marshallk\u00f6rper \u00f8 100 mm.<\/p>","protected":false},"featured_media":52773,"template":"","meta":{"_acf_changed":false,"site-sidebar-layout":"default","site-content-layout":"plain-container","ast-site-content-layout":"normal-width-container","site-content-style":"unboxed","site-sidebar-style":"unboxed","ast-global-header-display":"","ast-banner-title-visibility":"","ast-main-header-display":"","ast-hfb-above-header-display":"","ast-hfb-below-header-display":"","ast-hfb-mobile-header-display":"","site-post-title":"","ast-breadcrumbs-content":"","ast-featured-img":"","footer-sml-layout":"","ast-disable-related-posts":"","theme-transparent-header-meta":"default","adv-header-id-meta":"","stick-header-meta":"","header-above-stick-meta":"","header-main-stick-meta":"","header-below-stick-meta":"","astra-migrate-meta-layouts":"set","ast-page-background-enabled":"default","ast-page-background-meta":{"desktop":{"background-color":"","background-image":"","background-repeat":"repeat","background-position":"center center","background-size":"auto","background-attachment":"scroll","background-type":"","background-media":"","overlay-type":"","overlay-color":"","overlay-opacity":"","overlay-gradient":""},"tablet":{"background-color":"","background-image":"","background-repeat":"repeat","background-position":"center center","background-size":"auto","background-attachment":"scroll","background-type":"","background-media":"","overlay-type":"","overlay-color":"","overlay-opacity":"","overlay-gradient":""},"mobile":{"background-color":"","background-image":"","background-repeat":"repeat","background-position":"center center","background-size":"auto","background-attachment":"scroll","background-type":"","background-media":"","overlay-type":"","overlay-color":"","overlay-opacity":"","overlay-gradient":""}},"ast-content-background-meta":{"desktop":{"background-color":"var(--ast-global-color-5)","background-image":"","background-repeat":"repeat","background-position":"center center","background-size":"auto","background-attachment":"scroll","background-type":"","background-media":"","overlay-type":"","overlay-color":"","overlay-opacity":"","overlay-gradient":""},"tablet":{"background-color":"var(--ast-global-color-5)","background-image":"","background-repeat":"repeat","background-position":"center center","background-size":"auto","background-attachment":"scroll","background-type":"","background-media":"","overlay-type":"","overlay-color":"","overlay-opacity":"","overlay-gradient":""},"mobile":{"background-color":"var(--ast-global-color-5)","background-image":"","background-repeat":"repeat","background-position":"center center","background-size":"auto","background-attachment":"scroll","background-type":"","background-media":"","overlay-type":"","overlay-color":"","overlay-opacity":"","overlay-gradient":""}},"_themeisle_gutenberg_block_has_review":false},"product_brand":[],"product_cat":[13577,13751],"product_tag":[13752],"class_list":{"0":"post-47184","1":"product","2":"type-product","3":"status-publish","4":"has-post-thumbnail","6":"product_cat-asphalt","7":"product_cat-rohdichte-asphalt","8":"product_tag-rohdichte","9":"pa_abmessung-ca-400-x-450-x-500-mm","10":"pa_einzelnormen-en","11":"pa_einzelnormen-en-12697-12","12":"pa_einzelnormen-en-12697-5","13":"pa_einzelnormen-tp-a-stb","14":"pa_einzelnormen-tp-a-stb-t-12","15":"pa_einzelnormen-tp-a-stb-t-5","16":"pa_gewicht-ca-25-kg","17":"desktop-align-left","18":"tablet-align-left","19":"mobile-align-left","21":"first","22":"instock","23":"product-type-simple"},"acf":[],"yoast_head":"<!-- This site is optimized with the Yoast SEO plugin v27.4 - https:\/\/yoast.com\/product\/yoast-seo-wordpress\/ -->\n<title>Rohdichtebestimmung mit Wasser und zur Bestimmung der Wasserempfindlichkeit - Fr\u00f6wag GmbH<\/title>\n<meta name=\"robots\" content=\"index, follow, max-snippet:-1, max-image-preview:large, max-video-preview:-1\" \/>\n<link rel=\"canonical\" href=\"https:\/\/froewag.de\/en\/product\/rohdichtebestimmung-mit-wasser-und-zur-bestimmung-der-wasserempfindlichkeit\/\" \/>\n<meta property=\"og:locale\" content=\"en_GB\" \/>\n<meta property=\"og:type\" content=\"article\" \/>\n<meta property=\"og:title\" content=\"Rohdichtebestimmung mit Wasser und zur Bestimmung der Wasserempfindlichkeit - Fr\u00f6wag GmbH\" \/>\n<meta property=\"og:description\" content=\"Vakuumvorrichtung zur Entl\u00fcftung von Pyknometerproben, geeignet f\u00fcr 500, 1000 oder 2000 ml Flaschen oder Marshallk\u00f6rper \u00f8 100 mm.\" \/>\n<meta property=\"og:url\" content=\"https:\/\/froewag.de\/en\/product\/rohdichtebestimmung-mit-wasser-und-zur-bestimmung-der-wasserempfindlichkeit\/\" \/>\n<meta property=\"og:site_name\" content=\"Fr\u00f6wag GmbH\" \/>\n<meta property=\"article:modified_time\" content=\"2025-10-15T11:58:14+00:00\" \/>\n<meta property=\"og:image\" content=\"http:\/\/froewag.de\/wp-content\/uploads\/2023\/07\/1.521-Rohdichte.jpg\" \/>\n\t<meta property=\"og:image:width\" content=\"700\" \/>\n\t<meta property=\"og:image:height\" content=\"800\" \/>\n\t<meta property=\"og:image:type\" content=\"image\/jpeg\" \/>\n<meta name=\"twitter:card\" content=\"summary_large_image\" \/>\n<script type=\"application\/ld+json\" class=\"yoast-schema-graph\">{\"@context\":\"https:\\\/\\\/schema.org\",\"@graph\":[{\"@type\":\"WebPage\",\"@id\":\"https:\\\/\\\/froewag.de\\\/produkt\\\/rohdichtebestimmung-mit-wasser-und-zur-bestimmung-der-wasserempfindlichkeit\\\/\",\"url\":\"https:\\\/\\\/froewag.de\\\/produkt\\\/rohdichtebestimmung-mit-wasser-und-zur-bestimmung-der-wasserempfindlichkeit\\\/\",\"name\":\"Rohdichtebestimmung mit Wasser und zur Bestimmung der Wasserempfindlichkeit - Fr\u00f6wag GmbH\",\"isPartOf\":{\"@id\":\"https:\\\/\\\/froewag.de\\\/#website\"},\"primaryImageOfPage\":{\"@id\":\"https:\\\/\\\/froewag.de\\\/produkt\\\/rohdichtebestimmung-mit-wasser-und-zur-bestimmung-der-wasserempfindlichkeit\\\/#primaryimage\"},\"image\":{\"@id\":\"https:\\\/\\\/froewag.de\\\/produkt\\\/rohdichtebestimmung-mit-wasser-und-zur-bestimmung-der-wasserempfindlichkeit\\\/#primaryimage\"},\"thumbnailUrl\":\"https:\\\/\\\/froewag.de\\\/wp-content\\\/uploads\\\/2023\\\/07\\\/1.521-Rohdichte.jpg\",\"datePublished\":\"2021-10-06T19:12:43+00:00\",\"dateModified\":\"2025-10-15T11:58:14+00:00\",\"breadcrumb\":{\"@id\":\"https:\\\/\\\/froewag.de\\\/produkt\\\/rohdichtebestimmung-mit-wasser-und-zur-bestimmung-der-wasserempfindlichkeit\\\/#breadcrumb\"},\"inLanguage\":\"en-GB\",\"potentialAction\":[{\"@type\":\"ReadAction\",\"target\":[\"https:\\\/\\\/froewag.de\\\/produkt\\\/rohdichtebestimmung-mit-wasser-und-zur-bestimmung-der-wasserempfindlichkeit\\\/\"]}]},{\"@type\":\"ImageObject\",\"inLanguage\":\"en-GB\",\"@id\":\"https:\\\/\\\/froewag.de\\\/produkt\\\/rohdichtebestimmung-mit-wasser-und-zur-bestimmung-der-wasserempfindlichkeit\\\/#primaryimage\",\"url\":\"https:\\\/\\\/froewag.de\\\/wp-content\\\/uploads\\\/2023\\\/07\\\/1.521-Rohdichte.jpg\",\"contentUrl\":\"https:\\\/\\\/froewag.de\\\/wp-content\\\/uploads\\\/2023\\\/07\\\/1.521-Rohdichte.jpg\",\"width\":700,\"height\":800},{\"@type\":\"BreadcrumbList\",\"@id\":\"https:\\\/\\\/froewag.de\\\/produkt\\\/rohdichtebestimmung-mit-wasser-und-zur-bestimmung-der-wasserempfindlichkeit\\\/#breadcrumb\",\"itemListElement\":[{\"@type\":\"ListItem\",\"position\":1,\"name\":\"Home\",\"item\":\"https:\\\/\\\/froewag.de\\\/\"},{\"@type\":\"ListItem\",\"position\":2,\"name\":\"Produkte\",\"item\":\"https:\\\/\\\/froewag.de\\\/produkte\\\/\"},{\"@type\":\"ListItem\",\"position\":3,\"name\":\"Asphalt\",\"item\":\"https:\\\/\\\/froewag.de\\\/produktkategorie\\\/asphalt\\\/\"},{\"@type\":\"ListItem\",\"position\":4,\"name\":\"Rohdichte\",\"item\":\"https:\\\/\\\/froewag.de\\\/produktkategorie\\\/asphalt\\\/rohdichte-asphalt\\\/\"},{\"@type\":\"ListItem\",\"position\":5,\"name\":\"Rohdichtebestimmung mit Wasser und zur Bestimmung der Wasserempfindlichkeit\"}]},{\"@type\":\"WebSite\",\"@id\":\"https:\\\/\\\/froewag.de\\\/#website\",\"url\":\"https:\\\/\\\/froewag.de\\\/\",\"name\":\"Fr\u00f6wag GmbH\",\"description\":\"Pr\u00fcfanlagen f\u00fcr Baustoffe und Umwelt\",\"publisher\":{\"@id\":\"https:\\\/\\\/froewag.de\\\/#organization\"},\"potentialAction\":[{\"@type\":\"SearchAction\",\"target\":{\"@type\":\"EntryPoint\",\"urlTemplate\":\"https:\\\/\\\/froewag.de\\\/?s={search_term_string}\"},\"query-input\":{\"@type\":\"PropertyValueSpecification\",\"valueRequired\":true,\"valueName\":\"search_term_string\"}}],\"inLanguage\":\"en-GB\"},{\"@type\":\"Organization\",\"@id\":\"https:\\\/\\\/froewag.de\\\/#organization\",\"name\":\"Fr\u00f6Wag GmbH\",\"url\":\"https:\\\/\\\/froewag.de\\\/\",\"logo\":{\"@type\":\"ImageObject\",\"inLanguage\":\"en-GB\",\"@id\":\"https:\\\/\\\/froewag.de\\\/#\\\/schema\\\/logo\\\/image\\\/\",\"url\":\"\",\"contentUrl\":\"\",\"caption\":\"Fr\u00f6Wag GmbH\"},\"image\":{\"@id\":\"https:\\\/\\\/froewag.de\\\/#\\\/schema\\\/logo\\\/image\\\/\"}}]}<\/script>\n<!-- \/ Yoast SEO plugin. -->","yoast_head_json":{"title":"Rohdichtebestimmung mit Wasser und zur Bestimmung der Wasserempfindlichkeit - Fr\u00f6wag GmbH","robots":{"index":"index","follow":"follow","max-snippet":"max-snippet:-1","max-image-preview":"max-image-preview:large","max-video-preview":"max-video-preview:-1"},"canonical":"https:\/\/froewag.de\/en\/product\/rohdichtebestimmung-mit-wasser-und-zur-bestimmung-der-wasserempfindlichkeit\/","og_locale":"en_GB","og_type":"article","og_title":"Rohdichtebestimmung mit Wasser und zur Bestimmung der Wasserempfindlichkeit - Fr\u00f6wag GmbH","og_description":"Vakuumvorrichtung zur Entl\u00fcftung von Pyknometerproben, geeignet f\u00fcr 500, 1000 oder 2000 ml Flaschen oder Marshallk\u00f6rper \u00f8 100 mm.","og_url":"https:\/\/froewag.de\/en\/product\/rohdichtebestimmung-mit-wasser-und-zur-bestimmung-der-wasserempfindlichkeit\/","og_site_name":"Fr\u00f6wag GmbH","article_modified_time":"2025-10-15T11:58:14+00:00","og_image":[{"width":700,"height":800,"url":"http:\/\/froewag.de\/wp-content\/uploads\/2023\/07\/1.521-Rohdichte.jpg","type":"image\/jpeg"}],"twitter_card":"summary_large_image","schema":{"@context":"https:\/\/schema.org","@graph":[{"@type":"WebPage","@id":"https:\/\/froewag.de\/produkt\/rohdichtebestimmung-mit-wasser-und-zur-bestimmung-der-wasserempfindlichkeit\/","url":"https:\/\/froewag.de\/produkt\/rohdichtebestimmung-mit-wasser-und-zur-bestimmung-der-wasserempfindlichkeit\/","name":"Rohdichtebestimmung mit Wasser und zur Bestimmung der Wasserempfindlichkeit - Fr\u00f6wag GmbH","isPartOf":{"@id":"https:\/\/froewag.de\/#website"},"primaryImageOfPage":{"@id":"https:\/\/froewag.de\/produkt\/rohdichtebestimmung-mit-wasser-und-zur-bestimmung-der-wasserempfindlichkeit\/#primaryimage"},"image":{"@id":"https:\/\/froewag.de\/produkt\/rohdichtebestimmung-mit-wasser-und-zur-bestimmung-der-wasserempfindlichkeit\/#primaryimage"},"thumbnailUrl":"https:\/\/froewag.de\/wp-content\/uploads\/2023\/07\/1.521-Rohdichte.jpg","datePublished":"2021-10-06T19:12:43+00:00","dateModified":"2025-10-15T11:58:14+00:00","breadcrumb":{"@id":"https:\/\/froewag.de\/produkt\/rohdichtebestimmung-mit-wasser-und-zur-bestimmung-der-wasserempfindlichkeit\/#breadcrumb"},"inLanguage":"en-GB","potentialAction":[{"@type":"ReadAction","target":["https:\/\/froewag.de\/produkt\/rohdichtebestimmung-mit-wasser-und-zur-bestimmung-der-wasserempfindlichkeit\/"]}]},{"@type":"ImageObject","inLanguage":"en-GB","@id":"https:\/\/froewag.de\/produkt\/rohdichtebestimmung-mit-wasser-und-zur-bestimmung-der-wasserempfindlichkeit\/#primaryimage","url":"https:\/\/froewag.de\/wp-content\/uploads\/2023\/07\/1.521-Rohdichte.jpg","contentUrl":"https:\/\/froewag.de\/wp-content\/uploads\/2023\/07\/1.521-Rohdichte.jpg","width":700,"height":800},{"@type":"BreadcrumbList","@id":"https:\/\/froewag.de\/produkt\/rohdichtebestimmung-mit-wasser-und-zur-bestimmung-der-wasserempfindlichkeit\/#breadcrumb","itemListElement":[{"@type":"ListItem","position":1,"name":"Home","item":"https:\/\/froewag.de\/"},{"@type":"ListItem","position":2,"name":"Produkte","item":"https:\/\/froewag.de\/produkte\/"},{"@type":"ListItem","position":3,"name":"Asphalt","item":"https:\/\/froewag.de\/produktkategorie\/asphalt\/"},{"@type":"ListItem","position":4,"name":"Rohdichte","item":"https:\/\/froewag.de\/produktkategorie\/asphalt\/rohdichte-asphalt\/"},{"@type":"ListItem","position":5,"name":"Rohdichtebestimmung mit Wasser und zur Bestimmung der Wasserempfindlichkeit"}]},{"@type":"WebSite","@id":"https:\/\/froewag.de\/#website","url":"https:\/\/froewag.de\/","name":"Fr\u00f6wag GmbH","description":"Pr\u00fcfanlagen f\u00fcr Baustoffe und Umwelt","publisher":{"@id":"https:\/\/froewag.de\/#organization"},"potentialAction":[{"@type":"SearchAction","target":{"@type":"EntryPoint","urlTemplate":"https:\/\/froewag.de\/?s={search_term_string}"},"query-input":{"@type":"PropertyValueSpecification","valueRequired":true,"valueName":"search_term_string"}}],"inLanguage":"en-GB"},{"@type":"Organization","@id":"https:\/\/froewag.de\/#organization","name":"Fr\u00f6Wag GmbH","url":"https:\/\/froewag.de\/","logo":{"@type":"ImageObject","inLanguage":"en-GB","@id":"https:\/\/froewag.de\/#\/schema\/logo\/image\/","url":"","contentUrl":"","caption":"Fr\u00f6Wag GmbH"},"image":{"@id":"https:\/\/froewag.de\/#\/schema\/logo\/image\/"}}]}},"_links":{"self":[{"href":"https:\/\/froewag.de\/en\/wp-json\/wp\/v2\/product\/47184","targetHints":{"allow":["GET"]}}],"collection":[{"href":"https:\/\/froewag.de\/en\/wp-json\/wp\/v2\/product"}],"about":[{"href":"https:\/\/froewag.de\/en\/wp-json\/wp\/v2\/types\/product"}],"version-history":[{"count":2,"href":"https:\/\/froewag.de\/en\/wp-json\/wp\/v2\/product\/47184\/revisions"}],"predecessor-version":[{"id":52940,"href":"https:\/\/froewag.de\/en\/wp-json\/wp\/v2\/product\/47184\/revisions\/52940"}],"wp:featuredmedia":[{"embeddable":true,"href":"https:\/\/froewag.de\/en\/wp-json\/wp\/v2\/media\/52773"}],"wp:attachment":[{"href":"https:\/\/froewag.de\/en\/wp-json\/wp\/v2\/media?parent=47184"}],"wp:term":[{"taxonomy":"product_brand","embeddable":true,"href":"https:\/\/froewag.de\/en\/wp-json\/wp\/v2\/product_brand?post=47184"},{"taxonomy":"product_cat","embeddable":true,"href":"https:\/\/froewag.de\/en\/wp-json\/wp\/v2\/product_cat?post=47184"},{"taxonomy":"product_tag","embeddable":true,"href":"https:\/\/froewag.de\/en\/wp-json\/wp\/v2\/product_tag?post=47184"}],"curies":[{"name":"wp","href":"https:\/\/api.w.org\/{rel}","templated":true}]}}