{"id":47192,"date":"2021-10-06T21:12:43","date_gmt":"2021-10-06T19:12:43","guid":{"rendered":"http:\/\/froewag.de\/wp2\/produkt\/pyknometerrollgeraet-fuer-3-flaschen\/"},"modified":"2021-10-06T21:12:46","modified_gmt":"2021-10-06T19:12:46","slug":"pyknometerrollgeraet-fuer-3-flaschen","status":"publish","type":"product","link":"https:\/\/froewag.de\/en\/product\/pyknometerrollgeraet-fuer-3-flaschen\/","title":{"rendered":"Pyknometerrollger\u00e4t f\u00fcr 3 Flaschen"},"content":{"rendered":"<p>EN 12697-5\/-11 &#8211; DIN 1996 Teil 7- BS 598 &#8211; BS 5284<\/p>\n<p>Pyknometerrollger\u00e4t f\u00fcr 3 Flaschen<\/p>\n<p>zum Austreiben der in den Flaschen eingeschlossenen Luft.<\/p>\n<p>Geeignet f\u00fcr Flaschengr\u00f6\u00dfen 500, 1000 oder 2000 ml.<\/p>\n<p>Stufenlos regelbarer Antrieb. Das Oberteil ist in der Neigung verstellbar.<\/p>","protected":false},"excerpt":{"rendered":"<p>zum Austreiben der in den Flaschen eingeschlossenen Luft.<\/p>","protected":false},"featured_media":20738,"template":"","meta":{"_acf_changed":false,"site-sidebar-layout":"default","site-content-layout":"plain-container","ast-site-content-layout":"","site-content-style":"default","site-sidebar-style":"default","ast-global-header-display":"","ast-banner-title-visibility":"","ast-main-header-display":"","ast-hfb-above-header-display":"","ast-hfb-below-header-display":"","ast-hfb-mobile-header-display":"","site-post-title":"","ast-breadcrumbs-content":"","ast-featured-img":"","footer-sml-layout":"","theme-transparent-header-meta":"default","adv-header-id-meta":"","stick-header-meta":"","header-above-stick-meta":"","header-main-stick-meta":"","header-below-stick-meta":"","astra-migrate-meta-layouts":"default","ast-page-background-enabled":"default","ast-page-background-meta":{"desktop":{"background-color":"","background-image":"","background-repeat":"repeat","background-position":"center center","background-size":"auto","background-attachment":"scroll","background-type":"","background-media":"","overlay-type":"","overlay-color":"","overlay-opacity":"","overlay-gradient":""},"tablet":{"background-color":"","background-image":"","background-repeat":"repeat","background-position":"center center","background-size":"auto","background-attachment":"scroll","background-type":"","background-media":"","overlay-type":"","overlay-color":"","overlay-opacity":"","overlay-gradient":""},"mobile":{"background-color":"","background-image":"","background-repeat":"repeat","background-position":"center center","background-size":"auto","background-attachment":"scroll","background-type":"","background-media":"","overlay-type":"","overlay-color":"","overlay-opacity":"","overlay-gradient":""}},"ast-content-background-meta":{"desktop":{"background-color":"var(--ast-global-color-5)","background-image":"","background-repeat":"repeat","background-position":"center center","background-size":"auto","background-attachment":"scroll","background-type":"","background-media":"","overlay-type":"","overlay-color":"","overlay-opacity":"","overlay-gradient":""},"tablet":{"background-color":"var(--ast-global-color-5)","background-image":"","background-repeat":"repeat","background-position":"center center","background-size":"auto","background-attachment":"scroll","background-type":"","background-media":"","overlay-type":"","overlay-color":"","overlay-opacity":"","overlay-gradient":""},"mobile":{"background-color":"var(--ast-global-color-5)","background-image":"","background-repeat":"repeat","background-position":"center center","background-size":"auto","background-attachment":"scroll","background-type":"","background-media":"","overlay-type":"","overlay-color":"","overlay-opacity":"","overlay-gradient":""}},"_themeisle_gutenberg_block_has_review":false},"product_brand":[],"product_cat":[13577,13751],"product_tag":[13752],"class_list":{"0":"post-47192","1":"product","2":"type-product","3":"status-publish","4":"has-post-thumbnail","6":"product_cat-asphalt","7":"product_cat-rohdichte-asphalt","8":"product_tag-rohdichte","9":"pa_abmessung-ca-580-x-340-x-350-mm","10":"pa_einzelnormen-bs-5284","11":"pa_einzelnormen-din-1996-teil-7","12":"pa_einzelnormen-en-12697-11","13":"pa_einzelnormen-en-12697-5","14":"pa_einzelnormen-bs-598","15":"pa_einzelnormen-din","16":"pa_einzelnormen-en","17":"pa_elektrische-daten-1-ph-n-pe-50hz-230v-130-w","18":"pa_gewicht-ca-42-kg","19":"pa_normen-1-ph-n-pe-50hz-230v-130-w","20":"desktop-align-left","21":"tablet-align-left","22":"mobile-align-left","24":"first","25":"instock","26":"product-type-simple"},"acf":[],"yoast_head":"<!-- This site is optimized with the Yoast SEO plugin v27.0 - https:\/\/yoast.com\/product\/yoast-seo-wordpress\/ -->\n<title>Pyknometerrollger\u00e4t f\u00fcr 3 Flaschen - Fr\u00f6wag GmbH<\/title>\n<meta name=\"robots\" content=\"index, follow, max-snippet:-1, max-image-preview:large, max-video-preview:-1\" \/>\n<link rel=\"canonical\" href=\"https:\/\/froewag.de\/en\/product\/pyknometerrollgeraet-fuer-3-flaschen\/\" \/>\n<meta property=\"og:locale\" content=\"en_GB\" \/>\n<meta property=\"og:type\" content=\"article\" \/>\n<meta property=\"og:title\" content=\"Pyknometerrollger\u00e4t f\u00fcr 3 Flaschen - Fr\u00f6wag GmbH\" \/>\n<meta property=\"og:description\" content=\"zum Austreiben der in den Flaschen eingeschlossenen Luft.\" \/>\n<meta property=\"og:url\" content=\"https:\/\/froewag.de\/en\/product\/pyknometerrollgeraet-fuer-3-flaschen\/\" \/>\n<meta property=\"og:site_name\" content=\"Fr\u00f6wag GmbH\" \/>\n<meta property=\"article:modified_time\" content=\"2021-10-06T19:12:46+00:00\" \/>\n<meta property=\"og:image\" content=\"https:\/\/froewag.de\/wp-content\/uploads\/2021\/03\/1530a.jpg\" \/>\n\t<meta property=\"og:image:width\" content=\"700\" \/>\n\t<meta property=\"og:image:height\" content=\"800\" \/>\n\t<meta property=\"og:image:type\" content=\"image\/jpeg\" \/>\n<meta name=\"twitter:card\" content=\"summary_large_image\" \/>\n<script type=\"application\/ld+json\" class=\"yoast-schema-graph\">{\"@context\":\"https:\/\/schema.org\",\"@graph\":[{\"@type\":\"WebPage\",\"@id\":\"https:\/\/froewag.de\/produkt\/pyknometerrollgeraet-fuer-3-flaschen\/\",\"url\":\"https:\/\/froewag.de\/produkt\/pyknometerrollgeraet-fuer-3-flaschen\/\",\"name\":\"Pyknometerrollger\u00e4t f\u00fcr 3 Flaschen - Fr\u00f6wag GmbH\",\"isPartOf\":{\"@id\":\"https:\/\/froewag.de\/#website\"},\"primaryImageOfPage\":{\"@id\":\"https:\/\/froewag.de\/produkt\/pyknometerrollgeraet-fuer-3-flaschen\/#primaryimage\"},\"image\":{\"@id\":\"https:\/\/froewag.de\/produkt\/pyknometerrollgeraet-fuer-3-flaschen\/#primaryimage\"},\"thumbnailUrl\":\"https:\/\/froewag.de\/wp-content\/uploads\/2021\/03\/1530a.jpg\",\"datePublished\":\"2021-10-06T19:12:43+00:00\",\"dateModified\":\"2021-10-06T19:12:46+00:00\",\"breadcrumb\":{\"@id\":\"https:\/\/froewag.de\/produkt\/pyknometerrollgeraet-fuer-3-flaschen\/#breadcrumb\"},\"inLanguage\":\"en-GB\",\"potentialAction\":[{\"@type\":\"ReadAction\",\"target\":[\"https:\/\/froewag.de\/produkt\/pyknometerrollgeraet-fuer-3-flaschen\/\"]}]},{\"@type\":\"ImageObject\",\"inLanguage\":\"en-GB\",\"@id\":\"https:\/\/froewag.de\/produkt\/pyknometerrollgeraet-fuer-3-flaschen\/#primaryimage\",\"url\":\"https:\/\/froewag.de\/wp-content\/uploads\/2021\/03\/1530a.jpg\",\"contentUrl\":\"https:\/\/froewag.de\/wp-content\/uploads\/2021\/03\/1530a.jpg\",\"width\":700,\"height\":800},{\"@type\":\"BreadcrumbList\",\"@id\":\"https:\/\/froewag.de\/produkt\/pyknometerrollgeraet-fuer-3-flaschen\/#breadcrumb\",\"itemListElement\":[{\"@type\":\"ListItem\",\"position\":1,\"name\":\"Home\",\"item\":\"https:\/\/froewag.de\/\"},{\"@type\":\"ListItem\",\"position\":2,\"name\":\"Produkte\",\"item\":\"https:\/\/froewag.de\/produkte\/\"},{\"@type\":\"ListItem\",\"position\":3,\"name\":\"Asphalt\",\"item\":\"https:\/\/froewag.de\/produktkategorie\/asphalt\/\"},{\"@type\":\"ListItem\",\"position\":4,\"name\":\"Rohdichte\",\"item\":\"https:\/\/froewag.de\/produktkategorie\/asphalt\/rohdichte-asphalt\/\"},{\"@type\":\"ListItem\",\"position\":5,\"name\":\"Pyknometerrollger\u00e4t f\u00fcr 3 Flaschen\"}]},{\"@type\":\"WebSite\",\"@id\":\"https:\/\/froewag.de\/#website\",\"url\":\"https:\/\/froewag.de\/\",\"name\":\"Fr\u00f6wag GmbH\",\"description\":\"Pr\u00fcfanlagen f\u00fcr Baustoffe und Umwelt\",\"publisher\":{\"@id\":\"https:\/\/froewag.de\/#organization\"},\"potentialAction\":[{\"@type\":\"SearchAction\",\"target\":{\"@type\":\"EntryPoint\",\"urlTemplate\":\"https:\/\/froewag.de\/?s={search_term_string}\"},\"query-input\":{\"@type\":\"PropertyValueSpecification\",\"valueRequired\":true,\"valueName\":\"search_term_string\"}}],\"inLanguage\":\"en-GB\"},{\"@type\":\"Organization\",\"@id\":\"https:\/\/froewag.de\/#organization\",\"name\":\"Fr\u00f6Wag GmbH\",\"url\":\"https:\/\/froewag.de\/\",\"logo\":{\"@type\":\"ImageObject\",\"inLanguage\":\"en-GB\",\"@id\":\"https:\/\/froewag.de\/#\/schema\/logo\/image\/\",\"url\":\"\",\"contentUrl\":\"\",\"caption\":\"Fr\u00f6Wag GmbH\"},\"image\":{\"@id\":\"https:\/\/froewag.de\/#\/schema\/logo\/image\/\"}}]}<\/script>\n<!-- \/ Yoast SEO plugin. -->","yoast_head_json":{"title":"Pyknometerrollger\u00e4t f\u00fcr 3 Flaschen - Fr\u00f6wag GmbH","robots":{"index":"index","follow":"follow","max-snippet":"max-snippet:-1","max-image-preview":"max-image-preview:large","max-video-preview":"max-video-preview:-1"},"canonical":"https:\/\/froewag.de\/en\/product\/pyknometerrollgeraet-fuer-3-flaschen\/","og_locale":"en_GB","og_type":"article","og_title":"Pyknometerrollger\u00e4t f\u00fcr 3 Flaschen - Fr\u00f6wag GmbH","og_description":"zum Austreiben der in den Flaschen eingeschlossenen Luft.","og_url":"https:\/\/froewag.de\/en\/product\/pyknometerrollgeraet-fuer-3-flaschen\/","og_site_name":"Fr\u00f6wag GmbH","article_modified_time":"2021-10-06T19:12:46+00:00","og_image":[{"width":700,"height":800,"url":"https:\/\/froewag.de\/wp-content\/uploads\/2021\/03\/1530a.jpg","type":"image\/jpeg"}],"twitter_card":"summary_large_image","schema":{"@context":"https:\/\/schema.org","@graph":[{"@type":"WebPage","@id":"https:\/\/froewag.de\/produkt\/pyknometerrollgeraet-fuer-3-flaschen\/","url":"https:\/\/froewag.de\/produkt\/pyknometerrollgeraet-fuer-3-flaschen\/","name":"Pyknometerrollger\u00e4t f\u00fcr 3 Flaschen - Fr\u00f6wag GmbH","isPartOf":{"@id":"https:\/\/froewag.de\/#website"},"primaryImageOfPage":{"@id":"https:\/\/froewag.de\/produkt\/pyknometerrollgeraet-fuer-3-flaschen\/#primaryimage"},"image":{"@id":"https:\/\/froewag.de\/produkt\/pyknometerrollgeraet-fuer-3-flaschen\/#primaryimage"},"thumbnailUrl":"https:\/\/froewag.de\/wp-content\/uploads\/2021\/03\/1530a.jpg","datePublished":"2021-10-06T19:12:43+00:00","dateModified":"2021-10-06T19:12:46+00:00","breadcrumb":{"@id":"https:\/\/froewag.de\/produkt\/pyknometerrollgeraet-fuer-3-flaschen\/#breadcrumb"},"inLanguage":"en-GB","potentialAction":[{"@type":"ReadAction","target":["https:\/\/froewag.de\/produkt\/pyknometerrollgeraet-fuer-3-flaschen\/"]}]},{"@type":"ImageObject","inLanguage":"en-GB","@id":"https:\/\/froewag.de\/produkt\/pyknometerrollgeraet-fuer-3-flaschen\/#primaryimage","url":"https:\/\/froewag.de\/wp-content\/uploads\/2021\/03\/1530a.jpg","contentUrl":"https:\/\/froewag.de\/wp-content\/uploads\/2021\/03\/1530a.jpg","width":700,"height":800},{"@type":"BreadcrumbList","@id":"https:\/\/froewag.de\/produkt\/pyknometerrollgeraet-fuer-3-flaschen\/#breadcrumb","itemListElement":[{"@type":"ListItem","position":1,"name":"Home","item":"https:\/\/froewag.de\/"},{"@type":"ListItem","position":2,"name":"Produkte","item":"https:\/\/froewag.de\/produkte\/"},{"@type":"ListItem","position":3,"name":"Asphalt","item":"https:\/\/froewag.de\/produktkategorie\/asphalt\/"},{"@type":"ListItem","position":4,"name":"Rohdichte","item":"https:\/\/froewag.de\/produktkategorie\/asphalt\/rohdichte-asphalt\/"},{"@type":"ListItem","position":5,"name":"Pyknometerrollger\u00e4t f\u00fcr 3 Flaschen"}]},{"@type":"WebSite","@id":"https:\/\/froewag.de\/#website","url":"https:\/\/froewag.de\/","name":"Fr\u00f6wag GmbH","description":"Pr\u00fcfanlagen f\u00fcr Baustoffe und Umwelt","publisher":{"@id":"https:\/\/froewag.de\/#organization"},"potentialAction":[{"@type":"SearchAction","target":{"@type":"EntryPoint","urlTemplate":"https:\/\/froewag.de\/?s={search_term_string}"},"query-input":{"@type":"PropertyValueSpecification","valueRequired":true,"valueName":"search_term_string"}}],"inLanguage":"en-GB"},{"@type":"Organization","@id":"https:\/\/froewag.de\/#organization","name":"Fr\u00f6Wag GmbH","url":"https:\/\/froewag.de\/","logo":{"@type":"ImageObject","inLanguage":"en-GB","@id":"https:\/\/froewag.de\/#\/schema\/logo\/image\/","url":"","contentUrl":"","caption":"Fr\u00f6Wag GmbH"},"image":{"@id":"https:\/\/froewag.de\/#\/schema\/logo\/image\/"}}]}},"_links":{"self":[{"href":"https:\/\/froewag.de\/en\/wp-json\/wp\/v2\/product\/47192","targetHints":{"allow":["GET"]}}],"collection":[{"href":"https:\/\/froewag.de\/en\/wp-json\/wp\/v2\/product"}],"about":[{"href":"https:\/\/froewag.de\/en\/wp-json\/wp\/v2\/types\/product"}],"version-history":[{"count":1,"href":"https:\/\/froewag.de\/en\/wp-json\/wp\/v2\/product\/47192\/revisions"}],"predecessor-version":[{"id":47193,"href":"https:\/\/froewag.de\/en\/wp-json\/wp\/v2\/product\/47192\/revisions\/47193"}],"wp:featuredmedia":[{"embeddable":true,"href":"https:\/\/froewag.de\/en\/wp-json\/wp\/v2\/media\/20738"}],"wp:attachment":[{"href":"https:\/\/froewag.de\/en\/wp-json\/wp\/v2\/media?parent=47192"}],"wp:term":[{"taxonomy":"product_brand","embeddable":true,"href":"https:\/\/froewag.de\/en\/wp-json\/wp\/v2\/product_brand?post=47192"},{"taxonomy":"product_cat","embeddable":true,"href":"https:\/\/froewag.de\/en\/wp-json\/wp\/v2\/product_cat?post=47192"},{"taxonomy":"product_tag","embeddable":true,"href":"https:\/\/froewag.de\/en\/wp-json\/wp\/v2\/product_tag?post=47192"}],"curies":[{"name":"wp","href":"https:\/\/api.w.org\/{rel}","templated":true}]}}