{"id":47286,"date":"2021-10-06T21:13:02","date_gmt":"2021-10-06T19:13:02","guid":{"rendered":"http:\/\/froewag.de\/wp2\/produkt\/proben-auflegeplatte-75x50-mm-edelstahl\/"},"modified":"2021-10-06T21:13:07","modified_gmt":"2021-10-06T19:13:07","slug":"proben-auflegeplatte-75x50-mm-edelstahl","status":"publish","type":"product","link":"https:\/\/froewag.de\/en\/product\/proben-auflegeplatte-75x50-mm-edelstahl\/","title":{"rendered":"Proben-Auflegeplatte, 75&#215;50 mm, Edelstahl"},"content":{"rendered":"<p>Proben-Auflegeplatte, Edelstahl<\/p><\/p>","protected":false},"excerpt":{"rendered":"<p>Proben-Auflegeplatte, Edelstahl<\/p>","protected":false},"featured_media":21078,"template":"","meta":{"_acf_changed":false,"site-sidebar-layout":"default","site-content-layout":"plain-container","ast-site-content-layout":"","site-content-style":"default","site-sidebar-style":"default","ast-global-header-display":"","ast-banner-title-visibility":"","ast-main-header-display":"","ast-hfb-above-header-display":"","ast-hfb-below-header-display":"","ast-hfb-mobile-header-display":"","site-post-title":"","ast-breadcrumbs-content":"","ast-featured-img":"","footer-sml-layout":"","theme-transparent-header-meta":"default","adv-header-id-meta":"","stick-header-meta":"","header-above-stick-meta":"","header-main-stick-meta":"","header-below-stick-meta":"","astra-migrate-meta-layouts":"default","ast-page-background-enabled":"default","ast-page-background-meta":{"desktop":{"background-color":"","background-image":"","background-repeat":"repeat","background-position":"center center","background-size":"auto","background-attachment":"scroll","background-type":"","background-media":"","overlay-type":"","overlay-color":"","overlay-opacity":"","overlay-gradient":""},"tablet":{"background-color":"","background-image":"","background-repeat":"repeat","background-position":"center center","background-size":"auto","background-attachment":"scroll","background-type":"","background-media":"","overlay-type":"","overlay-color":"","overlay-opacity":"","overlay-gradient":""},"mobile":{"background-color":"","background-image":"","background-repeat":"repeat","background-position":"center center","background-size":"auto","background-attachment":"scroll","background-type":"","background-media":"","overlay-type":"","overlay-color":"","overlay-opacity":"","overlay-gradient":""}},"ast-content-background-meta":{"desktop":{"background-color":"var(--ast-global-color-5)","background-image":"","background-repeat":"repeat","background-position":"center center","background-size":"auto","background-attachment":"scroll","background-type":"","background-media":"","overlay-type":"","overlay-color":"","overlay-opacity":"","overlay-gradient":""},"tablet":{"background-color":"var(--ast-global-color-5)","background-image":"","background-repeat":"repeat","background-position":"center center","background-size":"auto","background-attachment":"scroll","background-type":"","background-media":"","overlay-type":"","overlay-color":"","overlay-opacity":"","overlay-gradient":""},"mobile":{"background-color":"var(--ast-global-color-5)","background-image":"","background-repeat":"repeat","background-position":"center center","background-size":"auto","background-attachment":"scroll","background-type":"","background-media":"","overlay-type":"","overlay-color":"","overlay-opacity":"","overlay-gradient":""}},"_themeisle_gutenberg_block_has_review":false},"product_brand":[],"product_cat":[13789,13827],"product_tag":[13828],"class_list":{"0":"post-47286","1":"product","2":"type-product","3":"status-publish","4":"has-post-thumbnail","6":"product_cat-bitumen-2","7":"product_cat-erweichungspunkt","8":"product_tag-erweichungspunkt","9":"pa_abmessung-ca-75x50-mm","10":"desktop-align-left","11":"tablet-align-left","12":"mobile-align-left","14":"first","15":"instock","16":"product-type-simple"},"acf":[],"yoast_head":"<!-- This site is optimized with the Yoast SEO plugin v27.0 - https:\/\/yoast.com\/product\/yoast-seo-wordpress\/ -->\n<title>Proben-Auflegeplatte, 75x50 mm, Edelstahl - Fr\u00f6wag GmbH<\/title>\n<meta name=\"robots\" content=\"index, follow, max-snippet:-1, max-image-preview:large, max-video-preview:-1\" \/>\n<link rel=\"canonical\" href=\"https:\/\/froewag.de\/en\/product\/proben-auflegeplatte-75x50-mm-edelstahl\/\" \/>\n<meta property=\"og:locale\" content=\"en_GB\" \/>\n<meta property=\"og:type\" content=\"article\" \/>\n<meta property=\"og:title\" content=\"Proben-Auflegeplatte, 75x50 mm, Edelstahl - Fr\u00f6wag GmbH\" \/>\n<meta property=\"og:description\" content=\"Proben-Auflegeplatte, Edelstahl\" \/>\n<meta property=\"og:url\" content=\"https:\/\/froewag.de\/en\/product\/proben-auflegeplatte-75x50-mm-edelstahl\/\" \/>\n<meta property=\"og:site_name\" content=\"Fr\u00f6wag GmbH\" \/>\n<meta property=\"article:modified_time\" content=\"2021-10-06T19:13:07+00:00\" \/>\n<meta property=\"og:image\" content=\"https:\/\/froewag.de\/wp-content\/uploads\/2021\/03\/1630.jpg\" \/>\n\t<meta property=\"og:image:width\" content=\"700\" \/>\n\t<meta property=\"og:image:height\" content=\"800\" \/>\n\t<meta property=\"og:image:type\" content=\"image\/jpeg\" \/>\n<meta name=\"twitter:card\" content=\"summary_large_image\" \/>\n<script type=\"application\/ld+json\" class=\"yoast-schema-graph\">{\"@context\":\"https:\/\/schema.org\",\"@graph\":[{\"@type\":\"WebPage\",\"@id\":\"https:\/\/froewag.de\/produkt\/proben-auflegeplatte-75x50-mm-edelstahl\/\",\"url\":\"https:\/\/froewag.de\/produkt\/proben-auflegeplatte-75x50-mm-edelstahl\/\",\"name\":\"Proben-Auflegeplatte, 75x50 mm, Edelstahl - Fr\u00f6wag GmbH\",\"isPartOf\":{\"@id\":\"https:\/\/froewag.de\/#website\"},\"primaryImageOfPage\":{\"@id\":\"https:\/\/froewag.de\/produkt\/proben-auflegeplatte-75x50-mm-edelstahl\/#primaryimage\"},\"image\":{\"@id\":\"https:\/\/froewag.de\/produkt\/proben-auflegeplatte-75x50-mm-edelstahl\/#primaryimage\"},\"thumbnailUrl\":\"https:\/\/froewag.de\/wp-content\/uploads\/2021\/03\/1630.jpg\",\"datePublished\":\"2021-10-06T19:13:02+00:00\",\"dateModified\":\"2021-10-06T19:13:07+00:00\",\"breadcrumb\":{\"@id\":\"https:\/\/froewag.de\/produkt\/proben-auflegeplatte-75x50-mm-edelstahl\/#breadcrumb\"},\"inLanguage\":\"en-GB\",\"potentialAction\":[{\"@type\":\"ReadAction\",\"target\":[\"https:\/\/froewag.de\/produkt\/proben-auflegeplatte-75x50-mm-edelstahl\/\"]}]},{\"@type\":\"ImageObject\",\"inLanguage\":\"en-GB\",\"@id\":\"https:\/\/froewag.de\/produkt\/proben-auflegeplatte-75x50-mm-edelstahl\/#primaryimage\",\"url\":\"https:\/\/froewag.de\/wp-content\/uploads\/2021\/03\/1630.jpg\",\"contentUrl\":\"https:\/\/froewag.de\/wp-content\/uploads\/2021\/03\/1630.jpg\",\"width\":700,\"height\":800},{\"@type\":\"BreadcrumbList\",\"@id\":\"https:\/\/froewag.de\/produkt\/proben-auflegeplatte-75x50-mm-edelstahl\/#breadcrumb\",\"itemListElement\":[{\"@type\":\"ListItem\",\"position\":1,\"name\":\"Home\",\"item\":\"https:\/\/froewag.de\/\"},{\"@type\":\"ListItem\",\"position\":2,\"name\":\"Produkte\",\"item\":\"https:\/\/froewag.de\/produkte\/\"},{\"@type\":\"ListItem\",\"position\":3,\"name\":\"Bitumen\",\"item\":\"https:\/\/froewag.de\/produktkategorie\/bitumen-2\/\"},{\"@type\":\"ListItem\",\"position\":4,\"name\":\"Erweichungspunkt\",\"item\":\"https:\/\/froewag.de\/produktkategorie\/bitumen-2\/erweichungspunkt\/\"},{\"@type\":\"ListItem\",\"position\":5,\"name\":\"Proben-Auflegeplatte, 75&#215;50 mm, Edelstahl\"}]},{\"@type\":\"WebSite\",\"@id\":\"https:\/\/froewag.de\/#website\",\"url\":\"https:\/\/froewag.de\/\",\"name\":\"Fr\u00f6wag GmbH\",\"description\":\"Pr\u00fcfanlagen f\u00fcr Baustoffe und Umwelt\",\"publisher\":{\"@id\":\"https:\/\/froewag.de\/#organization\"},\"potentialAction\":[{\"@type\":\"SearchAction\",\"target\":{\"@type\":\"EntryPoint\",\"urlTemplate\":\"https:\/\/froewag.de\/?s={search_term_string}\"},\"query-input\":{\"@type\":\"PropertyValueSpecification\",\"valueRequired\":true,\"valueName\":\"search_term_string\"}}],\"inLanguage\":\"en-GB\"},{\"@type\":\"Organization\",\"@id\":\"https:\/\/froewag.de\/#organization\",\"name\":\"Fr\u00f6Wag GmbH\",\"url\":\"https:\/\/froewag.de\/\",\"logo\":{\"@type\":\"ImageObject\",\"inLanguage\":\"en-GB\",\"@id\":\"https:\/\/froewag.de\/#\/schema\/logo\/image\/\",\"url\":\"\",\"contentUrl\":\"\",\"caption\":\"Fr\u00f6Wag GmbH\"},\"image\":{\"@id\":\"https:\/\/froewag.de\/#\/schema\/logo\/image\/\"}}]}<\/script>\n<!-- \/ Yoast SEO plugin. -->","yoast_head_json":{"title":"Proben-Auflegeplatte, 75x50 mm, Edelstahl - Fr\u00f6wag GmbH","robots":{"index":"index","follow":"follow","max-snippet":"max-snippet:-1","max-image-preview":"max-image-preview:large","max-video-preview":"max-video-preview:-1"},"canonical":"https:\/\/froewag.de\/en\/product\/proben-auflegeplatte-75x50-mm-edelstahl\/","og_locale":"en_GB","og_type":"article","og_title":"Proben-Auflegeplatte, 75x50 mm, Edelstahl - Fr\u00f6wag GmbH","og_description":"Proben-Auflegeplatte, Edelstahl","og_url":"https:\/\/froewag.de\/en\/product\/proben-auflegeplatte-75x50-mm-edelstahl\/","og_site_name":"Fr\u00f6wag GmbH","article_modified_time":"2021-10-06T19:13:07+00:00","og_image":[{"width":700,"height":800,"url":"https:\/\/froewag.de\/wp-content\/uploads\/2021\/03\/1630.jpg","type":"image\/jpeg"}],"twitter_card":"summary_large_image","schema":{"@context":"https:\/\/schema.org","@graph":[{"@type":"WebPage","@id":"https:\/\/froewag.de\/produkt\/proben-auflegeplatte-75x50-mm-edelstahl\/","url":"https:\/\/froewag.de\/produkt\/proben-auflegeplatte-75x50-mm-edelstahl\/","name":"Proben-Auflegeplatte, 75x50 mm, Edelstahl - Fr\u00f6wag GmbH","isPartOf":{"@id":"https:\/\/froewag.de\/#website"},"primaryImageOfPage":{"@id":"https:\/\/froewag.de\/produkt\/proben-auflegeplatte-75x50-mm-edelstahl\/#primaryimage"},"image":{"@id":"https:\/\/froewag.de\/produkt\/proben-auflegeplatte-75x50-mm-edelstahl\/#primaryimage"},"thumbnailUrl":"https:\/\/froewag.de\/wp-content\/uploads\/2021\/03\/1630.jpg","datePublished":"2021-10-06T19:13:02+00:00","dateModified":"2021-10-06T19:13:07+00:00","breadcrumb":{"@id":"https:\/\/froewag.de\/produkt\/proben-auflegeplatte-75x50-mm-edelstahl\/#breadcrumb"},"inLanguage":"en-GB","potentialAction":[{"@type":"ReadAction","target":["https:\/\/froewag.de\/produkt\/proben-auflegeplatte-75x50-mm-edelstahl\/"]}]},{"@type":"ImageObject","inLanguage":"en-GB","@id":"https:\/\/froewag.de\/produkt\/proben-auflegeplatte-75x50-mm-edelstahl\/#primaryimage","url":"https:\/\/froewag.de\/wp-content\/uploads\/2021\/03\/1630.jpg","contentUrl":"https:\/\/froewag.de\/wp-content\/uploads\/2021\/03\/1630.jpg","width":700,"height":800},{"@type":"BreadcrumbList","@id":"https:\/\/froewag.de\/produkt\/proben-auflegeplatte-75x50-mm-edelstahl\/#breadcrumb","itemListElement":[{"@type":"ListItem","position":1,"name":"Home","item":"https:\/\/froewag.de\/"},{"@type":"ListItem","position":2,"name":"Produkte","item":"https:\/\/froewag.de\/produkte\/"},{"@type":"ListItem","position":3,"name":"Bitumen","item":"https:\/\/froewag.de\/produktkategorie\/bitumen-2\/"},{"@type":"ListItem","position":4,"name":"Erweichungspunkt","item":"https:\/\/froewag.de\/produktkategorie\/bitumen-2\/erweichungspunkt\/"},{"@type":"ListItem","position":5,"name":"Proben-Auflegeplatte, 75&#215;50 mm, Edelstahl"}]},{"@type":"WebSite","@id":"https:\/\/froewag.de\/#website","url":"https:\/\/froewag.de\/","name":"Fr\u00f6wag GmbH","description":"Pr\u00fcfanlagen f\u00fcr Baustoffe und Umwelt","publisher":{"@id":"https:\/\/froewag.de\/#organization"},"potentialAction":[{"@type":"SearchAction","target":{"@type":"EntryPoint","urlTemplate":"https:\/\/froewag.de\/?s={search_term_string}"},"query-input":{"@type":"PropertyValueSpecification","valueRequired":true,"valueName":"search_term_string"}}],"inLanguage":"en-GB"},{"@type":"Organization","@id":"https:\/\/froewag.de\/#organization","name":"Fr\u00f6Wag GmbH","url":"https:\/\/froewag.de\/","logo":{"@type":"ImageObject","inLanguage":"en-GB","@id":"https:\/\/froewag.de\/#\/schema\/logo\/image\/","url":"","contentUrl":"","caption":"Fr\u00f6Wag GmbH"},"image":{"@id":"https:\/\/froewag.de\/#\/schema\/logo\/image\/"}}]}},"_links":{"self":[{"href":"https:\/\/froewag.de\/en\/wp-json\/wp\/v2\/product\/47286","targetHints":{"allow":["GET"]}}],"collection":[{"href":"https:\/\/froewag.de\/en\/wp-json\/wp\/v2\/product"}],"about":[{"href":"https:\/\/froewag.de\/en\/wp-json\/wp\/v2\/types\/product"}],"version-history":[{"count":1,"href":"https:\/\/froewag.de\/en\/wp-json\/wp\/v2\/product\/47286\/revisions"}],"predecessor-version":[{"id":47287,"href":"https:\/\/froewag.de\/en\/wp-json\/wp\/v2\/product\/47286\/revisions\/47287"}],"wp:featuredmedia":[{"embeddable":true,"href":"https:\/\/froewag.de\/en\/wp-json\/wp\/v2\/media\/21078"}],"wp:attachment":[{"href":"https:\/\/froewag.de\/en\/wp-json\/wp\/v2\/media?parent=47286"}],"wp:term":[{"taxonomy":"product_brand","embeddable":true,"href":"https:\/\/froewag.de\/en\/wp-json\/wp\/v2\/product_brand?post=47286"},{"taxonomy":"product_cat","embeddable":true,"href":"https:\/\/froewag.de\/en\/wp-json\/wp\/v2\/product_cat?post=47286"},{"taxonomy":"product_tag","embeddable":true,"href":"https:\/\/froewag.de\/en\/wp-json\/wp\/v2\/product_tag?post=47286"}],"curies":[{"name":"wp","href":"https:\/\/api.w.org\/{rel}","templated":true}]}}