{"id":47290,"date":"2021-10-20T12:09:21","date_gmt":"2021-10-20T10:09:21","guid":{"rendered":"http:\/\/froewag.de\/wp2\/produkt\/thermometer-2-bis-80-c\/"},"modified":"2024-01-05T13:18:35","modified_gmt":"2024-01-05T12:18:35","slug":"ring-kugel-thermometer-2-80-c-nr-15-c","status":"publish","type":"product","link":"https:\/\/froewag.de\/en\/product\/ring-kugel-thermometer-2-80-c-nr-15-c\/","title":{"rendered":"Ring + Kugel Thermometer -2 +80 \u00b0C, Nr. 15 c"},"content":{"rendered":"<p>Ring + Kugel Thermometer -2 +80 \u00b0C, Nr. 15 c<\/p>","protected":false},"excerpt":{"rendered":"<p>Ring + Kugel Thermometer -2 +80 \u00b0C, Nr. 15 c<\/p>","protected":false},"featured_media":0,"template":"","meta":{"_acf_changed":false,"site-sidebar-layout":"default","site-content-layout":"","ast-site-content-layout":"default","site-content-style":"default","site-sidebar-style":"default","ast-global-header-display":"","ast-banner-title-visibility":"","ast-main-header-display":"","ast-hfb-above-header-display":"","ast-hfb-below-header-display":"","ast-hfb-mobile-header-display":"","site-post-title":"","ast-breadcrumbs-content":"","ast-featured-img":"","footer-sml-layout":"","theme-transparent-header-meta":"default","adv-header-id-meta":"","stick-header-meta":"","header-above-stick-meta":"","header-main-stick-meta":"","header-below-stick-meta":"","astra-migrate-meta-layouts":"set","ast-page-background-enabled":"default","ast-page-background-meta":{"desktop":{"background-color":"","background-image":"","background-repeat":"repeat","background-position":"center center","background-size":"auto","background-attachment":"scroll","background-type":"","background-media":"","overlay-type":"","overlay-color":"","overlay-opacity":"","overlay-gradient":""},"tablet":{"background-color":"","background-image":"","background-repeat":"repeat","background-position":"center center","background-size":"auto","background-attachment":"scroll","background-type":"","background-media":"","overlay-type":"","overlay-color":"","overlay-opacity":"","overlay-gradient":""},"mobile":{"background-color":"","background-image":"","background-repeat":"repeat","background-position":"center center","background-size":"auto","background-attachment":"scroll","background-type":"","background-media":"","overlay-type":"","overlay-color":"","overlay-opacity":"","overlay-gradient":""}},"ast-content-background-meta":{"desktop":{"background-color":"var(--ast-global-color-5)","background-image":"","background-repeat":"repeat","background-position":"center center","background-size":"auto","background-attachment":"scroll","background-type":"","background-media":"","overlay-type":"","overlay-color":"","overlay-opacity":"","overlay-gradient":""},"tablet":{"background-color":"var(--ast-global-color-5)","background-image":"","background-repeat":"repeat","background-position":"center center","background-size":"auto","background-attachment":"scroll","background-type":"","background-media":"","overlay-type":"","overlay-color":"","overlay-opacity":"","overlay-gradient":""},"mobile":{"background-color":"var(--ast-global-color-5)","background-image":"","background-repeat":"repeat","background-position":"center center","background-size":"auto","background-attachment":"scroll","background-type":"","background-media":"","overlay-type":"","overlay-color":"","overlay-opacity":"","overlay-gradient":""}},"_themeisle_gutenberg_block_has_review":false},"product_brand":[],"product_cat":[13789,13827,14542,14398],"product_tag":[13828,14399],"class_list":{"0":"post-47290","1":"product","2":"type-product","3":"status-publish","5":"product_cat-bitumen-2","6":"product_cat-erweichungspunkt","7":"product_cat-laborgeraete","8":"product_cat-thermometer","9":"product_tag-erweichungspunkt","10":"product_tag-thermometer","11":"desktop-align-left","12":"tablet-align-left","13":"mobile-align-left","15":"first","16":"instock","17":"product-type-simple"},"acf":[],"yoast_head":"<!-- This site is optimized with the Yoast SEO plugin v27.0 - https:\/\/yoast.com\/product\/yoast-seo-wordpress\/ -->\n<title>Ring + Kugel Thermometer -2 +80 \u00b0C, Nr. 15 c - Fr\u00f6wag GmbH<\/title>\n<meta name=\"robots\" content=\"index, follow, max-snippet:-1, max-image-preview:large, max-video-preview:-1\" \/>\n<link rel=\"canonical\" href=\"https:\/\/froewag.de\/en\/product\/ring-kugel-thermometer-2-80-c-nr-15-c\/\" \/>\n<meta property=\"og:locale\" content=\"en_GB\" \/>\n<meta property=\"og:type\" content=\"article\" \/>\n<meta property=\"og:title\" content=\"Ring + Kugel Thermometer -2 +80 \u00b0C, Nr. 15 c - Fr\u00f6wag GmbH\" \/>\n<meta property=\"og:description\" content=\"Ring + Kugel Thermometer -2 +80 \u00b0C, Nr. 15 c\" \/>\n<meta property=\"og:url\" content=\"https:\/\/froewag.de\/en\/product\/ring-kugel-thermometer-2-80-c-nr-15-c\/\" \/>\n<meta property=\"og:site_name\" content=\"Fr\u00f6wag GmbH\" \/>\n<meta property=\"article:modified_time\" content=\"2024-01-05T12:18:35+00:00\" \/>\n<meta name=\"twitter:card\" content=\"summary_large_image\" \/>\n<script type=\"application\/ld+json\" class=\"yoast-schema-graph\">{\"@context\":\"https:\/\/schema.org\",\"@graph\":[{\"@type\":\"WebPage\",\"@id\":\"https:\/\/froewag.de\/produkt\/ring-kugel-thermometer-2-80-c-nr-15-c\/\",\"url\":\"https:\/\/froewag.de\/produkt\/ring-kugel-thermometer-2-80-c-nr-15-c\/\",\"name\":\"Ring + Kugel Thermometer -2 +80 \u00b0C, Nr. 15 c - Fr\u00f6wag GmbH\",\"isPartOf\":{\"@id\":\"https:\/\/froewag.de\/#website\"},\"datePublished\":\"2021-10-20T10:09:21+00:00\",\"dateModified\":\"2024-01-05T12:18:35+00:00\",\"breadcrumb\":{\"@id\":\"https:\/\/froewag.de\/produkt\/ring-kugel-thermometer-2-80-c-nr-15-c\/#breadcrumb\"},\"inLanguage\":\"en-GB\",\"potentialAction\":[{\"@type\":\"ReadAction\",\"target\":[\"https:\/\/froewag.de\/produkt\/ring-kugel-thermometer-2-80-c-nr-15-c\/\"]}]},{\"@type\":\"BreadcrumbList\",\"@id\":\"https:\/\/froewag.de\/produkt\/ring-kugel-thermometer-2-80-c-nr-15-c\/#breadcrumb\",\"itemListElement\":[{\"@type\":\"ListItem\",\"position\":1,\"name\":\"Home\",\"item\":\"https:\/\/froewag.de\/\"},{\"@type\":\"ListItem\",\"position\":2,\"name\":\"Produkte\",\"item\":\"https:\/\/froewag.de\/produkte\/\"},{\"@type\":\"ListItem\",\"position\":3,\"name\":\"Bitumen\",\"item\":\"https:\/\/froewag.de\/produktkategorie\/bitumen-2\/\"},{\"@type\":\"ListItem\",\"position\":4,\"name\":\"Ring + Kugel Thermometer -2 +80 \u00b0C, Nr. 15 c\"}]},{\"@type\":\"WebSite\",\"@id\":\"https:\/\/froewag.de\/#website\",\"url\":\"https:\/\/froewag.de\/\",\"name\":\"Fr\u00f6wag GmbH\",\"description\":\"Pr\u00fcfanlagen f\u00fcr Baustoffe und Umwelt\",\"publisher\":{\"@id\":\"https:\/\/froewag.de\/#organization\"},\"potentialAction\":[{\"@type\":\"SearchAction\",\"target\":{\"@type\":\"EntryPoint\",\"urlTemplate\":\"https:\/\/froewag.de\/?s={search_term_string}\"},\"query-input\":{\"@type\":\"PropertyValueSpecification\",\"valueRequired\":true,\"valueName\":\"search_term_string\"}}],\"inLanguage\":\"en-GB\"},{\"@type\":\"Organization\",\"@id\":\"https:\/\/froewag.de\/#organization\",\"name\":\"Fr\u00f6Wag GmbH\",\"url\":\"https:\/\/froewag.de\/\",\"logo\":{\"@type\":\"ImageObject\",\"inLanguage\":\"en-GB\",\"@id\":\"https:\/\/froewag.de\/#\/schema\/logo\/image\/\",\"url\":\"\",\"contentUrl\":\"\",\"caption\":\"Fr\u00f6Wag GmbH\"},\"image\":{\"@id\":\"https:\/\/froewag.de\/#\/schema\/logo\/image\/\"}}]}<\/script>\n<!-- \/ Yoast SEO plugin. -->","yoast_head_json":{"title":"Ring + Kugel Thermometer -2 +80 \u00b0C, Nr. 15 c - Fr\u00f6wag GmbH","robots":{"index":"index","follow":"follow","max-snippet":"max-snippet:-1","max-image-preview":"max-image-preview:large","max-video-preview":"max-video-preview:-1"},"canonical":"https:\/\/froewag.de\/en\/product\/ring-kugel-thermometer-2-80-c-nr-15-c\/","og_locale":"en_GB","og_type":"article","og_title":"Ring + Kugel Thermometer -2 +80 \u00b0C, Nr. 15 c - Fr\u00f6wag GmbH","og_description":"Ring + Kugel Thermometer -2 +80 \u00b0C, Nr. 15 c","og_url":"https:\/\/froewag.de\/en\/product\/ring-kugel-thermometer-2-80-c-nr-15-c\/","og_site_name":"Fr\u00f6wag GmbH","article_modified_time":"2024-01-05T12:18:35+00:00","twitter_card":"summary_large_image","schema":{"@context":"https:\/\/schema.org","@graph":[{"@type":"WebPage","@id":"https:\/\/froewag.de\/produkt\/ring-kugel-thermometer-2-80-c-nr-15-c\/","url":"https:\/\/froewag.de\/produkt\/ring-kugel-thermometer-2-80-c-nr-15-c\/","name":"Ring + Kugel Thermometer -2 +80 \u00b0C, Nr. 15 c - Fr\u00f6wag GmbH","isPartOf":{"@id":"https:\/\/froewag.de\/#website"},"datePublished":"2021-10-20T10:09:21+00:00","dateModified":"2024-01-05T12:18:35+00:00","breadcrumb":{"@id":"https:\/\/froewag.de\/produkt\/ring-kugel-thermometer-2-80-c-nr-15-c\/#breadcrumb"},"inLanguage":"en-GB","potentialAction":[{"@type":"ReadAction","target":["https:\/\/froewag.de\/produkt\/ring-kugel-thermometer-2-80-c-nr-15-c\/"]}]},{"@type":"BreadcrumbList","@id":"https:\/\/froewag.de\/produkt\/ring-kugel-thermometer-2-80-c-nr-15-c\/#breadcrumb","itemListElement":[{"@type":"ListItem","position":1,"name":"Home","item":"https:\/\/froewag.de\/"},{"@type":"ListItem","position":2,"name":"Produkte","item":"https:\/\/froewag.de\/produkte\/"},{"@type":"ListItem","position":3,"name":"Bitumen","item":"https:\/\/froewag.de\/produktkategorie\/bitumen-2\/"},{"@type":"ListItem","position":4,"name":"Ring + Kugel Thermometer -2 +80 \u00b0C, Nr. 15 c"}]},{"@type":"WebSite","@id":"https:\/\/froewag.de\/#website","url":"https:\/\/froewag.de\/","name":"Fr\u00f6wag GmbH","description":"Pr\u00fcfanlagen f\u00fcr Baustoffe und Umwelt","publisher":{"@id":"https:\/\/froewag.de\/#organization"},"potentialAction":[{"@type":"SearchAction","target":{"@type":"EntryPoint","urlTemplate":"https:\/\/froewag.de\/?s={search_term_string}"},"query-input":{"@type":"PropertyValueSpecification","valueRequired":true,"valueName":"search_term_string"}}],"inLanguage":"en-GB"},{"@type":"Organization","@id":"https:\/\/froewag.de\/#organization","name":"Fr\u00f6Wag GmbH","url":"https:\/\/froewag.de\/","logo":{"@type":"ImageObject","inLanguage":"en-GB","@id":"https:\/\/froewag.de\/#\/schema\/logo\/image\/","url":"","contentUrl":"","caption":"Fr\u00f6Wag GmbH"},"image":{"@id":"https:\/\/froewag.de\/#\/schema\/logo\/image\/"}}]}},"_links":{"self":[{"href":"https:\/\/froewag.de\/en\/wp-json\/wp\/v2\/product\/47290","targetHints":{"allow":["GET"]}}],"collection":[{"href":"https:\/\/froewag.de\/en\/wp-json\/wp\/v2\/product"}],"about":[{"href":"https:\/\/froewag.de\/en\/wp-json\/wp\/v2\/types\/product"}],"version-history":[{"count":3,"href":"https:\/\/froewag.de\/en\/wp-json\/wp\/v2\/product\/47290\/revisions"}],"predecessor-version":[{"id":53581,"href":"https:\/\/froewag.de\/en\/wp-json\/wp\/v2\/product\/47290\/revisions\/53581"}],"wp:attachment":[{"href":"https:\/\/froewag.de\/en\/wp-json\/wp\/v2\/media?parent=47290"}],"wp:term":[{"taxonomy":"product_brand","embeddable":true,"href":"https:\/\/froewag.de\/en\/wp-json\/wp\/v2\/product_brand?post=47290"},{"taxonomy":"product_cat","embeddable":true,"href":"https:\/\/froewag.de\/en\/wp-json\/wp\/v2\/product_cat?post=47290"},{"taxonomy":"product_tag","embeddable":true,"href":"https:\/\/froewag.de\/en\/wp-json\/wp\/v2\/product_tag?post=47290"}],"curies":[{"name":"wp","href":"https:\/\/api.w.org\/{rel}","templated":true}]}}