{"id":47520,"date":"2021-10-06T21:13:51","date_gmt":"2021-10-06T19:13:51","guid":{"rendered":"http:\/\/froewag.de\/wp2\/produkt\/proctortopf-geteilt-oe-150-mm-komplett-din\/"},"modified":"2021-10-06T21:13:56","modified_gmt":"2021-10-06T19:13:56","slug":"proctortopf-geteilt-oe-150-mm-komplett-din","status":"publish","type":"product","link":"https:\/\/froewag.de\/en\/product\/proctortopf-geteilt-oe-150-mm-komplett-din\/","title":{"rendered":"Proctortopf geteilt \u00f8 150 mm komplett DIN"},"content":{"rendered":"<p>DIN 18127, EN 13286-2, ASTM D558, D559, D560, D698, D1557<\/p>\n<p>Proctortopf geteilt \u00f8 150 mm komplett DIN<\/p>","protected":false},"excerpt":{"rendered":"<p>DIN 18127, EN 13286-2, ASTM D558, D559, D560, D698, D1557 Proctortopf geteilt \u00f8 150 mm komplett DIN<\/p>","protected":false},"featured_media":0,"template":"","meta":{"_acf_changed":false,"site-sidebar-layout":"default","site-content-layout":"plain-container","ast-site-content-layout":"","site-content-style":"default","site-sidebar-style":"default","ast-global-header-display":"","ast-banner-title-visibility":"","ast-main-header-display":"","ast-hfb-above-header-display":"","ast-hfb-below-header-display":"","ast-hfb-mobile-header-display":"","site-post-title":"","ast-breadcrumbs-content":"","ast-featured-img":"","footer-sml-layout":"","theme-transparent-header-meta":"default","adv-header-id-meta":"","stick-header-meta":"","header-above-stick-meta":"","header-main-stick-meta":"","header-below-stick-meta":"","astra-migrate-meta-layouts":"default","ast-page-background-enabled":"default","ast-page-background-meta":{"desktop":{"background-color":"","background-image":"","background-repeat":"repeat","background-position":"center center","background-size":"auto","background-attachment":"scroll","background-type":"","background-media":"","overlay-type":"","overlay-color":"","overlay-opacity":"","overlay-gradient":""},"tablet":{"background-color":"","background-image":"","background-repeat":"repeat","background-position":"center center","background-size":"auto","background-attachment":"scroll","background-type":"","background-media":"","overlay-type":"","overlay-color":"","overlay-opacity":"","overlay-gradient":""},"mobile":{"background-color":"","background-image":"","background-repeat":"repeat","background-position":"center center","background-size":"auto","background-attachment":"scroll","background-type":"","background-media":"","overlay-type":"","overlay-color":"","overlay-opacity":"","overlay-gradient":""}},"ast-content-background-meta":{"desktop":{"background-color":"var(--ast-global-color-5)","background-image":"","background-repeat":"repeat","background-position":"center center","background-size":"auto","background-attachment":"scroll","background-type":"","background-media":"","overlay-type":"","overlay-color":"","overlay-opacity":"","overlay-gradient":""},"tablet":{"background-color":"var(--ast-global-color-5)","background-image":"","background-repeat":"repeat","background-position":"center center","background-size":"auto","background-attachment":"scroll","background-type":"","background-media":"","overlay-type":"","overlay-color":"","overlay-opacity":"","overlay-gradient":""},"mobile":{"background-color":"var(--ast-global-color-5)","background-image":"","background-repeat":"repeat","background-position":"center center","background-size":"auto","background-attachment":"scroll","background-type":"","background-media":"","overlay-type":"","overlay-color":"","overlay-opacity":"","overlay-gradient":""}},"_themeisle_gutenberg_block_has_review":false},"product_brand":[],"product_cat":[13928,13942],"product_tag":[13943],"class_list":{"0":"post-47520","1":"product","2":"type-product","3":"status-publish","5":"product_cat-boden-2","6":"product_cat-proctor","7":"product_tag-proctorversuch-proctor","8":"pa_einzelnormen-astm-d1557","9":"pa_einzelnormen-astm-d558","10":"pa_einzelnormen-astm-d559","11":"pa_einzelnormen-astm-d560","12":"pa_einzelnormen-astm-d698","13":"pa_einzelnormen-en-13286-2","14":"pa_einzelnormen-astm","15":"pa_einzelnormen-din","16":"pa_einzelnormen-din-18127","17":"pa_einzelnormen-en","18":"desktop-align-left","19":"tablet-align-left","20":"mobile-align-left","22":"first","23":"instock","24":"product-type-simple"},"acf":[],"yoast_head":"<!-- This site is optimized with the Yoast SEO plugin v27.0 - https:\/\/yoast.com\/product\/yoast-seo-wordpress\/ -->\n<title>Proctortopf geteilt \u00f8 150 mm komplett DIN - Fr\u00f6wag GmbH<\/title>\n<meta name=\"robots\" content=\"index, follow, max-snippet:-1, max-image-preview:large, max-video-preview:-1\" \/>\n<link rel=\"canonical\" href=\"https:\/\/froewag.de\/en\/product\/proctortopf-geteilt-oe-150-mm-komplett-din\/\" \/>\n<meta property=\"og:locale\" content=\"en_GB\" \/>\n<meta property=\"og:type\" content=\"article\" \/>\n<meta property=\"og:title\" content=\"Proctortopf geteilt \u00f8 150 mm komplett DIN - Fr\u00f6wag GmbH\" \/>\n<meta property=\"og:description\" content=\"DIN 18127, EN 13286-2, ASTM D558, D559, D560, D698, D1557 Proctortopf geteilt \u00f8 150 mm komplett DIN\" \/>\n<meta property=\"og:url\" content=\"https:\/\/froewag.de\/en\/product\/proctortopf-geteilt-oe-150-mm-komplett-din\/\" \/>\n<meta property=\"og:site_name\" content=\"Fr\u00f6wag GmbH\" \/>\n<meta property=\"article:modified_time\" content=\"2021-10-06T19:13:56+00:00\" \/>\n<meta name=\"twitter:card\" content=\"summary_large_image\" \/>\n<script type=\"application\/ld+json\" class=\"yoast-schema-graph\">{\"@context\":\"https:\/\/schema.org\",\"@graph\":[{\"@type\":\"WebPage\",\"@id\":\"https:\/\/froewag.de\/produkt\/proctortopf-geteilt-oe-150-mm-komplett-din\/\",\"url\":\"https:\/\/froewag.de\/produkt\/proctortopf-geteilt-oe-150-mm-komplett-din\/\",\"name\":\"Proctortopf geteilt \u00f8 150 mm komplett DIN - Fr\u00f6wag GmbH\",\"isPartOf\":{\"@id\":\"https:\/\/froewag.de\/#website\"},\"datePublished\":\"2021-10-06T19:13:51+00:00\",\"dateModified\":\"2021-10-06T19:13:56+00:00\",\"breadcrumb\":{\"@id\":\"https:\/\/froewag.de\/produkt\/proctortopf-geteilt-oe-150-mm-komplett-din\/#breadcrumb\"},\"inLanguage\":\"en-GB\",\"potentialAction\":[{\"@type\":\"ReadAction\",\"target\":[\"https:\/\/froewag.de\/produkt\/proctortopf-geteilt-oe-150-mm-komplett-din\/\"]}]},{\"@type\":\"BreadcrumbList\",\"@id\":\"https:\/\/froewag.de\/produkt\/proctortopf-geteilt-oe-150-mm-komplett-din\/#breadcrumb\",\"itemListElement\":[{\"@type\":\"ListItem\",\"position\":1,\"name\":\"Home\",\"item\":\"https:\/\/froewag.de\/\"},{\"@type\":\"ListItem\",\"position\":2,\"name\":\"Produkte\",\"item\":\"https:\/\/froewag.de\/produkte\/\"},{\"@type\":\"ListItem\",\"position\":3,\"name\":\"Boden\",\"item\":\"https:\/\/froewag.de\/produktkategorie\/boden-2\/\"},{\"@type\":\"ListItem\",\"position\":4,\"name\":\"Proctor\",\"item\":\"https:\/\/froewag.de\/produktkategorie\/boden-2\/proctor\/\"},{\"@type\":\"ListItem\",\"position\":5,\"name\":\"Proctortopf geteilt \u00f8 150 mm komplett DIN\"}]},{\"@type\":\"WebSite\",\"@id\":\"https:\/\/froewag.de\/#website\",\"url\":\"https:\/\/froewag.de\/\",\"name\":\"Fr\u00f6wag GmbH\",\"description\":\"Pr\u00fcfanlagen f\u00fcr Baustoffe und Umwelt\",\"publisher\":{\"@id\":\"https:\/\/froewag.de\/#organization\"},\"potentialAction\":[{\"@type\":\"SearchAction\",\"target\":{\"@type\":\"EntryPoint\",\"urlTemplate\":\"https:\/\/froewag.de\/?s={search_term_string}\"},\"query-input\":{\"@type\":\"PropertyValueSpecification\",\"valueRequired\":true,\"valueName\":\"search_term_string\"}}],\"inLanguage\":\"en-GB\"},{\"@type\":\"Organization\",\"@id\":\"https:\/\/froewag.de\/#organization\",\"name\":\"Fr\u00f6Wag GmbH\",\"url\":\"https:\/\/froewag.de\/\",\"logo\":{\"@type\":\"ImageObject\",\"inLanguage\":\"en-GB\",\"@id\":\"https:\/\/froewag.de\/#\/schema\/logo\/image\/\",\"url\":\"\",\"contentUrl\":\"\",\"caption\":\"Fr\u00f6Wag GmbH\"},\"image\":{\"@id\":\"https:\/\/froewag.de\/#\/schema\/logo\/image\/\"}}]}<\/script>\n<!-- \/ Yoast SEO plugin. -->","yoast_head_json":{"title":"Proctortopf geteilt \u00f8 150 mm komplett DIN - Fr\u00f6wag GmbH","robots":{"index":"index","follow":"follow","max-snippet":"max-snippet:-1","max-image-preview":"max-image-preview:large","max-video-preview":"max-video-preview:-1"},"canonical":"https:\/\/froewag.de\/en\/product\/proctortopf-geteilt-oe-150-mm-komplett-din\/","og_locale":"en_GB","og_type":"article","og_title":"Proctortopf geteilt \u00f8 150 mm komplett DIN - Fr\u00f6wag GmbH","og_description":"DIN 18127, EN 13286-2, ASTM D558, D559, D560, D698, D1557 Proctortopf geteilt \u00f8 150 mm komplett DIN","og_url":"https:\/\/froewag.de\/en\/product\/proctortopf-geteilt-oe-150-mm-komplett-din\/","og_site_name":"Fr\u00f6wag GmbH","article_modified_time":"2021-10-06T19:13:56+00:00","twitter_card":"summary_large_image","schema":{"@context":"https:\/\/schema.org","@graph":[{"@type":"WebPage","@id":"https:\/\/froewag.de\/produkt\/proctortopf-geteilt-oe-150-mm-komplett-din\/","url":"https:\/\/froewag.de\/produkt\/proctortopf-geteilt-oe-150-mm-komplett-din\/","name":"Proctortopf geteilt \u00f8 150 mm komplett DIN - Fr\u00f6wag GmbH","isPartOf":{"@id":"https:\/\/froewag.de\/#website"},"datePublished":"2021-10-06T19:13:51+00:00","dateModified":"2021-10-06T19:13:56+00:00","breadcrumb":{"@id":"https:\/\/froewag.de\/produkt\/proctortopf-geteilt-oe-150-mm-komplett-din\/#breadcrumb"},"inLanguage":"en-GB","potentialAction":[{"@type":"ReadAction","target":["https:\/\/froewag.de\/produkt\/proctortopf-geteilt-oe-150-mm-komplett-din\/"]}]},{"@type":"BreadcrumbList","@id":"https:\/\/froewag.de\/produkt\/proctortopf-geteilt-oe-150-mm-komplett-din\/#breadcrumb","itemListElement":[{"@type":"ListItem","position":1,"name":"Home","item":"https:\/\/froewag.de\/"},{"@type":"ListItem","position":2,"name":"Produkte","item":"https:\/\/froewag.de\/produkte\/"},{"@type":"ListItem","position":3,"name":"Boden","item":"https:\/\/froewag.de\/produktkategorie\/boden-2\/"},{"@type":"ListItem","position":4,"name":"Proctor","item":"https:\/\/froewag.de\/produktkategorie\/boden-2\/proctor\/"},{"@type":"ListItem","position":5,"name":"Proctortopf geteilt \u00f8 150 mm komplett DIN"}]},{"@type":"WebSite","@id":"https:\/\/froewag.de\/#website","url":"https:\/\/froewag.de\/","name":"Fr\u00f6wag GmbH","description":"Pr\u00fcfanlagen f\u00fcr Baustoffe und Umwelt","publisher":{"@id":"https:\/\/froewag.de\/#organization"},"potentialAction":[{"@type":"SearchAction","target":{"@type":"EntryPoint","urlTemplate":"https:\/\/froewag.de\/?s={search_term_string}"},"query-input":{"@type":"PropertyValueSpecification","valueRequired":true,"valueName":"search_term_string"}}],"inLanguage":"en-GB"},{"@type":"Organization","@id":"https:\/\/froewag.de\/#organization","name":"Fr\u00f6Wag GmbH","url":"https:\/\/froewag.de\/","logo":{"@type":"ImageObject","inLanguage":"en-GB","@id":"https:\/\/froewag.de\/#\/schema\/logo\/image\/","url":"","contentUrl":"","caption":"Fr\u00f6Wag GmbH"},"image":{"@id":"https:\/\/froewag.de\/#\/schema\/logo\/image\/"}}]}},"_links":{"self":[{"href":"https:\/\/froewag.de\/en\/wp-json\/wp\/v2\/product\/47520","targetHints":{"allow":["GET"]}}],"collection":[{"href":"https:\/\/froewag.de\/en\/wp-json\/wp\/v2\/product"}],"about":[{"href":"https:\/\/froewag.de\/en\/wp-json\/wp\/v2\/types\/product"}],"version-history":[{"count":1,"href":"https:\/\/froewag.de\/en\/wp-json\/wp\/v2\/product\/47520\/revisions"}],"predecessor-version":[{"id":47521,"href":"https:\/\/froewag.de\/en\/wp-json\/wp\/v2\/product\/47520\/revisions\/47521"}],"wp:attachment":[{"href":"https:\/\/froewag.de\/en\/wp-json\/wp\/v2\/media?parent=47520"}],"wp:term":[{"taxonomy":"product_brand","embeddable":true,"href":"https:\/\/froewag.de\/en\/wp-json\/wp\/v2\/product_brand?post=47520"},{"taxonomy":"product_cat","embeddable":true,"href":"https:\/\/froewag.de\/en\/wp-json\/wp\/v2\/product_cat?post=47520"},{"taxonomy":"product_tag","embeddable":true,"href":"https:\/\/froewag.de\/en\/wp-json\/wp\/v2\/product_tag?post=47520"}],"curies":[{"name":"wp","href":"https:\/\/api.w.org\/{rel}","templated":true}]}}