{"id":47562,"date":"2021-10-06T21:14:00","date_gmt":"2021-10-06T19:14:00","guid":{"rendered":"http:\/\/froewag.de\/wp2\/produkt\/proctorverdichter-bis-250-mm-mit-programmwahl\/"},"modified":"2024-01-16T09:59:56","modified_gmt":"2024-01-16T08:59:56","slug":"proctorverdichter-bis-250-mm-mit-programmwahl","status":"publish","type":"product","link":"https:\/\/froewag.de\/en\/product\/proctorverdichter-bis-250-mm-mit-programmwahl\/","title":{"rendered":"Proctorverdichter bis 250 mm mit Programmwahl"},"content":{"rendered":"<p>Proctorverdichter bis 250 mm mit Programmwahl<\/p>\n<p>nach EN 13286-2 &#8211; DIN 18127 &#8211; ASTM D 698\/D1557 &#8211; AASHTO T134 &#8211; NF P98-846-02 -PN-88\/B-04418<\/p>\n<p>Zur automatischen Verdichtung von Proctor- und CBR-Proben.<\/p>\n<p>Stabiles Geh\u00e4use mit Sicherheitst\u00fcr nach CE mit Sichtfenster und LED Beleuchtung des Innenraums.<\/p>\n<p>Elektrische Antriebseinrichtung zum Verschieben und Drehen des Proctorzylinders sowie zur Bewegung des Fallhammers. Leichter Austausch der Mitnehmerscheiben zum Tranport der jeweiligen Fallh\u00e4mmer.<\/p>\n<p>Vorprogrammierte Versuchsabl\u00e4ufe f\u00fcr verschiedenste Normungen, auch f\u00fcr Schl\u00e4ge in die Mitte, max. 30 Varianten<\/p>\n<p>Mit zus\u00e4tzlicher M\u00f6glichkeit frei w\u00e4hlbarer Schlagfolgen undTopfpositionen in 0,1 mm &#8211; Schritten<\/p>\n<p>Selbstt\u00e4tig ablaufender Versuch nach Programmvorgabe, einstellbar nach Probengr\u00f6\u00dfe, Fallhammertyp und Schlagzahl.<\/p>\n<p>Mit seiner geringen Betriebsh\u00f6he von max. 2325 mm eignet sich der Proctorautomat auch f\u00fcr niedrigere R\u00e4ume.<\/p>\n<p>Breite bei offener T\u00fcr: 990 mm<\/p>\n<p>H\u00f6he im Betriebszustand max. 2325 mm<\/p>\n<p><strong><em>Formens\u00e4tze bitte getrennt bestellen<\/em><\/strong><\/p>","protected":false},"excerpt":{"rendered":"<p>Zur automatischen Verdichtung von Proctor- und CBR-Proben.<\/p>","protected":false},"featured_media":21566,"template":"","meta":{"_acf_changed":false,"site-sidebar-layout":"default","site-content-layout":"plain-container","ast-site-content-layout":"default","site-content-style":"default","site-sidebar-style":"default","ast-global-header-display":"","ast-banner-title-visibility":"","ast-main-header-display":"","ast-hfb-above-header-display":"","ast-hfb-below-header-display":"","ast-hfb-mobile-header-display":"","site-post-title":"","ast-breadcrumbs-content":"","ast-featured-img":"","footer-sml-layout":"","theme-transparent-header-meta":"default","adv-header-id-meta":"","stick-header-meta":"","header-above-stick-meta":"","header-main-stick-meta":"","header-below-stick-meta":"","astra-migrate-meta-layouts":"set","ast-page-background-enabled":"default","ast-page-background-meta":{"desktop":{"background-color":"","background-image":"","background-repeat":"repeat","background-position":"center center","background-size":"auto","background-attachment":"scroll","background-type":"","background-media":"","overlay-type":"","overlay-color":"","overlay-opacity":"","overlay-gradient":""},"tablet":{"background-color":"","background-image":"","background-repeat":"repeat","background-position":"center center","background-size":"auto","background-attachment":"scroll","background-type":"","background-media":"","overlay-type":"","overlay-color":"","overlay-opacity":"","overlay-gradient":""},"mobile":{"background-color":"","background-image":"","background-repeat":"repeat","background-position":"center center","background-size":"auto","background-attachment":"scroll","background-type":"","background-media":"","overlay-type":"","overlay-color":"","overlay-opacity":"","overlay-gradient":""}},"ast-content-background-meta":{"desktop":{"background-color":"var(--ast-global-color-5)","background-image":"","background-repeat":"repeat","background-position":"center center","background-size":"auto","background-attachment":"scroll","background-type":"","background-media":"","overlay-type":"","overlay-color":"","overlay-opacity":"","overlay-gradient":""},"tablet":{"background-color":"var(--ast-global-color-5)","background-image":"","background-repeat":"repeat","background-position":"center center","background-size":"auto","background-attachment":"scroll","background-type":"","background-media":"","overlay-type":"","overlay-color":"","overlay-opacity":"","overlay-gradient":""},"mobile":{"background-color":"var(--ast-global-color-5)","background-image":"","background-repeat":"repeat","background-position":"center center","background-size":"auto","background-attachment":"scroll","background-type":"","background-media":"","overlay-type":"","overlay-color":"","overlay-opacity":"","overlay-gradient":""}},"_themeisle_gutenberg_block_has_review":false},"product_brand":[],"product_cat":[13928,13942,14577],"product_tag":[13943],"class_list":{"0":"post-47562","1":"product","2":"type-product","3":"status-publish","4":"has-post-thumbnail","6":"product_cat-boden-2","7":"product_cat-proctor","8":"product_cat-proctorautomat","9":"product_tag-proctorversuch-proctor","10":"pa_abmessung-ca-740-x-490-x-1800-mm","11":"pa_einzelnormen-aashto-t134","12":"pa_einzelnormen-astm-d1557","13":"pa_einzelnormen-en-13286-2","14":"pa_einzelnormen-nf-p98-846-02","15":"pa_einzelnormen-nf-pn-88-b-04418","16":"pa_einzelnormen-aashto","17":"pa_einzelnormen-astm","18":"pa_einzelnormen-astm-d-698","19":"pa_einzelnormen-din","20":"pa_einzelnormen-din-18127","21":"pa_einzelnormen-en","22":"pa_einzelnormen-nf","23":"pa_elektrische-daten-400-v-50-hz-l1-l2-l3-n-pe-075-kw","24":"pa_gewicht-ca-340-kg","25":"pa_normen-400-v-50-hz-l1-l2-l3-n-pe-075-kw","26":"desktop-align-left","27":"tablet-align-left","28":"mobile-align-left","30":"first","31":"instock","32":"product-type-simple"},"acf":[],"yoast_head":"<!-- This site is optimized with the Yoast SEO plugin v27.0 - https:\/\/yoast.com\/product\/yoast-seo-wordpress\/ -->\n<title>Proctorverdichter bis 250 mm mit Programmwahl - Fr\u00f6wag GmbH<\/title>\n<meta name=\"robots\" content=\"index, follow, max-snippet:-1, max-image-preview:large, max-video-preview:-1\" \/>\n<link rel=\"canonical\" href=\"https:\/\/froewag.de\/en\/product\/proctorverdichter-bis-250-mm-mit-programmwahl\/\" \/>\n<meta property=\"og:locale\" content=\"en_GB\" \/>\n<meta property=\"og:type\" content=\"article\" \/>\n<meta property=\"og:title\" content=\"Proctorverdichter bis 250 mm mit Programmwahl - Fr\u00f6wag GmbH\" \/>\n<meta property=\"og:description\" content=\"Zur automatischen Verdichtung von Proctor- und CBR-Proben.\" \/>\n<meta property=\"og:url\" content=\"https:\/\/froewag.de\/en\/product\/proctorverdichter-bis-250-mm-mit-programmwahl\/\" \/>\n<meta property=\"og:site_name\" content=\"Fr\u00f6wag GmbH\" \/>\n<meta property=\"article:modified_time\" content=\"2024-01-16T08:59:56+00:00\" \/>\n<meta property=\"og:image\" content=\"https:\/\/froewag.de\/wp-content\/uploads\/2021\/03\/2151-geschlossen.jpg\" \/>\n\t<meta property=\"og:image:width\" content=\"700\" \/>\n\t<meta property=\"og:image:height\" content=\"800\" \/>\n\t<meta property=\"og:image:type\" content=\"image\/jpeg\" \/>\n<meta name=\"twitter:card\" content=\"summary_large_image\" \/>\n<script type=\"application\/ld+json\" class=\"yoast-schema-graph\">{\"@context\":\"https:\/\/schema.org\",\"@graph\":[{\"@type\":\"WebPage\",\"@id\":\"https:\/\/froewag.de\/produkt\/proctorverdichter-bis-250-mm-mit-programmwahl\/\",\"url\":\"https:\/\/froewag.de\/produkt\/proctorverdichter-bis-250-mm-mit-programmwahl\/\",\"name\":\"Proctorverdichter bis 250 mm mit Programmwahl - Fr\u00f6wag GmbH\",\"isPartOf\":{\"@id\":\"https:\/\/froewag.de\/#website\"},\"primaryImageOfPage\":{\"@id\":\"https:\/\/froewag.de\/produkt\/proctorverdichter-bis-250-mm-mit-programmwahl\/#primaryimage\"},\"image\":{\"@id\":\"https:\/\/froewag.de\/produkt\/proctorverdichter-bis-250-mm-mit-programmwahl\/#primaryimage\"},\"thumbnailUrl\":\"https:\/\/froewag.de\/wp-content\/uploads\/2021\/03\/2151-geschlossen.jpg\",\"datePublished\":\"2021-10-06T19:14:00+00:00\",\"dateModified\":\"2024-01-16T08:59:56+00:00\",\"breadcrumb\":{\"@id\":\"https:\/\/froewag.de\/produkt\/proctorverdichter-bis-250-mm-mit-programmwahl\/#breadcrumb\"},\"inLanguage\":\"en-GB\",\"potentialAction\":[{\"@type\":\"ReadAction\",\"target\":[\"https:\/\/froewag.de\/produkt\/proctorverdichter-bis-250-mm-mit-programmwahl\/\"]}]},{\"@type\":\"ImageObject\",\"inLanguage\":\"en-GB\",\"@id\":\"https:\/\/froewag.de\/produkt\/proctorverdichter-bis-250-mm-mit-programmwahl\/#primaryimage\",\"url\":\"https:\/\/froewag.de\/wp-content\/uploads\/2021\/03\/2151-geschlossen.jpg\",\"contentUrl\":\"https:\/\/froewag.de\/wp-content\/uploads\/2021\/03\/2151-geschlossen.jpg\",\"width\":700,\"height\":800},{\"@type\":\"BreadcrumbList\",\"@id\":\"https:\/\/froewag.de\/produkt\/proctorverdichter-bis-250-mm-mit-programmwahl\/#breadcrumb\",\"itemListElement\":[{\"@type\":\"ListItem\",\"position\":1,\"name\":\"Home\",\"item\":\"https:\/\/froewag.de\/\"},{\"@type\":\"ListItem\",\"position\":2,\"name\":\"Produkte\",\"item\":\"https:\/\/froewag.de\/produkte\/\"},{\"@type\":\"ListItem\",\"position\":3,\"name\":\"Boden\",\"item\":\"https:\/\/froewag.de\/produktkategorie\/boden-2\/\"},{\"@type\":\"ListItem\",\"position\":4,\"name\":\"Proctorverdichter bis 250 mm mit Programmwahl\"}]},{\"@type\":\"WebSite\",\"@id\":\"https:\/\/froewag.de\/#website\",\"url\":\"https:\/\/froewag.de\/\",\"name\":\"Fr\u00f6wag GmbH\",\"description\":\"Pr\u00fcfanlagen f\u00fcr Baustoffe und Umwelt\",\"publisher\":{\"@id\":\"https:\/\/froewag.de\/#organization\"},\"potentialAction\":[{\"@type\":\"SearchAction\",\"target\":{\"@type\":\"EntryPoint\",\"urlTemplate\":\"https:\/\/froewag.de\/?s={search_term_string}\"},\"query-input\":{\"@type\":\"PropertyValueSpecification\",\"valueRequired\":true,\"valueName\":\"search_term_string\"}}],\"inLanguage\":\"en-GB\"},{\"@type\":\"Organization\",\"@id\":\"https:\/\/froewag.de\/#organization\",\"name\":\"Fr\u00f6Wag GmbH\",\"url\":\"https:\/\/froewag.de\/\",\"logo\":{\"@type\":\"ImageObject\",\"inLanguage\":\"en-GB\",\"@id\":\"https:\/\/froewag.de\/#\/schema\/logo\/image\/\",\"url\":\"\",\"contentUrl\":\"\",\"caption\":\"Fr\u00f6Wag GmbH\"},\"image\":{\"@id\":\"https:\/\/froewag.de\/#\/schema\/logo\/image\/\"}}]}<\/script>\n<!-- \/ Yoast SEO plugin. -->","yoast_head_json":{"title":"Proctorverdichter bis 250 mm mit Programmwahl - Fr\u00f6wag GmbH","robots":{"index":"index","follow":"follow","max-snippet":"max-snippet:-1","max-image-preview":"max-image-preview:large","max-video-preview":"max-video-preview:-1"},"canonical":"https:\/\/froewag.de\/en\/product\/proctorverdichter-bis-250-mm-mit-programmwahl\/","og_locale":"en_GB","og_type":"article","og_title":"Proctorverdichter bis 250 mm mit Programmwahl - Fr\u00f6wag GmbH","og_description":"Zur automatischen Verdichtung von Proctor- und CBR-Proben.","og_url":"https:\/\/froewag.de\/en\/product\/proctorverdichter-bis-250-mm-mit-programmwahl\/","og_site_name":"Fr\u00f6wag GmbH","article_modified_time":"2024-01-16T08:59:56+00:00","og_image":[{"width":700,"height":800,"url":"https:\/\/froewag.de\/wp-content\/uploads\/2021\/03\/2151-geschlossen.jpg","type":"image\/jpeg"}],"twitter_card":"summary_large_image","schema":{"@context":"https:\/\/schema.org","@graph":[{"@type":"WebPage","@id":"https:\/\/froewag.de\/produkt\/proctorverdichter-bis-250-mm-mit-programmwahl\/","url":"https:\/\/froewag.de\/produkt\/proctorverdichter-bis-250-mm-mit-programmwahl\/","name":"Proctorverdichter bis 250 mm mit Programmwahl - Fr\u00f6wag GmbH","isPartOf":{"@id":"https:\/\/froewag.de\/#website"},"primaryImageOfPage":{"@id":"https:\/\/froewag.de\/produkt\/proctorverdichter-bis-250-mm-mit-programmwahl\/#primaryimage"},"image":{"@id":"https:\/\/froewag.de\/produkt\/proctorverdichter-bis-250-mm-mit-programmwahl\/#primaryimage"},"thumbnailUrl":"https:\/\/froewag.de\/wp-content\/uploads\/2021\/03\/2151-geschlossen.jpg","datePublished":"2021-10-06T19:14:00+00:00","dateModified":"2024-01-16T08:59:56+00:00","breadcrumb":{"@id":"https:\/\/froewag.de\/produkt\/proctorverdichter-bis-250-mm-mit-programmwahl\/#breadcrumb"},"inLanguage":"en-GB","potentialAction":[{"@type":"ReadAction","target":["https:\/\/froewag.de\/produkt\/proctorverdichter-bis-250-mm-mit-programmwahl\/"]}]},{"@type":"ImageObject","inLanguage":"en-GB","@id":"https:\/\/froewag.de\/produkt\/proctorverdichter-bis-250-mm-mit-programmwahl\/#primaryimage","url":"https:\/\/froewag.de\/wp-content\/uploads\/2021\/03\/2151-geschlossen.jpg","contentUrl":"https:\/\/froewag.de\/wp-content\/uploads\/2021\/03\/2151-geschlossen.jpg","width":700,"height":800},{"@type":"BreadcrumbList","@id":"https:\/\/froewag.de\/produkt\/proctorverdichter-bis-250-mm-mit-programmwahl\/#breadcrumb","itemListElement":[{"@type":"ListItem","position":1,"name":"Home","item":"https:\/\/froewag.de\/"},{"@type":"ListItem","position":2,"name":"Produkte","item":"https:\/\/froewag.de\/produkte\/"},{"@type":"ListItem","position":3,"name":"Boden","item":"https:\/\/froewag.de\/produktkategorie\/boden-2\/"},{"@type":"ListItem","position":4,"name":"Proctorverdichter bis 250 mm mit Programmwahl"}]},{"@type":"WebSite","@id":"https:\/\/froewag.de\/#website","url":"https:\/\/froewag.de\/","name":"Fr\u00f6wag GmbH","description":"Pr\u00fcfanlagen f\u00fcr Baustoffe und Umwelt","publisher":{"@id":"https:\/\/froewag.de\/#organization"},"potentialAction":[{"@type":"SearchAction","target":{"@type":"EntryPoint","urlTemplate":"https:\/\/froewag.de\/?s={search_term_string}"},"query-input":{"@type":"PropertyValueSpecification","valueRequired":true,"valueName":"search_term_string"}}],"inLanguage":"en-GB"},{"@type":"Organization","@id":"https:\/\/froewag.de\/#organization","name":"Fr\u00f6Wag GmbH","url":"https:\/\/froewag.de\/","logo":{"@type":"ImageObject","inLanguage":"en-GB","@id":"https:\/\/froewag.de\/#\/schema\/logo\/image\/","url":"","contentUrl":"","caption":"Fr\u00f6Wag GmbH"},"image":{"@id":"https:\/\/froewag.de\/#\/schema\/logo\/image\/"}}]}},"_links":{"self":[{"href":"https:\/\/froewag.de\/en\/wp-json\/wp\/v2\/product\/47562","targetHints":{"allow":["GET"]}}],"collection":[{"href":"https:\/\/froewag.de\/en\/wp-json\/wp\/v2\/product"}],"about":[{"href":"https:\/\/froewag.de\/en\/wp-json\/wp\/v2\/types\/product"}],"version-history":[{"count":4,"href":"https:\/\/froewag.de\/en\/wp-json\/wp\/v2\/product\/47562\/revisions"}],"predecessor-version":[{"id":53793,"href":"https:\/\/froewag.de\/en\/wp-json\/wp\/v2\/product\/47562\/revisions\/53793"}],"wp:featuredmedia":[{"embeddable":true,"href":"https:\/\/froewag.de\/en\/wp-json\/wp\/v2\/media\/21566"}],"wp:attachment":[{"href":"https:\/\/froewag.de\/en\/wp-json\/wp\/v2\/media?parent=47562"}],"wp:term":[{"taxonomy":"product_brand","embeddable":true,"href":"https:\/\/froewag.de\/en\/wp-json\/wp\/v2\/product_brand?post=47562"},{"taxonomy":"product_cat","embeddable":true,"href":"https:\/\/froewag.de\/en\/wp-json\/wp\/v2\/product_cat?post=47562"},{"taxonomy":"product_tag","embeddable":true,"href":"https:\/\/froewag.de\/en\/wp-json\/wp\/v2\/product_tag?post=47562"}],"curies":[{"name":"wp","href":"https:\/\/api.w.org\/{rel}","templated":true}]}}