{"id":47568,"date":"2021-10-06T21:14:08","date_gmt":"2021-10-06T19:14:08","guid":{"rendered":"http:\/\/froewag.de\/wp2\/produkt\/formensatz-nach-en-fuer-oe-100-und-150-mm-2\/"},"modified":"2024-01-19T13:35:08","modified_gmt":"2024-01-19T12:35:08","slug":"formensatz-nach-en-fuer-oe-100-und-150-mm-2","status":"publish","type":"product","link":"https:\/\/froewag.de\/en\/product\/formensatz-nach-en-fuer-oe-100-und-150-mm-2\/","title":{"rendered":"Formensatz nach EN f\u00fcr \u00f8 100, 150 und 250 mm"},"content":{"rendered":"<p>Formensatz nach EN f\u00fcr \u00f8 100, 150 und 250 mm<\/p>\n<p>2.151.01 Mitnehmerscheibe 305 mm<\/p>\n<p>2.151.02 Mitnehmerscheibe 457mm<\/p>\n<p>2.151.03 Mitnehmerscheibe 600mm<\/p>\n<p>2.151.10 Fallhammer \u00f8 50 mm<\/p>\n<p>2.151.11 Fallhammer \u00f8 50 mm<\/p>\n<p>2.151.12 Fallhammer \u00f8 125 mm<\/p>\n<p>2.060 Proctortopf \u00f8 100 mm<\/p>\n<p>2.076 Proctortopf \u00f8 150 mm<\/p>\n<p>2.088 Proctortopf \u00f8 250 mm<\/p>","protected":false},"excerpt":{"rendered":"<p>Formensatz nach EN f\u00fcr \u00f8 100, 150 und 250 mm 2.151.01 Mitnehmerscheibe 305 mm 2.151.02 Mitnehmerscheibe 457mm 2.151.03 Mitnehmerscheibe 600mm 2.151.10 Fallhammer \u00f8 50 mm 2.151.11 Fallhammer \u00f8 50 mm 2.151.12 Fallhammer \u00f8 125 mm 2.060 Proctortopf \u00f8 100 mm 2.076 Proctortopf \u00f8 150 mm 2.088 Proctortopf \u00f8 250 mm<\/p>","protected":false},"featured_media":21550,"template":"","meta":{"_acf_changed":false,"site-sidebar-layout":"default","site-content-layout":"plain-container","ast-site-content-layout":"normal-width-container","site-content-style":"unboxed","site-sidebar-style":"unboxed","ast-global-header-display":"","ast-banner-title-visibility":"","ast-main-header-display":"","ast-hfb-above-header-display":"","ast-hfb-below-header-display":"","ast-hfb-mobile-header-display":"","site-post-title":"","ast-breadcrumbs-content":"","ast-featured-img":"","footer-sml-layout":"","theme-transparent-header-meta":"default","adv-header-id-meta":"","stick-header-meta":"","header-above-stick-meta":"","header-main-stick-meta":"","header-below-stick-meta":"","astra-migrate-meta-layouts":"set","ast-page-background-enabled":"default","ast-page-background-meta":{"desktop":{"background-color":"","background-image":"","background-repeat":"repeat","background-position":"center center","background-size":"auto","background-attachment":"scroll","background-type":"","background-media":"","overlay-type":"","overlay-color":"","overlay-opacity":"","overlay-gradient":""},"tablet":{"background-color":"","background-image":"","background-repeat":"repeat","background-position":"center center","background-size":"auto","background-attachment":"scroll","background-type":"","background-media":"","overlay-type":"","overlay-color":"","overlay-opacity":"","overlay-gradient":""},"mobile":{"background-color":"","background-image":"","background-repeat":"repeat","background-position":"center center","background-size":"auto","background-attachment":"scroll","background-type":"","background-media":"","overlay-type":"","overlay-color":"","overlay-opacity":"","overlay-gradient":""}},"ast-content-background-meta":{"desktop":{"background-color":"var(--ast-global-color-5)","background-image":"","background-repeat":"repeat","background-position":"center center","background-size":"auto","background-attachment":"scroll","background-type":"","background-media":"","overlay-type":"","overlay-color":"","overlay-opacity":"","overlay-gradient":""},"tablet":{"background-color":"var(--ast-global-color-5)","background-image":"","background-repeat":"repeat","background-position":"center center","background-size":"auto","background-attachment":"scroll","background-type":"","background-media":"","overlay-type":"","overlay-color":"","overlay-opacity":"","overlay-gradient":""},"mobile":{"background-color":"var(--ast-global-color-5)","background-image":"","background-repeat":"repeat","background-position":"center center","background-size":"auto","background-attachment":"scroll","background-type":"","background-media":"","overlay-type":"","overlay-color":"","overlay-opacity":"","overlay-gradient":""}},"_themeisle_gutenberg_block_has_review":false},"product_brand":[],"product_cat":[13928,13942,14569],"product_tag":[14598,13943],"class_list":{"0":"post-47568","1":"product","2":"type-product","3":"status-publish","4":"has-post-thumbnail","6":"product_cat-boden-2","7":"product_cat-proctor","8":"product_cat-proctor-formensaetze","9":"product_tag-formensatz","10":"product_tag-proctorversuch-proctor","11":"desktop-align-left","12":"tablet-align-left","13":"mobile-align-left","15":"first","16":"instock","17":"product-type-simple"},"acf":[],"yoast_head":"<!-- This site is optimized with the Yoast SEO plugin v27.0 - https:\/\/yoast.com\/product\/yoast-seo-wordpress\/ -->\n<title>Formensatz nach EN f\u00fcr \u00f8 100, 150 und 250 mm - Fr\u00f6wag GmbH<\/title>\n<meta name=\"robots\" content=\"index, follow, max-snippet:-1, max-image-preview:large, max-video-preview:-1\" \/>\n<link rel=\"canonical\" href=\"https:\/\/froewag.de\/en\/product\/formensatz-nach-en-fuer-oe-100-und-150-mm-2\/\" \/>\n<meta property=\"og:locale\" content=\"en_GB\" \/>\n<meta property=\"og:type\" content=\"article\" \/>\n<meta property=\"og:title\" content=\"Formensatz nach EN f\u00fcr \u00f8 100, 150 und 250 mm - Fr\u00f6wag GmbH\" \/>\n<meta property=\"og:description\" content=\"Formensatz nach EN f\u00fcr \u00f8 100, 150 und 250 mm 2.151.01 Mitnehmerscheibe 305 mm 2.151.02 Mitnehmerscheibe 457mm 2.151.03 Mitnehmerscheibe 600mm 2.151.10 Fallhammer \u00f8 50 mm 2.151.11 Fallhammer \u00f8 50 mm 2.151.12 Fallhammer \u00f8 125 mm 2.060 Proctortopf \u00f8 100 mm 2.076 Proctortopf \u00f8 150 mm 2.088 Proctortopf \u00f8 250 mm\" \/>\n<meta property=\"og:url\" content=\"https:\/\/froewag.de\/en\/product\/formensatz-nach-en-fuer-oe-100-und-150-mm-2\/\" \/>\n<meta property=\"og:site_name\" content=\"Fr\u00f6wag GmbH\" \/>\n<meta property=\"article:modified_time\" content=\"2024-01-19T12:35:08+00:00\" \/>\n<meta property=\"og:image\" content=\"https:\/\/froewag.de\/wp-content\/uploads\/2021\/03\/2187.jpg\" \/>\n\t<meta property=\"og:image:width\" content=\"700\" \/>\n\t<meta property=\"og:image:height\" content=\"800\" \/>\n\t<meta property=\"og:image:type\" content=\"image\/jpeg\" \/>\n<meta name=\"twitter:card\" content=\"summary_large_image\" \/>\n<script type=\"application\/ld+json\" class=\"yoast-schema-graph\">{\"@context\":\"https:\/\/schema.org\",\"@graph\":[{\"@type\":\"WebPage\",\"@id\":\"https:\/\/froewag.de\/produkt\/formensatz-nach-en-fuer-oe-100-und-150-mm-2\/\",\"url\":\"https:\/\/froewag.de\/produkt\/formensatz-nach-en-fuer-oe-100-und-150-mm-2\/\",\"name\":\"Formensatz nach EN f\u00fcr \u00f8 100, 150 und 250 mm - Fr\u00f6wag GmbH\",\"isPartOf\":{\"@id\":\"https:\/\/froewag.de\/#website\"},\"primaryImageOfPage\":{\"@id\":\"https:\/\/froewag.de\/produkt\/formensatz-nach-en-fuer-oe-100-und-150-mm-2\/#primaryimage\"},\"image\":{\"@id\":\"https:\/\/froewag.de\/produkt\/formensatz-nach-en-fuer-oe-100-und-150-mm-2\/#primaryimage\"},\"thumbnailUrl\":\"https:\/\/froewag.de\/wp-content\/uploads\/2021\/03\/2187.jpg\",\"datePublished\":\"2021-10-06T19:14:08+00:00\",\"dateModified\":\"2024-01-19T12:35:08+00:00\",\"breadcrumb\":{\"@id\":\"https:\/\/froewag.de\/produkt\/formensatz-nach-en-fuer-oe-100-und-150-mm-2\/#breadcrumb\"},\"inLanguage\":\"en-GB\",\"potentialAction\":[{\"@type\":\"ReadAction\",\"target\":[\"https:\/\/froewag.de\/produkt\/formensatz-nach-en-fuer-oe-100-und-150-mm-2\/\"]}]},{\"@type\":\"ImageObject\",\"inLanguage\":\"en-GB\",\"@id\":\"https:\/\/froewag.de\/produkt\/formensatz-nach-en-fuer-oe-100-und-150-mm-2\/#primaryimage\",\"url\":\"https:\/\/froewag.de\/wp-content\/uploads\/2021\/03\/2187.jpg\",\"contentUrl\":\"https:\/\/froewag.de\/wp-content\/uploads\/2021\/03\/2187.jpg\",\"width\":700,\"height\":800},{\"@type\":\"BreadcrumbList\",\"@id\":\"https:\/\/froewag.de\/produkt\/formensatz-nach-en-fuer-oe-100-und-150-mm-2\/#breadcrumb\",\"itemListElement\":[{\"@type\":\"ListItem\",\"position\":1,\"name\":\"Home\",\"item\":\"https:\/\/froewag.de\/\"},{\"@type\":\"ListItem\",\"position\":2,\"name\":\"Produkte\",\"item\":\"https:\/\/froewag.de\/produkte\/\"},{\"@type\":\"ListItem\",\"position\":3,\"name\":\"Boden\",\"item\":\"https:\/\/froewag.de\/produktkategorie\/boden-2\/\"},{\"@type\":\"ListItem\",\"position\":4,\"name\":\"Formensatz nach EN f\u00fcr \u00f8 100, 150 und 250 mm\"}]},{\"@type\":\"WebSite\",\"@id\":\"https:\/\/froewag.de\/#website\",\"url\":\"https:\/\/froewag.de\/\",\"name\":\"Fr\u00f6wag GmbH\",\"description\":\"Pr\u00fcfanlagen f\u00fcr Baustoffe und Umwelt\",\"publisher\":{\"@id\":\"https:\/\/froewag.de\/#organization\"},\"potentialAction\":[{\"@type\":\"SearchAction\",\"target\":{\"@type\":\"EntryPoint\",\"urlTemplate\":\"https:\/\/froewag.de\/?s={search_term_string}\"},\"query-input\":{\"@type\":\"PropertyValueSpecification\",\"valueRequired\":true,\"valueName\":\"search_term_string\"}}],\"inLanguage\":\"en-GB\"},{\"@type\":\"Organization\",\"@id\":\"https:\/\/froewag.de\/#organization\",\"name\":\"Fr\u00f6Wag GmbH\",\"url\":\"https:\/\/froewag.de\/\",\"logo\":{\"@type\":\"ImageObject\",\"inLanguage\":\"en-GB\",\"@id\":\"https:\/\/froewag.de\/#\/schema\/logo\/image\/\",\"url\":\"\",\"contentUrl\":\"\",\"caption\":\"Fr\u00f6Wag GmbH\"},\"image\":{\"@id\":\"https:\/\/froewag.de\/#\/schema\/logo\/image\/\"}}]}<\/script>\n<!-- \/ Yoast SEO plugin. -->","yoast_head_json":{"title":"Formensatz nach EN f\u00fcr \u00f8 100, 150 und 250 mm - Fr\u00f6wag GmbH","robots":{"index":"index","follow":"follow","max-snippet":"max-snippet:-1","max-image-preview":"max-image-preview:large","max-video-preview":"max-video-preview:-1"},"canonical":"https:\/\/froewag.de\/en\/product\/formensatz-nach-en-fuer-oe-100-und-150-mm-2\/","og_locale":"en_GB","og_type":"article","og_title":"Formensatz nach EN f\u00fcr \u00f8 100, 150 und 250 mm - Fr\u00f6wag GmbH","og_description":"Formensatz nach EN f\u00fcr \u00f8 100, 150 und 250 mm 2.151.01 Mitnehmerscheibe 305 mm 2.151.02 Mitnehmerscheibe 457mm 2.151.03 Mitnehmerscheibe 600mm 2.151.10 Fallhammer \u00f8 50 mm 2.151.11 Fallhammer \u00f8 50 mm 2.151.12 Fallhammer \u00f8 125 mm 2.060 Proctortopf \u00f8 100 mm 2.076 Proctortopf \u00f8 150 mm 2.088 Proctortopf \u00f8 250 mm","og_url":"https:\/\/froewag.de\/en\/product\/formensatz-nach-en-fuer-oe-100-und-150-mm-2\/","og_site_name":"Fr\u00f6wag GmbH","article_modified_time":"2024-01-19T12:35:08+00:00","og_image":[{"width":700,"height":800,"url":"https:\/\/froewag.de\/wp-content\/uploads\/2021\/03\/2187.jpg","type":"image\/jpeg"}],"twitter_card":"summary_large_image","schema":{"@context":"https:\/\/schema.org","@graph":[{"@type":"WebPage","@id":"https:\/\/froewag.de\/produkt\/formensatz-nach-en-fuer-oe-100-und-150-mm-2\/","url":"https:\/\/froewag.de\/produkt\/formensatz-nach-en-fuer-oe-100-und-150-mm-2\/","name":"Formensatz nach EN f\u00fcr \u00f8 100, 150 und 250 mm - Fr\u00f6wag GmbH","isPartOf":{"@id":"https:\/\/froewag.de\/#website"},"primaryImageOfPage":{"@id":"https:\/\/froewag.de\/produkt\/formensatz-nach-en-fuer-oe-100-und-150-mm-2\/#primaryimage"},"image":{"@id":"https:\/\/froewag.de\/produkt\/formensatz-nach-en-fuer-oe-100-und-150-mm-2\/#primaryimage"},"thumbnailUrl":"https:\/\/froewag.de\/wp-content\/uploads\/2021\/03\/2187.jpg","datePublished":"2021-10-06T19:14:08+00:00","dateModified":"2024-01-19T12:35:08+00:00","breadcrumb":{"@id":"https:\/\/froewag.de\/produkt\/formensatz-nach-en-fuer-oe-100-und-150-mm-2\/#breadcrumb"},"inLanguage":"en-GB","potentialAction":[{"@type":"ReadAction","target":["https:\/\/froewag.de\/produkt\/formensatz-nach-en-fuer-oe-100-und-150-mm-2\/"]}]},{"@type":"ImageObject","inLanguage":"en-GB","@id":"https:\/\/froewag.de\/produkt\/formensatz-nach-en-fuer-oe-100-und-150-mm-2\/#primaryimage","url":"https:\/\/froewag.de\/wp-content\/uploads\/2021\/03\/2187.jpg","contentUrl":"https:\/\/froewag.de\/wp-content\/uploads\/2021\/03\/2187.jpg","width":700,"height":800},{"@type":"BreadcrumbList","@id":"https:\/\/froewag.de\/produkt\/formensatz-nach-en-fuer-oe-100-und-150-mm-2\/#breadcrumb","itemListElement":[{"@type":"ListItem","position":1,"name":"Home","item":"https:\/\/froewag.de\/"},{"@type":"ListItem","position":2,"name":"Produkte","item":"https:\/\/froewag.de\/produkte\/"},{"@type":"ListItem","position":3,"name":"Boden","item":"https:\/\/froewag.de\/produktkategorie\/boden-2\/"},{"@type":"ListItem","position":4,"name":"Formensatz nach EN f\u00fcr \u00f8 100, 150 und 250 mm"}]},{"@type":"WebSite","@id":"https:\/\/froewag.de\/#website","url":"https:\/\/froewag.de\/","name":"Fr\u00f6wag GmbH","description":"Pr\u00fcfanlagen f\u00fcr Baustoffe und Umwelt","publisher":{"@id":"https:\/\/froewag.de\/#organization"},"potentialAction":[{"@type":"SearchAction","target":{"@type":"EntryPoint","urlTemplate":"https:\/\/froewag.de\/?s={search_term_string}"},"query-input":{"@type":"PropertyValueSpecification","valueRequired":true,"valueName":"search_term_string"}}],"inLanguage":"en-GB"},{"@type":"Organization","@id":"https:\/\/froewag.de\/#organization","name":"Fr\u00f6Wag GmbH","url":"https:\/\/froewag.de\/","logo":{"@type":"ImageObject","inLanguage":"en-GB","@id":"https:\/\/froewag.de\/#\/schema\/logo\/image\/","url":"","contentUrl":"","caption":"Fr\u00f6Wag GmbH"},"image":{"@id":"https:\/\/froewag.de\/#\/schema\/logo\/image\/"}}]}},"_links":{"self":[{"href":"https:\/\/froewag.de\/en\/wp-json\/wp\/v2\/product\/47568","targetHints":{"allow":["GET"]}}],"collection":[{"href":"https:\/\/froewag.de\/en\/wp-json\/wp\/v2\/product"}],"about":[{"href":"https:\/\/froewag.de\/en\/wp-json\/wp\/v2\/types\/product"}],"version-history":[{"count":3,"href":"https:\/\/froewag.de\/en\/wp-json\/wp\/v2\/product\/47568\/revisions"}],"predecessor-version":[{"id":53900,"href":"https:\/\/froewag.de\/en\/wp-json\/wp\/v2\/product\/47568\/revisions\/53900"}],"wp:featuredmedia":[{"embeddable":true,"href":"https:\/\/froewag.de\/en\/wp-json\/wp\/v2\/media\/21550"}],"wp:attachment":[{"href":"https:\/\/froewag.de\/en\/wp-json\/wp\/v2\/media?parent=47568"}],"wp:term":[{"taxonomy":"product_brand","embeddable":true,"href":"https:\/\/froewag.de\/en\/wp-json\/wp\/v2\/product_brand?post=47568"},{"taxonomy":"product_cat","embeddable":true,"href":"https:\/\/froewag.de\/en\/wp-json\/wp\/v2\/product_cat?post=47568"},{"taxonomy":"product_tag","embeddable":true,"href":"https:\/\/froewag.de\/en\/wp-json\/wp\/v2\/product_tag?post=47568"}],"curies":[{"name":"wp","href":"https:\/\/api.w.org\/{rel}","templated":true}]}}