{"id":47700,"date":"2021-10-06T21:14:31","date_gmt":"2021-10-06T19:14:31","guid":{"rendered":"http:\/\/froewag.de\/wp2\/produkt\/elektronische-kraft-und-wegmesseinrichtung-100-kn\/"},"modified":"2024-08-20T19:17:13","modified_gmt":"2024-08-20T17:17:13","slug":"elektronische-kraft-und-wegmesseinrichtung-100-kn","status":"publish","type":"product","link":"https:\/\/froewag.de\/en\/product\/elektronische-kraft-und-wegmesseinrichtung-100-kn\/","title":{"rendered":"Elektronische Kraft- und Wegmesseinrichtung 100 kN"},"content":{"rendered":"<p>Elektronische Kraft- und Weg-Messeinrichtung 100 kN f\u00fcr Plattendruckversuch DIN 18134<br \/>\nzum gleichzeitigen Ablesen von Kraft und Weg<br \/>\n-Stabiler Koffer mit LCD-Anzeige in MN\/m\u00b2 , umschaltbar f\u00fcr<br \/>\nLastplatte \u00f8 300, 600 mm und Kraft in kN<br \/>\nAufl\u00f6sung der Anzeige: bei Lastplatten bis \u00f8 300 mm 0,0001 MN\/m\u00b2<br \/>\nbei Lastplatten ab \u00f8 600 mm 0,00001 MN\/m\u00b2<br \/>\n&#8211; Akkubetrieben f\u00fcr ca. 50 Std.<br \/>\n&#8211; Wegaufnehmer 25 x 0,01 mm mit Anschlu\u00dfkabel<br \/>\n&#8211; Kraftaufnehmer 100 kN mit Druckst\u00fcck<br \/>\n&#8211; Adapterplatte am Kraftaufnehmer f\u00fcr den Einbau auf die Lastplatte<br \/>\n&#8211; Werkspr\u00fcfportokoll<br \/>\nAbmessung Koffer: 320 x 250 x 160 mm<br \/>\nGewicht ca. 8 kg<\/p>","protected":false},"excerpt":{"rendered":"<p>Zur Verwendung mit dem Plattendruckger\u00e4t.<\/p>","protected":false},"featured_media":54969,"template":"","meta":{"_acf_changed":false,"site-sidebar-layout":"default","site-content-layout":"plain-container","ast-site-content-layout":"normal-width-container","site-content-style":"unboxed","site-sidebar-style":"unboxed","ast-global-header-display":"","ast-banner-title-visibility":"","ast-main-header-display":"","ast-hfb-above-header-display":"","ast-hfb-below-header-display":"","ast-hfb-mobile-header-display":"","site-post-title":"","ast-breadcrumbs-content":"","ast-featured-img":"","footer-sml-layout":"","ast-disable-related-posts":"","theme-transparent-header-meta":"default","adv-header-id-meta":"","stick-header-meta":"","header-above-stick-meta":"","header-main-stick-meta":"","header-below-stick-meta":"","astra-migrate-meta-layouts":"set","ast-page-background-enabled":"default","ast-page-background-meta":{"desktop":{"background-color":"","background-image":"","background-repeat":"repeat","background-position":"center center","background-size":"auto","background-attachment":"scroll","background-type":"","background-media":"","overlay-type":"","overlay-color":"","overlay-opacity":"","overlay-gradient":""},"tablet":{"background-color":"","background-image":"","background-repeat":"repeat","background-position":"center center","background-size":"auto","background-attachment":"scroll","background-type":"","background-media":"","overlay-type":"","overlay-color":"","overlay-opacity":"","overlay-gradient":""},"mobile":{"background-color":"","background-image":"","background-repeat":"repeat","background-position":"center center","background-size":"auto","background-attachment":"scroll","background-type":"","background-media":"","overlay-type":"","overlay-color":"","overlay-opacity":"","overlay-gradient":""}},"ast-content-background-meta":{"desktop":{"background-color":"var(--ast-global-color-5)","background-image":"","background-repeat":"repeat","background-position":"center center","background-size":"auto","background-attachment":"scroll","background-type":"","background-media":"","overlay-type":"","overlay-color":"","overlay-opacity":"","overlay-gradient":""},"tablet":{"background-color":"var(--ast-global-color-5)","background-image":"","background-repeat":"repeat","background-position":"center center","background-size":"auto","background-attachment":"scroll","background-type":"","background-media":"","overlay-type":"","overlay-color":"","overlay-opacity":"","overlay-gradient":""},"mobile":{"background-color":"var(--ast-global-color-5)","background-image":"","background-repeat":"repeat","background-position":"center center","background-size":"auto","background-attachment":"scroll","background-type":"","background-media":"","overlay-type":"","overlay-color":"","overlay-opacity":"","overlay-gradient":""}},"_themeisle_gutenberg_block_has_review":false},"product_brand":[],"product_cat":[13928,13972],"product_tag":[13973],"class_list":{"0":"post-47700","1":"product","2":"type-product","3":"status-publish","4":"has-post-thumbnail","6":"product_cat-boden-2","7":"product_cat-verformbarkeit-tragfaehigkeit-boden-2","8":"product_tag-verformbarkeit-tragfaehigkeit","9":"pa_einzelnormen-din","10":"pa_einzelnormen-din-18134","11":"desktop-align-left","12":"tablet-align-left","13":"mobile-align-left","15":"first","16":"instock","17":"product-type-simple"},"acf":[],"yoast_head":"<!-- This site is optimized with the Yoast SEO plugin v27.4 - https:\/\/yoast.com\/product\/yoast-seo-wordpress\/ -->\n<title>Elektronische Kraft- und Wegmesseinrichtung 100 kN - Fr\u00f6wag GmbH<\/title>\n<meta name=\"robots\" content=\"index, follow, max-snippet:-1, max-image-preview:large, max-video-preview:-1\" \/>\n<link rel=\"canonical\" href=\"https:\/\/froewag.de\/en\/product\/elektronische-kraft-und-wegmesseinrichtung-100-kn\/\" \/>\n<meta property=\"og:locale\" content=\"en_GB\" \/>\n<meta property=\"og:type\" content=\"article\" \/>\n<meta property=\"og:title\" content=\"Elektronische Kraft- und Wegmesseinrichtung 100 kN - Fr\u00f6wag GmbH\" \/>\n<meta property=\"og:description\" content=\"Zur Verwendung mit dem Plattendruckger\u00e4t.\" \/>\n<meta property=\"og:url\" content=\"https:\/\/froewag.de\/en\/product\/elektronische-kraft-und-wegmesseinrichtung-100-kn\/\" \/>\n<meta property=\"og:site_name\" content=\"Fr\u00f6wag GmbH\" \/>\n<meta property=\"article:modified_time\" content=\"2024-08-20T17:17:13+00:00\" \/>\n<meta property=\"og:image\" content=\"http:\/\/froewag.de\/wp-content\/uploads\/2021\/10\/2.388.50-Kraft-Weg-kpl.jpg\" \/>\n\t<meta property=\"og:image:width\" content=\"1160\" \/>\n\t<meta property=\"og:image:height\" content=\"1160\" \/>\n\t<meta property=\"og:image:type\" content=\"image\/jpeg\" \/>\n<meta name=\"twitter:card\" content=\"summary_large_image\" \/>\n<script type=\"application\/ld+json\" class=\"yoast-schema-graph\">{\"@context\":\"https:\\\/\\\/schema.org\",\"@graph\":[{\"@type\":\"WebPage\",\"@id\":\"https:\\\/\\\/froewag.de\\\/produkt\\\/elektronische-kraft-und-wegmesseinrichtung-100-kn\\\/\",\"url\":\"https:\\\/\\\/froewag.de\\\/produkt\\\/elektronische-kraft-und-wegmesseinrichtung-100-kn\\\/\",\"name\":\"Elektronische Kraft- und Wegmesseinrichtung 100 kN - Fr\u00f6wag GmbH\",\"isPartOf\":{\"@id\":\"https:\\\/\\\/froewag.de\\\/#website\"},\"primaryImageOfPage\":{\"@id\":\"https:\\\/\\\/froewag.de\\\/produkt\\\/elektronische-kraft-und-wegmesseinrichtung-100-kn\\\/#primaryimage\"},\"image\":{\"@id\":\"https:\\\/\\\/froewag.de\\\/produkt\\\/elektronische-kraft-und-wegmesseinrichtung-100-kn\\\/#primaryimage\"},\"thumbnailUrl\":\"https:\\\/\\\/froewag.de\\\/wp-content\\\/uploads\\\/2021\\\/10\\\/2.388.50-Kraft-Weg-kpl.jpg\",\"datePublished\":\"2021-10-06T19:14:31+00:00\",\"dateModified\":\"2024-08-20T17:17:13+00:00\",\"breadcrumb\":{\"@id\":\"https:\\\/\\\/froewag.de\\\/produkt\\\/elektronische-kraft-und-wegmesseinrichtung-100-kn\\\/#breadcrumb\"},\"inLanguage\":\"en-GB\",\"potentialAction\":[{\"@type\":\"ReadAction\",\"target\":[\"https:\\\/\\\/froewag.de\\\/produkt\\\/elektronische-kraft-und-wegmesseinrichtung-100-kn\\\/\"]}]},{\"@type\":\"ImageObject\",\"inLanguage\":\"en-GB\",\"@id\":\"https:\\\/\\\/froewag.de\\\/produkt\\\/elektronische-kraft-und-wegmesseinrichtung-100-kn\\\/#primaryimage\",\"url\":\"https:\\\/\\\/froewag.de\\\/wp-content\\\/uploads\\\/2021\\\/10\\\/2.388.50-Kraft-Weg-kpl.jpg\",\"contentUrl\":\"https:\\\/\\\/froewag.de\\\/wp-content\\\/uploads\\\/2021\\\/10\\\/2.388.50-Kraft-Weg-kpl.jpg\",\"width\":1160,\"height\":1160},{\"@type\":\"BreadcrumbList\",\"@id\":\"https:\\\/\\\/froewag.de\\\/produkt\\\/elektronische-kraft-und-wegmesseinrichtung-100-kn\\\/#breadcrumb\",\"itemListElement\":[{\"@type\":\"ListItem\",\"position\":1,\"name\":\"Home\",\"item\":\"https:\\\/\\\/froewag.de\\\/\"},{\"@type\":\"ListItem\",\"position\":2,\"name\":\"Produkte\",\"item\":\"https:\\\/\\\/froewag.de\\\/produkte\\\/\"},{\"@type\":\"ListItem\",\"position\":3,\"name\":\"Boden\",\"item\":\"https:\\\/\\\/froewag.de\\\/produktkategorie\\\/boden-2\\\/\"},{\"@type\":\"ListItem\",\"position\":4,\"name\":\"Verformbarkeit \\\/ Tragf\u00e4higkeit Boden\",\"item\":\"https:\\\/\\\/froewag.de\\\/produktkategorie\\\/boden-2\\\/verformbarkeit-tragfaehigkeit-boden-2\\\/\"},{\"@type\":\"ListItem\",\"position\":5,\"name\":\"Elektronische Kraft- und Wegmesseinrichtung 100 kN\"}]},{\"@type\":\"WebSite\",\"@id\":\"https:\\\/\\\/froewag.de\\\/#website\",\"url\":\"https:\\\/\\\/froewag.de\\\/\",\"name\":\"Fr\u00f6wag GmbH\",\"description\":\"Pr\u00fcfanlagen f\u00fcr Baustoffe und Umwelt\",\"publisher\":{\"@id\":\"https:\\\/\\\/froewag.de\\\/#organization\"},\"potentialAction\":[{\"@type\":\"SearchAction\",\"target\":{\"@type\":\"EntryPoint\",\"urlTemplate\":\"https:\\\/\\\/froewag.de\\\/?s={search_term_string}\"},\"query-input\":{\"@type\":\"PropertyValueSpecification\",\"valueRequired\":true,\"valueName\":\"search_term_string\"}}],\"inLanguage\":\"en-GB\"},{\"@type\":\"Organization\",\"@id\":\"https:\\\/\\\/froewag.de\\\/#organization\",\"name\":\"Fr\u00f6Wag GmbH\",\"url\":\"https:\\\/\\\/froewag.de\\\/\",\"logo\":{\"@type\":\"ImageObject\",\"inLanguage\":\"en-GB\",\"@id\":\"https:\\\/\\\/froewag.de\\\/#\\\/schema\\\/logo\\\/image\\\/\",\"url\":\"\",\"contentUrl\":\"\",\"caption\":\"Fr\u00f6Wag GmbH\"},\"image\":{\"@id\":\"https:\\\/\\\/froewag.de\\\/#\\\/schema\\\/logo\\\/image\\\/\"}}]}<\/script>\n<!-- \/ Yoast SEO plugin. -->","yoast_head_json":{"title":"Elektronische Kraft- und Wegmesseinrichtung 100 kN - Fr\u00f6wag GmbH","robots":{"index":"index","follow":"follow","max-snippet":"max-snippet:-1","max-image-preview":"max-image-preview:large","max-video-preview":"max-video-preview:-1"},"canonical":"https:\/\/froewag.de\/en\/product\/elektronische-kraft-und-wegmesseinrichtung-100-kn\/","og_locale":"en_GB","og_type":"article","og_title":"Elektronische Kraft- und Wegmesseinrichtung 100 kN - Fr\u00f6wag GmbH","og_description":"Zur Verwendung mit dem Plattendruckger\u00e4t.","og_url":"https:\/\/froewag.de\/en\/product\/elektronische-kraft-und-wegmesseinrichtung-100-kn\/","og_site_name":"Fr\u00f6wag GmbH","article_modified_time":"2024-08-20T17:17:13+00:00","og_image":[{"width":1160,"height":1160,"url":"http:\/\/froewag.de\/wp-content\/uploads\/2021\/10\/2.388.50-Kraft-Weg-kpl.jpg","type":"image\/jpeg"}],"twitter_card":"summary_large_image","schema":{"@context":"https:\/\/schema.org","@graph":[{"@type":"WebPage","@id":"https:\/\/froewag.de\/produkt\/elektronische-kraft-und-wegmesseinrichtung-100-kn\/","url":"https:\/\/froewag.de\/produkt\/elektronische-kraft-und-wegmesseinrichtung-100-kn\/","name":"Elektronische Kraft- und Wegmesseinrichtung 100 kN - Fr\u00f6wag GmbH","isPartOf":{"@id":"https:\/\/froewag.de\/#website"},"primaryImageOfPage":{"@id":"https:\/\/froewag.de\/produkt\/elektronische-kraft-und-wegmesseinrichtung-100-kn\/#primaryimage"},"image":{"@id":"https:\/\/froewag.de\/produkt\/elektronische-kraft-und-wegmesseinrichtung-100-kn\/#primaryimage"},"thumbnailUrl":"https:\/\/froewag.de\/wp-content\/uploads\/2021\/10\/2.388.50-Kraft-Weg-kpl.jpg","datePublished":"2021-10-06T19:14:31+00:00","dateModified":"2024-08-20T17:17:13+00:00","breadcrumb":{"@id":"https:\/\/froewag.de\/produkt\/elektronische-kraft-und-wegmesseinrichtung-100-kn\/#breadcrumb"},"inLanguage":"en-GB","potentialAction":[{"@type":"ReadAction","target":["https:\/\/froewag.de\/produkt\/elektronische-kraft-und-wegmesseinrichtung-100-kn\/"]}]},{"@type":"ImageObject","inLanguage":"en-GB","@id":"https:\/\/froewag.de\/produkt\/elektronische-kraft-und-wegmesseinrichtung-100-kn\/#primaryimage","url":"https:\/\/froewag.de\/wp-content\/uploads\/2021\/10\/2.388.50-Kraft-Weg-kpl.jpg","contentUrl":"https:\/\/froewag.de\/wp-content\/uploads\/2021\/10\/2.388.50-Kraft-Weg-kpl.jpg","width":1160,"height":1160},{"@type":"BreadcrumbList","@id":"https:\/\/froewag.de\/produkt\/elektronische-kraft-und-wegmesseinrichtung-100-kn\/#breadcrumb","itemListElement":[{"@type":"ListItem","position":1,"name":"Home","item":"https:\/\/froewag.de\/"},{"@type":"ListItem","position":2,"name":"Produkte","item":"https:\/\/froewag.de\/produkte\/"},{"@type":"ListItem","position":3,"name":"Boden","item":"https:\/\/froewag.de\/produktkategorie\/boden-2\/"},{"@type":"ListItem","position":4,"name":"Verformbarkeit \/ Tragf\u00e4higkeit Boden","item":"https:\/\/froewag.de\/produktkategorie\/boden-2\/verformbarkeit-tragfaehigkeit-boden-2\/"},{"@type":"ListItem","position":5,"name":"Elektronische Kraft- und Wegmesseinrichtung 100 kN"}]},{"@type":"WebSite","@id":"https:\/\/froewag.de\/#website","url":"https:\/\/froewag.de\/","name":"Fr\u00f6wag GmbH","description":"Pr\u00fcfanlagen f\u00fcr Baustoffe und Umwelt","publisher":{"@id":"https:\/\/froewag.de\/#organization"},"potentialAction":[{"@type":"SearchAction","target":{"@type":"EntryPoint","urlTemplate":"https:\/\/froewag.de\/?s={search_term_string}"},"query-input":{"@type":"PropertyValueSpecification","valueRequired":true,"valueName":"search_term_string"}}],"inLanguage":"en-GB"},{"@type":"Organization","@id":"https:\/\/froewag.de\/#organization","name":"Fr\u00f6Wag GmbH","url":"https:\/\/froewag.de\/","logo":{"@type":"ImageObject","inLanguage":"en-GB","@id":"https:\/\/froewag.de\/#\/schema\/logo\/image\/","url":"","contentUrl":"","caption":"Fr\u00f6Wag GmbH"},"image":{"@id":"https:\/\/froewag.de\/#\/schema\/logo\/image\/"}}]}},"_links":{"self":[{"href":"https:\/\/froewag.de\/en\/wp-json\/wp\/v2\/product\/47700","targetHints":{"allow":["GET"]}}],"collection":[{"href":"https:\/\/froewag.de\/en\/wp-json\/wp\/v2\/product"}],"about":[{"href":"https:\/\/froewag.de\/en\/wp-json\/wp\/v2\/types\/product"}],"version-history":[{"count":3,"href":"https:\/\/froewag.de\/en\/wp-json\/wp\/v2\/product\/47700\/revisions"}],"predecessor-version":[{"id":54970,"href":"https:\/\/froewag.de\/en\/wp-json\/wp\/v2\/product\/47700\/revisions\/54970"}],"wp:featuredmedia":[{"embeddable":true,"href":"https:\/\/froewag.de\/en\/wp-json\/wp\/v2\/media\/54969"}],"wp:attachment":[{"href":"https:\/\/froewag.de\/en\/wp-json\/wp\/v2\/media?parent=47700"}],"wp:term":[{"taxonomy":"product_brand","embeddable":true,"href":"https:\/\/froewag.de\/en\/wp-json\/wp\/v2\/product_brand?post=47700"},{"taxonomy":"product_cat","embeddable":true,"href":"https:\/\/froewag.de\/en\/wp-json\/wp\/v2\/product_cat?post=47700"},{"taxonomy":"product_tag","embeddable":true,"href":"https:\/\/froewag.de\/en\/wp-json\/wp\/v2\/product_tag?post=47700"}],"curies":[{"name":"wp","href":"https:\/\/api.w.org\/{rel}","templated":true}]}}