{"id":47702,"date":"2021-10-06T21:14:31","date_gmt":"2021-10-06T19:14:31","guid":{"rendered":"http:\/\/froewag.de\/wp2\/produkt\/kraftmesseinrichtung-100-kn\/"},"modified":"2024-08-20T19:10:31","modified_gmt":"2024-08-20T17:10:31","slug":"kraftmesseinrichtung-100-kn","status":"publish","type":"product","link":"https:\/\/froewag.de\/en\/product\/kraftmesseinrichtung-100-kn\/","title":{"rendered":"Kraftmesseinrichtung 100 kN"},"content":{"rendered":"<p>Elektronische Kraftmesseinrichtung 100 kN<br \/>\nf\u00fcr Plattendruckversuch nach DIN 18134<\/p>\n<p>-Stabiler Koffer mit LCD-Anzeige in MN\/m\u00b2 , umschaltbar f\u00fcr<br \/>\nLastplatte \u00f8 300, 600 mm und kN Anzeige<br \/>\nAufl\u00f6sung der Anzeige: bei Lastplatten bis \u00f8 300 mm 0,001 MN\/m\u00b2<br \/>\nbei Lastplatten ab \u00f8 600 mm 0,0001 MN\/m\u00b2<br \/>\n&#8211; Akkubetrieben f\u00fcr ca. 70 Std.<br \/>\n&#8211; Kraftaufnehmer 100 kN mit Druckst\u00fcck<br \/>\n&#8211; Adapterplatte am Kraftaufnehmer f\u00fcr den Einbau auf die Lastplatte<br \/>\n&#8211; Werkspr\u00fcfportokoll<br \/>\nAbmessung Koffer: 320 x 250 x 160 mm<br \/>\nGewicht ca. 7,6 kg<\/p>","protected":false},"excerpt":{"rendered":"<p>Zur Verwendung mit dem Plattendruckger\u00e4t gem\u00e4\u00df .<\/p>","protected":false},"featured_media":54966,"template":"","meta":{"_acf_changed":false,"site-sidebar-layout":"default","site-content-layout":"","ast-site-content-layout":"default","site-content-style":"default","site-sidebar-style":"default","ast-global-header-display":"","ast-banner-title-visibility":"","ast-main-header-display":"","ast-hfb-above-header-display":"","ast-hfb-below-header-display":"","ast-hfb-mobile-header-display":"","site-post-title":"","ast-breadcrumbs-content":"","ast-featured-img":"","footer-sml-layout":"","ast-disable-related-posts":"","theme-transparent-header-meta":"default","adv-header-id-meta":"","stick-header-meta":"","header-above-stick-meta":"","header-main-stick-meta":"","header-below-stick-meta":"","astra-migrate-meta-layouts":"set","ast-page-background-enabled":"default","ast-page-background-meta":{"desktop":{"background-color":"","background-image":"","background-repeat":"repeat","background-position":"center center","background-size":"auto","background-attachment":"scroll","background-type":"","background-media":"","overlay-type":"","overlay-color":"","overlay-opacity":"","overlay-gradient":""},"tablet":{"background-color":"","background-image":"","background-repeat":"repeat","background-position":"center center","background-size":"auto","background-attachment":"scroll","background-type":"","background-media":"","overlay-type":"","overlay-color":"","overlay-opacity":"","overlay-gradient":""},"mobile":{"background-color":"","background-image":"","background-repeat":"repeat","background-position":"center center","background-size":"auto","background-attachment":"scroll","background-type":"","background-media":"","overlay-type":"","overlay-color":"","overlay-opacity":"","overlay-gradient":""}},"ast-content-background-meta":{"desktop":{"background-color":"var(--ast-global-color-5)","background-image":"","background-repeat":"repeat","background-position":"center center","background-size":"auto","background-attachment":"scroll","background-type":"","background-media":"","overlay-type":"","overlay-color":"","overlay-opacity":"","overlay-gradient":""},"tablet":{"background-color":"var(--ast-global-color-5)","background-image":"","background-repeat":"repeat","background-position":"center center","background-size":"auto","background-attachment":"scroll","background-type":"","background-media":"","overlay-type":"","overlay-color":"","overlay-opacity":"","overlay-gradient":""},"mobile":{"background-color":"var(--ast-global-color-5)","background-image":"","background-repeat":"repeat","background-position":"center center","background-size":"auto","background-attachment":"scroll","background-type":"","background-media":"","overlay-type":"","overlay-color":"","overlay-opacity":"","overlay-gradient":""}},"_themeisle_gutenberg_block_has_review":false},"product_brand":[],"product_cat":[13789,13928,13972],"product_tag":[13986],"class_list":{"0":"post-47702","1":"product","2":"type-product","3":"status-publish","4":"has-post-thumbnail","6":"product_cat-bitumen-2","7":"product_cat-boden-2","8":"product_cat-verformbarkeit-tragfaehigkeit-boden-2","9":"product_tag-verformbarkeit-tragfaehigkeit-kaltrecycling","10":"pa_einzelnormen-din","11":"pa_einzelnormen-din-18134","12":"desktop-align-left","13":"tablet-align-left","14":"mobile-align-left","16":"first","17":"instock","18":"product-type-simple"},"acf":[],"yoast_head":"<!-- This site is optimized with the Yoast SEO plugin v27.4 - https:\/\/yoast.com\/product\/yoast-seo-wordpress\/ -->\n<title>Kraftmesseinrichtung 100 kN - Fr\u00f6wag GmbH<\/title>\n<meta name=\"robots\" content=\"index, follow, max-snippet:-1, max-image-preview:large, max-video-preview:-1\" \/>\n<link rel=\"canonical\" href=\"https:\/\/froewag.de\/en\/product\/kraftmesseinrichtung-100-kn\/\" \/>\n<meta property=\"og:locale\" content=\"en_GB\" \/>\n<meta property=\"og:type\" content=\"article\" \/>\n<meta property=\"og:title\" content=\"Kraftmesseinrichtung 100 kN - Fr\u00f6wag GmbH\" \/>\n<meta property=\"og:description\" content=\"Zur Verwendung mit dem Plattendruckger\u00e4t gem\u00e4\u00df .\" \/>\n<meta property=\"og:url\" content=\"https:\/\/froewag.de\/en\/product\/kraftmesseinrichtung-100-kn\/\" \/>\n<meta property=\"og:site_name\" content=\"Fr\u00f6wag GmbH\" \/>\n<meta property=\"article:modified_time\" content=\"2024-08-20T17:10:31+00:00\" \/>\n<meta property=\"og:image\" content=\"http:\/\/froewag.de\/wp-content\/uploads\/2021\/10\/2.385.50.jpg\" \/>\n\t<meta property=\"og:image:width\" content=\"1920\" \/>\n\t<meta property=\"og:image:height\" content=\"1920\" \/>\n\t<meta property=\"og:image:type\" content=\"image\/jpeg\" \/>\n<meta name=\"twitter:card\" content=\"summary_large_image\" \/>\n<script type=\"application\/ld+json\" class=\"yoast-schema-graph\">{\"@context\":\"https:\\\/\\\/schema.org\",\"@graph\":[{\"@type\":\"WebPage\",\"@id\":\"https:\\\/\\\/froewag.de\\\/produkt\\\/kraftmesseinrichtung-100-kn\\\/\",\"url\":\"https:\\\/\\\/froewag.de\\\/produkt\\\/kraftmesseinrichtung-100-kn\\\/\",\"name\":\"Kraftmesseinrichtung 100 kN - Fr\u00f6wag GmbH\",\"isPartOf\":{\"@id\":\"https:\\\/\\\/froewag.de\\\/#website\"},\"primaryImageOfPage\":{\"@id\":\"https:\\\/\\\/froewag.de\\\/produkt\\\/kraftmesseinrichtung-100-kn\\\/#primaryimage\"},\"image\":{\"@id\":\"https:\\\/\\\/froewag.de\\\/produkt\\\/kraftmesseinrichtung-100-kn\\\/#primaryimage\"},\"thumbnailUrl\":\"https:\\\/\\\/froewag.de\\\/wp-content\\\/uploads\\\/2021\\\/10\\\/2.385.50.jpg\",\"datePublished\":\"2021-10-06T19:14:31+00:00\",\"dateModified\":\"2024-08-20T17:10:31+00:00\",\"breadcrumb\":{\"@id\":\"https:\\\/\\\/froewag.de\\\/produkt\\\/kraftmesseinrichtung-100-kn\\\/#breadcrumb\"},\"inLanguage\":\"en-GB\",\"potentialAction\":[{\"@type\":\"ReadAction\",\"target\":[\"https:\\\/\\\/froewag.de\\\/produkt\\\/kraftmesseinrichtung-100-kn\\\/\"]}]},{\"@type\":\"ImageObject\",\"inLanguage\":\"en-GB\",\"@id\":\"https:\\\/\\\/froewag.de\\\/produkt\\\/kraftmesseinrichtung-100-kn\\\/#primaryimage\",\"url\":\"https:\\\/\\\/froewag.de\\\/wp-content\\\/uploads\\\/2021\\\/10\\\/2.385.50.jpg\",\"contentUrl\":\"https:\\\/\\\/froewag.de\\\/wp-content\\\/uploads\\\/2021\\\/10\\\/2.385.50.jpg\",\"width\":1920,\"height\":1920},{\"@type\":\"BreadcrumbList\",\"@id\":\"https:\\\/\\\/froewag.de\\\/produkt\\\/kraftmesseinrichtung-100-kn\\\/#breadcrumb\",\"itemListElement\":[{\"@type\":\"ListItem\",\"position\":1,\"name\":\"Home\",\"item\":\"https:\\\/\\\/froewag.de\\\/\"},{\"@type\":\"ListItem\",\"position\":2,\"name\":\"Produkte\",\"item\":\"https:\\\/\\\/froewag.de\\\/produkte\\\/\"},{\"@type\":\"ListItem\",\"position\":3,\"name\":\"Bitumen\",\"item\":\"https:\\\/\\\/froewag.de\\\/produktkategorie\\\/bitumen-2\\\/\"},{\"@type\":\"ListItem\",\"position\":4,\"name\":\"Kraftmesseinrichtung 100 kN\"}]},{\"@type\":\"WebSite\",\"@id\":\"https:\\\/\\\/froewag.de\\\/#website\",\"url\":\"https:\\\/\\\/froewag.de\\\/\",\"name\":\"Fr\u00f6wag GmbH\",\"description\":\"Pr\u00fcfanlagen f\u00fcr Baustoffe und Umwelt\",\"publisher\":{\"@id\":\"https:\\\/\\\/froewag.de\\\/#organization\"},\"potentialAction\":[{\"@type\":\"SearchAction\",\"target\":{\"@type\":\"EntryPoint\",\"urlTemplate\":\"https:\\\/\\\/froewag.de\\\/?s={search_term_string}\"},\"query-input\":{\"@type\":\"PropertyValueSpecification\",\"valueRequired\":true,\"valueName\":\"search_term_string\"}}],\"inLanguage\":\"en-GB\"},{\"@type\":\"Organization\",\"@id\":\"https:\\\/\\\/froewag.de\\\/#organization\",\"name\":\"Fr\u00f6Wag GmbH\",\"url\":\"https:\\\/\\\/froewag.de\\\/\",\"logo\":{\"@type\":\"ImageObject\",\"inLanguage\":\"en-GB\",\"@id\":\"https:\\\/\\\/froewag.de\\\/#\\\/schema\\\/logo\\\/image\\\/\",\"url\":\"\",\"contentUrl\":\"\",\"caption\":\"Fr\u00f6Wag GmbH\"},\"image\":{\"@id\":\"https:\\\/\\\/froewag.de\\\/#\\\/schema\\\/logo\\\/image\\\/\"}}]}<\/script>\n<!-- \/ Yoast SEO plugin. -->","yoast_head_json":{"title":"Kraftmesseinrichtung 100 kN - Fr\u00f6wag GmbH","robots":{"index":"index","follow":"follow","max-snippet":"max-snippet:-1","max-image-preview":"max-image-preview:large","max-video-preview":"max-video-preview:-1"},"canonical":"https:\/\/froewag.de\/en\/product\/kraftmesseinrichtung-100-kn\/","og_locale":"en_GB","og_type":"article","og_title":"Kraftmesseinrichtung 100 kN - Fr\u00f6wag GmbH","og_description":"Zur Verwendung mit dem Plattendruckger\u00e4t gem\u00e4\u00df .","og_url":"https:\/\/froewag.de\/en\/product\/kraftmesseinrichtung-100-kn\/","og_site_name":"Fr\u00f6wag GmbH","article_modified_time":"2024-08-20T17:10:31+00:00","og_image":[{"width":1920,"height":1920,"url":"http:\/\/froewag.de\/wp-content\/uploads\/2021\/10\/2.385.50.jpg","type":"image\/jpeg"}],"twitter_card":"summary_large_image","schema":{"@context":"https:\/\/schema.org","@graph":[{"@type":"WebPage","@id":"https:\/\/froewag.de\/produkt\/kraftmesseinrichtung-100-kn\/","url":"https:\/\/froewag.de\/produkt\/kraftmesseinrichtung-100-kn\/","name":"Kraftmesseinrichtung 100 kN - Fr\u00f6wag GmbH","isPartOf":{"@id":"https:\/\/froewag.de\/#website"},"primaryImageOfPage":{"@id":"https:\/\/froewag.de\/produkt\/kraftmesseinrichtung-100-kn\/#primaryimage"},"image":{"@id":"https:\/\/froewag.de\/produkt\/kraftmesseinrichtung-100-kn\/#primaryimage"},"thumbnailUrl":"https:\/\/froewag.de\/wp-content\/uploads\/2021\/10\/2.385.50.jpg","datePublished":"2021-10-06T19:14:31+00:00","dateModified":"2024-08-20T17:10:31+00:00","breadcrumb":{"@id":"https:\/\/froewag.de\/produkt\/kraftmesseinrichtung-100-kn\/#breadcrumb"},"inLanguage":"en-GB","potentialAction":[{"@type":"ReadAction","target":["https:\/\/froewag.de\/produkt\/kraftmesseinrichtung-100-kn\/"]}]},{"@type":"ImageObject","inLanguage":"en-GB","@id":"https:\/\/froewag.de\/produkt\/kraftmesseinrichtung-100-kn\/#primaryimage","url":"https:\/\/froewag.de\/wp-content\/uploads\/2021\/10\/2.385.50.jpg","contentUrl":"https:\/\/froewag.de\/wp-content\/uploads\/2021\/10\/2.385.50.jpg","width":1920,"height":1920},{"@type":"BreadcrumbList","@id":"https:\/\/froewag.de\/produkt\/kraftmesseinrichtung-100-kn\/#breadcrumb","itemListElement":[{"@type":"ListItem","position":1,"name":"Home","item":"https:\/\/froewag.de\/"},{"@type":"ListItem","position":2,"name":"Produkte","item":"https:\/\/froewag.de\/produkte\/"},{"@type":"ListItem","position":3,"name":"Bitumen","item":"https:\/\/froewag.de\/produktkategorie\/bitumen-2\/"},{"@type":"ListItem","position":4,"name":"Kraftmesseinrichtung 100 kN"}]},{"@type":"WebSite","@id":"https:\/\/froewag.de\/#website","url":"https:\/\/froewag.de\/","name":"Fr\u00f6wag GmbH","description":"Pr\u00fcfanlagen f\u00fcr Baustoffe und Umwelt","publisher":{"@id":"https:\/\/froewag.de\/#organization"},"potentialAction":[{"@type":"SearchAction","target":{"@type":"EntryPoint","urlTemplate":"https:\/\/froewag.de\/?s={search_term_string}"},"query-input":{"@type":"PropertyValueSpecification","valueRequired":true,"valueName":"search_term_string"}}],"inLanguage":"en-GB"},{"@type":"Organization","@id":"https:\/\/froewag.de\/#organization","name":"Fr\u00f6Wag GmbH","url":"https:\/\/froewag.de\/","logo":{"@type":"ImageObject","inLanguage":"en-GB","@id":"https:\/\/froewag.de\/#\/schema\/logo\/image\/","url":"","contentUrl":"","caption":"Fr\u00f6Wag GmbH"},"image":{"@id":"https:\/\/froewag.de\/#\/schema\/logo\/image\/"}}]}},"_links":{"self":[{"href":"https:\/\/froewag.de\/en\/wp-json\/wp\/v2\/product\/47702","targetHints":{"allow":["GET"]}}],"collection":[{"href":"https:\/\/froewag.de\/en\/wp-json\/wp\/v2\/product"}],"about":[{"href":"https:\/\/froewag.de\/en\/wp-json\/wp\/v2\/types\/product"}],"version-history":[{"count":4,"href":"https:\/\/froewag.de\/en\/wp-json\/wp\/v2\/product\/47702\/revisions"}],"predecessor-version":[{"id":54967,"href":"https:\/\/froewag.de\/en\/wp-json\/wp\/v2\/product\/47702\/revisions\/54967"}],"wp:featuredmedia":[{"embeddable":true,"href":"https:\/\/froewag.de\/en\/wp-json\/wp\/v2\/media\/54966"}],"wp:attachment":[{"href":"https:\/\/froewag.de\/en\/wp-json\/wp\/v2\/media?parent=47702"}],"wp:term":[{"taxonomy":"product_brand","embeddable":true,"href":"https:\/\/froewag.de\/en\/wp-json\/wp\/v2\/product_brand?post=47702"},{"taxonomy":"product_cat","embeddable":true,"href":"https:\/\/froewag.de\/en\/wp-json\/wp\/v2\/product_cat?post=47702"},{"taxonomy":"product_tag","embeddable":true,"href":"https:\/\/froewag.de\/en\/wp-json\/wp\/v2\/product_tag?post=47702"}],"curies":[{"name":"wp","href":"https:\/\/api.w.org\/{rel}","templated":true}]}}