{"id":47804,"date":"2021-10-06T21:14:59","date_gmt":"2021-10-06T19:14:59","guid":{"rendered":"http:\/\/froewag.de\/wp2\/produkt\/konuspenetrometer-fallkegelgeraet-mit-analoger-messuhranzeige\/"},"modified":"2021-10-06T21:15:00","modified_gmt":"2021-10-06T19:15:00","slug":"konuspenetrometer-fallkegelgeraet-mit-analoger-messuhranzeige","status":"publish","type":"product","link":"https:\/\/froewag.de\/en\/product\/konuspenetrometer-fallkegelgeraet-mit-analoger-messuhranzeige\/","title":{"rendered":"Konuspenetrometer (Fallkegelger\u00e4t) mit analoger Messuhranzeige"},"content":{"rendered":"<p>DIN ISO 17892-6 -BS 1337-2, DIN ISO 17892-12<\/p>\n<p>Konuspenetrometer (Fallkegelger\u00e4t) mit analoger Messuhranzeige<\/p>\n<p>zur Bestimmung der undrainierten Scherfestigkeit und zur Flie\u00dfgrenzenbestimmung <\/p>\n<p>Stabiles Gestell mit h\u00f6henverstellbarem Arm mittels Handrad, Grundplatte mit Libelle und Zentrierung f\u00fcr kleines Wasserbad \u00f8 160 mm (1.562). Manuelle Fallstabarretierung. Ablesung der Penetration \u00fcber analoge Messuhr mit Messweg 50 mm, Genauigkeit 0,01 mm.<\/p>\n<p>Lieferung erfolgt mit Fallstab 49 g und Konus 30\u00b0 f\u00fcr Fallkegelversuch 80 g<\/p>","protected":false},"excerpt":{"rendered":"<p>zur Bestimmung der undrainierten Scherfestigkeit und zur Flie\u00dfgrenzenbestimmung <\/p>","protected":false},"featured_media":21446,"template":"","meta":{"_acf_changed":false,"site-sidebar-layout":"default","site-content-layout":"plain-container","ast-site-content-layout":"default","site-content-style":"default","site-sidebar-style":"default","ast-global-header-display":"","ast-banner-title-visibility":"","ast-main-header-display":"","ast-hfb-above-header-display":"","ast-hfb-below-header-display":"","ast-hfb-mobile-header-display":"","site-post-title":"","ast-breadcrumbs-content":"","ast-featured-img":"","footer-sml-layout":"","ast-disable-related-posts":"","theme-transparent-header-meta":"default","adv-header-id-meta":"","stick-header-meta":"","header-above-stick-meta":"","header-main-stick-meta":"","header-below-stick-meta":"","astra-migrate-meta-layouts":"default","ast-page-background-enabled":"default","ast-page-background-meta":{"desktop":{"background-color":"","background-image":"","background-repeat":"repeat","background-position":"center center","background-size":"auto","background-attachment":"scroll","background-type":"","background-media":"","overlay-type":"","overlay-color":"","overlay-opacity":"","overlay-gradient":""},"tablet":{"background-color":"","background-image":"","background-repeat":"repeat","background-position":"center center","background-size":"auto","background-attachment":"scroll","background-type":"","background-media":"","overlay-type":"","overlay-color":"","overlay-opacity":"","overlay-gradient":""},"mobile":{"background-color":"","background-image":"","background-repeat":"repeat","background-position":"center center","background-size":"auto","background-attachment":"scroll","background-type":"","background-media":"","overlay-type":"","overlay-color":"","overlay-opacity":"","overlay-gradient":""}},"ast-content-background-meta":{"desktop":{"background-color":"var(--ast-global-color-5)","background-image":"","background-repeat":"repeat","background-position":"center center","background-size":"auto","background-attachment":"scroll","background-type":"","background-media":"","overlay-type":"","overlay-color":"","overlay-opacity":"","overlay-gradient":""},"tablet":{"background-color":"var(--ast-global-color-5)","background-image":"","background-repeat":"repeat","background-position":"center center","background-size":"auto","background-attachment":"scroll","background-type":"","background-media":"","overlay-type":"","overlay-color":"","overlay-opacity":"","overlay-gradient":""},"mobile":{"background-color":"var(--ast-global-color-5)","background-image":"","background-repeat":"repeat","background-position":"center center","background-size":"auto","background-attachment":"scroll","background-type":"","background-media":"","overlay-type":"","overlay-color":"","overlay-opacity":"","overlay-gradient":""}},"_themeisle_gutenberg_block_has_review":false},"product_brand":[],"product_cat":[13928,14009],"product_tag":[14010],"class_list":{"0":"post-47804","1":"product","2":"type-product","3":"status-publish","4":"has-post-thumbnail","6":"product_cat-boden-2","7":"product_cat-fallkegel","8":"product_tag-fallkegel","9":"pa_abmessung-ca-250-x-400-x-650mm","10":"pa_einzelnormen-bs","11":"pa_einzelnormen-bs-1337-2","12":"pa_einzelnormen-din","13":"pa_einzelnormen-din-iso","14":"pa_einzelnormen-din-iso-17892-12","15":"pa_einzelnormen-din-iso-17892-6","16":"pa_gewicht-ca-17kg","17":"desktop-align-left","18":"tablet-align-left","19":"mobile-align-left","21":"first","22":"instock","23":"product-type-simple"},"acf":[],"yoast_head":"<!-- This site is optimized with the Yoast SEO plugin v27.4 - https:\/\/yoast.com\/product\/yoast-seo-wordpress\/ -->\n<title>Konuspenetrometer (Fallkegelger\u00e4t) mit analoger Messuhranzeige - Fr\u00f6wag GmbH<\/title>\n<meta name=\"robots\" content=\"index, follow, max-snippet:-1, max-image-preview:large, max-video-preview:-1\" \/>\n<link rel=\"canonical\" href=\"https:\/\/froewag.de\/en\/product\/konuspenetrometer-fallkegelgeraet-mit-analoger-messuhranzeige\/\" \/>\n<meta property=\"og:locale\" content=\"en_GB\" \/>\n<meta property=\"og:type\" content=\"article\" \/>\n<meta property=\"og:title\" content=\"Konuspenetrometer (Fallkegelger\u00e4t) mit analoger Messuhranzeige - Fr\u00f6wag GmbH\" \/>\n<meta property=\"og:description\" content=\"zur Bestimmung der undrainierten Scherfestigkeit und zur Flie\u00dfgrenzenbestimmung\" \/>\n<meta property=\"og:url\" content=\"https:\/\/froewag.de\/en\/product\/konuspenetrometer-fallkegelgeraet-mit-analoger-messuhranzeige\/\" \/>\n<meta property=\"og:site_name\" content=\"Fr\u00f6wag GmbH\" \/>\n<meta property=\"article:modified_time\" content=\"2021-10-06T19:15:00+00:00\" \/>\n<meta property=\"og:image\" content=\"https:\/\/froewag.de\/wp-content\/uploads\/2021\/03\/2458.jpg\" \/>\n\t<meta property=\"og:image:width\" content=\"700\" \/>\n\t<meta property=\"og:image:height\" content=\"800\" \/>\n\t<meta property=\"og:image:type\" content=\"image\/jpeg\" \/>\n<meta name=\"twitter:card\" content=\"summary_large_image\" \/>\n<script type=\"application\/ld+json\" class=\"yoast-schema-graph\">{\"@context\":\"https:\\\/\\\/schema.org\",\"@graph\":[{\"@type\":\"WebPage\",\"@id\":\"https:\\\/\\\/froewag.de\\\/produkt\\\/konuspenetrometer-fallkegelgeraet-mit-analoger-messuhranzeige\\\/\",\"url\":\"https:\\\/\\\/froewag.de\\\/produkt\\\/konuspenetrometer-fallkegelgeraet-mit-analoger-messuhranzeige\\\/\",\"name\":\"Konuspenetrometer (Fallkegelger\u00e4t) mit analoger Messuhranzeige - Fr\u00f6wag GmbH\",\"isPartOf\":{\"@id\":\"https:\\\/\\\/froewag.de\\\/#website\"},\"primaryImageOfPage\":{\"@id\":\"https:\\\/\\\/froewag.de\\\/produkt\\\/konuspenetrometer-fallkegelgeraet-mit-analoger-messuhranzeige\\\/#primaryimage\"},\"image\":{\"@id\":\"https:\\\/\\\/froewag.de\\\/produkt\\\/konuspenetrometer-fallkegelgeraet-mit-analoger-messuhranzeige\\\/#primaryimage\"},\"thumbnailUrl\":\"https:\\\/\\\/froewag.de\\\/wp-content\\\/uploads\\\/2021\\\/03\\\/2458.jpg\",\"datePublished\":\"2021-10-06T19:14:59+00:00\",\"dateModified\":\"2021-10-06T19:15:00+00:00\",\"breadcrumb\":{\"@id\":\"https:\\\/\\\/froewag.de\\\/produkt\\\/konuspenetrometer-fallkegelgeraet-mit-analoger-messuhranzeige\\\/#breadcrumb\"},\"inLanguage\":\"en-GB\",\"potentialAction\":[{\"@type\":\"ReadAction\",\"target\":[\"https:\\\/\\\/froewag.de\\\/produkt\\\/konuspenetrometer-fallkegelgeraet-mit-analoger-messuhranzeige\\\/\"]}]},{\"@type\":\"ImageObject\",\"inLanguage\":\"en-GB\",\"@id\":\"https:\\\/\\\/froewag.de\\\/produkt\\\/konuspenetrometer-fallkegelgeraet-mit-analoger-messuhranzeige\\\/#primaryimage\",\"url\":\"https:\\\/\\\/froewag.de\\\/wp-content\\\/uploads\\\/2021\\\/03\\\/2458.jpg\",\"contentUrl\":\"https:\\\/\\\/froewag.de\\\/wp-content\\\/uploads\\\/2021\\\/03\\\/2458.jpg\",\"width\":700,\"height\":800},{\"@type\":\"BreadcrumbList\",\"@id\":\"https:\\\/\\\/froewag.de\\\/produkt\\\/konuspenetrometer-fallkegelgeraet-mit-analoger-messuhranzeige\\\/#breadcrumb\",\"itemListElement\":[{\"@type\":\"ListItem\",\"position\":1,\"name\":\"Home\",\"item\":\"https:\\\/\\\/froewag.de\\\/\"},{\"@type\":\"ListItem\",\"position\":2,\"name\":\"Produkte\",\"item\":\"https:\\\/\\\/froewag.de\\\/produkte\\\/\"},{\"@type\":\"ListItem\",\"position\":3,\"name\":\"Boden\",\"item\":\"https:\\\/\\\/froewag.de\\\/produktkategorie\\\/boden-2\\\/\"},{\"@type\":\"ListItem\",\"position\":4,\"name\":\"Fallkegel\",\"item\":\"https:\\\/\\\/froewag.de\\\/produktkategorie\\\/boden-2\\\/fallkegel\\\/\"},{\"@type\":\"ListItem\",\"position\":5,\"name\":\"Konuspenetrometer (Fallkegelger\u00e4t) mit analoger Messuhranzeige\"}]},{\"@type\":\"WebSite\",\"@id\":\"https:\\\/\\\/froewag.de\\\/#website\",\"url\":\"https:\\\/\\\/froewag.de\\\/\",\"name\":\"Fr\u00f6wag GmbH\",\"description\":\"Pr\u00fcfanlagen f\u00fcr Baustoffe und Umwelt\",\"publisher\":{\"@id\":\"https:\\\/\\\/froewag.de\\\/#organization\"},\"potentialAction\":[{\"@type\":\"SearchAction\",\"target\":{\"@type\":\"EntryPoint\",\"urlTemplate\":\"https:\\\/\\\/froewag.de\\\/?s={search_term_string}\"},\"query-input\":{\"@type\":\"PropertyValueSpecification\",\"valueRequired\":true,\"valueName\":\"search_term_string\"}}],\"inLanguage\":\"en-GB\"},{\"@type\":\"Organization\",\"@id\":\"https:\\\/\\\/froewag.de\\\/#organization\",\"name\":\"Fr\u00f6Wag GmbH\",\"url\":\"https:\\\/\\\/froewag.de\\\/\",\"logo\":{\"@type\":\"ImageObject\",\"inLanguage\":\"en-GB\",\"@id\":\"https:\\\/\\\/froewag.de\\\/#\\\/schema\\\/logo\\\/image\\\/\",\"url\":\"\",\"contentUrl\":\"\",\"caption\":\"Fr\u00f6Wag GmbH\"},\"image\":{\"@id\":\"https:\\\/\\\/froewag.de\\\/#\\\/schema\\\/logo\\\/image\\\/\"}}]}<\/script>\n<!-- \/ Yoast SEO plugin. -->","yoast_head_json":{"title":"Konuspenetrometer (Fallkegelger\u00e4t) mit analoger Messuhranzeige - Fr\u00f6wag GmbH","robots":{"index":"index","follow":"follow","max-snippet":"max-snippet:-1","max-image-preview":"max-image-preview:large","max-video-preview":"max-video-preview:-1"},"canonical":"https:\/\/froewag.de\/en\/product\/konuspenetrometer-fallkegelgeraet-mit-analoger-messuhranzeige\/","og_locale":"en_GB","og_type":"article","og_title":"Konuspenetrometer (Fallkegelger\u00e4t) mit analoger Messuhranzeige - Fr\u00f6wag GmbH","og_description":"zur Bestimmung der undrainierten Scherfestigkeit und zur Flie\u00dfgrenzenbestimmung","og_url":"https:\/\/froewag.de\/en\/product\/konuspenetrometer-fallkegelgeraet-mit-analoger-messuhranzeige\/","og_site_name":"Fr\u00f6wag GmbH","article_modified_time":"2021-10-06T19:15:00+00:00","og_image":[{"width":700,"height":800,"url":"https:\/\/froewag.de\/wp-content\/uploads\/2021\/03\/2458.jpg","type":"image\/jpeg"}],"twitter_card":"summary_large_image","schema":{"@context":"https:\/\/schema.org","@graph":[{"@type":"WebPage","@id":"https:\/\/froewag.de\/produkt\/konuspenetrometer-fallkegelgeraet-mit-analoger-messuhranzeige\/","url":"https:\/\/froewag.de\/produkt\/konuspenetrometer-fallkegelgeraet-mit-analoger-messuhranzeige\/","name":"Konuspenetrometer (Fallkegelger\u00e4t) mit analoger Messuhranzeige - Fr\u00f6wag GmbH","isPartOf":{"@id":"https:\/\/froewag.de\/#website"},"primaryImageOfPage":{"@id":"https:\/\/froewag.de\/produkt\/konuspenetrometer-fallkegelgeraet-mit-analoger-messuhranzeige\/#primaryimage"},"image":{"@id":"https:\/\/froewag.de\/produkt\/konuspenetrometer-fallkegelgeraet-mit-analoger-messuhranzeige\/#primaryimage"},"thumbnailUrl":"https:\/\/froewag.de\/wp-content\/uploads\/2021\/03\/2458.jpg","datePublished":"2021-10-06T19:14:59+00:00","dateModified":"2021-10-06T19:15:00+00:00","breadcrumb":{"@id":"https:\/\/froewag.de\/produkt\/konuspenetrometer-fallkegelgeraet-mit-analoger-messuhranzeige\/#breadcrumb"},"inLanguage":"en-GB","potentialAction":[{"@type":"ReadAction","target":["https:\/\/froewag.de\/produkt\/konuspenetrometer-fallkegelgeraet-mit-analoger-messuhranzeige\/"]}]},{"@type":"ImageObject","inLanguage":"en-GB","@id":"https:\/\/froewag.de\/produkt\/konuspenetrometer-fallkegelgeraet-mit-analoger-messuhranzeige\/#primaryimage","url":"https:\/\/froewag.de\/wp-content\/uploads\/2021\/03\/2458.jpg","contentUrl":"https:\/\/froewag.de\/wp-content\/uploads\/2021\/03\/2458.jpg","width":700,"height":800},{"@type":"BreadcrumbList","@id":"https:\/\/froewag.de\/produkt\/konuspenetrometer-fallkegelgeraet-mit-analoger-messuhranzeige\/#breadcrumb","itemListElement":[{"@type":"ListItem","position":1,"name":"Home","item":"https:\/\/froewag.de\/"},{"@type":"ListItem","position":2,"name":"Produkte","item":"https:\/\/froewag.de\/produkte\/"},{"@type":"ListItem","position":3,"name":"Boden","item":"https:\/\/froewag.de\/produktkategorie\/boden-2\/"},{"@type":"ListItem","position":4,"name":"Fallkegel","item":"https:\/\/froewag.de\/produktkategorie\/boden-2\/fallkegel\/"},{"@type":"ListItem","position":5,"name":"Konuspenetrometer (Fallkegelger\u00e4t) mit analoger Messuhranzeige"}]},{"@type":"WebSite","@id":"https:\/\/froewag.de\/#website","url":"https:\/\/froewag.de\/","name":"Fr\u00f6wag GmbH","description":"Pr\u00fcfanlagen f\u00fcr Baustoffe und Umwelt","publisher":{"@id":"https:\/\/froewag.de\/#organization"},"potentialAction":[{"@type":"SearchAction","target":{"@type":"EntryPoint","urlTemplate":"https:\/\/froewag.de\/?s={search_term_string}"},"query-input":{"@type":"PropertyValueSpecification","valueRequired":true,"valueName":"search_term_string"}}],"inLanguage":"en-GB"},{"@type":"Organization","@id":"https:\/\/froewag.de\/#organization","name":"Fr\u00f6Wag GmbH","url":"https:\/\/froewag.de\/","logo":{"@type":"ImageObject","inLanguage":"en-GB","@id":"https:\/\/froewag.de\/#\/schema\/logo\/image\/","url":"","contentUrl":"","caption":"Fr\u00f6Wag GmbH"},"image":{"@id":"https:\/\/froewag.de\/#\/schema\/logo\/image\/"}}]}},"_links":{"self":[{"href":"https:\/\/froewag.de\/en\/wp-json\/wp\/v2\/product\/47804","targetHints":{"allow":["GET"]}}],"collection":[{"href":"https:\/\/froewag.de\/en\/wp-json\/wp\/v2\/product"}],"about":[{"href":"https:\/\/froewag.de\/en\/wp-json\/wp\/v2\/types\/product"}],"version-history":[{"count":1,"href":"https:\/\/froewag.de\/en\/wp-json\/wp\/v2\/product\/47804\/revisions"}],"predecessor-version":[{"id":47805,"href":"https:\/\/froewag.de\/en\/wp-json\/wp\/v2\/product\/47804\/revisions\/47805"}],"wp:featuredmedia":[{"embeddable":true,"href":"https:\/\/froewag.de\/en\/wp-json\/wp\/v2\/media\/21446"}],"wp:attachment":[{"href":"https:\/\/froewag.de\/en\/wp-json\/wp\/v2\/media?parent=47804"}],"wp:term":[{"taxonomy":"product_brand","embeddable":true,"href":"https:\/\/froewag.de\/en\/wp-json\/wp\/v2\/product_brand?post=47804"},{"taxonomy":"product_cat","embeddable":true,"href":"https:\/\/froewag.de\/en\/wp-json\/wp\/v2\/product_cat?post=47804"},{"taxonomy":"product_tag","embeddable":true,"href":"https:\/\/froewag.de\/en\/wp-json\/wp\/v2\/product_tag?post=47804"}],"curies":[{"name":"wp","href":"https:\/\/api.w.org\/{rel}","templated":true}]}}