{"id":47844,"date":"2021-10-20T12:09:21","date_gmt":"2021-10-20T10:09:21","guid":{"rendered":"http:\/\/froewag.de\/wp2\/produkt\/kapillar-pyknometer-zur-bestimmung-der-korndichte-2\/"},"modified":"2023-10-04T09:41:00","modified_gmt":"2023-10-04T07:41:00","slug":"kapillar-pyknometer-mit-stopfen-unjustiert-50-ml","status":"publish","type":"product","link":"https:\/\/froewag.de\/en\/product\/kapillar-pyknometer-mit-stopfen-unjustiert-50-ml\/","title":{"rendered":"Kapillar-Pyknometer mit Stopfen, unjustiert, 50 ml"},"content":{"rendered":"<p>Kapillar-Pyknometer mit Stopfen, unjustiert, 50 ml<\/p>","protected":false},"excerpt":{"rendered":"<p>Kapillar-Pyknometer mit Stopfen, unjustiert, 50 ml<\/p>","protected":false},"featured_media":21710,"template":"","meta":{"_acf_changed":false,"site-sidebar-layout":"default","site-content-layout":"","ast-site-content-layout":"default","site-content-style":"default","site-sidebar-style":"default","ast-global-header-display":"","ast-banner-title-visibility":"","ast-main-header-display":"","ast-hfb-above-header-display":"","ast-hfb-below-header-display":"","ast-hfb-mobile-header-display":"","site-post-title":"","ast-breadcrumbs-content":"","ast-featured-img":"","footer-sml-layout":"","theme-transparent-header-meta":"default","adv-header-id-meta":"","stick-header-meta":"","header-above-stick-meta":"","header-main-stick-meta":"","header-below-stick-meta":"","astra-migrate-meta-layouts":"set","ast-page-background-enabled":"default","ast-page-background-meta":{"desktop":{"background-color":"","background-image":"","background-repeat":"repeat","background-position":"center center","background-size":"auto","background-attachment":"scroll","background-type":"","background-media":"","overlay-type":"","overlay-color":"","overlay-opacity":"","overlay-gradient":""},"tablet":{"background-color":"","background-image":"","background-repeat":"repeat","background-position":"center center","background-size":"auto","background-attachment":"scroll","background-type":"","background-media":"","overlay-type":"","overlay-color":"","overlay-opacity":"","overlay-gradient":""},"mobile":{"background-color":"","background-image":"","background-repeat":"repeat","background-position":"center center","background-size":"auto","background-attachment":"scroll","background-type":"","background-media":"","overlay-type":"","overlay-color":"","overlay-opacity":"","overlay-gradient":""}},"ast-content-background-meta":{"desktop":{"background-color":"var(--ast-global-color-5)","background-image":"","background-repeat":"repeat","background-position":"center center","background-size":"auto","background-attachment":"scroll","background-type":"","background-media":"","overlay-type":"","overlay-color":"","overlay-opacity":"","overlay-gradient":""},"tablet":{"background-color":"var(--ast-global-color-5)","background-image":"","background-repeat":"repeat","background-position":"center center","background-size":"auto","background-attachment":"scroll","background-type":"","background-media":"","overlay-type":"","overlay-color":"","overlay-opacity":"","overlay-gradient":""},"mobile":{"background-color":"var(--ast-global-color-5)","background-image":"","background-repeat":"repeat","background-position":"center center","background-size":"auto","background-attachment":"scroll","background-type":"","background-media":"","overlay-type":"","overlay-color":"","overlay-opacity":"","overlay-gradient":""}},"_themeisle_gutenberg_block_has_review":false},"product_brand":[],"product_cat":[13928,14174,14161,14515,14542,14029],"product_tag":[14419,14469,14506,14163,14516,14030],"class_list":{"0":"post-47844","1":"product","2":"type-product","3":"status-publish","4":"has-post-thumbnail","6":"product_cat-boden-2","7":"product_cat-dichte-und-hohlraum","8":"product_cat-gesteinskoernungen","9":"product_cat-korndichte-2","10":"product_cat-laborgeraete","11":"product_cat-sandaequivalent","12":"product_tag-allgemeine-laborgeraete","13":"product_tag-boden","14":"product_tag-dichte-und-hohlraum","15":"product_tag-gesteinskoernungen","16":"product_tag-korndichte","17":"product_tag-sandaequivalent","18":"desktop-align-left","19":"tablet-align-left","20":"mobile-align-left","22":"first","23":"instock","24":"product-type-simple"},"acf":[],"yoast_head":"<!-- This site is optimized with the Yoast SEO plugin v27.0 - https:\/\/yoast.com\/product\/yoast-seo-wordpress\/ -->\n<title>Kapillar-Pyknometer mit Stopfen, unjustiert, 50 ml - Fr\u00f6wag GmbH<\/title>\n<meta name=\"robots\" content=\"index, follow, max-snippet:-1, max-image-preview:large, max-video-preview:-1\" \/>\n<link rel=\"canonical\" href=\"https:\/\/froewag.de\/en\/product\/kapillar-pyknometer-mit-stopfen-unjustiert-50-ml\/\" \/>\n<meta property=\"og:locale\" content=\"en_GB\" \/>\n<meta property=\"og:type\" content=\"article\" \/>\n<meta property=\"og:title\" content=\"Kapillar-Pyknometer mit Stopfen, unjustiert, 50 ml - Fr\u00f6wag GmbH\" \/>\n<meta property=\"og:description\" content=\"Kapillar-Pyknometer mit Stopfen, unjustiert, 50 ml\" \/>\n<meta property=\"og:url\" content=\"https:\/\/froewag.de\/en\/product\/kapillar-pyknometer-mit-stopfen-unjustiert-50-ml\/\" \/>\n<meta property=\"og:site_name\" content=\"Fr\u00f6wag GmbH\" \/>\n<meta property=\"article:modified_time\" content=\"2023-10-04T07:41:00+00:00\" \/>\n<meta property=\"og:image\" content=\"http:\/\/froewag.de\/wp-content\/uploads\/2021\/03\/z2002.jpg\" \/>\n\t<meta property=\"og:image:width\" content=\"700\" \/>\n\t<meta property=\"og:image:height\" content=\"800\" \/>\n\t<meta property=\"og:image:type\" content=\"image\/jpeg\" \/>\n<meta name=\"twitter:card\" content=\"summary_large_image\" \/>\n<script type=\"application\/ld+json\" class=\"yoast-schema-graph\">{\"@context\":\"https:\/\/schema.org\",\"@graph\":[{\"@type\":\"WebPage\",\"@id\":\"https:\/\/froewag.de\/produkt\/kapillar-pyknometer-mit-stopfen-unjustiert-50-ml\/\",\"url\":\"https:\/\/froewag.de\/produkt\/kapillar-pyknometer-mit-stopfen-unjustiert-50-ml\/\",\"name\":\"Kapillar-Pyknometer mit Stopfen, unjustiert, 50 ml - Fr\u00f6wag GmbH\",\"isPartOf\":{\"@id\":\"https:\/\/froewag.de\/#website\"},\"primaryImageOfPage\":{\"@id\":\"https:\/\/froewag.de\/produkt\/kapillar-pyknometer-mit-stopfen-unjustiert-50-ml\/#primaryimage\"},\"image\":{\"@id\":\"https:\/\/froewag.de\/produkt\/kapillar-pyknometer-mit-stopfen-unjustiert-50-ml\/#primaryimage\"},\"thumbnailUrl\":\"https:\/\/froewag.de\/wp-content\/uploads\/2021\/03\/z2002.jpg\",\"datePublished\":\"2021-10-20T10:09:21+00:00\",\"dateModified\":\"2023-10-04T07:41:00+00:00\",\"breadcrumb\":{\"@id\":\"https:\/\/froewag.de\/produkt\/kapillar-pyknometer-mit-stopfen-unjustiert-50-ml\/#breadcrumb\"},\"inLanguage\":\"en-GB\",\"potentialAction\":[{\"@type\":\"ReadAction\",\"target\":[\"https:\/\/froewag.de\/produkt\/kapillar-pyknometer-mit-stopfen-unjustiert-50-ml\/\"]}]},{\"@type\":\"ImageObject\",\"inLanguage\":\"en-GB\",\"@id\":\"https:\/\/froewag.de\/produkt\/kapillar-pyknometer-mit-stopfen-unjustiert-50-ml\/#primaryimage\",\"url\":\"https:\/\/froewag.de\/wp-content\/uploads\/2021\/03\/z2002.jpg\",\"contentUrl\":\"https:\/\/froewag.de\/wp-content\/uploads\/2021\/03\/z2002.jpg\",\"width\":700,\"height\":800},{\"@type\":\"BreadcrumbList\",\"@id\":\"https:\/\/froewag.de\/produkt\/kapillar-pyknometer-mit-stopfen-unjustiert-50-ml\/#breadcrumb\",\"itemListElement\":[{\"@type\":\"ListItem\",\"position\":1,\"name\":\"Home\",\"item\":\"https:\/\/froewag.de\/\"},{\"@type\":\"ListItem\",\"position\":2,\"name\":\"Produkte\",\"item\":\"https:\/\/froewag.de\/produkte\/\"},{\"@type\":\"ListItem\",\"position\":3,\"name\":\"Boden\",\"item\":\"https:\/\/froewag.de\/produktkategorie\/boden-2\/\"},{\"@type\":\"ListItem\",\"position\":4,\"name\":\"Kapillar-Pyknometer mit Stopfen, unjustiert, 50 ml\"}]},{\"@type\":\"WebSite\",\"@id\":\"https:\/\/froewag.de\/#website\",\"url\":\"https:\/\/froewag.de\/\",\"name\":\"Fr\u00f6wag GmbH\",\"description\":\"Pr\u00fcfanlagen f\u00fcr Baustoffe und Umwelt\",\"publisher\":{\"@id\":\"https:\/\/froewag.de\/#organization\"},\"potentialAction\":[{\"@type\":\"SearchAction\",\"target\":{\"@type\":\"EntryPoint\",\"urlTemplate\":\"https:\/\/froewag.de\/?s={search_term_string}\"},\"query-input\":{\"@type\":\"PropertyValueSpecification\",\"valueRequired\":true,\"valueName\":\"search_term_string\"}}],\"inLanguage\":\"en-GB\"},{\"@type\":\"Organization\",\"@id\":\"https:\/\/froewag.de\/#organization\",\"name\":\"Fr\u00f6Wag GmbH\",\"url\":\"https:\/\/froewag.de\/\",\"logo\":{\"@type\":\"ImageObject\",\"inLanguage\":\"en-GB\",\"@id\":\"https:\/\/froewag.de\/#\/schema\/logo\/image\/\",\"url\":\"\",\"contentUrl\":\"\",\"caption\":\"Fr\u00f6Wag GmbH\"},\"image\":{\"@id\":\"https:\/\/froewag.de\/#\/schema\/logo\/image\/\"}}]}<\/script>\n<!-- \/ Yoast SEO plugin. -->","yoast_head_json":{"title":"Kapillar-Pyknometer mit Stopfen, unjustiert, 50 ml - Fr\u00f6wag GmbH","robots":{"index":"index","follow":"follow","max-snippet":"max-snippet:-1","max-image-preview":"max-image-preview:large","max-video-preview":"max-video-preview:-1"},"canonical":"https:\/\/froewag.de\/en\/product\/kapillar-pyknometer-mit-stopfen-unjustiert-50-ml\/","og_locale":"en_GB","og_type":"article","og_title":"Kapillar-Pyknometer mit Stopfen, unjustiert, 50 ml - Fr\u00f6wag GmbH","og_description":"Kapillar-Pyknometer mit Stopfen, unjustiert, 50 ml","og_url":"https:\/\/froewag.de\/en\/product\/kapillar-pyknometer-mit-stopfen-unjustiert-50-ml\/","og_site_name":"Fr\u00f6wag GmbH","article_modified_time":"2023-10-04T07:41:00+00:00","og_image":[{"width":700,"height":800,"url":"http:\/\/froewag.de\/wp-content\/uploads\/2021\/03\/z2002.jpg","type":"image\/jpeg"}],"twitter_card":"summary_large_image","schema":{"@context":"https:\/\/schema.org","@graph":[{"@type":"WebPage","@id":"https:\/\/froewag.de\/produkt\/kapillar-pyknometer-mit-stopfen-unjustiert-50-ml\/","url":"https:\/\/froewag.de\/produkt\/kapillar-pyknometer-mit-stopfen-unjustiert-50-ml\/","name":"Kapillar-Pyknometer mit Stopfen, unjustiert, 50 ml - Fr\u00f6wag GmbH","isPartOf":{"@id":"https:\/\/froewag.de\/#website"},"primaryImageOfPage":{"@id":"https:\/\/froewag.de\/produkt\/kapillar-pyknometer-mit-stopfen-unjustiert-50-ml\/#primaryimage"},"image":{"@id":"https:\/\/froewag.de\/produkt\/kapillar-pyknometer-mit-stopfen-unjustiert-50-ml\/#primaryimage"},"thumbnailUrl":"https:\/\/froewag.de\/wp-content\/uploads\/2021\/03\/z2002.jpg","datePublished":"2021-10-20T10:09:21+00:00","dateModified":"2023-10-04T07:41:00+00:00","breadcrumb":{"@id":"https:\/\/froewag.de\/produkt\/kapillar-pyknometer-mit-stopfen-unjustiert-50-ml\/#breadcrumb"},"inLanguage":"en-GB","potentialAction":[{"@type":"ReadAction","target":["https:\/\/froewag.de\/produkt\/kapillar-pyknometer-mit-stopfen-unjustiert-50-ml\/"]}]},{"@type":"ImageObject","inLanguage":"en-GB","@id":"https:\/\/froewag.de\/produkt\/kapillar-pyknometer-mit-stopfen-unjustiert-50-ml\/#primaryimage","url":"https:\/\/froewag.de\/wp-content\/uploads\/2021\/03\/z2002.jpg","contentUrl":"https:\/\/froewag.de\/wp-content\/uploads\/2021\/03\/z2002.jpg","width":700,"height":800},{"@type":"BreadcrumbList","@id":"https:\/\/froewag.de\/produkt\/kapillar-pyknometer-mit-stopfen-unjustiert-50-ml\/#breadcrumb","itemListElement":[{"@type":"ListItem","position":1,"name":"Home","item":"https:\/\/froewag.de\/"},{"@type":"ListItem","position":2,"name":"Produkte","item":"https:\/\/froewag.de\/produkte\/"},{"@type":"ListItem","position":3,"name":"Boden","item":"https:\/\/froewag.de\/produktkategorie\/boden-2\/"},{"@type":"ListItem","position":4,"name":"Kapillar-Pyknometer mit Stopfen, unjustiert, 50 ml"}]},{"@type":"WebSite","@id":"https:\/\/froewag.de\/#website","url":"https:\/\/froewag.de\/","name":"Fr\u00f6wag GmbH","description":"Pr\u00fcfanlagen f\u00fcr Baustoffe und Umwelt","publisher":{"@id":"https:\/\/froewag.de\/#organization"},"potentialAction":[{"@type":"SearchAction","target":{"@type":"EntryPoint","urlTemplate":"https:\/\/froewag.de\/?s={search_term_string}"},"query-input":{"@type":"PropertyValueSpecification","valueRequired":true,"valueName":"search_term_string"}}],"inLanguage":"en-GB"},{"@type":"Organization","@id":"https:\/\/froewag.de\/#organization","name":"Fr\u00f6Wag GmbH","url":"https:\/\/froewag.de\/","logo":{"@type":"ImageObject","inLanguage":"en-GB","@id":"https:\/\/froewag.de\/#\/schema\/logo\/image\/","url":"","contentUrl":"","caption":"Fr\u00f6Wag GmbH"},"image":{"@id":"https:\/\/froewag.de\/#\/schema\/logo\/image\/"}}]}},"_links":{"self":[{"href":"https:\/\/froewag.de\/en\/wp-json\/wp\/v2\/product\/47844","targetHints":{"allow":["GET"]}}],"collection":[{"href":"https:\/\/froewag.de\/en\/wp-json\/wp\/v2\/product"}],"about":[{"href":"https:\/\/froewag.de\/en\/wp-json\/wp\/v2\/types\/product"}],"version-history":[{"count":3,"href":"https:\/\/froewag.de\/en\/wp-json\/wp\/v2\/product\/47844\/revisions"}],"predecessor-version":[{"id":50354,"href":"https:\/\/froewag.de\/en\/wp-json\/wp\/v2\/product\/47844\/revisions\/50354"}],"wp:featuredmedia":[{"embeddable":true,"href":"https:\/\/froewag.de\/en\/wp-json\/wp\/v2\/media\/21710"}],"wp:attachment":[{"href":"https:\/\/froewag.de\/en\/wp-json\/wp\/v2\/media?parent=47844"}],"wp:term":[{"taxonomy":"product_brand","embeddable":true,"href":"https:\/\/froewag.de\/en\/wp-json\/wp\/v2\/product_brand?post=47844"},{"taxonomy":"product_cat","embeddable":true,"href":"https:\/\/froewag.de\/en\/wp-json\/wp\/v2\/product_cat?post=47844"},{"taxonomy":"product_tag","embeddable":true,"href":"https:\/\/froewag.de\/en\/wp-json\/wp\/v2\/product_tag?post=47844"}],"curies":[{"name":"wp","href":"https:\/\/api.w.org\/{rel}","templated":true}]}}