{"id":47848,"date":"2021-10-20T12:09:21","date_gmt":"2021-10-20T10:09:21","guid":{"rendered":"http:\/\/froewag.de\/wp2\/produkt\/kapillar-pyknometer-zur-bestimmung-der-korndichte-4\/"},"modified":"2023-06-08T16:26:28","modified_gmt":"2023-06-08T14:26:28","slug":"kapillar-pyknometer-zur-bestimmung-der-korndichte-3","status":"publish","type":"product","link":"https:\/\/froewag.de\/en\/product\/kapillar-pyknometer-zur-bestimmung-der-korndichte-3\/","title":{"rendered":"Kapillar-Pyknometer zur Bestimmung der Korndichte"},"content":{"rendered":"<p>DIN 18124 &#8211; DIN ISO 11508 &#8211; DIN ISO\/TS 17892-3<\/p>\n<p>Kapillar-Pyknometer zur Bestimmung der Korndichte<\/p>\n<p>Justiert bei 20\u00b0C 50 ml<\/p>","protected":false},"excerpt":{"rendered":"<p>Justiert bei 20\u00b0C 50 ml<\/p>","protected":false},"featured_media":0,"template":"","meta":{"_acf_changed":false,"site-sidebar-layout":"default","site-content-layout":"plain-container","ast-site-content-layout":"default","site-content-style":"default","site-sidebar-style":"default","ast-global-header-display":"","ast-banner-title-visibility":"","ast-main-header-display":"","ast-hfb-above-header-display":"","ast-hfb-below-header-display":"","ast-hfb-mobile-header-display":"","site-post-title":"","ast-breadcrumbs-content":"","ast-featured-img":"","footer-sml-layout":"","ast-disable-related-posts":"","theme-transparent-header-meta":"default","adv-header-id-meta":"","stick-header-meta":"","header-above-stick-meta":"","header-main-stick-meta":"","header-below-stick-meta":"","astra-migrate-meta-layouts":"default","ast-page-background-enabled":"default","ast-page-background-meta":{"desktop":{"background-color":"","background-image":"","background-repeat":"repeat","background-position":"center center","background-size":"auto","background-attachment":"scroll","background-type":"","background-media":"","overlay-type":"","overlay-color":"","overlay-opacity":"","overlay-gradient":""},"tablet":{"background-color":"","background-image":"","background-repeat":"repeat","background-position":"center center","background-size":"auto","background-attachment":"scroll","background-type":"","background-media":"","overlay-type":"","overlay-color":"","overlay-opacity":"","overlay-gradient":""},"mobile":{"background-color":"","background-image":"","background-repeat":"repeat","background-position":"center center","background-size":"auto","background-attachment":"scroll","background-type":"","background-media":"","overlay-type":"","overlay-color":"","overlay-opacity":"","overlay-gradient":""}},"ast-content-background-meta":{"desktop":{"background-color":"var(--ast-global-color-5)","background-image":"","background-repeat":"repeat","background-position":"center center","background-size":"auto","background-attachment":"scroll","background-type":"","background-media":"","overlay-type":"","overlay-color":"","overlay-opacity":"","overlay-gradient":""},"tablet":{"background-color":"var(--ast-global-color-5)","background-image":"","background-repeat":"repeat","background-position":"center center","background-size":"auto","background-attachment":"scroll","background-type":"","background-media":"","overlay-type":"","overlay-color":"","overlay-opacity":"","overlay-gradient":""},"mobile":{"background-color":"var(--ast-global-color-5)","background-image":"","background-repeat":"repeat","background-position":"center center","background-size":"auto","background-attachment":"scroll","background-type":"","background-media":"","overlay-type":"","overlay-color":"","overlay-opacity":"","overlay-gradient":""}},"_themeisle_gutenberg_block_has_review":false},"product_brand":[],"product_cat":[13928,14029],"product_tag":[14030],"class_list":{"0":"post-47848","1":"product","2":"type-product","3":"status-publish","5":"product_cat-boden-2","6":"product_cat-sandaequivalent","7":"product_tag-sandaequivalent","8":"pa_einzelnormen-din","9":"pa_einzelnormen-din-18124","10":"pa_einzelnormen-din-iso","11":"pa_einzelnormen-din-iso-11508","12":"pa_einzelnormen-din-iso-ts-17892-3","13":"desktop-align-left","14":"tablet-align-left","15":"mobile-align-left","17":"first","18":"instock","19":"product-type-simple"},"acf":[],"yoast_head":"<!-- This site is optimized with the Yoast SEO plugin v27.4 - https:\/\/yoast.com\/product\/yoast-seo-wordpress\/ -->\n<title>Kapillar-Pyknometer zur Bestimmung der Korndichte - Fr\u00f6wag GmbH<\/title>\n<meta name=\"robots\" content=\"index, follow, max-snippet:-1, max-image-preview:large, max-video-preview:-1\" \/>\n<link rel=\"canonical\" href=\"https:\/\/froewag.de\/en\/product\/kapillar-pyknometer-zur-bestimmung-der-korndichte-3\/\" \/>\n<meta property=\"og:locale\" content=\"en_GB\" \/>\n<meta property=\"og:type\" content=\"article\" \/>\n<meta property=\"og:title\" content=\"Kapillar-Pyknometer zur Bestimmung der Korndichte - Fr\u00f6wag GmbH\" \/>\n<meta property=\"og:description\" content=\"Justiert bei 20\u00b0C 50 ml\" \/>\n<meta property=\"og:url\" content=\"https:\/\/froewag.de\/en\/product\/kapillar-pyknometer-zur-bestimmung-der-korndichte-3\/\" \/>\n<meta property=\"og:site_name\" content=\"Fr\u00f6wag GmbH\" \/>\n<meta property=\"article:modified_time\" content=\"2023-06-08T14:26:28+00:00\" \/>\n<meta name=\"twitter:card\" content=\"summary_large_image\" \/>\n<script type=\"application\/ld+json\" class=\"yoast-schema-graph\">{\"@context\":\"https:\\\/\\\/schema.org\",\"@graph\":[{\"@type\":\"WebPage\",\"@id\":\"https:\\\/\\\/froewag.de\\\/produkt\\\/kapillar-pyknometer-zur-bestimmung-der-korndichte-3\\\/\",\"url\":\"https:\\\/\\\/froewag.de\\\/produkt\\\/kapillar-pyknometer-zur-bestimmung-der-korndichte-3\\\/\",\"name\":\"Kapillar-Pyknometer zur Bestimmung der Korndichte - Fr\u00f6wag GmbH\",\"isPartOf\":{\"@id\":\"https:\\\/\\\/froewag.de\\\/#website\"},\"datePublished\":\"2021-10-20T10:09:21+00:00\",\"dateModified\":\"2023-06-08T14:26:28+00:00\",\"breadcrumb\":{\"@id\":\"https:\\\/\\\/froewag.de\\\/produkt\\\/kapillar-pyknometer-zur-bestimmung-der-korndichte-3\\\/#breadcrumb\"},\"inLanguage\":\"en-GB\",\"potentialAction\":[{\"@type\":\"ReadAction\",\"target\":[\"https:\\\/\\\/froewag.de\\\/produkt\\\/kapillar-pyknometer-zur-bestimmung-der-korndichte-3\\\/\"]}]},{\"@type\":\"BreadcrumbList\",\"@id\":\"https:\\\/\\\/froewag.de\\\/produkt\\\/kapillar-pyknometer-zur-bestimmung-der-korndichte-3\\\/#breadcrumb\",\"itemListElement\":[{\"@type\":\"ListItem\",\"position\":1,\"name\":\"Home\",\"item\":\"https:\\\/\\\/froewag.de\\\/\"},{\"@type\":\"ListItem\",\"position\":2,\"name\":\"Produkte\",\"item\":\"https:\\\/\\\/froewag.de\\\/produkte\\\/\"},{\"@type\":\"ListItem\",\"position\":3,\"name\":\"Boden\",\"item\":\"https:\\\/\\\/froewag.de\\\/produktkategorie\\\/boden-2\\\/\"},{\"@type\":\"ListItem\",\"position\":4,\"name\":\"Kapillar-Pyknometer zur Bestimmung der Korndichte\"}]},{\"@type\":\"WebSite\",\"@id\":\"https:\\\/\\\/froewag.de\\\/#website\",\"url\":\"https:\\\/\\\/froewag.de\\\/\",\"name\":\"Fr\u00f6wag GmbH\",\"description\":\"Pr\u00fcfanlagen f\u00fcr Baustoffe und Umwelt\",\"publisher\":{\"@id\":\"https:\\\/\\\/froewag.de\\\/#organization\"},\"potentialAction\":[{\"@type\":\"SearchAction\",\"target\":{\"@type\":\"EntryPoint\",\"urlTemplate\":\"https:\\\/\\\/froewag.de\\\/?s={search_term_string}\"},\"query-input\":{\"@type\":\"PropertyValueSpecification\",\"valueRequired\":true,\"valueName\":\"search_term_string\"}}],\"inLanguage\":\"en-GB\"},{\"@type\":\"Organization\",\"@id\":\"https:\\\/\\\/froewag.de\\\/#organization\",\"name\":\"Fr\u00f6Wag GmbH\",\"url\":\"https:\\\/\\\/froewag.de\\\/\",\"logo\":{\"@type\":\"ImageObject\",\"inLanguage\":\"en-GB\",\"@id\":\"https:\\\/\\\/froewag.de\\\/#\\\/schema\\\/logo\\\/image\\\/\",\"url\":\"\",\"contentUrl\":\"\",\"caption\":\"Fr\u00f6Wag GmbH\"},\"image\":{\"@id\":\"https:\\\/\\\/froewag.de\\\/#\\\/schema\\\/logo\\\/image\\\/\"}}]}<\/script>\n<!-- \/ Yoast SEO plugin. -->","yoast_head_json":{"title":"Kapillar-Pyknometer zur Bestimmung der Korndichte - Fr\u00f6wag GmbH","robots":{"index":"index","follow":"follow","max-snippet":"max-snippet:-1","max-image-preview":"max-image-preview:large","max-video-preview":"max-video-preview:-1"},"canonical":"https:\/\/froewag.de\/en\/product\/kapillar-pyknometer-zur-bestimmung-der-korndichte-3\/","og_locale":"en_GB","og_type":"article","og_title":"Kapillar-Pyknometer zur Bestimmung der Korndichte - Fr\u00f6wag GmbH","og_description":"Justiert bei 20\u00b0C 50 ml","og_url":"https:\/\/froewag.de\/en\/product\/kapillar-pyknometer-zur-bestimmung-der-korndichte-3\/","og_site_name":"Fr\u00f6wag GmbH","article_modified_time":"2023-06-08T14:26:28+00:00","twitter_card":"summary_large_image","schema":{"@context":"https:\/\/schema.org","@graph":[{"@type":"WebPage","@id":"https:\/\/froewag.de\/produkt\/kapillar-pyknometer-zur-bestimmung-der-korndichte-3\/","url":"https:\/\/froewag.de\/produkt\/kapillar-pyknometer-zur-bestimmung-der-korndichte-3\/","name":"Kapillar-Pyknometer zur Bestimmung der Korndichte - Fr\u00f6wag GmbH","isPartOf":{"@id":"https:\/\/froewag.de\/#website"},"datePublished":"2021-10-20T10:09:21+00:00","dateModified":"2023-06-08T14:26:28+00:00","breadcrumb":{"@id":"https:\/\/froewag.de\/produkt\/kapillar-pyknometer-zur-bestimmung-der-korndichte-3\/#breadcrumb"},"inLanguage":"en-GB","potentialAction":[{"@type":"ReadAction","target":["https:\/\/froewag.de\/produkt\/kapillar-pyknometer-zur-bestimmung-der-korndichte-3\/"]}]},{"@type":"BreadcrumbList","@id":"https:\/\/froewag.de\/produkt\/kapillar-pyknometer-zur-bestimmung-der-korndichte-3\/#breadcrumb","itemListElement":[{"@type":"ListItem","position":1,"name":"Home","item":"https:\/\/froewag.de\/"},{"@type":"ListItem","position":2,"name":"Produkte","item":"https:\/\/froewag.de\/produkte\/"},{"@type":"ListItem","position":3,"name":"Boden","item":"https:\/\/froewag.de\/produktkategorie\/boden-2\/"},{"@type":"ListItem","position":4,"name":"Kapillar-Pyknometer zur Bestimmung der Korndichte"}]},{"@type":"WebSite","@id":"https:\/\/froewag.de\/#website","url":"https:\/\/froewag.de\/","name":"Fr\u00f6wag GmbH","description":"Pr\u00fcfanlagen f\u00fcr Baustoffe und Umwelt","publisher":{"@id":"https:\/\/froewag.de\/#organization"},"potentialAction":[{"@type":"SearchAction","target":{"@type":"EntryPoint","urlTemplate":"https:\/\/froewag.de\/?s={search_term_string}"},"query-input":{"@type":"PropertyValueSpecification","valueRequired":true,"valueName":"search_term_string"}}],"inLanguage":"en-GB"},{"@type":"Organization","@id":"https:\/\/froewag.de\/#organization","name":"Fr\u00f6Wag GmbH","url":"https:\/\/froewag.de\/","logo":{"@type":"ImageObject","inLanguage":"en-GB","@id":"https:\/\/froewag.de\/#\/schema\/logo\/image\/","url":"","contentUrl":"","caption":"Fr\u00f6Wag GmbH"},"image":{"@id":"https:\/\/froewag.de\/#\/schema\/logo\/image\/"}}]}},"_links":{"self":[{"href":"https:\/\/froewag.de\/en\/wp-json\/wp\/v2\/product\/47848","targetHints":{"allow":["GET"]}}],"collection":[{"href":"https:\/\/froewag.de\/en\/wp-json\/wp\/v2\/product"}],"about":[{"href":"https:\/\/froewag.de\/en\/wp-json\/wp\/v2\/types\/product"}],"version-history":[{"count":2,"href":"https:\/\/froewag.de\/en\/wp-json\/wp\/v2\/product\/47848\/revisions"}],"predecessor-version":[{"id":50357,"href":"https:\/\/froewag.de\/en\/wp-json\/wp\/v2\/product\/47848\/revisions\/50357"}],"wp:attachment":[{"href":"https:\/\/froewag.de\/en\/wp-json\/wp\/v2\/media?parent=47848"}],"wp:term":[{"taxonomy":"product_brand","embeddable":true,"href":"https:\/\/froewag.de\/en\/wp-json\/wp\/v2\/product_brand?post=47848"},{"taxonomy":"product_cat","embeddable":true,"href":"https:\/\/froewag.de\/en\/wp-json\/wp\/v2\/product_cat?post=47848"},{"taxonomy":"product_tag","embeddable":true,"href":"https:\/\/froewag.de\/en\/wp-json\/wp\/v2\/product_tag?post=47848"}],"curies":[{"name":"wp","href":"https:\/\/api.w.org\/{rel}","templated":true}]}}