{"id":47866,"date":"2021-10-06T21:15:07","date_gmt":"2021-10-06T19:15:07","guid":{"rendered":"http:\/\/froewag.de\/wp2\/produkt\/araeometer-nach-casagrande-0995-bis-1030-g-cm%c2%b3-teilung-00005-g-ccm%c2%b3-mit-werksbescheinigung\/"},"modified":"2021-10-06T21:15:12","modified_gmt":"2021-10-06T19:15:12","slug":"araeometer-nach-casagrande-0995-bis-1030-g-cm%c2%b3-teilung-00005-g-ccm%c2%b3-mit-werksbescheinigung","status":"publish","type":"product","link":"https:\/\/froewag.de\/en\/product\/araeometer-nach-casagrande-0995-bis-1030-g-cm%c2%b3-teilung-00005-g-ccm%c2%b3-mit-werksbescheinigung\/","title":{"rendered":"Ar\u00e4ometer nach Casagrande 0,995 bis 1,030 g\/cm\u00b3, Teilung 0,0005 g\/ccm\u00b3 mit Werksbescheinigung"},"content":{"rendered":"<p>Ar\u00e4ometer nach Casagrande 0,995 bis 1,030 g\/cm\u00b3, Teilung 0,0005 g\/cm\u00b3 mit Werksbescheinigung<\/p><\/p>","protected":false},"excerpt":{"rendered":"<p>Ar\u00e4ometer nach Casagrande 0,995 bis 1,030 g\/cm\u00b3, Teilung 0,0005 g\/cm\u00b3 mit Werksbescheinigung<\/p>","protected":false},"featured_media":0,"template":"","meta":{"_acf_changed":false,"site-sidebar-layout":"default","site-content-layout":"plain-container","ast-site-content-layout":"default","site-content-style":"default","site-sidebar-style":"default","ast-global-header-display":"","ast-banner-title-visibility":"","ast-main-header-display":"","ast-hfb-above-header-display":"","ast-hfb-below-header-display":"","ast-hfb-mobile-header-display":"","site-post-title":"","ast-breadcrumbs-content":"","ast-featured-img":"","footer-sml-layout":"","ast-disable-related-posts":"","theme-transparent-header-meta":"default","adv-header-id-meta":"","stick-header-meta":"","header-above-stick-meta":"","header-main-stick-meta":"","header-below-stick-meta":"","astra-migrate-meta-layouts":"default","ast-page-background-enabled":"default","ast-page-background-meta":{"desktop":{"background-color":"","background-image":"","background-repeat":"repeat","background-position":"center center","background-size":"auto","background-attachment":"scroll","background-type":"","background-media":"","overlay-type":"","overlay-color":"","overlay-opacity":"","overlay-gradient":""},"tablet":{"background-color":"","background-image":"","background-repeat":"repeat","background-position":"center center","background-size":"auto","background-attachment":"scroll","background-type":"","background-media":"","overlay-type":"","overlay-color":"","overlay-opacity":"","overlay-gradient":""},"mobile":{"background-color":"","background-image":"","background-repeat":"repeat","background-position":"center center","background-size":"auto","background-attachment":"scroll","background-type":"","background-media":"","overlay-type":"","overlay-color":"","overlay-opacity":"","overlay-gradient":""}},"ast-content-background-meta":{"desktop":{"background-color":"var(--ast-global-color-5)","background-image":"","background-repeat":"repeat","background-position":"center center","background-size":"auto","background-attachment":"scroll","background-type":"","background-media":"","overlay-type":"","overlay-color":"","overlay-opacity":"","overlay-gradient":""},"tablet":{"background-color":"var(--ast-global-color-5)","background-image":"","background-repeat":"repeat","background-position":"center center","background-size":"auto","background-attachment":"scroll","background-type":"","background-media":"","overlay-type":"","overlay-color":"","overlay-opacity":"","overlay-gradient":""},"mobile":{"background-color":"var(--ast-global-color-5)","background-image":"","background-repeat":"repeat","background-position":"center center","background-size":"auto","background-attachment":"scroll","background-type":"","background-media":"","overlay-type":"","overlay-color":"","overlay-opacity":"","overlay-gradient":""}},"_themeisle_gutenberg_block_has_review":false},"product_brand":[],"product_cat":[13928,14042],"product_tag":[14043],"class_list":{"0":"post-47866","1":"product","2":"type-product","3":"status-publish","5":"product_cat-boden-2","6":"product_cat-korngroessenverteilung","7":"product_tag-korngroessenverteilung","8":"desktop-align-left","9":"tablet-align-left","10":"mobile-align-left","12":"first","13":"instock","14":"product-type-simple"},"acf":[],"yoast_head":"<!-- This site is optimized with the Yoast SEO plugin v27.4 - https:\/\/yoast.com\/product\/yoast-seo-wordpress\/ -->\n<title>Ar\u00e4ometer nach Casagrande 0,995 bis 1,030 g\/cm\u00b3, Teilung 0,0005 g\/ccm\u00b3 mit Werksbescheinigung - Fr\u00f6wag GmbH<\/title>\n<meta name=\"robots\" content=\"index, follow, max-snippet:-1, max-image-preview:large, max-video-preview:-1\" \/>\n<link rel=\"canonical\" href=\"https:\/\/froewag.de\/en\/product\/araeometer-nach-casagrande-0995-bis-1030-g-cm\u00b3-teilung-00005-g-ccm\u00b3-mit-werksbescheinigung\/\" \/>\n<meta property=\"og:locale\" content=\"en_GB\" \/>\n<meta property=\"og:type\" content=\"article\" \/>\n<meta property=\"og:title\" content=\"Ar\u00e4ometer nach Casagrande 0,995 bis 1,030 g\/cm\u00b3, Teilung 0,0005 g\/ccm\u00b3 mit Werksbescheinigung - Fr\u00f6wag GmbH\" \/>\n<meta property=\"og:description\" content=\"Ar\u00e4ometer nach Casagrande 0,995 bis 1,030 g\/cm\u00b3, Teilung 0,0005 g\/cm\u00b3 mit Werksbescheinigung\" \/>\n<meta property=\"og:url\" content=\"https:\/\/froewag.de\/en\/product\/araeometer-nach-casagrande-0995-bis-1030-g-cm\u00b3-teilung-00005-g-ccm\u00b3-mit-werksbescheinigung\/\" \/>\n<meta property=\"og:site_name\" content=\"Fr\u00f6wag GmbH\" \/>\n<meta property=\"article:modified_time\" content=\"2021-10-06T19:15:12+00:00\" \/>\n<meta name=\"twitter:card\" content=\"summary_large_image\" \/>\n<script type=\"application\/ld+json\" class=\"yoast-schema-graph\">{\"@context\":\"https:\\\/\\\/schema.org\",\"@graph\":[{\"@type\":\"WebPage\",\"@id\":\"https:\\\/\\\/froewag.de\\\/produkt\\\/araeometer-nach-casagrande-0995-bis-1030-g-cm%c2%b3-teilung-00005-g-ccm%c2%b3-mit-werksbescheinigung\\\/\",\"url\":\"https:\\\/\\\/froewag.de\\\/produkt\\\/araeometer-nach-casagrande-0995-bis-1030-g-cm%c2%b3-teilung-00005-g-ccm%c2%b3-mit-werksbescheinigung\\\/\",\"name\":\"Ar\u00e4ometer nach Casagrande 0,995 bis 1,030 g\\\/cm\u00b3, Teilung 0,0005 g\\\/ccm\u00b3 mit Werksbescheinigung - Fr\u00f6wag GmbH\",\"isPartOf\":{\"@id\":\"https:\\\/\\\/froewag.de\\\/#website\"},\"datePublished\":\"2021-10-06T19:15:07+00:00\",\"dateModified\":\"2021-10-06T19:15:12+00:00\",\"breadcrumb\":{\"@id\":\"https:\\\/\\\/froewag.de\\\/produkt\\\/araeometer-nach-casagrande-0995-bis-1030-g-cm%c2%b3-teilung-00005-g-ccm%c2%b3-mit-werksbescheinigung\\\/#breadcrumb\"},\"inLanguage\":\"en-GB\",\"potentialAction\":[{\"@type\":\"ReadAction\",\"target\":[\"https:\\\/\\\/froewag.de\\\/produkt\\\/araeometer-nach-casagrande-0995-bis-1030-g-cm%c2%b3-teilung-00005-g-ccm%c2%b3-mit-werksbescheinigung\\\/\"]}]},{\"@type\":\"BreadcrumbList\",\"@id\":\"https:\\\/\\\/froewag.de\\\/produkt\\\/araeometer-nach-casagrande-0995-bis-1030-g-cm%c2%b3-teilung-00005-g-ccm%c2%b3-mit-werksbescheinigung\\\/#breadcrumb\",\"itemListElement\":[{\"@type\":\"ListItem\",\"position\":1,\"name\":\"Home\",\"item\":\"https:\\\/\\\/froewag.de\\\/\"},{\"@type\":\"ListItem\",\"position\":2,\"name\":\"Produkte\",\"item\":\"https:\\\/\\\/froewag.de\\\/produkte\\\/\"},{\"@type\":\"ListItem\",\"position\":3,\"name\":\"Boden\",\"item\":\"https:\\\/\\\/froewag.de\\\/produktkategorie\\\/boden-2\\\/\"},{\"@type\":\"ListItem\",\"position\":4,\"name\":\"Korngr\u00f6\u00dfenverteilung\",\"item\":\"https:\\\/\\\/froewag.de\\\/produktkategorie\\\/boden-2\\\/korngroessenverteilung\\\/\"},{\"@type\":\"ListItem\",\"position\":5,\"name\":\"Ar\u00e4ometer nach Casagrande 0,995 bis 1,030 g\\\/cm\u00b3, Teilung 0,0005 g\\\/ccm\u00b3 mit Werksbescheinigung\"}]},{\"@type\":\"WebSite\",\"@id\":\"https:\\\/\\\/froewag.de\\\/#website\",\"url\":\"https:\\\/\\\/froewag.de\\\/\",\"name\":\"Fr\u00f6wag GmbH\",\"description\":\"Pr\u00fcfanlagen f\u00fcr Baustoffe und Umwelt\",\"publisher\":{\"@id\":\"https:\\\/\\\/froewag.de\\\/#organization\"},\"potentialAction\":[{\"@type\":\"SearchAction\",\"target\":{\"@type\":\"EntryPoint\",\"urlTemplate\":\"https:\\\/\\\/froewag.de\\\/?s={search_term_string}\"},\"query-input\":{\"@type\":\"PropertyValueSpecification\",\"valueRequired\":true,\"valueName\":\"search_term_string\"}}],\"inLanguage\":\"en-GB\"},{\"@type\":\"Organization\",\"@id\":\"https:\\\/\\\/froewag.de\\\/#organization\",\"name\":\"Fr\u00f6Wag GmbH\",\"url\":\"https:\\\/\\\/froewag.de\\\/\",\"logo\":{\"@type\":\"ImageObject\",\"inLanguage\":\"en-GB\",\"@id\":\"https:\\\/\\\/froewag.de\\\/#\\\/schema\\\/logo\\\/image\\\/\",\"url\":\"\",\"contentUrl\":\"\",\"caption\":\"Fr\u00f6Wag GmbH\"},\"image\":{\"@id\":\"https:\\\/\\\/froewag.de\\\/#\\\/schema\\\/logo\\\/image\\\/\"}}]}<\/script>\n<!-- \/ Yoast SEO plugin. -->","yoast_head_json":{"title":"Ar\u00e4ometer nach Casagrande 0,995 bis 1,030 g\/cm\u00b3, Teilung 0,0005 g\/ccm\u00b3 mit Werksbescheinigung - Fr\u00f6wag GmbH","robots":{"index":"index","follow":"follow","max-snippet":"max-snippet:-1","max-image-preview":"max-image-preview:large","max-video-preview":"max-video-preview:-1"},"canonical":"https:\/\/froewag.de\/en\/product\/araeometer-nach-casagrande-0995-bis-1030-g-cm\u00b3-teilung-00005-g-ccm\u00b3-mit-werksbescheinigung\/","og_locale":"en_GB","og_type":"article","og_title":"Ar\u00e4ometer nach Casagrande 0,995 bis 1,030 g\/cm\u00b3, Teilung 0,0005 g\/ccm\u00b3 mit Werksbescheinigung - Fr\u00f6wag GmbH","og_description":"Ar\u00e4ometer nach Casagrande 0,995 bis 1,030 g\/cm\u00b3, Teilung 0,0005 g\/cm\u00b3 mit Werksbescheinigung","og_url":"https:\/\/froewag.de\/en\/product\/araeometer-nach-casagrande-0995-bis-1030-g-cm\u00b3-teilung-00005-g-ccm\u00b3-mit-werksbescheinigung\/","og_site_name":"Fr\u00f6wag GmbH","article_modified_time":"2021-10-06T19:15:12+00:00","twitter_card":"summary_large_image","schema":{"@context":"https:\/\/schema.org","@graph":[{"@type":"WebPage","@id":"https:\/\/froewag.de\/produkt\/araeometer-nach-casagrande-0995-bis-1030-g-cm%c2%b3-teilung-00005-g-ccm%c2%b3-mit-werksbescheinigung\/","url":"https:\/\/froewag.de\/produkt\/araeometer-nach-casagrande-0995-bis-1030-g-cm%c2%b3-teilung-00005-g-ccm%c2%b3-mit-werksbescheinigung\/","name":"Ar\u00e4ometer nach Casagrande 0,995 bis 1,030 g\/cm\u00b3, Teilung 0,0005 g\/ccm\u00b3 mit Werksbescheinigung - Fr\u00f6wag GmbH","isPartOf":{"@id":"https:\/\/froewag.de\/#website"},"datePublished":"2021-10-06T19:15:07+00:00","dateModified":"2021-10-06T19:15:12+00:00","breadcrumb":{"@id":"https:\/\/froewag.de\/produkt\/araeometer-nach-casagrande-0995-bis-1030-g-cm%c2%b3-teilung-00005-g-ccm%c2%b3-mit-werksbescheinigung\/#breadcrumb"},"inLanguage":"en-GB","potentialAction":[{"@type":"ReadAction","target":["https:\/\/froewag.de\/produkt\/araeometer-nach-casagrande-0995-bis-1030-g-cm%c2%b3-teilung-00005-g-ccm%c2%b3-mit-werksbescheinigung\/"]}]},{"@type":"BreadcrumbList","@id":"https:\/\/froewag.de\/produkt\/araeometer-nach-casagrande-0995-bis-1030-g-cm%c2%b3-teilung-00005-g-ccm%c2%b3-mit-werksbescheinigung\/#breadcrumb","itemListElement":[{"@type":"ListItem","position":1,"name":"Home","item":"https:\/\/froewag.de\/"},{"@type":"ListItem","position":2,"name":"Produkte","item":"https:\/\/froewag.de\/produkte\/"},{"@type":"ListItem","position":3,"name":"Boden","item":"https:\/\/froewag.de\/produktkategorie\/boden-2\/"},{"@type":"ListItem","position":4,"name":"Korngr\u00f6\u00dfenverteilung","item":"https:\/\/froewag.de\/produktkategorie\/boden-2\/korngroessenverteilung\/"},{"@type":"ListItem","position":5,"name":"Ar\u00e4ometer nach Casagrande 0,995 bis 1,030 g\/cm\u00b3, Teilung 0,0005 g\/ccm\u00b3 mit Werksbescheinigung"}]},{"@type":"WebSite","@id":"https:\/\/froewag.de\/#website","url":"https:\/\/froewag.de\/","name":"Fr\u00f6wag GmbH","description":"Pr\u00fcfanlagen f\u00fcr Baustoffe und Umwelt","publisher":{"@id":"https:\/\/froewag.de\/#organization"},"potentialAction":[{"@type":"SearchAction","target":{"@type":"EntryPoint","urlTemplate":"https:\/\/froewag.de\/?s={search_term_string}"},"query-input":{"@type":"PropertyValueSpecification","valueRequired":true,"valueName":"search_term_string"}}],"inLanguage":"en-GB"},{"@type":"Organization","@id":"https:\/\/froewag.de\/#organization","name":"Fr\u00f6Wag GmbH","url":"https:\/\/froewag.de\/","logo":{"@type":"ImageObject","inLanguage":"en-GB","@id":"https:\/\/froewag.de\/#\/schema\/logo\/image\/","url":"","contentUrl":"","caption":"Fr\u00f6Wag GmbH"},"image":{"@id":"https:\/\/froewag.de\/#\/schema\/logo\/image\/"}}]}},"_links":{"self":[{"href":"https:\/\/froewag.de\/en\/wp-json\/wp\/v2\/product\/47866","targetHints":{"allow":["GET"]}}],"collection":[{"href":"https:\/\/froewag.de\/en\/wp-json\/wp\/v2\/product"}],"about":[{"href":"https:\/\/froewag.de\/en\/wp-json\/wp\/v2\/types\/product"}],"version-history":[{"count":1,"href":"https:\/\/froewag.de\/en\/wp-json\/wp\/v2\/product\/47866\/revisions"}],"predecessor-version":[{"id":47867,"href":"https:\/\/froewag.de\/en\/wp-json\/wp\/v2\/product\/47866\/revisions\/47867"}],"wp:attachment":[{"href":"https:\/\/froewag.de\/en\/wp-json\/wp\/v2\/media?parent=47866"}],"wp:term":[{"taxonomy":"product_brand","embeddable":true,"href":"https:\/\/froewag.de\/en\/wp-json\/wp\/v2\/product_brand?post=47866"},{"taxonomy":"product_cat","embeddable":true,"href":"https:\/\/froewag.de\/en\/wp-json\/wp\/v2\/product_cat?post=47866"},{"taxonomy":"product_tag","embeddable":true,"href":"https:\/\/froewag.de\/en\/wp-json\/wp\/v2\/product_tag?post=47866"}],"curies":[{"name":"wp","href":"https:\/\/api.w.org\/{rel}","templated":true}]}}