{"id":48066,"date":"2021-10-06T21:15:58","date_gmt":"2021-10-06T19:15:58","guid":{"rendered":"http:\/\/froewag.de\/wp2\/produkt\/ruetteltisch\/"},"modified":"2021-10-06T21:15:58","modified_gmt":"2021-10-06T19:15:58","slug":"ruetteltisch","status":"publish","type":"product","link":"https:\/\/froewag.de\/en\/product\/ruetteltisch\/","title":{"rendered":"R\u00fctteltisch"},"content":{"rendered":"<p>DIN 18126 &#8211; EN 13286-5 &#8211; ASTM D4253<\/p>\n<p>R\u00fctteltisch<\/p>\n<p>zur Bestimmung der Dichten von nichtbindigen B\u00f6den bei lockerster und dichtester Lagerung. F\u00fcr Korngr\u00f6\u00dfe 5 mm und gr\u00f6\u00dfer. Tischplatte 762 x 762 mm, elektromagnetischer Antrieb mit 3000 Schwingungen pro Minute (50 Hz), Amplitude einstellbar zwischen 0,5 und 1,5 mm, mit digitaler Anzeige, Zeitschaltuhr 1-999 s, Belastung 2,5 kN<\/p>","protected":false},"excerpt":{"rendered":"<p>zur Bestimmung der Dichten von nichtbindigen B\u00f6den bei lockerster und dichtester Lagerung.<\/p>","protected":false},"featured_media":21074,"template":"","meta":{"_acf_changed":false,"site-sidebar-layout":"default","site-content-layout":"plain-container","ast-site-content-layout":"","site-content-style":"default","site-sidebar-style":"default","ast-global-header-display":"","ast-banner-title-visibility":"","ast-main-header-display":"","ast-hfb-above-header-display":"","ast-hfb-below-header-display":"","ast-hfb-mobile-header-display":"","site-post-title":"","ast-breadcrumbs-content":"","ast-featured-img":"","footer-sml-layout":"","theme-transparent-header-meta":"default","adv-header-id-meta":"","stick-header-meta":"","header-above-stick-meta":"","header-main-stick-meta":"","header-below-stick-meta":"","astra-migrate-meta-layouts":"default","ast-page-background-enabled":"default","ast-page-background-meta":{"desktop":{"background-color":"","background-image":"","background-repeat":"repeat","background-position":"center center","background-size":"auto","background-attachment":"scroll","background-type":"","background-media":"","overlay-type":"","overlay-color":"","overlay-opacity":"","overlay-gradient":""},"tablet":{"background-color":"","background-image":"","background-repeat":"repeat","background-position":"center center","background-size":"auto","background-attachment":"scroll","background-type":"","background-media":"","overlay-type":"","overlay-color":"","overlay-opacity":"","overlay-gradient":""},"mobile":{"background-color":"","background-image":"","background-repeat":"repeat","background-position":"center center","background-size":"auto","background-attachment":"scroll","background-type":"","background-media":"","overlay-type":"","overlay-color":"","overlay-opacity":"","overlay-gradient":""}},"ast-content-background-meta":{"desktop":{"background-color":"var(--ast-global-color-5)","background-image":"","background-repeat":"repeat","background-position":"center center","background-size":"auto","background-attachment":"scroll","background-type":"","background-media":"","overlay-type":"","overlay-color":"","overlay-opacity":"","overlay-gradient":""},"tablet":{"background-color":"var(--ast-global-color-5)","background-image":"","background-repeat":"repeat","background-position":"center center","background-size":"auto","background-attachment":"scroll","background-type":"","background-media":"","overlay-type":"","overlay-color":"","overlay-opacity":"","overlay-gradient":""},"mobile":{"background-color":"var(--ast-global-color-5)","background-image":"","background-repeat":"repeat","background-position":"center center","background-size":"auto","background-attachment":"scroll","background-type":"","background-media":"","overlay-type":"","overlay-color":"","overlay-opacity":"","overlay-gradient":""}},"_themeisle_gutenberg_block_has_review":false},"product_brand":[],"product_cat":[13928,14108],"product_tag":[14115],"class_list":{"0":"post-48066","1":"product","2":"type-product","3":"status-publish","4":"has-post-thumbnail","6":"product_cat-boden-2","7":"product_cat-lockerste-und-dichteste-lagerung","8":"product_tag-lockerste-und-dichteste-lagerung","9":"pa_abmessung-ca-762-x-762-x-500-mm","10":"pa_einzelnormen-astm-d4253","11":"pa_einzelnormen-din-18126","12":"pa_einzelnormen-en-13286-5","13":"pa_einzelnormen-astm","14":"pa_einzelnormen-din","15":"pa_einzelnormen-en","16":"pa_elektrische-daten-230-v-50-hz","17":"pa_gewicht-ca-325-kg","18":"pa_normen-230-v-50-hz","19":"desktop-align-left","20":"tablet-align-left","21":"mobile-align-left","23":"first","24":"instock","25":"product-type-simple"},"acf":[],"yoast_head":"<!-- This site is optimized with the Yoast SEO plugin v27.0 - https:\/\/yoast.com\/product\/yoast-seo-wordpress\/ -->\n<title>R\u00fctteltisch - Fr\u00f6wag GmbH<\/title>\n<meta name=\"robots\" content=\"index, follow, max-snippet:-1, max-image-preview:large, max-video-preview:-1\" \/>\n<link rel=\"canonical\" href=\"https:\/\/froewag.de\/en\/product\/ruetteltisch\/\" \/>\n<meta property=\"og:locale\" content=\"en_GB\" \/>\n<meta property=\"og:type\" content=\"article\" \/>\n<meta property=\"og:title\" content=\"R\u00fctteltisch - Fr\u00f6wag GmbH\" \/>\n<meta property=\"og:description\" content=\"zur Bestimmung der Dichten von nichtbindigen B\u00f6den bei lockerster und dichtester Lagerung.\" \/>\n<meta property=\"og:url\" content=\"https:\/\/froewag.de\/en\/product\/ruetteltisch\/\" \/>\n<meta property=\"og:site_name\" content=\"Fr\u00f6wag GmbH\" \/>\n<meta property=\"og:image\" content=\"https:\/\/froewag.de\/wp-content\/uploads\/2021\/03\/2862.jpg\" \/>\n\t<meta property=\"og:image:width\" content=\"700\" \/>\n\t<meta property=\"og:image:height\" content=\"800\" \/>\n\t<meta property=\"og:image:type\" content=\"image\/jpeg\" \/>\n<meta name=\"twitter:card\" content=\"summary_large_image\" \/>\n<script type=\"application\/ld+json\" class=\"yoast-schema-graph\">{\"@context\":\"https:\/\/schema.org\",\"@graph\":[{\"@type\":\"WebPage\",\"@id\":\"https:\/\/froewag.de\/produkt\/ruetteltisch\/\",\"url\":\"https:\/\/froewag.de\/produkt\/ruetteltisch\/\",\"name\":\"R\u00fctteltisch - Fr\u00f6wag GmbH\",\"isPartOf\":{\"@id\":\"https:\/\/froewag.de\/#website\"},\"primaryImageOfPage\":{\"@id\":\"https:\/\/froewag.de\/produkt\/ruetteltisch\/#primaryimage\"},\"image\":{\"@id\":\"https:\/\/froewag.de\/produkt\/ruetteltisch\/#primaryimage\"},\"thumbnailUrl\":\"https:\/\/froewag.de\/wp-content\/uploads\/2021\/03\/2862.jpg\",\"datePublished\":\"2021-10-06T19:15:58+00:00\",\"breadcrumb\":{\"@id\":\"https:\/\/froewag.de\/produkt\/ruetteltisch\/#breadcrumb\"},\"inLanguage\":\"en-GB\",\"potentialAction\":[{\"@type\":\"ReadAction\",\"target\":[\"https:\/\/froewag.de\/produkt\/ruetteltisch\/\"]}]},{\"@type\":\"ImageObject\",\"inLanguage\":\"en-GB\",\"@id\":\"https:\/\/froewag.de\/produkt\/ruetteltisch\/#primaryimage\",\"url\":\"https:\/\/froewag.de\/wp-content\/uploads\/2021\/03\/2862.jpg\",\"contentUrl\":\"https:\/\/froewag.de\/wp-content\/uploads\/2021\/03\/2862.jpg\",\"width\":700,\"height\":800},{\"@type\":\"BreadcrumbList\",\"@id\":\"https:\/\/froewag.de\/produkt\/ruetteltisch\/#breadcrumb\",\"itemListElement\":[{\"@type\":\"ListItem\",\"position\":1,\"name\":\"Home\",\"item\":\"https:\/\/froewag.de\/\"},{\"@type\":\"ListItem\",\"position\":2,\"name\":\"Produkte\",\"item\":\"https:\/\/froewag.de\/produkte\/\"},{\"@type\":\"ListItem\",\"position\":3,\"name\":\"Boden\",\"item\":\"https:\/\/froewag.de\/produktkategorie\/boden-2\/\"},{\"@type\":\"ListItem\",\"position\":4,\"name\":\"Lockerste und dichteste Lagerung\",\"item\":\"https:\/\/froewag.de\/produktkategorie\/boden-2\/lockerste-und-dichteste-lagerung\/\"},{\"@type\":\"ListItem\",\"position\":5,\"name\":\"R\u00fctteltisch\"}]},{\"@type\":\"WebSite\",\"@id\":\"https:\/\/froewag.de\/#website\",\"url\":\"https:\/\/froewag.de\/\",\"name\":\"Fr\u00f6wag GmbH\",\"description\":\"Pr\u00fcfanlagen f\u00fcr Baustoffe und Umwelt\",\"publisher\":{\"@id\":\"https:\/\/froewag.de\/#organization\"},\"potentialAction\":[{\"@type\":\"SearchAction\",\"target\":{\"@type\":\"EntryPoint\",\"urlTemplate\":\"https:\/\/froewag.de\/?s={search_term_string}\"},\"query-input\":{\"@type\":\"PropertyValueSpecification\",\"valueRequired\":true,\"valueName\":\"search_term_string\"}}],\"inLanguage\":\"en-GB\"},{\"@type\":\"Organization\",\"@id\":\"https:\/\/froewag.de\/#organization\",\"name\":\"Fr\u00f6Wag GmbH\",\"url\":\"https:\/\/froewag.de\/\",\"logo\":{\"@type\":\"ImageObject\",\"inLanguage\":\"en-GB\",\"@id\":\"https:\/\/froewag.de\/#\/schema\/logo\/image\/\",\"url\":\"\",\"contentUrl\":\"\",\"caption\":\"Fr\u00f6Wag GmbH\"},\"image\":{\"@id\":\"https:\/\/froewag.de\/#\/schema\/logo\/image\/\"}}]}<\/script>\n<!-- \/ Yoast SEO plugin. -->","yoast_head_json":{"title":"R\u00fctteltisch - Fr\u00f6wag GmbH","robots":{"index":"index","follow":"follow","max-snippet":"max-snippet:-1","max-image-preview":"max-image-preview:large","max-video-preview":"max-video-preview:-1"},"canonical":"https:\/\/froewag.de\/en\/product\/ruetteltisch\/","og_locale":"en_GB","og_type":"article","og_title":"R\u00fctteltisch - Fr\u00f6wag GmbH","og_description":"zur Bestimmung der Dichten von nichtbindigen B\u00f6den bei lockerster und dichtester Lagerung.","og_url":"https:\/\/froewag.de\/en\/product\/ruetteltisch\/","og_site_name":"Fr\u00f6wag GmbH","og_image":[{"width":700,"height":800,"url":"https:\/\/froewag.de\/wp-content\/uploads\/2021\/03\/2862.jpg","type":"image\/jpeg"}],"twitter_card":"summary_large_image","schema":{"@context":"https:\/\/schema.org","@graph":[{"@type":"WebPage","@id":"https:\/\/froewag.de\/produkt\/ruetteltisch\/","url":"https:\/\/froewag.de\/produkt\/ruetteltisch\/","name":"R\u00fctteltisch - Fr\u00f6wag GmbH","isPartOf":{"@id":"https:\/\/froewag.de\/#website"},"primaryImageOfPage":{"@id":"https:\/\/froewag.de\/produkt\/ruetteltisch\/#primaryimage"},"image":{"@id":"https:\/\/froewag.de\/produkt\/ruetteltisch\/#primaryimage"},"thumbnailUrl":"https:\/\/froewag.de\/wp-content\/uploads\/2021\/03\/2862.jpg","datePublished":"2021-10-06T19:15:58+00:00","breadcrumb":{"@id":"https:\/\/froewag.de\/produkt\/ruetteltisch\/#breadcrumb"},"inLanguage":"en-GB","potentialAction":[{"@type":"ReadAction","target":["https:\/\/froewag.de\/produkt\/ruetteltisch\/"]}]},{"@type":"ImageObject","inLanguage":"en-GB","@id":"https:\/\/froewag.de\/produkt\/ruetteltisch\/#primaryimage","url":"https:\/\/froewag.de\/wp-content\/uploads\/2021\/03\/2862.jpg","contentUrl":"https:\/\/froewag.de\/wp-content\/uploads\/2021\/03\/2862.jpg","width":700,"height":800},{"@type":"BreadcrumbList","@id":"https:\/\/froewag.de\/produkt\/ruetteltisch\/#breadcrumb","itemListElement":[{"@type":"ListItem","position":1,"name":"Home","item":"https:\/\/froewag.de\/"},{"@type":"ListItem","position":2,"name":"Produkte","item":"https:\/\/froewag.de\/produkte\/"},{"@type":"ListItem","position":3,"name":"Boden","item":"https:\/\/froewag.de\/produktkategorie\/boden-2\/"},{"@type":"ListItem","position":4,"name":"Lockerste und dichteste Lagerung","item":"https:\/\/froewag.de\/produktkategorie\/boden-2\/lockerste-und-dichteste-lagerung\/"},{"@type":"ListItem","position":5,"name":"R\u00fctteltisch"}]},{"@type":"WebSite","@id":"https:\/\/froewag.de\/#website","url":"https:\/\/froewag.de\/","name":"Fr\u00f6wag GmbH","description":"Pr\u00fcfanlagen f\u00fcr Baustoffe und Umwelt","publisher":{"@id":"https:\/\/froewag.de\/#organization"},"potentialAction":[{"@type":"SearchAction","target":{"@type":"EntryPoint","urlTemplate":"https:\/\/froewag.de\/?s={search_term_string}"},"query-input":{"@type":"PropertyValueSpecification","valueRequired":true,"valueName":"search_term_string"}}],"inLanguage":"en-GB"},{"@type":"Organization","@id":"https:\/\/froewag.de\/#organization","name":"Fr\u00f6Wag GmbH","url":"https:\/\/froewag.de\/","logo":{"@type":"ImageObject","inLanguage":"en-GB","@id":"https:\/\/froewag.de\/#\/schema\/logo\/image\/","url":"","contentUrl":"","caption":"Fr\u00f6Wag GmbH"},"image":{"@id":"https:\/\/froewag.de\/#\/schema\/logo\/image\/"}}]}},"_links":{"self":[{"href":"https:\/\/froewag.de\/en\/wp-json\/wp\/v2\/product\/48066","targetHints":{"allow":["GET"]}}],"collection":[{"href":"https:\/\/froewag.de\/en\/wp-json\/wp\/v2\/product"}],"about":[{"href":"https:\/\/froewag.de\/en\/wp-json\/wp\/v2\/types\/product"}],"version-history":[{"count":1,"href":"https:\/\/froewag.de\/en\/wp-json\/wp\/v2\/product\/48066\/revisions"}],"predecessor-version":[{"id":48067,"href":"https:\/\/froewag.de\/en\/wp-json\/wp\/v2\/product\/48066\/revisions\/48067"}],"wp:featuredmedia":[{"embeddable":true,"href":"https:\/\/froewag.de\/en\/wp-json\/wp\/v2\/media\/21074"}],"wp:attachment":[{"href":"https:\/\/froewag.de\/en\/wp-json\/wp\/v2\/media?parent=48066"}],"wp:term":[{"taxonomy":"product_brand","embeddable":true,"href":"https:\/\/froewag.de\/en\/wp-json\/wp\/v2\/product_brand?post=48066"},{"taxonomy":"product_cat","embeddable":true,"href":"https:\/\/froewag.de\/en\/wp-json\/wp\/v2\/product_cat?post=48066"},{"taxonomy":"product_tag","embeddable":true,"href":"https:\/\/froewag.de\/en\/wp-json\/wp\/v2\/product_tag?post=48066"}],"curies":[{"name":"wp","href":"https:\/\/api.w.org\/{rel}","templated":true}]}}