{"id":48140,"date":"2021-10-06T21:16:05","date_gmt":"2021-10-06T19:16:05","guid":{"rendered":"http:\/\/froewag.de\/wp2\/produkt\/triaxial-pruefstand-10-bar\/"},"modified":"2024-10-04T17:19:04","modified_gmt":"2024-10-04T15:19:04","slug":"triaxial-pruefstand-8-bar","status":"publish","type":"product","link":"https:\/\/froewag.de\/en\/product\/triaxial-pruefstand-8-bar\/","title":{"rendered":"Triaxial-Pr\u00fcfstand 8 bar"},"content":{"rendered":"<p>Triaxial-Pr\u00fcfstand 8 bar<\/p>\n<p>nach DIN 18130-1 \/ CEN ISO\/TS 17892-11<\/p>\n<p>Grundmodul f\u00fcr einen Messplatz.<\/p>\n<p>Wasserdurchl\u00e4ssigkeitspr\u00fcfanlage mit dreiaxialen Drucksystem und beidseitigem S\u00e4ttigungsdruck.<\/p>\n<p>Backpressure-Verfahren mit Manometer. Druckbest\u00e4ndig bis 8 bar, bedienerfreundliche und \u00fcbersichtliche Anordnung der Armaturen mit freien Feinmessmanometern f\u00fcr Ober-, Unter- und Zelldruck, zwei Messb\u00fcretten 50 ml mit Plexiglasschutzrohr und Mehrwegeventile zur Bef\u00fcllung der B\u00fcretten w\u00e4hrend des Versuches.<\/p>\n<p><em>Druckluftversorgung notwendig<\/em><\/p>","protected":false},"excerpt":{"rendered":"<p>Grundmodul f\u00fcr einen Messplatz.<\/p>","protected":false},"featured_media":20976,"template":"","meta":{"_acf_changed":false,"site-sidebar-layout":"default","site-content-layout":"","ast-site-content-layout":"default","site-content-style":"default","site-sidebar-style":"default","ast-global-header-display":"","ast-banner-title-visibility":"","ast-main-header-display":"","ast-hfb-above-header-display":"","ast-hfb-below-header-display":"","ast-hfb-mobile-header-display":"","site-post-title":"","ast-breadcrumbs-content":"","ast-featured-img":"","footer-sml-layout":"","ast-disable-related-posts":"","theme-transparent-header-meta":"default","adv-header-id-meta":"","stick-header-meta":"","header-above-stick-meta":"","header-main-stick-meta":"","header-below-stick-meta":"","astra-migrate-meta-layouts":"set","ast-page-background-enabled":"default","ast-page-background-meta":{"desktop":{"background-color":"","background-image":"","background-repeat":"repeat","background-position":"center center","background-size":"auto","background-attachment":"scroll","background-type":"","background-media":"","overlay-type":"","overlay-color":"","overlay-opacity":"","overlay-gradient":""},"tablet":{"background-color":"","background-image":"","background-repeat":"repeat","background-position":"center center","background-size":"auto","background-attachment":"scroll","background-type":"","background-media":"","overlay-type":"","overlay-color":"","overlay-opacity":"","overlay-gradient":""},"mobile":{"background-color":"","background-image":"","background-repeat":"repeat","background-position":"center center","background-size":"auto","background-attachment":"scroll","background-type":"","background-media":"","overlay-type":"","overlay-color":"","overlay-opacity":"","overlay-gradient":""}},"ast-content-background-meta":{"desktop":{"background-color":"var(--ast-global-color-5)","background-image":"","background-repeat":"repeat","background-position":"center center","background-size":"auto","background-attachment":"scroll","background-type":"","background-media":"","overlay-type":"","overlay-color":"","overlay-opacity":"","overlay-gradient":""},"tablet":{"background-color":"var(--ast-global-color-5)","background-image":"","background-repeat":"repeat","background-position":"center center","background-size":"auto","background-attachment":"scroll","background-type":"","background-media":"","overlay-type":"","overlay-color":"","overlay-opacity":"","overlay-gradient":""},"mobile":{"background-color":"var(--ast-global-color-5)","background-image":"","background-repeat":"repeat","background-position":"center center","background-size":"auto","background-attachment":"scroll","background-type":"","background-media":"","overlay-type":"","overlay-color":"","overlay-opacity":"","overlay-gradient":""}},"_themeisle_gutenberg_block_has_review":false},"product_brand":[],"product_cat":[13928,14093,14122],"product_tag":[14123],"class_list":{"0":"post-48140","1":"product","2":"type-product","3":"status-publish","4":"has-post-thumbnail","6":"product_cat-boden-2","7":"product_cat-triaxialversuch","8":"product_cat-wasserdurchlaessigkeit","9":"product_tag-wasserdurchlaessigkeit","10":"pa_abmessung-ca-1000-x-800-x-200-mm","11":"pa_einzelnormen-cen","12":"pa_einzelnormen-cen-iso-ts-17892-11","13":"pa_einzelnormen-din","14":"pa_einzelnormen-din-18130-1","15":"desktop-align-left","16":"tablet-align-left","17":"mobile-align-left","19":"first","20":"instock","21":"product-type-simple"},"acf":[],"yoast_head":"<!-- This site is optimized with the Yoast SEO plugin v27.4 - https:\/\/yoast.com\/product\/yoast-seo-wordpress\/ -->\n<title>Triaxial-Pr\u00fcfstand 8 bar - Fr\u00f6wag GmbH<\/title>\n<meta name=\"robots\" content=\"index, follow, max-snippet:-1, max-image-preview:large, max-video-preview:-1\" \/>\n<link rel=\"canonical\" href=\"https:\/\/froewag.de\/en\/product\/triaxial-pruefstand-8-bar\/\" \/>\n<meta property=\"og:locale\" content=\"en_GB\" \/>\n<meta property=\"og:type\" content=\"article\" \/>\n<meta property=\"og:title\" content=\"Triaxial-Pr\u00fcfstand 8 bar - Fr\u00f6wag GmbH\" \/>\n<meta property=\"og:description\" content=\"Grundmodul f\u00fcr einen Messplatz.\" \/>\n<meta property=\"og:url\" content=\"https:\/\/froewag.de\/en\/product\/triaxial-pruefstand-8-bar\/\" \/>\n<meta property=\"og:site_name\" content=\"Fr\u00f6wag GmbH\" \/>\n<meta property=\"article:modified_time\" content=\"2024-10-04T15:19:04+00:00\" \/>\n<meta property=\"og:image\" content=\"http:\/\/froewag.de\/wp-content\/uploads\/2021\/03\/2970.jpg\" \/>\n\t<meta property=\"og:image:width\" content=\"700\" \/>\n\t<meta property=\"og:image:height\" content=\"800\" \/>\n\t<meta property=\"og:image:type\" content=\"image\/jpeg\" \/>\n<meta name=\"twitter:card\" content=\"summary_large_image\" \/>\n<script type=\"application\/ld+json\" class=\"yoast-schema-graph\">{\"@context\":\"https:\\\/\\\/schema.org\",\"@graph\":[{\"@type\":\"WebPage\",\"@id\":\"https:\\\/\\\/froewag.de\\\/produkt\\\/triaxial-pruefstand-8-bar\\\/\",\"url\":\"https:\\\/\\\/froewag.de\\\/produkt\\\/triaxial-pruefstand-8-bar\\\/\",\"name\":\"Triaxial-Pr\u00fcfstand 8 bar - Fr\u00f6wag GmbH\",\"isPartOf\":{\"@id\":\"https:\\\/\\\/froewag.de\\\/#website\"},\"primaryImageOfPage\":{\"@id\":\"https:\\\/\\\/froewag.de\\\/produkt\\\/triaxial-pruefstand-8-bar\\\/#primaryimage\"},\"image\":{\"@id\":\"https:\\\/\\\/froewag.de\\\/produkt\\\/triaxial-pruefstand-8-bar\\\/#primaryimage\"},\"thumbnailUrl\":\"https:\\\/\\\/froewag.de\\\/wp-content\\\/uploads\\\/2021\\\/03\\\/2970.jpg\",\"datePublished\":\"2021-10-06T19:16:05+00:00\",\"dateModified\":\"2024-10-04T15:19:04+00:00\",\"breadcrumb\":{\"@id\":\"https:\\\/\\\/froewag.de\\\/produkt\\\/triaxial-pruefstand-8-bar\\\/#breadcrumb\"},\"inLanguage\":\"en-GB\",\"potentialAction\":[{\"@type\":\"ReadAction\",\"target\":[\"https:\\\/\\\/froewag.de\\\/produkt\\\/triaxial-pruefstand-8-bar\\\/\"]}]},{\"@type\":\"ImageObject\",\"inLanguage\":\"en-GB\",\"@id\":\"https:\\\/\\\/froewag.de\\\/produkt\\\/triaxial-pruefstand-8-bar\\\/#primaryimage\",\"url\":\"https:\\\/\\\/froewag.de\\\/wp-content\\\/uploads\\\/2021\\\/03\\\/2970.jpg\",\"contentUrl\":\"https:\\\/\\\/froewag.de\\\/wp-content\\\/uploads\\\/2021\\\/03\\\/2970.jpg\",\"width\":700,\"height\":800},{\"@type\":\"BreadcrumbList\",\"@id\":\"https:\\\/\\\/froewag.de\\\/produkt\\\/triaxial-pruefstand-8-bar\\\/#breadcrumb\",\"itemListElement\":[{\"@type\":\"ListItem\",\"position\":1,\"name\":\"Home\",\"item\":\"https:\\\/\\\/froewag.de\\\/\"},{\"@type\":\"ListItem\",\"position\":2,\"name\":\"Produkte\",\"item\":\"https:\\\/\\\/froewag.de\\\/produkte\\\/\"},{\"@type\":\"ListItem\",\"position\":3,\"name\":\"Boden\",\"item\":\"https:\\\/\\\/froewag.de\\\/produktkategorie\\\/boden-2\\\/\"},{\"@type\":\"ListItem\",\"position\":4,\"name\":\"Wasserdurchl\u00e4ssigkeit\",\"item\":\"https:\\\/\\\/froewag.de\\\/produktkategorie\\\/boden-2\\\/wasserdurchlaessigkeit\\\/\"},{\"@type\":\"ListItem\",\"position\":5,\"name\":\"Triaxialversuch\",\"item\":\"https:\\\/\\\/froewag.de\\\/produktkategorie\\\/boden-2\\\/wasserdurchlaessigkeit\\\/triaxialversuch\\\/\"},{\"@type\":\"ListItem\",\"position\":6,\"name\":\"Triaxial-Pr\u00fcfstand 8 bar\"}]},{\"@type\":\"WebSite\",\"@id\":\"https:\\\/\\\/froewag.de\\\/#website\",\"url\":\"https:\\\/\\\/froewag.de\\\/\",\"name\":\"Fr\u00f6wag GmbH\",\"description\":\"Pr\u00fcfanlagen f\u00fcr Baustoffe und Umwelt\",\"publisher\":{\"@id\":\"https:\\\/\\\/froewag.de\\\/#organization\"},\"potentialAction\":[{\"@type\":\"SearchAction\",\"target\":{\"@type\":\"EntryPoint\",\"urlTemplate\":\"https:\\\/\\\/froewag.de\\\/?s={search_term_string}\"},\"query-input\":{\"@type\":\"PropertyValueSpecification\",\"valueRequired\":true,\"valueName\":\"search_term_string\"}}],\"inLanguage\":\"en-GB\"},{\"@type\":\"Organization\",\"@id\":\"https:\\\/\\\/froewag.de\\\/#organization\",\"name\":\"Fr\u00f6Wag GmbH\",\"url\":\"https:\\\/\\\/froewag.de\\\/\",\"logo\":{\"@type\":\"ImageObject\",\"inLanguage\":\"en-GB\",\"@id\":\"https:\\\/\\\/froewag.de\\\/#\\\/schema\\\/logo\\\/image\\\/\",\"url\":\"\",\"contentUrl\":\"\",\"caption\":\"Fr\u00f6Wag GmbH\"},\"image\":{\"@id\":\"https:\\\/\\\/froewag.de\\\/#\\\/schema\\\/logo\\\/image\\\/\"}}]}<\/script>\n<!-- \/ Yoast SEO plugin. -->","yoast_head_json":{"title":"Triaxial-Pr\u00fcfstand 8 bar - Fr\u00f6wag GmbH","robots":{"index":"index","follow":"follow","max-snippet":"max-snippet:-1","max-image-preview":"max-image-preview:large","max-video-preview":"max-video-preview:-1"},"canonical":"https:\/\/froewag.de\/en\/product\/triaxial-pruefstand-8-bar\/","og_locale":"en_GB","og_type":"article","og_title":"Triaxial-Pr\u00fcfstand 8 bar - Fr\u00f6wag GmbH","og_description":"Grundmodul f\u00fcr einen Messplatz.","og_url":"https:\/\/froewag.de\/en\/product\/triaxial-pruefstand-8-bar\/","og_site_name":"Fr\u00f6wag GmbH","article_modified_time":"2024-10-04T15:19:04+00:00","og_image":[{"width":700,"height":800,"url":"http:\/\/froewag.de\/wp-content\/uploads\/2021\/03\/2970.jpg","type":"image\/jpeg"}],"twitter_card":"summary_large_image","schema":{"@context":"https:\/\/schema.org","@graph":[{"@type":"WebPage","@id":"https:\/\/froewag.de\/produkt\/triaxial-pruefstand-8-bar\/","url":"https:\/\/froewag.de\/produkt\/triaxial-pruefstand-8-bar\/","name":"Triaxial-Pr\u00fcfstand 8 bar - Fr\u00f6wag GmbH","isPartOf":{"@id":"https:\/\/froewag.de\/#website"},"primaryImageOfPage":{"@id":"https:\/\/froewag.de\/produkt\/triaxial-pruefstand-8-bar\/#primaryimage"},"image":{"@id":"https:\/\/froewag.de\/produkt\/triaxial-pruefstand-8-bar\/#primaryimage"},"thumbnailUrl":"https:\/\/froewag.de\/wp-content\/uploads\/2021\/03\/2970.jpg","datePublished":"2021-10-06T19:16:05+00:00","dateModified":"2024-10-04T15:19:04+00:00","breadcrumb":{"@id":"https:\/\/froewag.de\/produkt\/triaxial-pruefstand-8-bar\/#breadcrumb"},"inLanguage":"en-GB","potentialAction":[{"@type":"ReadAction","target":["https:\/\/froewag.de\/produkt\/triaxial-pruefstand-8-bar\/"]}]},{"@type":"ImageObject","inLanguage":"en-GB","@id":"https:\/\/froewag.de\/produkt\/triaxial-pruefstand-8-bar\/#primaryimage","url":"https:\/\/froewag.de\/wp-content\/uploads\/2021\/03\/2970.jpg","contentUrl":"https:\/\/froewag.de\/wp-content\/uploads\/2021\/03\/2970.jpg","width":700,"height":800},{"@type":"BreadcrumbList","@id":"https:\/\/froewag.de\/produkt\/triaxial-pruefstand-8-bar\/#breadcrumb","itemListElement":[{"@type":"ListItem","position":1,"name":"Home","item":"https:\/\/froewag.de\/"},{"@type":"ListItem","position":2,"name":"Produkte","item":"https:\/\/froewag.de\/produkte\/"},{"@type":"ListItem","position":3,"name":"Boden","item":"https:\/\/froewag.de\/produktkategorie\/boden-2\/"},{"@type":"ListItem","position":4,"name":"Wasserdurchl\u00e4ssigkeit","item":"https:\/\/froewag.de\/produktkategorie\/boden-2\/wasserdurchlaessigkeit\/"},{"@type":"ListItem","position":5,"name":"Triaxialversuch","item":"https:\/\/froewag.de\/produktkategorie\/boden-2\/wasserdurchlaessigkeit\/triaxialversuch\/"},{"@type":"ListItem","position":6,"name":"Triaxial-Pr\u00fcfstand 8 bar"}]},{"@type":"WebSite","@id":"https:\/\/froewag.de\/#website","url":"https:\/\/froewag.de\/","name":"Fr\u00f6wag GmbH","description":"Pr\u00fcfanlagen f\u00fcr Baustoffe und Umwelt","publisher":{"@id":"https:\/\/froewag.de\/#organization"},"potentialAction":[{"@type":"SearchAction","target":{"@type":"EntryPoint","urlTemplate":"https:\/\/froewag.de\/?s={search_term_string}"},"query-input":{"@type":"PropertyValueSpecification","valueRequired":true,"valueName":"search_term_string"}}],"inLanguage":"en-GB"},{"@type":"Organization","@id":"https:\/\/froewag.de\/#organization","name":"Fr\u00f6Wag GmbH","url":"https:\/\/froewag.de\/","logo":{"@type":"ImageObject","inLanguage":"en-GB","@id":"https:\/\/froewag.de\/#\/schema\/logo\/image\/","url":"","contentUrl":"","caption":"Fr\u00f6Wag GmbH"},"image":{"@id":"https:\/\/froewag.de\/#\/schema\/logo\/image\/"}}]}},"_links":{"self":[{"href":"https:\/\/froewag.de\/en\/wp-json\/wp\/v2\/product\/48140","targetHints":{"allow":["GET"]}}],"collection":[{"href":"https:\/\/froewag.de\/en\/wp-json\/wp\/v2\/product"}],"about":[{"href":"https:\/\/froewag.de\/en\/wp-json\/wp\/v2\/types\/product"}],"version-history":[{"count":3,"href":"https:\/\/froewag.de\/en\/wp-json\/wp\/v2\/product\/48140\/revisions"}],"predecessor-version":[{"id":55100,"href":"https:\/\/froewag.de\/en\/wp-json\/wp\/v2\/product\/48140\/revisions\/55100"}],"wp:featuredmedia":[{"embeddable":true,"href":"https:\/\/froewag.de\/en\/wp-json\/wp\/v2\/media\/20976"}],"wp:attachment":[{"href":"https:\/\/froewag.de\/en\/wp-json\/wp\/v2\/media?parent=48140"}],"wp:term":[{"taxonomy":"product_brand","embeddable":true,"href":"https:\/\/froewag.de\/en\/wp-json\/wp\/v2\/product_brand?post=48140"},{"taxonomy":"product_cat","embeddable":true,"href":"https:\/\/froewag.de\/en\/wp-json\/wp\/v2\/product_cat?post=48140"},{"taxonomy":"product_tag","embeddable":true,"href":"https:\/\/froewag.de\/en\/wp-json\/wp\/v2\/product_tag?post=48140"}],"curies":[{"name":"wp","href":"https:\/\/api.w.org\/{rel}","templated":true}]}}