{"id":48336,"date":"2021-10-06T21:16:54","date_gmt":"2021-10-06T19:16:54","guid":{"rendered":"http:\/\/froewag.de\/wp2\/produkt\/filterpapier-fuer-ridgenversuch\/"},"modified":"2021-10-06T21:16:54","modified_gmt":"2021-10-06T19:16:54","slug":"filterpapier-fuer-ridgenversuch","status":"publish","type":"product","link":"https:\/\/froewag.de\/en\/product\/filterpapier-fuer-ridgenversuch\/","title":{"rendered":"Filterpapier f\u00fcr Ridgenversuch"},"content":{"rendered":"<p>Filterpapier f\u00fcr Ridgenversuch<\/p>\n<p>10 B\u00f6gen \u00e0 270 x 1000 mm<\/p>","protected":false},"excerpt":{"rendered":"<p>10 B\u00f6gen \u00e0 270 x 1000 mm<\/p>","protected":false},"featured_media":0,"template":"","meta":{"_acf_changed":false,"site-sidebar-layout":"default","site-content-layout":"plain-container","ast-site-content-layout":"","site-content-style":"default","site-sidebar-style":"default","ast-global-header-display":"","ast-banner-title-visibility":"","ast-main-header-display":"","ast-hfb-above-header-display":"","ast-hfb-below-header-display":"","ast-hfb-mobile-header-display":"","site-post-title":"","ast-breadcrumbs-content":"","ast-featured-img":"","footer-sml-layout":"","theme-transparent-header-meta":"default","adv-header-id-meta":"","stick-header-meta":"","header-above-stick-meta":"","header-main-stick-meta":"","header-below-stick-meta":"","astra-migrate-meta-layouts":"default","ast-page-background-enabled":"default","ast-page-background-meta":{"desktop":{"background-color":"","background-image":"","background-repeat":"repeat","background-position":"center center","background-size":"auto","background-attachment":"scroll","background-type":"","background-media":"","overlay-type":"","overlay-color":"","overlay-opacity":"","overlay-gradient":""},"tablet":{"background-color":"","background-image":"","background-repeat":"repeat","background-position":"center center","background-size":"auto","background-attachment":"scroll","background-type":"","background-media":"","overlay-type":"","overlay-color":"","overlay-opacity":"","overlay-gradient":""},"mobile":{"background-color":"","background-image":"","background-repeat":"repeat","background-position":"center center","background-size":"auto","background-attachment":"scroll","background-type":"","background-media":"","overlay-type":"","overlay-color":"","overlay-opacity":"","overlay-gradient":""}},"ast-content-background-meta":{"desktop":{"background-color":"var(--ast-global-color-5)","background-image":"","background-repeat":"repeat","background-position":"center center","background-size":"auto","background-attachment":"scroll","background-type":"","background-media":"","overlay-type":"","overlay-color":"","overlay-opacity":"","overlay-gradient":""},"tablet":{"background-color":"var(--ast-global-color-5)","background-image":"","background-repeat":"repeat","background-position":"center center","background-size":"auto","background-attachment":"scroll","background-type":"","background-media":"","overlay-type":"","overlay-color":"","overlay-opacity":"","overlay-gradient":""},"mobile":{"background-color":"var(--ast-global-color-5)","background-image":"","background-repeat":"repeat","background-position":"center center","background-size":"auto","background-attachment":"scroll","background-type":"","background-media":"","overlay-type":"","overlay-color":"","overlay-opacity":"","overlay-gradient":""}},"_themeisle_gutenberg_block_has_review":false},"product_brand":[],"product_cat":[14174,14161],"product_tag":[14175],"class_list":{"0":"post-48336","1":"product","2":"type-product","3":"status-publish","5":"product_cat-dichte-und-hohlraum","6":"product_cat-gesteinskoernungen","7":"product_tag-gesteinskoernungen-dichte-und-hohlraum","8":"desktop-align-left","9":"tablet-align-left","10":"mobile-align-left","12":"first","13":"instock","14":"product-type-simple"},"acf":[],"yoast_head":"<!-- This site is optimized with the Yoast SEO plugin v27.0 - https:\/\/yoast.com\/product\/yoast-seo-wordpress\/ -->\n<title>Filterpapier f\u00fcr Ridgenversuch - Fr\u00f6wag GmbH<\/title>\n<meta name=\"robots\" content=\"index, follow, max-snippet:-1, max-image-preview:large, max-video-preview:-1\" \/>\n<link rel=\"canonical\" href=\"https:\/\/froewag.de\/en\/product\/filterpapier-fuer-ridgenversuch\/\" \/>\n<meta property=\"og:locale\" content=\"en_GB\" \/>\n<meta property=\"og:type\" content=\"article\" \/>\n<meta property=\"og:title\" content=\"Filterpapier f\u00fcr Ridgenversuch - Fr\u00f6wag GmbH\" \/>\n<meta property=\"og:description\" content=\"10 B\u00f6gen \u00e0 270 x 1000 mm\" \/>\n<meta property=\"og:url\" content=\"https:\/\/froewag.de\/en\/product\/filterpapier-fuer-ridgenversuch\/\" \/>\n<meta property=\"og:site_name\" content=\"Fr\u00f6wag GmbH\" \/>\n<meta name=\"twitter:card\" content=\"summary_large_image\" \/>\n<script type=\"application\/ld+json\" class=\"yoast-schema-graph\">{\"@context\":\"https:\/\/schema.org\",\"@graph\":[{\"@type\":\"WebPage\",\"@id\":\"https:\/\/froewag.de\/produkt\/filterpapier-fuer-ridgenversuch\/\",\"url\":\"https:\/\/froewag.de\/produkt\/filterpapier-fuer-ridgenversuch\/\",\"name\":\"Filterpapier f\u00fcr Ridgenversuch - Fr\u00f6wag GmbH\",\"isPartOf\":{\"@id\":\"https:\/\/froewag.de\/#website\"},\"datePublished\":\"2021-10-06T19:16:54+00:00\",\"breadcrumb\":{\"@id\":\"https:\/\/froewag.de\/produkt\/filterpapier-fuer-ridgenversuch\/#breadcrumb\"},\"inLanguage\":\"en-GB\",\"potentialAction\":[{\"@type\":\"ReadAction\",\"target\":[\"https:\/\/froewag.de\/produkt\/filterpapier-fuer-ridgenversuch\/\"]}]},{\"@type\":\"BreadcrumbList\",\"@id\":\"https:\/\/froewag.de\/produkt\/filterpapier-fuer-ridgenversuch\/#breadcrumb\",\"itemListElement\":[{\"@type\":\"ListItem\",\"position\":1,\"name\":\"Home\",\"item\":\"https:\/\/froewag.de\/\"},{\"@type\":\"ListItem\",\"position\":2,\"name\":\"Produkte\",\"item\":\"https:\/\/froewag.de\/produkte\/\"},{\"@type\":\"ListItem\",\"position\":3,\"name\":\"Gesteinsk\u00f6rnungen\",\"item\":\"https:\/\/froewag.de\/produktkategorie\/gesteinskoernungen\/\"},{\"@type\":\"ListItem\",\"position\":4,\"name\":\"Dichte und Hohlraum\",\"item\":\"https:\/\/froewag.de\/produktkategorie\/gesteinskoernungen\/dichte-und-hohlraum\/\"},{\"@type\":\"ListItem\",\"position\":5,\"name\":\"Filterpapier f\u00fcr Ridgenversuch\"}]},{\"@type\":\"WebSite\",\"@id\":\"https:\/\/froewag.de\/#website\",\"url\":\"https:\/\/froewag.de\/\",\"name\":\"Fr\u00f6wag GmbH\",\"description\":\"Pr\u00fcfanlagen f\u00fcr Baustoffe und Umwelt\",\"publisher\":{\"@id\":\"https:\/\/froewag.de\/#organization\"},\"potentialAction\":[{\"@type\":\"SearchAction\",\"target\":{\"@type\":\"EntryPoint\",\"urlTemplate\":\"https:\/\/froewag.de\/?s={search_term_string}\"},\"query-input\":{\"@type\":\"PropertyValueSpecification\",\"valueRequired\":true,\"valueName\":\"search_term_string\"}}],\"inLanguage\":\"en-GB\"},{\"@type\":\"Organization\",\"@id\":\"https:\/\/froewag.de\/#organization\",\"name\":\"Fr\u00f6Wag GmbH\",\"url\":\"https:\/\/froewag.de\/\",\"logo\":{\"@type\":\"ImageObject\",\"inLanguage\":\"en-GB\",\"@id\":\"https:\/\/froewag.de\/#\/schema\/logo\/image\/\",\"url\":\"\",\"contentUrl\":\"\",\"caption\":\"Fr\u00f6Wag GmbH\"},\"image\":{\"@id\":\"https:\/\/froewag.de\/#\/schema\/logo\/image\/\"}}]}<\/script>\n<!-- \/ Yoast SEO plugin. -->","yoast_head_json":{"title":"Filterpapier f\u00fcr Ridgenversuch - Fr\u00f6wag GmbH","robots":{"index":"index","follow":"follow","max-snippet":"max-snippet:-1","max-image-preview":"max-image-preview:large","max-video-preview":"max-video-preview:-1"},"canonical":"https:\/\/froewag.de\/en\/product\/filterpapier-fuer-ridgenversuch\/","og_locale":"en_GB","og_type":"article","og_title":"Filterpapier f\u00fcr Ridgenversuch - Fr\u00f6wag GmbH","og_description":"10 B\u00f6gen \u00e0 270 x 1000 mm","og_url":"https:\/\/froewag.de\/en\/product\/filterpapier-fuer-ridgenversuch\/","og_site_name":"Fr\u00f6wag GmbH","twitter_card":"summary_large_image","schema":{"@context":"https:\/\/schema.org","@graph":[{"@type":"WebPage","@id":"https:\/\/froewag.de\/produkt\/filterpapier-fuer-ridgenversuch\/","url":"https:\/\/froewag.de\/produkt\/filterpapier-fuer-ridgenversuch\/","name":"Filterpapier f\u00fcr Ridgenversuch - Fr\u00f6wag GmbH","isPartOf":{"@id":"https:\/\/froewag.de\/#website"},"datePublished":"2021-10-06T19:16:54+00:00","breadcrumb":{"@id":"https:\/\/froewag.de\/produkt\/filterpapier-fuer-ridgenversuch\/#breadcrumb"},"inLanguage":"en-GB","potentialAction":[{"@type":"ReadAction","target":["https:\/\/froewag.de\/produkt\/filterpapier-fuer-ridgenversuch\/"]}]},{"@type":"BreadcrumbList","@id":"https:\/\/froewag.de\/produkt\/filterpapier-fuer-ridgenversuch\/#breadcrumb","itemListElement":[{"@type":"ListItem","position":1,"name":"Home","item":"https:\/\/froewag.de\/"},{"@type":"ListItem","position":2,"name":"Produkte","item":"https:\/\/froewag.de\/produkte\/"},{"@type":"ListItem","position":3,"name":"Gesteinsk\u00f6rnungen","item":"https:\/\/froewag.de\/produktkategorie\/gesteinskoernungen\/"},{"@type":"ListItem","position":4,"name":"Dichte und Hohlraum","item":"https:\/\/froewag.de\/produktkategorie\/gesteinskoernungen\/dichte-und-hohlraum\/"},{"@type":"ListItem","position":5,"name":"Filterpapier f\u00fcr Ridgenversuch"}]},{"@type":"WebSite","@id":"https:\/\/froewag.de\/#website","url":"https:\/\/froewag.de\/","name":"Fr\u00f6wag GmbH","description":"Pr\u00fcfanlagen f\u00fcr Baustoffe und Umwelt","publisher":{"@id":"https:\/\/froewag.de\/#organization"},"potentialAction":[{"@type":"SearchAction","target":{"@type":"EntryPoint","urlTemplate":"https:\/\/froewag.de\/?s={search_term_string}"},"query-input":{"@type":"PropertyValueSpecification","valueRequired":true,"valueName":"search_term_string"}}],"inLanguage":"en-GB"},{"@type":"Organization","@id":"https:\/\/froewag.de\/#organization","name":"Fr\u00f6Wag GmbH","url":"https:\/\/froewag.de\/","logo":{"@type":"ImageObject","inLanguage":"en-GB","@id":"https:\/\/froewag.de\/#\/schema\/logo\/image\/","url":"","contentUrl":"","caption":"Fr\u00f6Wag GmbH"},"image":{"@id":"https:\/\/froewag.de\/#\/schema\/logo\/image\/"}}]}},"_links":{"self":[{"href":"https:\/\/froewag.de\/en\/wp-json\/wp\/v2\/product\/48336","targetHints":{"allow":["GET"]}}],"collection":[{"href":"https:\/\/froewag.de\/en\/wp-json\/wp\/v2\/product"}],"about":[{"href":"https:\/\/froewag.de\/en\/wp-json\/wp\/v2\/types\/product"}],"version-history":[{"count":1,"href":"https:\/\/froewag.de\/en\/wp-json\/wp\/v2\/product\/48336\/revisions"}],"predecessor-version":[{"id":48337,"href":"https:\/\/froewag.de\/en\/wp-json\/wp\/v2\/product\/48336\/revisions\/48337"}],"wp:attachment":[{"href":"https:\/\/froewag.de\/en\/wp-json\/wp\/v2\/media?parent=48336"}],"wp:term":[{"taxonomy":"product_brand","embeddable":true,"href":"https:\/\/froewag.de\/en\/wp-json\/wp\/v2\/product_brand?post=48336"},{"taxonomy":"product_cat","embeddable":true,"href":"https:\/\/froewag.de\/en\/wp-json\/wp\/v2\/product_cat?post=48336"},{"taxonomy":"product_tag","embeddable":true,"href":"https:\/\/froewag.de\/en\/wp-json\/wp\/v2\/product_tag?post=48336"}],"curies":[{"name":"wp","href":"https:\/\/api.w.org\/{rel}","templated":true}]}}