{"id":48442,"date":"2021-10-06T21:17:10","date_gmt":"2021-10-06T19:17:10","guid":{"rendered":"http:\/\/froewag.de\/wp2\/produkt\/slump-test-set\/"},"modified":"2021-10-06T21:17:15","modified_gmt":"2021-10-06T19:17:15","slug":"slump-test-set","status":"publish","type":"product","link":"https:\/\/froewag.de\/en\/product\/slump-test-set\/","title":{"rendered":"Slump &#8211; Test &#8211; Set"},"content":{"rendered":"<p>EN 12350-2, BS 1881:102, ASTM C143<\/p>\n<p>Slump &#8211; Test &#8211; Set <\/p>\n<p>bestehend aus<\/p>\n<p>Slump &#8211; Test &#8211; Form \u00f8 200\/100 mm, H. 300 mm<\/p>\n<p>Grundplatte 700&#215;700 mm<\/p>\n<p>Stampfer \u00f8 16 mm, L 600 mm<\/p>\n<p>Messlatte 300 mm<\/p>\n<p>Aluminium Schaufel und Handbesen<\/p>","protected":false},"excerpt":{"rendered":"<p>EN 12350-2, BS 1881:102, ASTM C143 Slump &#8211; Test &#8211; Set bestehend aus Slump &#8211; Test &#8211; Form \u00f8 200\/100 mm, H. 300 mm Grundplatte 700&#215;700 mm Stampfer \u00f8 16 mm, L 600 mm Messlatte 300 mm Aluminium Schaufel und Handbesen<\/p>","protected":false},"featured_media":20780,"template":"","meta":{"_acf_changed":false,"site-sidebar-layout":"default","site-content-layout":"plain-container","ast-site-content-layout":"","site-content-style":"default","site-sidebar-style":"default","ast-global-header-display":"","ast-banner-title-visibility":"","ast-main-header-display":"","ast-hfb-above-header-display":"","ast-hfb-below-header-display":"","ast-hfb-mobile-header-display":"","site-post-title":"","ast-breadcrumbs-content":"","ast-featured-img":"","footer-sml-layout":"","theme-transparent-header-meta":"default","adv-header-id-meta":"","stick-header-meta":"","header-above-stick-meta":"","header-main-stick-meta":"","header-below-stick-meta":"","astra-migrate-meta-layouts":"default","ast-page-background-enabled":"default","ast-page-background-meta":{"desktop":{"background-color":"","background-image":"","background-repeat":"repeat","background-position":"center center","background-size":"auto","background-attachment":"scroll","background-type":"","background-media":"","overlay-type":"","overlay-color":"","overlay-opacity":"","overlay-gradient":""},"tablet":{"background-color":"","background-image":"","background-repeat":"repeat","background-position":"center center","background-size":"auto","background-attachment":"scroll","background-type":"","background-media":"","overlay-type":"","overlay-color":"","overlay-opacity":"","overlay-gradient":""},"mobile":{"background-color":"","background-image":"","background-repeat":"repeat","background-position":"center center","background-size":"auto","background-attachment":"scroll","background-type":"","background-media":"","overlay-type":"","overlay-color":"","overlay-opacity":"","overlay-gradient":""}},"ast-content-background-meta":{"desktop":{"background-color":"var(--ast-global-color-5)","background-image":"","background-repeat":"repeat","background-position":"center center","background-size":"auto","background-attachment":"scroll","background-type":"","background-media":"","overlay-type":"","overlay-color":"","overlay-opacity":"","overlay-gradient":""},"tablet":{"background-color":"var(--ast-global-color-5)","background-image":"","background-repeat":"repeat","background-position":"center center","background-size":"auto","background-attachment":"scroll","background-type":"","background-media":"","overlay-type":"","overlay-color":"","overlay-opacity":"","overlay-gradient":""},"mobile":{"background-color":"var(--ast-global-color-5)","background-image":"","background-repeat":"repeat","background-position":"center center","background-size":"auto","background-attachment":"scroll","background-type":"","background-media":"","overlay-type":"","overlay-color":"","overlay-opacity":"","overlay-gradient":""}},"_themeisle_gutenberg_block_has_review":false},"product_brand":[],"product_cat":[14254,14258],"product_tag":[14259],"class_list":{"0":"post-48442","1":"product","2":"type-product","3":"status-publish","4":"has-post-thumbnail","6":"product_cat-beton","7":"product_cat-fliessverhalten-beton","8":"product_tag-beton-fliessverhalten","9":"pa_einzelnormen-astm-c143","10":"pa_einzelnormen-bs-1881102","11":"pa_einzelnormen-en-12350-2","12":"pa_einzelnormen-astm","13":"pa_einzelnormen-bs","14":"pa_einzelnormen-en","15":"desktop-align-left","16":"tablet-align-left","17":"mobile-align-left","19":"first","20":"instock","21":"product-type-simple"},"acf":[],"yoast_head":"<!-- This site is optimized with the Yoast SEO plugin v27.0 - https:\/\/yoast.com\/product\/yoast-seo-wordpress\/ -->\n<title>Slump - Test - Set - Fr\u00f6wag GmbH<\/title>\n<meta name=\"robots\" content=\"index, follow, max-snippet:-1, max-image-preview:large, max-video-preview:-1\" \/>\n<link rel=\"canonical\" href=\"https:\/\/froewag.de\/en\/product\/slump-test-set\/\" \/>\n<meta property=\"og:locale\" content=\"en_GB\" \/>\n<meta property=\"og:type\" content=\"article\" \/>\n<meta property=\"og:title\" content=\"Slump - Test - Set - Fr\u00f6wag GmbH\" \/>\n<meta property=\"og:description\" content=\"EN 12350-2, BS 1881:102, ASTM C143 Slump &#8211; Test &#8211; Set bestehend aus Slump &#8211; Test &#8211; Form \u00f8 200\/100 mm, H. 300 mm Grundplatte 700&#215;700 mm Stampfer \u00f8 16 mm, L 600 mm Messlatte 300 mm Aluminium Schaufel und Handbesen\" \/>\n<meta property=\"og:url\" content=\"https:\/\/froewag.de\/en\/product\/slump-test-set\/\" \/>\n<meta property=\"og:site_name\" content=\"Fr\u00f6wag GmbH\" \/>\n<meta property=\"article:modified_time\" content=\"2021-10-06T19:17:15+00:00\" \/>\n<meta property=\"og:image\" content=\"https:\/\/froewag.de\/wp-content\/uploads\/2021\/03\/6040.jpg\" \/>\n\t<meta property=\"og:image:width\" content=\"700\" \/>\n\t<meta property=\"og:image:height\" content=\"800\" \/>\n\t<meta property=\"og:image:type\" content=\"image\/jpeg\" \/>\n<meta name=\"twitter:card\" content=\"summary_large_image\" \/>\n<script type=\"application\/ld+json\" class=\"yoast-schema-graph\">{\"@context\":\"https:\/\/schema.org\",\"@graph\":[{\"@type\":\"WebPage\",\"@id\":\"https:\/\/froewag.de\/produkt\/slump-test-set\/\",\"url\":\"https:\/\/froewag.de\/produkt\/slump-test-set\/\",\"name\":\"Slump - Test - Set - Fr\u00f6wag GmbH\",\"isPartOf\":{\"@id\":\"https:\/\/froewag.de\/#website\"},\"primaryImageOfPage\":{\"@id\":\"https:\/\/froewag.de\/produkt\/slump-test-set\/#primaryimage\"},\"image\":{\"@id\":\"https:\/\/froewag.de\/produkt\/slump-test-set\/#primaryimage\"},\"thumbnailUrl\":\"https:\/\/froewag.de\/wp-content\/uploads\/2021\/03\/6040.jpg\",\"datePublished\":\"2021-10-06T19:17:10+00:00\",\"dateModified\":\"2021-10-06T19:17:15+00:00\",\"breadcrumb\":{\"@id\":\"https:\/\/froewag.de\/produkt\/slump-test-set\/#breadcrumb\"},\"inLanguage\":\"en-GB\",\"potentialAction\":[{\"@type\":\"ReadAction\",\"target\":[\"https:\/\/froewag.de\/produkt\/slump-test-set\/\"]}]},{\"@type\":\"ImageObject\",\"inLanguage\":\"en-GB\",\"@id\":\"https:\/\/froewag.de\/produkt\/slump-test-set\/#primaryimage\",\"url\":\"https:\/\/froewag.de\/wp-content\/uploads\/2021\/03\/6040.jpg\",\"contentUrl\":\"https:\/\/froewag.de\/wp-content\/uploads\/2021\/03\/6040.jpg\",\"width\":700,\"height\":800},{\"@type\":\"BreadcrumbList\",\"@id\":\"https:\/\/froewag.de\/produkt\/slump-test-set\/#breadcrumb\",\"itemListElement\":[{\"@type\":\"ListItem\",\"position\":1,\"name\":\"Home\",\"item\":\"https:\/\/froewag.de\/\"},{\"@type\":\"ListItem\",\"position\":2,\"name\":\"Produkte\",\"item\":\"https:\/\/froewag.de\/produkte\/\"},{\"@type\":\"ListItem\",\"position\":3,\"name\":\"Beton\",\"item\":\"https:\/\/froewag.de\/produktkategorie\/beton\/\"},{\"@type\":\"ListItem\",\"position\":4,\"name\":\"Flie\u00dfverhalten Beton\",\"item\":\"https:\/\/froewag.de\/produktkategorie\/beton\/fliessverhalten-beton\/\"},{\"@type\":\"ListItem\",\"position\":5,\"name\":\"Slump &#8211; Test &#8211; Set\"}]},{\"@type\":\"WebSite\",\"@id\":\"https:\/\/froewag.de\/#website\",\"url\":\"https:\/\/froewag.de\/\",\"name\":\"Fr\u00f6wag GmbH\",\"description\":\"Pr\u00fcfanlagen f\u00fcr Baustoffe und Umwelt\",\"publisher\":{\"@id\":\"https:\/\/froewag.de\/#organization\"},\"potentialAction\":[{\"@type\":\"SearchAction\",\"target\":{\"@type\":\"EntryPoint\",\"urlTemplate\":\"https:\/\/froewag.de\/?s={search_term_string}\"},\"query-input\":{\"@type\":\"PropertyValueSpecification\",\"valueRequired\":true,\"valueName\":\"search_term_string\"}}],\"inLanguage\":\"en-GB\"},{\"@type\":\"Organization\",\"@id\":\"https:\/\/froewag.de\/#organization\",\"name\":\"Fr\u00f6Wag GmbH\",\"url\":\"https:\/\/froewag.de\/\",\"logo\":{\"@type\":\"ImageObject\",\"inLanguage\":\"en-GB\",\"@id\":\"https:\/\/froewag.de\/#\/schema\/logo\/image\/\",\"url\":\"\",\"contentUrl\":\"\",\"caption\":\"Fr\u00f6Wag GmbH\"},\"image\":{\"@id\":\"https:\/\/froewag.de\/#\/schema\/logo\/image\/\"}}]}<\/script>\n<!-- \/ Yoast SEO plugin. -->","yoast_head_json":{"title":"Slump - Test - Set - Fr\u00f6wag GmbH","robots":{"index":"index","follow":"follow","max-snippet":"max-snippet:-1","max-image-preview":"max-image-preview:large","max-video-preview":"max-video-preview:-1"},"canonical":"https:\/\/froewag.de\/en\/product\/slump-test-set\/","og_locale":"en_GB","og_type":"article","og_title":"Slump - Test - Set - Fr\u00f6wag GmbH","og_description":"EN 12350-2, BS 1881:102, ASTM C143 Slump &#8211; Test &#8211; Set bestehend aus Slump &#8211; Test &#8211; Form \u00f8 200\/100 mm, H. 300 mm Grundplatte 700&#215;700 mm Stampfer \u00f8 16 mm, L 600 mm Messlatte 300 mm Aluminium Schaufel und Handbesen","og_url":"https:\/\/froewag.de\/en\/product\/slump-test-set\/","og_site_name":"Fr\u00f6wag GmbH","article_modified_time":"2021-10-06T19:17:15+00:00","og_image":[{"width":700,"height":800,"url":"https:\/\/froewag.de\/wp-content\/uploads\/2021\/03\/6040.jpg","type":"image\/jpeg"}],"twitter_card":"summary_large_image","schema":{"@context":"https:\/\/schema.org","@graph":[{"@type":"WebPage","@id":"https:\/\/froewag.de\/produkt\/slump-test-set\/","url":"https:\/\/froewag.de\/produkt\/slump-test-set\/","name":"Slump - Test - Set - Fr\u00f6wag GmbH","isPartOf":{"@id":"https:\/\/froewag.de\/#website"},"primaryImageOfPage":{"@id":"https:\/\/froewag.de\/produkt\/slump-test-set\/#primaryimage"},"image":{"@id":"https:\/\/froewag.de\/produkt\/slump-test-set\/#primaryimage"},"thumbnailUrl":"https:\/\/froewag.de\/wp-content\/uploads\/2021\/03\/6040.jpg","datePublished":"2021-10-06T19:17:10+00:00","dateModified":"2021-10-06T19:17:15+00:00","breadcrumb":{"@id":"https:\/\/froewag.de\/produkt\/slump-test-set\/#breadcrumb"},"inLanguage":"en-GB","potentialAction":[{"@type":"ReadAction","target":["https:\/\/froewag.de\/produkt\/slump-test-set\/"]}]},{"@type":"ImageObject","inLanguage":"en-GB","@id":"https:\/\/froewag.de\/produkt\/slump-test-set\/#primaryimage","url":"https:\/\/froewag.de\/wp-content\/uploads\/2021\/03\/6040.jpg","contentUrl":"https:\/\/froewag.de\/wp-content\/uploads\/2021\/03\/6040.jpg","width":700,"height":800},{"@type":"BreadcrumbList","@id":"https:\/\/froewag.de\/produkt\/slump-test-set\/#breadcrumb","itemListElement":[{"@type":"ListItem","position":1,"name":"Home","item":"https:\/\/froewag.de\/"},{"@type":"ListItem","position":2,"name":"Produkte","item":"https:\/\/froewag.de\/produkte\/"},{"@type":"ListItem","position":3,"name":"Beton","item":"https:\/\/froewag.de\/produktkategorie\/beton\/"},{"@type":"ListItem","position":4,"name":"Flie\u00dfverhalten Beton","item":"https:\/\/froewag.de\/produktkategorie\/beton\/fliessverhalten-beton\/"},{"@type":"ListItem","position":5,"name":"Slump &#8211; Test &#8211; Set"}]},{"@type":"WebSite","@id":"https:\/\/froewag.de\/#website","url":"https:\/\/froewag.de\/","name":"Fr\u00f6wag GmbH","description":"Pr\u00fcfanlagen f\u00fcr Baustoffe und Umwelt","publisher":{"@id":"https:\/\/froewag.de\/#organization"},"potentialAction":[{"@type":"SearchAction","target":{"@type":"EntryPoint","urlTemplate":"https:\/\/froewag.de\/?s={search_term_string}"},"query-input":{"@type":"PropertyValueSpecification","valueRequired":true,"valueName":"search_term_string"}}],"inLanguage":"en-GB"},{"@type":"Organization","@id":"https:\/\/froewag.de\/#organization","name":"Fr\u00f6Wag GmbH","url":"https:\/\/froewag.de\/","logo":{"@type":"ImageObject","inLanguage":"en-GB","@id":"https:\/\/froewag.de\/#\/schema\/logo\/image\/","url":"","contentUrl":"","caption":"Fr\u00f6Wag GmbH"},"image":{"@id":"https:\/\/froewag.de\/#\/schema\/logo\/image\/"}}]}},"_links":{"self":[{"href":"https:\/\/froewag.de\/en\/wp-json\/wp\/v2\/product\/48442","targetHints":{"allow":["GET"]}}],"collection":[{"href":"https:\/\/froewag.de\/en\/wp-json\/wp\/v2\/product"}],"about":[{"href":"https:\/\/froewag.de\/en\/wp-json\/wp\/v2\/types\/product"}],"version-history":[{"count":1,"href":"https:\/\/froewag.de\/en\/wp-json\/wp\/v2\/product\/48442\/revisions"}],"predecessor-version":[{"id":48443,"href":"https:\/\/froewag.de\/en\/wp-json\/wp\/v2\/product\/48442\/revisions\/48443"}],"wp:featuredmedia":[{"embeddable":true,"href":"https:\/\/froewag.de\/en\/wp-json\/wp\/v2\/media\/20780"}],"wp:attachment":[{"href":"https:\/\/froewag.de\/en\/wp-json\/wp\/v2\/media?parent=48442"}],"wp:term":[{"taxonomy":"product_brand","embeddable":true,"href":"https:\/\/froewag.de\/en\/wp-json\/wp\/v2\/product_brand?post=48442"},{"taxonomy":"product_cat","embeddable":true,"href":"https:\/\/froewag.de\/en\/wp-json\/wp\/v2\/product_cat?post=48442"},{"taxonomy":"product_tag","embeddable":true,"href":"https:\/\/froewag.de\/en\/wp-json\/wp\/v2\/product_tag?post=48442"}],"curies":[{"name":"wp","href":"https:\/\/api.w.org\/{rel}","templated":true}]}}