{"id":48494,"date":"2021-10-06T21:17:27","date_gmt":"2021-10-06T19:17:27","guid":{"rendered":"http:\/\/froewag.de\/wp2\/produkt\/ruetteltisch-800-x-400-mm-mit-zeitschaltwerk\/"},"modified":"2024-01-30T17:36:26","modified_gmt":"2024-01-30T16:36:26","slug":"ruetteltisch-800-x-400-mm-mit-zeitschaltwerk","status":"publish","type":"product","link":"https:\/\/froewag.de\/en\/product\/ruetteltisch-800-x-400-mm-mit-zeitschaltwerk\/","title":{"rendered":"R\u00fctteltisch 800 x 400 mm mit Zeitschaltwerk"},"content":{"rendered":"<p>R\u00fctteltisch 800 x 400 mm mit Zeitschaltwerk nach EN 12390-2<\/p>\n<p>zum Verdichten von Betonprobek\u00f6rpern<\/p>\n<p>\u2022 Tischgr\u00f6\u00dfe 800 x 400 mm<\/p>\n<p>\u2022 Elektromotor 3000 U\/min<\/p>\n<p>\u2022 Fu\u00dfschalter zum Einschalten des Ger\u00e4tes<\/p>\n<p>\u2022 Zeitschaltwerk zum einstellen der R\u00fcttelzeit<\/p>","protected":false},"excerpt":{"rendered":"<p>zum Verdichten von Betonprobek\u00f6rpern.<\/p>","protected":false},"featured_media":27857,"template":"","meta":{"_acf_changed":false,"site-sidebar-layout":"default","site-content-layout":"plain-container","ast-site-content-layout":"normal-width-container","site-content-style":"unboxed","site-sidebar-style":"unboxed","ast-global-header-display":"","ast-banner-title-visibility":"","ast-main-header-display":"","ast-hfb-above-header-display":"","ast-hfb-below-header-display":"","ast-hfb-mobile-header-display":"","site-post-title":"","ast-breadcrumbs-content":"","ast-featured-img":"","footer-sml-layout":"","theme-transparent-header-meta":"default","adv-header-id-meta":"","stick-header-meta":"","header-above-stick-meta":"","header-main-stick-meta":"","header-below-stick-meta":"","astra-migrate-meta-layouts":"set","ast-page-background-enabled":"default","ast-page-background-meta":{"desktop":{"background-color":"","background-image":"","background-repeat":"repeat","background-position":"center center","background-size":"auto","background-attachment":"scroll","background-type":"","background-media":"","overlay-type":"","overlay-color":"","overlay-opacity":"","overlay-gradient":""},"tablet":{"background-color":"","background-image":"","background-repeat":"repeat","background-position":"center center","background-size":"auto","background-attachment":"scroll","background-type":"","background-media":"","overlay-type":"","overlay-color":"","overlay-opacity":"","overlay-gradient":""},"mobile":{"background-color":"","background-image":"","background-repeat":"repeat","background-position":"center center","background-size":"auto","background-attachment":"scroll","background-type":"","background-media":"","overlay-type":"","overlay-color":"","overlay-opacity":"","overlay-gradient":""}},"ast-content-background-meta":{"desktop":{"background-color":"var(--ast-global-color-5)","background-image":"","background-repeat":"repeat","background-position":"center center","background-size":"auto","background-attachment":"scroll","background-type":"","background-media":"","overlay-type":"","overlay-color":"","overlay-opacity":"","overlay-gradient":""},"tablet":{"background-color":"var(--ast-global-color-5)","background-image":"","background-repeat":"repeat","background-position":"center center","background-size":"auto","background-attachment":"scroll","background-type":"","background-media":"","overlay-type":"","overlay-color":"","overlay-opacity":"","overlay-gradient":""},"mobile":{"background-color":"var(--ast-global-color-5)","background-image":"","background-repeat":"repeat","background-position":"center center","background-size":"auto","background-attachment":"scroll","background-type":"","background-media":"","overlay-type":"","overlay-color":"","overlay-opacity":"","overlay-gradient":""}},"_themeisle_gutenberg_block_has_review":false},"product_brand":[],"product_cat":[14254,14303],"product_tag":[14304],"class_list":{"0":"post-48494","1":"product","2":"type-product","3":"status-publish","4":"has-post-thumbnail","6":"product_cat-beton","7":"product_cat-verdichtung-ruetteln","8":"product_tag-beton-verdichtung-ruetteln","9":"pa_abmessung-ca-800-x-400-mm","10":"pa_elektrische-daten-230-v-50-hz","11":"pa_gewicht-ca-80-kg","12":"pa_normen-230-v-50-hz","13":"desktop-align-left","14":"tablet-align-left","15":"mobile-align-left","17":"first","18":"instock","19":"product-type-simple"},"acf":[],"yoast_head":"<!-- This site is optimized with the Yoast SEO plugin v27.0 - https:\/\/yoast.com\/product\/yoast-seo-wordpress\/ -->\n<title>R\u00fctteltisch 800 x 400 mm mit Zeitschaltwerk - Fr\u00f6wag GmbH<\/title>\n<meta name=\"robots\" content=\"index, follow, max-snippet:-1, max-image-preview:large, max-video-preview:-1\" \/>\n<link rel=\"canonical\" href=\"https:\/\/froewag.de\/en\/product\/ruetteltisch-800-x-400-mm-mit-zeitschaltwerk\/\" \/>\n<meta property=\"og:locale\" content=\"en_GB\" \/>\n<meta property=\"og:type\" content=\"article\" \/>\n<meta property=\"og:title\" content=\"R\u00fctteltisch 800 x 400 mm mit Zeitschaltwerk - Fr\u00f6wag GmbH\" \/>\n<meta property=\"og:description\" content=\"zum Verdichten von Betonprobek\u00f6rpern.\" \/>\n<meta property=\"og:url\" content=\"https:\/\/froewag.de\/en\/product\/ruetteltisch-800-x-400-mm-mit-zeitschaltwerk\/\" \/>\n<meta property=\"og:site_name\" content=\"Fr\u00f6wag GmbH\" \/>\n<meta property=\"article:modified_time\" content=\"2024-01-30T16:36:26+00:00\" \/>\n<meta property=\"og:image\" content=\"https:\/\/froewag.de\/wp-content\/uploads\/2021\/03\/6.471-mini.jpg\" \/>\n\t<meta property=\"og:image:width\" content=\"700\" \/>\n\t<meta property=\"og:image:height\" content=\"800\" \/>\n\t<meta property=\"og:image:type\" content=\"image\/jpeg\" \/>\n<meta name=\"twitter:card\" content=\"summary_large_image\" \/>\n<script type=\"application\/ld+json\" class=\"yoast-schema-graph\">{\"@context\":\"https:\/\/schema.org\",\"@graph\":[{\"@type\":\"WebPage\",\"@id\":\"https:\/\/froewag.de\/produkt\/ruetteltisch-800-x-400-mm-mit-zeitschaltwerk\/\",\"url\":\"https:\/\/froewag.de\/produkt\/ruetteltisch-800-x-400-mm-mit-zeitschaltwerk\/\",\"name\":\"R\u00fctteltisch 800 x 400 mm mit Zeitschaltwerk - Fr\u00f6wag GmbH\",\"isPartOf\":{\"@id\":\"https:\/\/froewag.de\/#website\"},\"primaryImageOfPage\":{\"@id\":\"https:\/\/froewag.de\/produkt\/ruetteltisch-800-x-400-mm-mit-zeitschaltwerk\/#primaryimage\"},\"image\":{\"@id\":\"https:\/\/froewag.de\/produkt\/ruetteltisch-800-x-400-mm-mit-zeitschaltwerk\/#primaryimage\"},\"thumbnailUrl\":\"https:\/\/froewag.de\/wp-content\/uploads\/2021\/03\/6.471-mini.jpg\",\"datePublished\":\"2021-10-06T19:17:27+00:00\",\"dateModified\":\"2024-01-30T16:36:26+00:00\",\"breadcrumb\":{\"@id\":\"https:\/\/froewag.de\/produkt\/ruetteltisch-800-x-400-mm-mit-zeitschaltwerk\/#breadcrumb\"},\"inLanguage\":\"en-GB\",\"potentialAction\":[{\"@type\":\"ReadAction\",\"target\":[\"https:\/\/froewag.de\/produkt\/ruetteltisch-800-x-400-mm-mit-zeitschaltwerk\/\"]}]},{\"@type\":\"ImageObject\",\"inLanguage\":\"en-GB\",\"@id\":\"https:\/\/froewag.de\/produkt\/ruetteltisch-800-x-400-mm-mit-zeitschaltwerk\/#primaryimage\",\"url\":\"https:\/\/froewag.de\/wp-content\/uploads\/2021\/03\/6.471-mini.jpg\",\"contentUrl\":\"https:\/\/froewag.de\/wp-content\/uploads\/2021\/03\/6.471-mini.jpg\",\"width\":700,\"height\":800},{\"@type\":\"BreadcrumbList\",\"@id\":\"https:\/\/froewag.de\/produkt\/ruetteltisch-800-x-400-mm-mit-zeitschaltwerk\/#breadcrumb\",\"itemListElement\":[{\"@type\":\"ListItem\",\"position\":1,\"name\":\"Home\",\"item\":\"https:\/\/froewag.de\/\"},{\"@type\":\"ListItem\",\"position\":2,\"name\":\"Produkte\",\"item\":\"https:\/\/froewag.de\/produkte\/\"},{\"@type\":\"ListItem\",\"position\":3,\"name\":\"Beton\",\"item\":\"https:\/\/froewag.de\/produktkategorie\/beton\/\"},{\"@type\":\"ListItem\",\"position\":4,\"name\":\"Verdichtung \/ R\u00fctteln Beton\",\"item\":\"https:\/\/froewag.de\/produktkategorie\/beton\/verdichtung-ruetteln\/\"},{\"@type\":\"ListItem\",\"position\":5,\"name\":\"R\u00fctteltisch 800 x 400 mm mit Zeitschaltwerk\"}]},{\"@type\":\"WebSite\",\"@id\":\"https:\/\/froewag.de\/#website\",\"url\":\"https:\/\/froewag.de\/\",\"name\":\"Fr\u00f6wag GmbH\",\"description\":\"Pr\u00fcfanlagen f\u00fcr Baustoffe und Umwelt\",\"publisher\":{\"@id\":\"https:\/\/froewag.de\/#organization\"},\"potentialAction\":[{\"@type\":\"SearchAction\",\"target\":{\"@type\":\"EntryPoint\",\"urlTemplate\":\"https:\/\/froewag.de\/?s={search_term_string}\"},\"query-input\":{\"@type\":\"PropertyValueSpecification\",\"valueRequired\":true,\"valueName\":\"search_term_string\"}}],\"inLanguage\":\"en-GB\"},{\"@type\":\"Organization\",\"@id\":\"https:\/\/froewag.de\/#organization\",\"name\":\"Fr\u00f6Wag GmbH\",\"url\":\"https:\/\/froewag.de\/\",\"logo\":{\"@type\":\"ImageObject\",\"inLanguage\":\"en-GB\",\"@id\":\"https:\/\/froewag.de\/#\/schema\/logo\/image\/\",\"url\":\"\",\"contentUrl\":\"\",\"caption\":\"Fr\u00f6Wag GmbH\"},\"image\":{\"@id\":\"https:\/\/froewag.de\/#\/schema\/logo\/image\/\"}}]}<\/script>\n<!-- \/ Yoast SEO plugin. -->","yoast_head_json":{"title":"R\u00fctteltisch 800 x 400 mm mit Zeitschaltwerk - Fr\u00f6wag GmbH","robots":{"index":"index","follow":"follow","max-snippet":"max-snippet:-1","max-image-preview":"max-image-preview:large","max-video-preview":"max-video-preview:-1"},"canonical":"https:\/\/froewag.de\/en\/product\/ruetteltisch-800-x-400-mm-mit-zeitschaltwerk\/","og_locale":"en_GB","og_type":"article","og_title":"R\u00fctteltisch 800 x 400 mm mit Zeitschaltwerk - Fr\u00f6wag GmbH","og_description":"zum Verdichten von Betonprobek\u00f6rpern.","og_url":"https:\/\/froewag.de\/en\/product\/ruetteltisch-800-x-400-mm-mit-zeitschaltwerk\/","og_site_name":"Fr\u00f6wag GmbH","article_modified_time":"2024-01-30T16:36:26+00:00","og_image":[{"width":700,"height":800,"url":"https:\/\/froewag.de\/wp-content\/uploads\/2021\/03\/6.471-mini.jpg","type":"image\/jpeg"}],"twitter_card":"summary_large_image","schema":{"@context":"https:\/\/schema.org","@graph":[{"@type":"WebPage","@id":"https:\/\/froewag.de\/produkt\/ruetteltisch-800-x-400-mm-mit-zeitschaltwerk\/","url":"https:\/\/froewag.de\/produkt\/ruetteltisch-800-x-400-mm-mit-zeitschaltwerk\/","name":"R\u00fctteltisch 800 x 400 mm mit Zeitschaltwerk - Fr\u00f6wag GmbH","isPartOf":{"@id":"https:\/\/froewag.de\/#website"},"primaryImageOfPage":{"@id":"https:\/\/froewag.de\/produkt\/ruetteltisch-800-x-400-mm-mit-zeitschaltwerk\/#primaryimage"},"image":{"@id":"https:\/\/froewag.de\/produkt\/ruetteltisch-800-x-400-mm-mit-zeitschaltwerk\/#primaryimage"},"thumbnailUrl":"https:\/\/froewag.de\/wp-content\/uploads\/2021\/03\/6.471-mini.jpg","datePublished":"2021-10-06T19:17:27+00:00","dateModified":"2024-01-30T16:36:26+00:00","breadcrumb":{"@id":"https:\/\/froewag.de\/produkt\/ruetteltisch-800-x-400-mm-mit-zeitschaltwerk\/#breadcrumb"},"inLanguage":"en-GB","potentialAction":[{"@type":"ReadAction","target":["https:\/\/froewag.de\/produkt\/ruetteltisch-800-x-400-mm-mit-zeitschaltwerk\/"]}]},{"@type":"ImageObject","inLanguage":"en-GB","@id":"https:\/\/froewag.de\/produkt\/ruetteltisch-800-x-400-mm-mit-zeitschaltwerk\/#primaryimage","url":"https:\/\/froewag.de\/wp-content\/uploads\/2021\/03\/6.471-mini.jpg","contentUrl":"https:\/\/froewag.de\/wp-content\/uploads\/2021\/03\/6.471-mini.jpg","width":700,"height":800},{"@type":"BreadcrumbList","@id":"https:\/\/froewag.de\/produkt\/ruetteltisch-800-x-400-mm-mit-zeitschaltwerk\/#breadcrumb","itemListElement":[{"@type":"ListItem","position":1,"name":"Home","item":"https:\/\/froewag.de\/"},{"@type":"ListItem","position":2,"name":"Produkte","item":"https:\/\/froewag.de\/produkte\/"},{"@type":"ListItem","position":3,"name":"Beton","item":"https:\/\/froewag.de\/produktkategorie\/beton\/"},{"@type":"ListItem","position":4,"name":"Verdichtung \/ R\u00fctteln Beton","item":"https:\/\/froewag.de\/produktkategorie\/beton\/verdichtung-ruetteln\/"},{"@type":"ListItem","position":5,"name":"R\u00fctteltisch 800 x 400 mm mit Zeitschaltwerk"}]},{"@type":"WebSite","@id":"https:\/\/froewag.de\/#website","url":"https:\/\/froewag.de\/","name":"Fr\u00f6wag GmbH","description":"Pr\u00fcfanlagen f\u00fcr Baustoffe und Umwelt","publisher":{"@id":"https:\/\/froewag.de\/#organization"},"potentialAction":[{"@type":"SearchAction","target":{"@type":"EntryPoint","urlTemplate":"https:\/\/froewag.de\/?s={search_term_string}"},"query-input":{"@type":"PropertyValueSpecification","valueRequired":true,"valueName":"search_term_string"}}],"inLanguage":"en-GB"},{"@type":"Organization","@id":"https:\/\/froewag.de\/#organization","name":"Fr\u00f6Wag GmbH","url":"https:\/\/froewag.de\/","logo":{"@type":"ImageObject","inLanguage":"en-GB","@id":"https:\/\/froewag.de\/#\/schema\/logo\/image\/","url":"","contentUrl":"","caption":"Fr\u00f6Wag GmbH"},"image":{"@id":"https:\/\/froewag.de\/#\/schema\/logo\/image\/"}}]}},"_links":{"self":[{"href":"https:\/\/froewag.de\/en\/wp-json\/wp\/v2\/product\/48494","targetHints":{"allow":["GET"]}}],"collection":[{"href":"https:\/\/froewag.de\/en\/wp-json\/wp\/v2\/product"}],"about":[{"href":"https:\/\/froewag.de\/en\/wp-json\/wp\/v2\/types\/product"}],"version-history":[{"count":3,"href":"https:\/\/froewag.de\/en\/wp-json\/wp\/v2\/product\/48494\/revisions"}],"predecessor-version":[{"id":53980,"href":"https:\/\/froewag.de\/en\/wp-json\/wp\/v2\/product\/48494\/revisions\/53980"}],"wp:featuredmedia":[{"embeddable":true,"href":"https:\/\/froewag.de\/en\/wp-json\/wp\/v2\/media\/27857"}],"wp:attachment":[{"href":"https:\/\/froewag.de\/en\/wp-json\/wp\/v2\/media?parent=48494"}],"wp:term":[{"taxonomy":"product_brand","embeddable":true,"href":"https:\/\/froewag.de\/en\/wp-json\/wp\/v2\/product_brand?post=48494"},{"taxonomy":"product_cat","embeddable":true,"href":"https:\/\/froewag.de\/en\/wp-json\/wp\/v2\/product_cat?post=48494"},{"taxonomy":"product_tag","embeddable":true,"href":"https:\/\/froewag.de\/en\/wp-json\/wp\/v2\/product_tag?post=48494"}],"curies":[{"name":"wp","href":"https:\/\/api.w.org\/{rel}","templated":true}]}}