{"id":48546,"date":"2021-10-06T21:17:35","date_gmt":"2021-10-06T19:17:35","guid":{"rendered":"http:\/\/froewag.de\/wp2\/produkt\/siebmaschinen-sfw-3\/"},"modified":"2024-01-23T15:16:34","modified_gmt":"2024-01-23T14:16:34","slug":"siebmaschinen-sfw-3","status":"publish","type":"product","link":"https:\/\/froewag.de\/en\/product\/siebmaschinen-sfw-3\/","title":{"rendered":"Siebmaschinen SFW 3"},"content":{"rendered":"<p>Siebmaschinen SFW 3<\/p>\n<p>Unsere Siebmaschinen wurden als extrem robuste Ger\u00e4te speziell f\u00fcr den Bereich der Baustoffpr\u00fcfung mit seinen hohen Siebaufgabemengen bis 20 kg entwickelt. Sie sind ausger\u00fcstet mit einem ber\u00fchrungsfreien und ger\u00e4uschlosen Antrieb \u00fcber zwei Drehstrom-Au\u00dfenvibratoren mit 1500 U\/min f\u00fcr dreidimensionale Siebbewegungen. Eine Intervallschaltung ist nicht mehr notwendig!<\/p>\n<p>Sie werden mit einem separatem Steuerger\u00e4t mit Zeitschaltuhr 0-60 min), einem Siebdeckel und 2 F\u00fchrungsstangen mit Metall- R\u00e4ndelmuttern geliefert.<\/p>\n<p>Siebdurchmesser: 200\/300 mm<\/p>\n<p>Anzahl Siebe: 18\/15<\/p>\n<p>Siebboden: 1\/1<\/p>\n<p>Siebgutmenge: 15 kg<\/p>\n<p>F\u00fchrungsstangen: 1100 mm<\/p>","protected":false},"excerpt":{"rendered":"<p>Unsere Siebmaschinen wurden als extrem robuste Ger\u00e4te speziell f\u00fcr den Bereich der Baustoffpr\u00fcfung mit seinen hohen Siebaufgabemengen bis 20 kg entwickelt.<\/p>","protected":false},"featured_media":22088,"template":"","meta":{"_acf_changed":false,"site-sidebar-layout":"default","site-content-layout":"","ast-site-content-layout":"default","site-content-style":"default","site-sidebar-style":"default","ast-global-header-display":"","ast-banner-title-visibility":"","ast-main-header-display":"","ast-hfb-above-header-display":"","ast-hfb-below-header-display":"","ast-hfb-mobile-header-display":"","site-post-title":"","ast-breadcrumbs-content":"","ast-featured-img":"","footer-sml-layout":"","theme-transparent-header-meta":"default","adv-header-id-meta":"","stick-header-meta":"","header-above-stick-meta":"","header-main-stick-meta":"","header-below-stick-meta":"","astra-migrate-meta-layouts":"set","ast-page-background-enabled":"default","ast-page-background-meta":{"desktop":{"background-color":"","background-image":"","background-repeat":"repeat","background-position":"center center","background-size":"auto","background-attachment":"scroll","background-type":"","background-media":"","overlay-type":"","overlay-color":"","overlay-opacity":"","overlay-gradient":""},"tablet":{"background-color":"","background-image":"","background-repeat":"repeat","background-position":"center center","background-size":"auto","background-attachment":"scroll","background-type":"","background-media":"","overlay-type":"","overlay-color":"","overlay-opacity":"","overlay-gradient":""},"mobile":{"background-color":"","background-image":"","background-repeat":"repeat","background-position":"center center","background-size":"auto","background-attachment":"scroll","background-type":"","background-media":"","overlay-type":"","overlay-color":"","overlay-opacity":"","overlay-gradient":""}},"ast-content-background-meta":{"desktop":{"background-color":"var(--ast-global-color-5)","background-image":"","background-repeat":"repeat","background-position":"center center","background-size":"auto","background-attachment":"scroll","background-type":"","background-media":"","overlay-type":"","overlay-color":"","overlay-opacity":"","overlay-gradient":""},"tablet":{"background-color":"var(--ast-global-color-5)","background-image":"","background-repeat":"repeat","background-position":"center center","background-size":"auto","background-attachment":"scroll","background-type":"","background-media":"","overlay-type":"","overlay-color":"","overlay-opacity":"","overlay-gradient":""},"mobile":{"background-color":"var(--ast-global-color-5)","background-image":"","background-repeat":"repeat","background-position":"center center","background-size":"auto","background-attachment":"scroll","background-type":"","background-media":"","overlay-type":"","overlay-color":"","overlay-opacity":"","overlay-gradient":""}},"_themeisle_gutenberg_block_has_review":false},"product_brand":[],"product_cat":[14542,14347,14582],"product_tag":[14348],"class_list":{"0":"post-48546","1":"product","2":"type-product","3":"status-publish","4":"has-post-thumbnail","6":"product_cat-laborgeraete","7":"product_cat-sieben","8":"product_cat-siebmaschinen","9":"product_tag-siebe","10":"pa_abmessung-ca-oe-450-mm","11":"pa_elektrische-daten-400v-3ph-50-hz","12":"pa_gewicht-ca-115-kg","13":"pa_normen-400v-3ph-50-hz","14":"desktop-align-left","15":"tablet-align-left","16":"mobile-align-left","18":"first","19":"instock","20":"product-type-simple"},"acf":[],"yoast_head":"<!-- This site is optimized with the Yoast SEO plugin v27.0 - https:\/\/yoast.com\/product\/yoast-seo-wordpress\/ -->\n<title>Siebmaschinen SFW 3 - Fr\u00f6wag GmbH<\/title>\n<meta name=\"robots\" content=\"index, follow, max-snippet:-1, max-image-preview:large, max-video-preview:-1\" \/>\n<link rel=\"canonical\" href=\"https:\/\/froewag.de\/en\/product\/siebmaschinen-sfw-3\/\" \/>\n<meta property=\"og:locale\" content=\"en_GB\" \/>\n<meta property=\"og:type\" content=\"article\" \/>\n<meta property=\"og:title\" content=\"Siebmaschinen SFW 3 - Fr\u00f6wag GmbH\" \/>\n<meta property=\"og:description\" content=\"Unsere Siebmaschinen wurden als extrem robuste Ger\u00e4te speziell f\u00fcr den Bereich der Baustoffpr\u00fcfung mit seinen hohen Siebaufgabemengen bis 20 kg entwickelt.\" \/>\n<meta property=\"og:url\" content=\"https:\/\/froewag.de\/en\/product\/siebmaschinen-sfw-3\/\" \/>\n<meta property=\"og:site_name\" content=\"Fr\u00f6wag GmbH\" \/>\n<meta property=\"article:modified_time\" content=\"2024-01-23T14:16:34+00:00\" \/>\n<meta property=\"og:image\" content=\"https:\/\/froewag.de\/wp-content\/uploads\/2021\/03\/7435.jpg\" \/>\n\t<meta property=\"og:image:width\" content=\"700\" \/>\n\t<meta property=\"og:image:height\" content=\"800\" \/>\n\t<meta property=\"og:image:type\" content=\"image\/jpeg\" \/>\n<meta name=\"twitter:card\" content=\"summary_large_image\" \/>\n<script type=\"application\/ld+json\" class=\"yoast-schema-graph\">{\"@context\":\"https:\/\/schema.org\",\"@graph\":[{\"@type\":\"WebPage\",\"@id\":\"https:\/\/froewag.de\/produkt\/siebmaschinen-sfw-3\/\",\"url\":\"https:\/\/froewag.de\/produkt\/siebmaschinen-sfw-3\/\",\"name\":\"Siebmaschinen SFW 3 - Fr\u00f6wag GmbH\",\"isPartOf\":{\"@id\":\"https:\/\/froewag.de\/#website\"},\"primaryImageOfPage\":{\"@id\":\"https:\/\/froewag.de\/produkt\/siebmaschinen-sfw-3\/#primaryimage\"},\"image\":{\"@id\":\"https:\/\/froewag.de\/produkt\/siebmaschinen-sfw-3\/#primaryimage\"},\"thumbnailUrl\":\"https:\/\/froewag.de\/wp-content\/uploads\/2021\/03\/7435.jpg\",\"datePublished\":\"2021-10-06T19:17:35+00:00\",\"dateModified\":\"2024-01-23T14:16:34+00:00\",\"breadcrumb\":{\"@id\":\"https:\/\/froewag.de\/produkt\/siebmaschinen-sfw-3\/#breadcrumb\"},\"inLanguage\":\"en-GB\",\"potentialAction\":[{\"@type\":\"ReadAction\",\"target\":[\"https:\/\/froewag.de\/produkt\/siebmaschinen-sfw-3\/\"]}]},{\"@type\":\"ImageObject\",\"inLanguage\":\"en-GB\",\"@id\":\"https:\/\/froewag.de\/produkt\/siebmaschinen-sfw-3\/#primaryimage\",\"url\":\"https:\/\/froewag.de\/wp-content\/uploads\/2021\/03\/7435.jpg\",\"contentUrl\":\"https:\/\/froewag.de\/wp-content\/uploads\/2021\/03\/7435.jpg\",\"width\":700,\"height\":800},{\"@type\":\"BreadcrumbList\",\"@id\":\"https:\/\/froewag.de\/produkt\/siebmaschinen-sfw-3\/#breadcrumb\",\"itemListElement\":[{\"@type\":\"ListItem\",\"position\":1,\"name\":\"Home\",\"item\":\"https:\/\/froewag.de\/\"},{\"@type\":\"ListItem\",\"position\":2,\"name\":\"Produkte\",\"item\":\"https:\/\/froewag.de\/produkte\/\"},{\"@type\":\"ListItem\",\"position\":3,\"name\":\"Laborger\u00e4te\",\"item\":\"https:\/\/froewag.de\/produktkategorie\/laborgeraete\/\"},{\"@type\":\"ListItem\",\"position\":4,\"name\":\"Siebmaschinen SFW 3\"}]},{\"@type\":\"WebSite\",\"@id\":\"https:\/\/froewag.de\/#website\",\"url\":\"https:\/\/froewag.de\/\",\"name\":\"Fr\u00f6wag GmbH\",\"description\":\"Pr\u00fcfanlagen f\u00fcr Baustoffe und Umwelt\",\"publisher\":{\"@id\":\"https:\/\/froewag.de\/#organization\"},\"potentialAction\":[{\"@type\":\"SearchAction\",\"target\":{\"@type\":\"EntryPoint\",\"urlTemplate\":\"https:\/\/froewag.de\/?s={search_term_string}\"},\"query-input\":{\"@type\":\"PropertyValueSpecification\",\"valueRequired\":true,\"valueName\":\"search_term_string\"}}],\"inLanguage\":\"en-GB\"},{\"@type\":\"Organization\",\"@id\":\"https:\/\/froewag.de\/#organization\",\"name\":\"Fr\u00f6Wag GmbH\",\"url\":\"https:\/\/froewag.de\/\",\"logo\":{\"@type\":\"ImageObject\",\"inLanguage\":\"en-GB\",\"@id\":\"https:\/\/froewag.de\/#\/schema\/logo\/image\/\",\"url\":\"\",\"contentUrl\":\"\",\"caption\":\"Fr\u00f6Wag GmbH\"},\"image\":{\"@id\":\"https:\/\/froewag.de\/#\/schema\/logo\/image\/\"}}]}<\/script>\n<!-- \/ Yoast SEO plugin. -->","yoast_head_json":{"title":"Siebmaschinen SFW 3 - Fr\u00f6wag GmbH","robots":{"index":"index","follow":"follow","max-snippet":"max-snippet:-1","max-image-preview":"max-image-preview:large","max-video-preview":"max-video-preview:-1"},"canonical":"https:\/\/froewag.de\/en\/product\/siebmaschinen-sfw-3\/","og_locale":"en_GB","og_type":"article","og_title":"Siebmaschinen SFW 3 - Fr\u00f6wag GmbH","og_description":"Unsere Siebmaschinen wurden als extrem robuste Ger\u00e4te speziell f\u00fcr den Bereich der Baustoffpr\u00fcfung mit seinen hohen Siebaufgabemengen bis 20 kg entwickelt.","og_url":"https:\/\/froewag.de\/en\/product\/siebmaschinen-sfw-3\/","og_site_name":"Fr\u00f6wag GmbH","article_modified_time":"2024-01-23T14:16:34+00:00","og_image":[{"width":700,"height":800,"url":"https:\/\/froewag.de\/wp-content\/uploads\/2021\/03\/7435.jpg","type":"image\/jpeg"}],"twitter_card":"summary_large_image","schema":{"@context":"https:\/\/schema.org","@graph":[{"@type":"WebPage","@id":"https:\/\/froewag.de\/produkt\/siebmaschinen-sfw-3\/","url":"https:\/\/froewag.de\/produkt\/siebmaschinen-sfw-3\/","name":"Siebmaschinen SFW 3 - Fr\u00f6wag GmbH","isPartOf":{"@id":"https:\/\/froewag.de\/#website"},"primaryImageOfPage":{"@id":"https:\/\/froewag.de\/produkt\/siebmaschinen-sfw-3\/#primaryimage"},"image":{"@id":"https:\/\/froewag.de\/produkt\/siebmaschinen-sfw-3\/#primaryimage"},"thumbnailUrl":"https:\/\/froewag.de\/wp-content\/uploads\/2021\/03\/7435.jpg","datePublished":"2021-10-06T19:17:35+00:00","dateModified":"2024-01-23T14:16:34+00:00","breadcrumb":{"@id":"https:\/\/froewag.de\/produkt\/siebmaschinen-sfw-3\/#breadcrumb"},"inLanguage":"en-GB","potentialAction":[{"@type":"ReadAction","target":["https:\/\/froewag.de\/produkt\/siebmaschinen-sfw-3\/"]}]},{"@type":"ImageObject","inLanguage":"en-GB","@id":"https:\/\/froewag.de\/produkt\/siebmaschinen-sfw-3\/#primaryimage","url":"https:\/\/froewag.de\/wp-content\/uploads\/2021\/03\/7435.jpg","contentUrl":"https:\/\/froewag.de\/wp-content\/uploads\/2021\/03\/7435.jpg","width":700,"height":800},{"@type":"BreadcrumbList","@id":"https:\/\/froewag.de\/produkt\/siebmaschinen-sfw-3\/#breadcrumb","itemListElement":[{"@type":"ListItem","position":1,"name":"Home","item":"https:\/\/froewag.de\/"},{"@type":"ListItem","position":2,"name":"Produkte","item":"https:\/\/froewag.de\/produkte\/"},{"@type":"ListItem","position":3,"name":"Laborger\u00e4te","item":"https:\/\/froewag.de\/produktkategorie\/laborgeraete\/"},{"@type":"ListItem","position":4,"name":"Siebmaschinen SFW 3"}]},{"@type":"WebSite","@id":"https:\/\/froewag.de\/#website","url":"https:\/\/froewag.de\/","name":"Fr\u00f6wag GmbH","description":"Pr\u00fcfanlagen f\u00fcr Baustoffe und Umwelt","publisher":{"@id":"https:\/\/froewag.de\/#organization"},"potentialAction":[{"@type":"SearchAction","target":{"@type":"EntryPoint","urlTemplate":"https:\/\/froewag.de\/?s={search_term_string}"},"query-input":{"@type":"PropertyValueSpecification","valueRequired":true,"valueName":"search_term_string"}}],"inLanguage":"en-GB"},{"@type":"Organization","@id":"https:\/\/froewag.de\/#organization","name":"Fr\u00f6Wag GmbH","url":"https:\/\/froewag.de\/","logo":{"@type":"ImageObject","inLanguage":"en-GB","@id":"https:\/\/froewag.de\/#\/schema\/logo\/image\/","url":"","contentUrl":"","caption":"Fr\u00f6Wag GmbH"},"image":{"@id":"https:\/\/froewag.de\/#\/schema\/logo\/image\/"}}]}},"_links":{"self":[{"href":"https:\/\/froewag.de\/en\/wp-json\/wp\/v2\/product\/48546","targetHints":{"allow":["GET"]}}],"collection":[{"href":"https:\/\/froewag.de\/en\/wp-json\/wp\/v2\/product"}],"about":[{"href":"https:\/\/froewag.de\/en\/wp-json\/wp\/v2\/types\/product"}],"version-history":[{"count":2,"href":"https:\/\/froewag.de\/en\/wp-json\/wp\/v2\/product\/48546\/revisions"}],"predecessor-version":[{"id":53947,"href":"https:\/\/froewag.de\/en\/wp-json\/wp\/v2\/product\/48546\/revisions\/53947"}],"wp:featuredmedia":[{"embeddable":true,"href":"https:\/\/froewag.de\/en\/wp-json\/wp\/v2\/media\/22088"}],"wp:attachment":[{"href":"https:\/\/froewag.de\/en\/wp-json\/wp\/v2\/media?parent=48546"}],"wp:term":[{"taxonomy":"product_brand","embeddable":true,"href":"https:\/\/froewag.de\/en\/wp-json\/wp\/v2\/product_brand?post=48546"},{"taxonomy":"product_cat","embeddable":true,"href":"https:\/\/froewag.de\/en\/wp-json\/wp\/v2\/product_cat?post=48546"},{"taxonomy":"product_tag","embeddable":true,"href":"https:\/\/froewag.de\/en\/wp-json\/wp\/v2\/product_tag?post=48546"}],"curies":[{"name":"wp","href":"https:\/\/api.w.org\/{rel}","templated":true}]}}