{"id":48556,"date":"2021-10-06T21:17:35","date_gmt":"2021-10-06T19:17:35","guid":{"rendered":"http:\/\/froewag.de\/wp2\/produkt\/siebpfanne-mit-auslauf-fuer-nasssiebung-durchmesser-300-mm\/"},"modified":"2024-01-23T15:22:33","modified_gmt":"2024-01-23T14:22:33","slug":"siebpfanne-mit-auslauf-fuer-nasssiebung-durchmesser-300-mm","status":"publish","type":"product","link":"https:\/\/froewag.de\/en\/product\/siebpfanne-mit-auslauf-fuer-nasssiebung-durchmesser-300-mm\/","title":{"rendered":"Siebpfanne mit Auslauf f\u00fcr Nasssiebung Durchmesser: 300 mm"},"content":{"rendered":"<p>Siebpfanne mit Auslauf f\u00fcr Nasssiebung Durchmesser: 300 mm<\/p>","protected":false},"excerpt":{"rendered":"<p>Siebpfanne mit Auslauf f\u00fcr Nasssiebung Durchmesser: 300 mm<\/p>","protected":false},"featured_media":0,"template":"","meta":{"_acf_changed":false,"site-sidebar-layout":"default","site-content-layout":"","ast-site-content-layout":"default","site-content-style":"default","site-sidebar-style":"default","ast-global-header-display":"","ast-banner-title-visibility":"","ast-main-header-display":"","ast-hfb-above-header-display":"","ast-hfb-below-header-display":"","ast-hfb-mobile-header-display":"","site-post-title":"","ast-breadcrumbs-content":"","ast-featured-img":"","footer-sml-layout":"","theme-transparent-header-meta":"default","adv-header-id-meta":"","stick-header-meta":"","header-above-stick-meta":"","header-main-stick-meta":"","header-below-stick-meta":"","astra-migrate-meta-layouts":"set","ast-page-background-enabled":"default","ast-page-background-meta":{"desktop":{"background-color":"","background-image":"","background-repeat":"repeat","background-position":"center center","background-size":"auto","background-attachment":"scroll","background-type":"","background-media":"","overlay-type":"","overlay-color":"","overlay-opacity":"","overlay-gradient":""},"tablet":{"background-color":"","background-image":"","background-repeat":"repeat","background-position":"center center","background-size":"auto","background-attachment":"scroll","background-type":"","background-media":"","overlay-type":"","overlay-color":"","overlay-opacity":"","overlay-gradient":""},"mobile":{"background-color":"","background-image":"","background-repeat":"repeat","background-position":"center center","background-size":"auto","background-attachment":"scroll","background-type":"","background-media":"","overlay-type":"","overlay-color":"","overlay-opacity":"","overlay-gradient":""}},"ast-content-background-meta":{"desktop":{"background-color":"var(--ast-global-color-5)","background-image":"","background-repeat":"repeat","background-position":"center center","background-size":"auto","background-attachment":"scroll","background-type":"","background-media":"","overlay-type":"","overlay-color":"","overlay-opacity":"","overlay-gradient":""},"tablet":{"background-color":"var(--ast-global-color-5)","background-image":"","background-repeat":"repeat","background-position":"center center","background-size":"auto","background-attachment":"scroll","background-type":"","background-media":"","overlay-type":"","overlay-color":"","overlay-opacity":"","overlay-gradient":""},"mobile":{"background-color":"var(--ast-global-color-5)","background-image":"","background-repeat":"repeat","background-position":"center center","background-size":"auto","background-attachment":"scroll","background-type":"","background-media":"","overlay-type":"","overlay-color":"","overlay-opacity":"","overlay-gradient":""}},"_themeisle_gutenberg_block_has_review":false},"product_brand":[],"product_cat":[14557,14542,14347],"product_tag":[14348],"class_list":{"0":"post-48556","1":"product","2":"type-product","3":"status-publish","5":"product_cat-analysesiebe","6":"product_cat-laborgeraete","7":"product_cat-sieben","8":"product_tag-siebe","9":"desktop-align-left","10":"tablet-align-left","11":"mobile-align-left","13":"first","14":"instock","15":"product-type-simple"},"acf":[],"yoast_head":"<!-- This site is optimized with the Yoast SEO plugin v27.0 - https:\/\/yoast.com\/product\/yoast-seo-wordpress\/ -->\n<title>Siebpfanne mit Auslauf f\u00fcr Nasssiebung Durchmesser: 300 mm - Fr\u00f6wag GmbH<\/title>\n<meta name=\"robots\" content=\"index, follow, max-snippet:-1, max-image-preview:large, max-video-preview:-1\" \/>\n<link rel=\"canonical\" href=\"https:\/\/froewag.de\/en\/product\/siebpfanne-mit-auslauf-fuer-nasssiebung-durchmesser-300-mm\/\" \/>\n<meta property=\"og:locale\" content=\"en_GB\" \/>\n<meta property=\"og:type\" content=\"article\" \/>\n<meta property=\"og:title\" content=\"Siebpfanne mit Auslauf f\u00fcr Nasssiebung Durchmesser: 300 mm - Fr\u00f6wag GmbH\" \/>\n<meta property=\"og:description\" content=\"Siebpfanne mit Auslauf f\u00fcr Nasssiebung Durchmesser: 300 mm\" \/>\n<meta property=\"og:url\" content=\"https:\/\/froewag.de\/en\/product\/siebpfanne-mit-auslauf-fuer-nasssiebung-durchmesser-300-mm\/\" \/>\n<meta property=\"og:site_name\" content=\"Fr\u00f6wag GmbH\" \/>\n<meta property=\"article:modified_time\" content=\"2024-01-23T14:22:33+00:00\" \/>\n<meta name=\"twitter:card\" content=\"summary_large_image\" \/>\n<script type=\"application\/ld+json\" class=\"yoast-schema-graph\">{\"@context\":\"https:\/\/schema.org\",\"@graph\":[{\"@type\":\"WebPage\",\"@id\":\"https:\/\/froewag.de\/produkt\/siebpfanne-mit-auslauf-fuer-nasssiebung-durchmesser-300-mm\/\",\"url\":\"https:\/\/froewag.de\/produkt\/siebpfanne-mit-auslauf-fuer-nasssiebung-durchmesser-300-mm\/\",\"name\":\"Siebpfanne mit Auslauf f\u00fcr Nasssiebung Durchmesser: 300 mm - Fr\u00f6wag GmbH\",\"isPartOf\":{\"@id\":\"https:\/\/froewag.de\/#website\"},\"datePublished\":\"2021-10-06T19:17:35+00:00\",\"dateModified\":\"2024-01-23T14:22:33+00:00\",\"breadcrumb\":{\"@id\":\"https:\/\/froewag.de\/produkt\/siebpfanne-mit-auslauf-fuer-nasssiebung-durchmesser-300-mm\/#breadcrumb\"},\"inLanguage\":\"en-GB\",\"potentialAction\":[{\"@type\":\"ReadAction\",\"target\":[\"https:\/\/froewag.de\/produkt\/siebpfanne-mit-auslauf-fuer-nasssiebung-durchmesser-300-mm\/\"]}]},{\"@type\":\"BreadcrumbList\",\"@id\":\"https:\/\/froewag.de\/produkt\/siebpfanne-mit-auslauf-fuer-nasssiebung-durchmesser-300-mm\/#breadcrumb\",\"itemListElement\":[{\"@type\":\"ListItem\",\"position\":1,\"name\":\"Home\",\"item\":\"https:\/\/froewag.de\/\"},{\"@type\":\"ListItem\",\"position\":2,\"name\":\"Produkte\",\"item\":\"https:\/\/froewag.de\/produkte\/\"},{\"@type\":\"ListItem\",\"position\":3,\"name\":\"Laborger\u00e4te\",\"item\":\"https:\/\/froewag.de\/produktkategorie\/laborgeraete\/\"},{\"@type\":\"ListItem\",\"position\":4,\"name\":\"Siebpfanne mit Auslauf f\u00fcr Nasssiebung Durchmesser: 300 mm\"}]},{\"@type\":\"WebSite\",\"@id\":\"https:\/\/froewag.de\/#website\",\"url\":\"https:\/\/froewag.de\/\",\"name\":\"Fr\u00f6wag GmbH\",\"description\":\"Pr\u00fcfanlagen f\u00fcr Baustoffe und Umwelt\",\"publisher\":{\"@id\":\"https:\/\/froewag.de\/#organization\"},\"potentialAction\":[{\"@type\":\"SearchAction\",\"target\":{\"@type\":\"EntryPoint\",\"urlTemplate\":\"https:\/\/froewag.de\/?s={search_term_string}\"},\"query-input\":{\"@type\":\"PropertyValueSpecification\",\"valueRequired\":true,\"valueName\":\"search_term_string\"}}],\"inLanguage\":\"en-GB\"},{\"@type\":\"Organization\",\"@id\":\"https:\/\/froewag.de\/#organization\",\"name\":\"Fr\u00f6Wag GmbH\",\"url\":\"https:\/\/froewag.de\/\",\"logo\":{\"@type\":\"ImageObject\",\"inLanguage\":\"en-GB\",\"@id\":\"https:\/\/froewag.de\/#\/schema\/logo\/image\/\",\"url\":\"\",\"contentUrl\":\"\",\"caption\":\"Fr\u00f6Wag GmbH\"},\"image\":{\"@id\":\"https:\/\/froewag.de\/#\/schema\/logo\/image\/\"}}]}<\/script>\n<!-- \/ Yoast SEO plugin. -->","yoast_head_json":{"title":"Siebpfanne mit Auslauf f\u00fcr Nasssiebung Durchmesser: 300 mm - Fr\u00f6wag GmbH","robots":{"index":"index","follow":"follow","max-snippet":"max-snippet:-1","max-image-preview":"max-image-preview:large","max-video-preview":"max-video-preview:-1"},"canonical":"https:\/\/froewag.de\/en\/product\/siebpfanne-mit-auslauf-fuer-nasssiebung-durchmesser-300-mm\/","og_locale":"en_GB","og_type":"article","og_title":"Siebpfanne mit Auslauf f\u00fcr Nasssiebung Durchmesser: 300 mm - Fr\u00f6wag GmbH","og_description":"Siebpfanne mit Auslauf f\u00fcr Nasssiebung Durchmesser: 300 mm","og_url":"https:\/\/froewag.de\/en\/product\/siebpfanne-mit-auslauf-fuer-nasssiebung-durchmesser-300-mm\/","og_site_name":"Fr\u00f6wag GmbH","article_modified_time":"2024-01-23T14:22:33+00:00","twitter_card":"summary_large_image","schema":{"@context":"https:\/\/schema.org","@graph":[{"@type":"WebPage","@id":"https:\/\/froewag.de\/produkt\/siebpfanne-mit-auslauf-fuer-nasssiebung-durchmesser-300-mm\/","url":"https:\/\/froewag.de\/produkt\/siebpfanne-mit-auslauf-fuer-nasssiebung-durchmesser-300-mm\/","name":"Siebpfanne mit Auslauf f\u00fcr Nasssiebung Durchmesser: 300 mm - Fr\u00f6wag GmbH","isPartOf":{"@id":"https:\/\/froewag.de\/#website"},"datePublished":"2021-10-06T19:17:35+00:00","dateModified":"2024-01-23T14:22:33+00:00","breadcrumb":{"@id":"https:\/\/froewag.de\/produkt\/siebpfanne-mit-auslauf-fuer-nasssiebung-durchmesser-300-mm\/#breadcrumb"},"inLanguage":"en-GB","potentialAction":[{"@type":"ReadAction","target":["https:\/\/froewag.de\/produkt\/siebpfanne-mit-auslauf-fuer-nasssiebung-durchmesser-300-mm\/"]}]},{"@type":"BreadcrumbList","@id":"https:\/\/froewag.de\/produkt\/siebpfanne-mit-auslauf-fuer-nasssiebung-durchmesser-300-mm\/#breadcrumb","itemListElement":[{"@type":"ListItem","position":1,"name":"Home","item":"https:\/\/froewag.de\/"},{"@type":"ListItem","position":2,"name":"Produkte","item":"https:\/\/froewag.de\/produkte\/"},{"@type":"ListItem","position":3,"name":"Laborger\u00e4te","item":"https:\/\/froewag.de\/produktkategorie\/laborgeraete\/"},{"@type":"ListItem","position":4,"name":"Siebpfanne mit Auslauf f\u00fcr Nasssiebung Durchmesser: 300 mm"}]},{"@type":"WebSite","@id":"https:\/\/froewag.de\/#website","url":"https:\/\/froewag.de\/","name":"Fr\u00f6wag GmbH","description":"Pr\u00fcfanlagen f\u00fcr Baustoffe und Umwelt","publisher":{"@id":"https:\/\/froewag.de\/#organization"},"potentialAction":[{"@type":"SearchAction","target":{"@type":"EntryPoint","urlTemplate":"https:\/\/froewag.de\/?s={search_term_string}"},"query-input":{"@type":"PropertyValueSpecification","valueRequired":true,"valueName":"search_term_string"}}],"inLanguage":"en-GB"},{"@type":"Organization","@id":"https:\/\/froewag.de\/#organization","name":"Fr\u00f6Wag GmbH","url":"https:\/\/froewag.de\/","logo":{"@type":"ImageObject","inLanguage":"en-GB","@id":"https:\/\/froewag.de\/#\/schema\/logo\/image\/","url":"","contentUrl":"","caption":"Fr\u00f6Wag GmbH"},"image":{"@id":"https:\/\/froewag.de\/#\/schema\/logo\/image\/"}}]}},"_links":{"self":[{"href":"https:\/\/froewag.de\/en\/wp-json\/wp\/v2\/product\/48556","targetHints":{"allow":["GET"]}}],"collection":[{"href":"https:\/\/froewag.de\/en\/wp-json\/wp\/v2\/product"}],"about":[{"href":"https:\/\/froewag.de\/en\/wp-json\/wp\/v2\/types\/product"}],"version-history":[{"count":2,"href":"https:\/\/froewag.de\/en\/wp-json\/wp\/v2\/product\/48556\/revisions"}],"predecessor-version":[{"id":53952,"href":"https:\/\/froewag.de\/en\/wp-json\/wp\/v2\/product\/48556\/revisions\/53952"}],"wp:attachment":[{"href":"https:\/\/froewag.de\/en\/wp-json\/wp\/v2\/media?parent=48556"}],"wp:term":[{"taxonomy":"product_brand","embeddable":true,"href":"https:\/\/froewag.de\/en\/wp-json\/wp\/v2\/product_brand?post=48556"},{"taxonomy":"product_cat","embeddable":true,"href":"https:\/\/froewag.de\/en\/wp-json\/wp\/v2\/product_cat?post=48556"},{"taxonomy":"product_tag","embeddable":true,"href":"https:\/\/froewag.de\/en\/wp-json\/wp\/v2\/product_tag?post=48556"}],"curies":[{"name":"wp","href":"https:\/\/api.w.org\/{rel}","templated":true}]}}