{"id":49160,"date":"2021-10-06T21:19:48","date_gmt":"2021-10-06T19:19:48","guid":{"rendered":"http:\/\/froewag.de\/wp2\/produkt\/value-vakuumrotationsverdampfer-nach-en-12697-3\/"},"modified":"2021-10-06T21:19:53","modified_gmt":"2021-10-06T19:19:53","slug":"value-vakuumrotationsverdampfer-nach-en-12697-3","status":"publish","type":"product","link":"https:\/\/froewag.de\/en\/product\/value-vakuumrotationsverdampfer-nach-en-12697-3\/","title":{"rendered":"Value &#8211; Vakuumrotationsverdampfer nach EN 12697-3"},"content":{"rendered":"<p>EN 12697-3<\/p>\n<p>Hei-Vap Value &#8211; Vakuumrotataionsverdampfer<\/p>\n<div>Wir vertreiben Rotationsverdampfer der Firma Heidolph<\/div>\n<div> <\/div>\n<div>Die Rotationsverdampfer der Hei-VAP Serie von Heidolph sind die ideale Grundlage f\u00fcr intelligentes Destillieren in Ihrem Labor. Betreiben Sie schnelle und zuverl\u00e4ssige L\u00f6semittel Destillation.<\/div>\n<div> <\/div>\n<div>N\u00e4here Infos unter <a target=\"_blank\" href=\"https:\/\/www.heidolph-instruments.com\" rel=\"noopener\">www.heidolph-instruments.com<\/a><\/div>","protected":false},"excerpt":{"rendered":"<p>Wir vertreiben Rotationsverdampfer der Firma Heidolph<\/p>","protected":false},"featured_media":20710,"template":"","meta":{"_acf_changed":false,"site-sidebar-layout":"default","site-content-layout":"plain-container","ast-site-content-layout":"","site-content-style":"default","site-sidebar-style":"default","ast-global-header-display":"","ast-banner-title-visibility":"","ast-main-header-display":"","ast-hfb-above-header-display":"","ast-hfb-below-header-display":"","ast-hfb-mobile-header-display":"","site-post-title":"","ast-breadcrumbs-content":"","ast-featured-img":"","footer-sml-layout":"","theme-transparent-header-meta":"default","adv-header-id-meta":"","stick-header-meta":"","header-above-stick-meta":"","header-main-stick-meta":"","header-below-stick-meta":"","astra-migrate-meta-layouts":"default","ast-page-background-enabled":"default","ast-page-background-meta":{"desktop":{"background-color":"","background-image":"","background-repeat":"repeat","background-position":"center center","background-size":"auto","background-attachment":"scroll","background-type":"","background-media":"","overlay-type":"","overlay-color":"","overlay-opacity":"","overlay-gradient":""},"tablet":{"background-color":"","background-image":"","background-repeat":"repeat","background-position":"center center","background-size":"auto","background-attachment":"scroll","background-type":"","background-media":"","overlay-type":"","overlay-color":"","overlay-opacity":"","overlay-gradient":""},"mobile":{"background-color":"","background-image":"","background-repeat":"repeat","background-position":"center center","background-size":"auto","background-attachment":"scroll","background-type":"","background-media":"","overlay-type":"","overlay-color":"","overlay-opacity":"","overlay-gradient":""}},"ast-content-background-meta":{"desktop":{"background-color":"var(--ast-global-color-5)","background-image":"","background-repeat":"repeat","background-position":"center center","background-size":"auto","background-attachment":"scroll","background-type":"","background-media":"","overlay-type":"","overlay-color":"","overlay-opacity":"","overlay-gradient":""},"tablet":{"background-color":"var(--ast-global-color-5)","background-image":"","background-repeat":"repeat","background-position":"center center","background-size":"auto","background-attachment":"scroll","background-type":"","background-media":"","overlay-type":"","overlay-color":"","overlay-opacity":"","overlay-gradient":""},"mobile":{"background-color":"var(--ast-global-color-5)","background-image":"","background-repeat":"repeat","background-position":"center center","background-size":"auto","background-attachment":"scroll","background-type":"","background-media":"","overlay-type":"","overlay-color":"","overlay-opacity":"","overlay-gradient":""}},"_themeisle_gutenberg_block_has_review":false},"product_brand":[],"product_cat":[13577,13578],"product_tag":[14439],"class_list":{"0":"post-49160","1":"product","2":"type-product","3":"status-publish","4":"has-post-thumbnail","6":"product_cat-asphalt","7":"product_cat-extraktion","8":"product_tag-asphalt-extraktion","9":"pa_einzelnormen-en-12697-3","10":"pa_einzelnormen-en","11":"desktop-align-left","12":"tablet-align-left","13":"mobile-align-left","15":"first","16":"instock","17":"product-type-simple"},"acf":[],"yoast_head":"<!-- This site is optimized with the Yoast SEO plugin v27.0 - https:\/\/yoast.com\/product\/yoast-seo-wordpress\/ -->\n<title>Value - Vakuumrotationsverdampfer nach EN 12697-3 - Fr\u00f6wag GmbH<\/title>\n<meta name=\"robots\" content=\"index, follow, max-snippet:-1, max-image-preview:large, max-video-preview:-1\" \/>\n<link rel=\"canonical\" href=\"https:\/\/froewag.de\/en\/product\/value-vakuumrotationsverdampfer-nach-en-12697-3\/\" \/>\n<meta property=\"og:locale\" content=\"en_GB\" \/>\n<meta property=\"og:type\" content=\"article\" \/>\n<meta property=\"og:title\" content=\"Value - Vakuumrotationsverdampfer nach EN 12697-3 - Fr\u00f6wag GmbH\" \/>\n<meta property=\"og:description\" content=\"Wir vertreiben Rotationsverdampfer der Firma Heidolph\" \/>\n<meta property=\"og:url\" content=\"https:\/\/froewag.de\/en\/product\/value-vakuumrotationsverdampfer-nach-en-12697-3\/\" \/>\n<meta property=\"og:site_name\" content=\"Fr\u00f6wag GmbH\" \/>\n<meta property=\"article:modified_time\" content=\"2021-10-06T19:19:53+00:00\" \/>\n<meta property=\"og:image\" content=\"https:\/\/froewag.de\/wp-content\/uploads\/2021\/03\/hei-vap-value.jpg\" \/>\n\t<meta property=\"og:image:width\" content=\"700\" \/>\n\t<meta property=\"og:image:height\" content=\"800\" \/>\n\t<meta property=\"og:image:type\" content=\"image\/jpeg\" \/>\n<meta name=\"twitter:card\" content=\"summary_large_image\" \/>\n<script type=\"application\/ld+json\" class=\"yoast-schema-graph\">{\"@context\":\"https:\/\/schema.org\",\"@graph\":[{\"@type\":\"WebPage\",\"@id\":\"https:\/\/froewag.de\/produkt\/value-vakuumrotationsverdampfer-nach-en-12697-3\/\",\"url\":\"https:\/\/froewag.de\/produkt\/value-vakuumrotationsverdampfer-nach-en-12697-3\/\",\"name\":\"Value - Vakuumrotationsverdampfer nach EN 12697-3 - Fr\u00f6wag GmbH\",\"isPartOf\":{\"@id\":\"https:\/\/froewag.de\/#website\"},\"primaryImageOfPage\":{\"@id\":\"https:\/\/froewag.de\/produkt\/value-vakuumrotationsverdampfer-nach-en-12697-3\/#primaryimage\"},\"image\":{\"@id\":\"https:\/\/froewag.de\/produkt\/value-vakuumrotationsverdampfer-nach-en-12697-3\/#primaryimage\"},\"thumbnailUrl\":\"https:\/\/froewag.de\/wp-content\/uploads\/2021\/03\/hei-vap-value.jpg\",\"datePublished\":\"2021-10-06T19:19:48+00:00\",\"dateModified\":\"2021-10-06T19:19:53+00:00\",\"breadcrumb\":{\"@id\":\"https:\/\/froewag.de\/produkt\/value-vakuumrotationsverdampfer-nach-en-12697-3\/#breadcrumb\"},\"inLanguage\":\"en-GB\",\"potentialAction\":[{\"@type\":\"ReadAction\",\"target\":[\"https:\/\/froewag.de\/produkt\/value-vakuumrotationsverdampfer-nach-en-12697-3\/\"]}]},{\"@type\":\"ImageObject\",\"inLanguage\":\"en-GB\",\"@id\":\"https:\/\/froewag.de\/produkt\/value-vakuumrotationsverdampfer-nach-en-12697-3\/#primaryimage\",\"url\":\"https:\/\/froewag.de\/wp-content\/uploads\/2021\/03\/hei-vap-value.jpg\",\"contentUrl\":\"https:\/\/froewag.de\/wp-content\/uploads\/2021\/03\/hei-vap-value.jpg\",\"width\":700,\"height\":800},{\"@type\":\"BreadcrumbList\",\"@id\":\"https:\/\/froewag.de\/produkt\/value-vakuumrotationsverdampfer-nach-en-12697-3\/#breadcrumb\",\"itemListElement\":[{\"@type\":\"ListItem\",\"position\":1,\"name\":\"Home\",\"item\":\"https:\/\/froewag.de\/\"},{\"@type\":\"ListItem\",\"position\":2,\"name\":\"Produkte\",\"item\":\"https:\/\/froewag.de\/produkte\/\"},{\"@type\":\"ListItem\",\"position\":3,\"name\":\"Asphalt\",\"item\":\"https:\/\/froewag.de\/produktkategorie\/asphalt\/\"},{\"@type\":\"ListItem\",\"position\":4,\"name\":\"Extraktion\",\"item\":\"https:\/\/froewag.de\/produktkategorie\/asphalt\/extraktion\/\"},{\"@type\":\"ListItem\",\"position\":5,\"name\":\"Value &#8211; Vakuumrotationsverdampfer nach EN 12697-3\"}]},{\"@type\":\"WebSite\",\"@id\":\"https:\/\/froewag.de\/#website\",\"url\":\"https:\/\/froewag.de\/\",\"name\":\"Fr\u00f6wag GmbH\",\"description\":\"Pr\u00fcfanlagen f\u00fcr Baustoffe und Umwelt\",\"publisher\":{\"@id\":\"https:\/\/froewag.de\/#organization\"},\"potentialAction\":[{\"@type\":\"SearchAction\",\"target\":{\"@type\":\"EntryPoint\",\"urlTemplate\":\"https:\/\/froewag.de\/?s={search_term_string}\"},\"query-input\":{\"@type\":\"PropertyValueSpecification\",\"valueRequired\":true,\"valueName\":\"search_term_string\"}}],\"inLanguage\":\"en-GB\"},{\"@type\":\"Organization\",\"@id\":\"https:\/\/froewag.de\/#organization\",\"name\":\"Fr\u00f6Wag GmbH\",\"url\":\"https:\/\/froewag.de\/\",\"logo\":{\"@type\":\"ImageObject\",\"inLanguage\":\"en-GB\",\"@id\":\"https:\/\/froewag.de\/#\/schema\/logo\/image\/\",\"url\":\"\",\"contentUrl\":\"\",\"caption\":\"Fr\u00f6Wag GmbH\"},\"image\":{\"@id\":\"https:\/\/froewag.de\/#\/schema\/logo\/image\/\"}}]}<\/script>\n<!-- \/ Yoast SEO plugin. -->","yoast_head_json":{"title":"Value - Vakuumrotationsverdampfer nach EN 12697-3 - Fr\u00f6wag GmbH","robots":{"index":"index","follow":"follow","max-snippet":"max-snippet:-1","max-image-preview":"max-image-preview:large","max-video-preview":"max-video-preview:-1"},"canonical":"https:\/\/froewag.de\/en\/product\/value-vakuumrotationsverdampfer-nach-en-12697-3\/","og_locale":"en_GB","og_type":"article","og_title":"Value - Vakuumrotationsverdampfer nach EN 12697-3 - Fr\u00f6wag GmbH","og_description":"Wir vertreiben Rotationsverdampfer der Firma Heidolph","og_url":"https:\/\/froewag.de\/en\/product\/value-vakuumrotationsverdampfer-nach-en-12697-3\/","og_site_name":"Fr\u00f6wag GmbH","article_modified_time":"2021-10-06T19:19:53+00:00","og_image":[{"width":700,"height":800,"url":"https:\/\/froewag.de\/wp-content\/uploads\/2021\/03\/hei-vap-value.jpg","type":"image\/jpeg"}],"twitter_card":"summary_large_image","schema":{"@context":"https:\/\/schema.org","@graph":[{"@type":"WebPage","@id":"https:\/\/froewag.de\/produkt\/value-vakuumrotationsverdampfer-nach-en-12697-3\/","url":"https:\/\/froewag.de\/produkt\/value-vakuumrotationsverdampfer-nach-en-12697-3\/","name":"Value - Vakuumrotationsverdampfer nach EN 12697-3 - Fr\u00f6wag GmbH","isPartOf":{"@id":"https:\/\/froewag.de\/#website"},"primaryImageOfPage":{"@id":"https:\/\/froewag.de\/produkt\/value-vakuumrotationsverdampfer-nach-en-12697-3\/#primaryimage"},"image":{"@id":"https:\/\/froewag.de\/produkt\/value-vakuumrotationsverdampfer-nach-en-12697-3\/#primaryimage"},"thumbnailUrl":"https:\/\/froewag.de\/wp-content\/uploads\/2021\/03\/hei-vap-value.jpg","datePublished":"2021-10-06T19:19:48+00:00","dateModified":"2021-10-06T19:19:53+00:00","breadcrumb":{"@id":"https:\/\/froewag.de\/produkt\/value-vakuumrotationsverdampfer-nach-en-12697-3\/#breadcrumb"},"inLanguage":"en-GB","potentialAction":[{"@type":"ReadAction","target":["https:\/\/froewag.de\/produkt\/value-vakuumrotationsverdampfer-nach-en-12697-3\/"]}]},{"@type":"ImageObject","inLanguage":"en-GB","@id":"https:\/\/froewag.de\/produkt\/value-vakuumrotationsverdampfer-nach-en-12697-3\/#primaryimage","url":"https:\/\/froewag.de\/wp-content\/uploads\/2021\/03\/hei-vap-value.jpg","contentUrl":"https:\/\/froewag.de\/wp-content\/uploads\/2021\/03\/hei-vap-value.jpg","width":700,"height":800},{"@type":"BreadcrumbList","@id":"https:\/\/froewag.de\/produkt\/value-vakuumrotationsverdampfer-nach-en-12697-3\/#breadcrumb","itemListElement":[{"@type":"ListItem","position":1,"name":"Home","item":"https:\/\/froewag.de\/"},{"@type":"ListItem","position":2,"name":"Produkte","item":"https:\/\/froewag.de\/produkte\/"},{"@type":"ListItem","position":3,"name":"Asphalt","item":"https:\/\/froewag.de\/produktkategorie\/asphalt\/"},{"@type":"ListItem","position":4,"name":"Extraktion","item":"https:\/\/froewag.de\/produktkategorie\/asphalt\/extraktion\/"},{"@type":"ListItem","position":5,"name":"Value &#8211; Vakuumrotationsverdampfer nach EN 12697-3"}]},{"@type":"WebSite","@id":"https:\/\/froewag.de\/#website","url":"https:\/\/froewag.de\/","name":"Fr\u00f6wag GmbH","description":"Pr\u00fcfanlagen f\u00fcr Baustoffe und Umwelt","publisher":{"@id":"https:\/\/froewag.de\/#organization"},"potentialAction":[{"@type":"SearchAction","target":{"@type":"EntryPoint","urlTemplate":"https:\/\/froewag.de\/?s={search_term_string}"},"query-input":{"@type":"PropertyValueSpecification","valueRequired":true,"valueName":"search_term_string"}}],"inLanguage":"en-GB"},{"@type":"Organization","@id":"https:\/\/froewag.de\/#organization","name":"Fr\u00f6Wag GmbH","url":"https:\/\/froewag.de\/","logo":{"@type":"ImageObject","inLanguage":"en-GB","@id":"https:\/\/froewag.de\/#\/schema\/logo\/image\/","url":"","contentUrl":"","caption":"Fr\u00f6Wag GmbH"},"image":{"@id":"https:\/\/froewag.de\/#\/schema\/logo\/image\/"}}]}},"_links":{"self":[{"href":"https:\/\/froewag.de\/en\/wp-json\/wp\/v2\/product\/49160","targetHints":{"allow":["GET"]}}],"collection":[{"href":"https:\/\/froewag.de\/en\/wp-json\/wp\/v2\/product"}],"about":[{"href":"https:\/\/froewag.de\/en\/wp-json\/wp\/v2\/types\/product"}],"version-history":[{"count":1,"href":"https:\/\/froewag.de\/en\/wp-json\/wp\/v2\/product\/49160\/revisions"}],"predecessor-version":[{"id":49161,"href":"https:\/\/froewag.de\/en\/wp-json\/wp\/v2\/product\/49160\/revisions\/49161"}],"wp:featuredmedia":[{"embeddable":true,"href":"https:\/\/froewag.de\/en\/wp-json\/wp\/v2\/media\/20710"}],"wp:attachment":[{"href":"https:\/\/froewag.de\/en\/wp-json\/wp\/v2\/media?parent=49160"}],"wp:term":[{"taxonomy":"product_brand","embeddable":true,"href":"https:\/\/froewag.de\/en\/wp-json\/wp\/v2\/product_brand?post=49160"},{"taxonomy":"product_cat","embeddable":true,"href":"https:\/\/froewag.de\/en\/wp-json\/wp\/v2\/product_cat?post=49160"},{"taxonomy":"product_tag","embeddable":true,"href":"https:\/\/froewag.de\/en\/wp-json\/wp\/v2\/product_tag?post=49160"}],"curies":[{"name":"wp","href":"https:\/\/api.w.org\/{rel}","templated":true}]}}