{"id":49178,"date":"2021-10-06T21:19:56","date_gmt":"2021-10-06T19:19:56","guid":{"rendered":"http:\/\/froewag.de\/wp2\/produkt\/satz-zubehoer-nach-en-1426-4\/"},"modified":"2023-10-21T12:14:44","modified_gmt":"2023-10-21T10:14:44","slug":"satz-zubehoer-nach-en-1426-4","status":"publish","type":"product","link":"https:\/\/froewag.de\/en\/product\/satz-zubehoer-nach-en-1426-4\/","title":{"rendered":"Zubeh\u00f6r Set nach EN 1426 f\u00fcr Typ 1.569"},"content":{"rendered":"<p>Zubeh\u00f6r Set nach EN 1426<\/p>\n<p>f\u00fcr Typ 1.569, bestehend aus:<\/p>\n<ul>\n<li>3 Stck 1.580 Penetrationsnadel 2,5 g<\/li>\n<li>1 Stck Wasserbad \u00f8 160 mm mit Thermometerhalter und mit Zu- und Ablauf zum direkten Anschluss an ein externes Temperierbad<\/li>\n<li>1 Stck 1.588 \u00dcbertragungsschale \u00f8 95 mm<\/li>\n<li>5 Stck 1.600 Penetrationsgef\u00e4\u00df \u00f8 55 x H.45 mm<\/li>\n<\/ul>","protected":false},"excerpt":{"rendered":"<p>f\u00fcr Typ 1.569<\/p>","protected":false},"featured_media":0,"template":"","meta":{"_acf_changed":false,"site-sidebar-layout":"default","site-content-layout":"plain-container","ast-site-content-layout":"normal-width-container","site-content-style":"unboxed","site-sidebar-style":"unboxed","ast-global-header-display":"","ast-banner-title-visibility":"","ast-main-header-display":"","ast-hfb-above-header-display":"","ast-hfb-below-header-display":"","ast-hfb-mobile-header-display":"","site-post-title":"","ast-breadcrumbs-content":"","ast-featured-img":"","footer-sml-layout":"","ast-disable-related-posts":"","theme-transparent-header-meta":"default","adv-header-id-meta":"","stick-header-meta":"","header-above-stick-meta":"","header-main-stick-meta":"","header-below-stick-meta":"","astra-migrate-meta-layouts":"set","ast-page-background-enabled":"default","ast-page-background-meta":{"desktop":{"background-color":"","background-image":"","background-repeat":"repeat","background-position":"center center","background-size":"auto","background-attachment":"scroll","background-type":"","background-media":"","overlay-type":"","overlay-color":"","overlay-opacity":"","overlay-gradient":""},"tablet":{"background-color":"","background-image":"","background-repeat":"repeat","background-position":"center center","background-size":"auto","background-attachment":"scroll","background-type":"","background-media":"","overlay-type":"","overlay-color":"","overlay-opacity":"","overlay-gradient":""},"mobile":{"background-color":"","background-image":"","background-repeat":"repeat","background-position":"center center","background-size":"auto","background-attachment":"scroll","background-type":"","background-media":"","overlay-type":"","overlay-color":"","overlay-opacity":"","overlay-gradient":""}},"ast-content-background-meta":{"desktop":{"background-color":"var(--ast-global-color-5)","background-image":"","background-repeat":"repeat","background-position":"center center","background-size":"auto","background-attachment":"scroll","background-type":"","background-media":"","overlay-type":"","overlay-color":"","overlay-opacity":"","overlay-gradient":""},"tablet":{"background-color":"var(--ast-global-color-5)","background-image":"","background-repeat":"repeat","background-position":"center center","background-size":"auto","background-attachment":"scroll","background-type":"","background-media":"","overlay-type":"","overlay-color":"","overlay-opacity":"","overlay-gradient":""},"mobile":{"background-color":"var(--ast-global-color-5)","background-image":"","background-repeat":"repeat","background-position":"center center","background-size":"auto","background-attachment":"scroll","background-type":"","background-media":"","overlay-type":"","overlay-color":"","overlay-opacity":"","overlay-gradient":""}},"_themeisle_gutenberg_block_has_review":false},"product_brand":[],"product_cat":[13789,13790],"product_tag":[14447],"class_list":{"0":"post-49178","1":"product","2":"type-product","3":"status-publish","5":"product_cat-bitumen-2","6":"product_cat-penetration-bitumen","7":"product_tag-bitumen-penetration","8":"pa_einzelnormen-en","9":"pa_einzelnormen-en-1426","10":"desktop-align-left","11":"tablet-align-left","12":"mobile-align-left","14":"first","15":"instock","16":"product-type-simple"},"acf":[],"yoast_head":"<!-- This site is optimized with the Yoast SEO plugin v27.4 - https:\/\/yoast.com\/product\/yoast-seo-wordpress\/ -->\n<title>Zubeh\u00f6r Set nach EN 1426 f\u00fcr Typ 1.569 - Fr\u00f6wag GmbH<\/title>\n<meta name=\"robots\" content=\"index, follow, max-snippet:-1, max-image-preview:large, max-video-preview:-1\" \/>\n<link rel=\"canonical\" href=\"https:\/\/froewag.de\/en\/product\/satz-zubehoer-nach-en-1426-4\/\" \/>\n<meta property=\"og:locale\" content=\"en_GB\" \/>\n<meta property=\"og:type\" content=\"article\" \/>\n<meta property=\"og:title\" content=\"Zubeh\u00f6r Set nach EN 1426 f\u00fcr Typ 1.569 - Fr\u00f6wag GmbH\" \/>\n<meta property=\"og:description\" content=\"f\u00fcr Typ 1.569\" \/>\n<meta property=\"og:url\" content=\"https:\/\/froewag.de\/en\/product\/satz-zubehoer-nach-en-1426-4\/\" \/>\n<meta property=\"og:site_name\" content=\"Fr\u00f6wag GmbH\" \/>\n<meta property=\"article:modified_time\" content=\"2023-10-21T10:14:44+00:00\" \/>\n<meta name=\"twitter:card\" content=\"summary_large_image\" \/>\n<script type=\"application\/ld+json\" class=\"yoast-schema-graph\">{\"@context\":\"https:\\\/\\\/schema.org\",\"@graph\":[{\"@type\":\"WebPage\",\"@id\":\"https:\\\/\\\/froewag.de\\\/produkt\\\/satz-zubehoer-nach-en-1426-4\\\/\",\"url\":\"https:\\\/\\\/froewag.de\\\/produkt\\\/satz-zubehoer-nach-en-1426-4\\\/\",\"name\":\"Zubeh\u00f6r Set nach EN 1426 f\u00fcr Typ 1.569 - Fr\u00f6wag GmbH\",\"isPartOf\":{\"@id\":\"https:\\\/\\\/froewag.de\\\/#website\"},\"datePublished\":\"2021-10-06T19:19:56+00:00\",\"dateModified\":\"2023-10-21T10:14:44+00:00\",\"breadcrumb\":{\"@id\":\"https:\\\/\\\/froewag.de\\\/produkt\\\/satz-zubehoer-nach-en-1426-4\\\/#breadcrumb\"},\"inLanguage\":\"en-GB\",\"potentialAction\":[{\"@type\":\"ReadAction\",\"target\":[\"https:\\\/\\\/froewag.de\\\/produkt\\\/satz-zubehoer-nach-en-1426-4\\\/\"]}]},{\"@type\":\"BreadcrumbList\",\"@id\":\"https:\\\/\\\/froewag.de\\\/produkt\\\/satz-zubehoer-nach-en-1426-4\\\/#breadcrumb\",\"itemListElement\":[{\"@type\":\"ListItem\",\"position\":1,\"name\":\"Home\",\"item\":\"https:\\\/\\\/froewag.de\\\/\"},{\"@type\":\"ListItem\",\"position\":2,\"name\":\"Produkte\",\"item\":\"https:\\\/\\\/froewag.de\\\/produkte\\\/\"},{\"@type\":\"ListItem\",\"position\":3,\"name\":\"Bitumen\",\"item\":\"https:\\\/\\\/froewag.de\\\/produktkategorie\\\/bitumen-2\\\/\"},{\"@type\":\"ListItem\",\"position\":4,\"name\":\"Penetration\",\"item\":\"https:\\\/\\\/froewag.de\\\/produktkategorie\\\/bitumen-2\\\/penetration-bitumen\\\/\"},{\"@type\":\"ListItem\",\"position\":5,\"name\":\"Zubeh\u00f6r Set nach EN 1426 f\u00fcr Typ 1.569\"}]},{\"@type\":\"WebSite\",\"@id\":\"https:\\\/\\\/froewag.de\\\/#website\",\"url\":\"https:\\\/\\\/froewag.de\\\/\",\"name\":\"Fr\u00f6wag GmbH\",\"description\":\"Pr\u00fcfanlagen f\u00fcr Baustoffe und Umwelt\",\"publisher\":{\"@id\":\"https:\\\/\\\/froewag.de\\\/#organization\"},\"potentialAction\":[{\"@type\":\"SearchAction\",\"target\":{\"@type\":\"EntryPoint\",\"urlTemplate\":\"https:\\\/\\\/froewag.de\\\/?s={search_term_string}\"},\"query-input\":{\"@type\":\"PropertyValueSpecification\",\"valueRequired\":true,\"valueName\":\"search_term_string\"}}],\"inLanguage\":\"en-GB\"},{\"@type\":\"Organization\",\"@id\":\"https:\\\/\\\/froewag.de\\\/#organization\",\"name\":\"Fr\u00f6Wag GmbH\",\"url\":\"https:\\\/\\\/froewag.de\\\/\",\"logo\":{\"@type\":\"ImageObject\",\"inLanguage\":\"en-GB\",\"@id\":\"https:\\\/\\\/froewag.de\\\/#\\\/schema\\\/logo\\\/image\\\/\",\"url\":\"\",\"contentUrl\":\"\",\"caption\":\"Fr\u00f6Wag GmbH\"},\"image\":{\"@id\":\"https:\\\/\\\/froewag.de\\\/#\\\/schema\\\/logo\\\/image\\\/\"}}]}<\/script>\n<!-- \/ Yoast SEO plugin. -->","yoast_head_json":{"title":"Zubeh\u00f6r Set nach EN 1426 f\u00fcr Typ 1.569 - Fr\u00f6wag GmbH","robots":{"index":"index","follow":"follow","max-snippet":"max-snippet:-1","max-image-preview":"max-image-preview:large","max-video-preview":"max-video-preview:-1"},"canonical":"https:\/\/froewag.de\/en\/product\/satz-zubehoer-nach-en-1426-4\/","og_locale":"en_GB","og_type":"article","og_title":"Zubeh\u00f6r Set nach EN 1426 f\u00fcr Typ 1.569 - Fr\u00f6wag GmbH","og_description":"f\u00fcr Typ 1.569","og_url":"https:\/\/froewag.de\/en\/product\/satz-zubehoer-nach-en-1426-4\/","og_site_name":"Fr\u00f6wag GmbH","article_modified_time":"2023-10-21T10:14:44+00:00","twitter_card":"summary_large_image","schema":{"@context":"https:\/\/schema.org","@graph":[{"@type":"WebPage","@id":"https:\/\/froewag.de\/produkt\/satz-zubehoer-nach-en-1426-4\/","url":"https:\/\/froewag.de\/produkt\/satz-zubehoer-nach-en-1426-4\/","name":"Zubeh\u00f6r Set nach EN 1426 f\u00fcr Typ 1.569 - Fr\u00f6wag GmbH","isPartOf":{"@id":"https:\/\/froewag.de\/#website"},"datePublished":"2021-10-06T19:19:56+00:00","dateModified":"2023-10-21T10:14:44+00:00","breadcrumb":{"@id":"https:\/\/froewag.de\/produkt\/satz-zubehoer-nach-en-1426-4\/#breadcrumb"},"inLanguage":"en-GB","potentialAction":[{"@type":"ReadAction","target":["https:\/\/froewag.de\/produkt\/satz-zubehoer-nach-en-1426-4\/"]}]},{"@type":"BreadcrumbList","@id":"https:\/\/froewag.de\/produkt\/satz-zubehoer-nach-en-1426-4\/#breadcrumb","itemListElement":[{"@type":"ListItem","position":1,"name":"Home","item":"https:\/\/froewag.de\/"},{"@type":"ListItem","position":2,"name":"Produkte","item":"https:\/\/froewag.de\/produkte\/"},{"@type":"ListItem","position":3,"name":"Bitumen","item":"https:\/\/froewag.de\/produktkategorie\/bitumen-2\/"},{"@type":"ListItem","position":4,"name":"Penetration","item":"https:\/\/froewag.de\/produktkategorie\/bitumen-2\/penetration-bitumen\/"},{"@type":"ListItem","position":5,"name":"Zubeh\u00f6r Set nach EN 1426 f\u00fcr Typ 1.569"}]},{"@type":"WebSite","@id":"https:\/\/froewag.de\/#website","url":"https:\/\/froewag.de\/","name":"Fr\u00f6wag GmbH","description":"Pr\u00fcfanlagen f\u00fcr Baustoffe und Umwelt","publisher":{"@id":"https:\/\/froewag.de\/#organization"},"potentialAction":[{"@type":"SearchAction","target":{"@type":"EntryPoint","urlTemplate":"https:\/\/froewag.de\/?s={search_term_string}"},"query-input":{"@type":"PropertyValueSpecification","valueRequired":true,"valueName":"search_term_string"}}],"inLanguage":"en-GB"},{"@type":"Organization","@id":"https:\/\/froewag.de\/#organization","name":"Fr\u00f6Wag GmbH","url":"https:\/\/froewag.de\/","logo":{"@type":"ImageObject","inLanguage":"en-GB","@id":"https:\/\/froewag.de\/#\/schema\/logo\/image\/","url":"","contentUrl":"","caption":"Fr\u00f6Wag GmbH"},"image":{"@id":"https:\/\/froewag.de\/#\/schema\/logo\/image\/"}}]}},"_links":{"self":[{"href":"https:\/\/froewag.de\/en\/wp-json\/wp\/v2\/product\/49178","targetHints":{"allow":["GET"]}}],"collection":[{"href":"https:\/\/froewag.de\/en\/wp-json\/wp\/v2\/product"}],"about":[{"href":"https:\/\/froewag.de\/en\/wp-json\/wp\/v2\/types\/product"}],"version-history":[{"count":4,"href":"https:\/\/froewag.de\/en\/wp-json\/wp\/v2\/product\/49178\/revisions"}],"predecessor-version":[{"id":53493,"href":"https:\/\/froewag.de\/en\/wp-json\/wp\/v2\/product\/49178\/revisions\/53493"}],"wp:attachment":[{"href":"https:\/\/froewag.de\/en\/wp-json\/wp\/v2\/media?parent=49178"}],"wp:term":[{"taxonomy":"product_brand","embeddable":true,"href":"https:\/\/froewag.de\/en\/wp-json\/wp\/v2\/product_brand?post=49178"},{"taxonomy":"product_cat","embeddable":true,"href":"https:\/\/froewag.de\/en\/wp-json\/wp\/v2\/product_cat?post=49178"},{"taxonomy":"product_tag","embeddable":true,"href":"https:\/\/froewag.de\/en\/wp-json\/wp\/v2\/product_tag?post=49178"}],"curies":[{"name":"wp","href":"https:\/\/api.w.org\/{rel}","templated":true}]}}