{"id":49218,"date":"2021-10-06T21:20:04","date_gmt":"2021-10-06T19:20:04","guid":{"rendered":"http:\/\/froewag.de\/wp2\/produkt\/infrarot-temperaturmessgeraet-temp-hit-40-bis-500oc\/"},"modified":"2024-02-02T16:15:33","modified_gmt":"2024-02-02T15:15:33","slug":"infrarot-temperaturmessgeraet-40-bis-500oc","status":"publish","type":"product","link":"https:\/\/froewag.de\/en\/product\/infrarot-temperaturmessgeraet-40-bis-500oc\/","title":{"rendered":"Infrarot-Temperaturmessger\u00e4t -40 bis +500\u00baC"},"content":{"rendered":"<p>Infrarot-Temperaturmessger\u00e4t -40 bis +500\u00baC<\/p>\n<ul>\n<li>Messbereich: -40 &#8230; +500\u00baC<\/li>\n<li>Aufl\u00f6sung: 0,1\u00baC bei -40 &#8230; +100\u00baC<\/li>\n<li>Genauigkeit: +\/- 2\u00baC oder 2% des Messwertes<\/li>\n<li>Batterie: Blockbatterie 9V 6F22<\/li>\n<li>Standzeit: ca. 30h<\/li>\n<li>Betriebstemperatur: 0 &#8230; +40\u00baC<\/li>\n<li>F\u00fchler: Infrarot-Sensor mit zuschaltbarer Laserpeilung, Emissionsfaktor-Einstellung<\/li>\n<li>Ansprechzeit: T90=0,5 sec.<\/li>\n<li>Distanzverh\u00e4ltnis: 8 : 1<\/li>\n<\/ul>","protected":false},"excerpt":{"rendered":"<p>Messbereich: -40 &#8230; +500\u00baC<\/p>","protected":false},"featured_media":22004,"template":"","meta":{"_acf_changed":false,"site-sidebar-layout":"default","site-content-layout":"","ast-site-content-layout":"default","site-content-style":"default","site-sidebar-style":"default","ast-global-header-display":"","ast-banner-title-visibility":"","ast-main-header-display":"","ast-hfb-above-header-display":"","ast-hfb-below-header-display":"","ast-hfb-mobile-header-display":"","site-post-title":"","ast-breadcrumbs-content":"","ast-featured-img":"","footer-sml-layout":"","theme-transparent-header-meta":"default","adv-header-id-meta":"","stick-header-meta":"","header-above-stick-meta":"","header-main-stick-meta":"","header-below-stick-meta":"","astra-migrate-meta-layouts":"set","ast-page-background-enabled":"default","ast-page-background-meta":{"desktop":{"background-color":"","background-image":"","background-repeat":"repeat","background-position":"center center","background-size":"auto","background-attachment":"scroll","background-type":"","background-media":"","overlay-type":"","overlay-color":"","overlay-opacity":"","overlay-gradient":""},"tablet":{"background-color":"","background-image":"","background-repeat":"repeat","background-position":"center center","background-size":"auto","background-attachment":"scroll","background-type":"","background-media":"","overlay-type":"","overlay-color":"","overlay-opacity":"","overlay-gradient":""},"mobile":{"background-color":"","background-image":"","background-repeat":"repeat","background-position":"center center","background-size":"auto","background-attachment":"scroll","background-type":"","background-media":"","overlay-type":"","overlay-color":"","overlay-opacity":"","overlay-gradient":""}},"ast-content-background-meta":{"desktop":{"background-color":"var(--ast-global-color-5)","background-image":"","background-repeat":"repeat","background-position":"center center","background-size":"auto","background-attachment":"scroll","background-type":"","background-media":"","overlay-type":"","overlay-color":"","overlay-opacity":"","overlay-gradient":""},"tablet":{"background-color":"var(--ast-global-color-5)","background-image":"","background-repeat":"repeat","background-position":"center center","background-size":"auto","background-attachment":"scroll","background-type":"","background-media":"","overlay-type":"","overlay-color":"","overlay-opacity":"","overlay-gradient":""},"mobile":{"background-color":"var(--ast-global-color-5)","background-image":"","background-repeat":"repeat","background-position":"center center","background-size":"auto","background-attachment":"scroll","background-type":"","background-media":"","overlay-type":"","overlay-color":"","overlay-opacity":"","overlay-gradient":""}},"_themeisle_gutenberg_block_has_review":false},"product_brand":[],"product_cat":[14542,14398],"product_tag":[14468],"class_list":{"0":"post-49218","1":"product","2":"type-product","3":"status-publish","4":"has-post-thumbnail","6":"product_cat-laborgeraete","7":"product_cat-thermometer","8":"product_tag-allgemeine-laborgeraete-thermometer","9":"pa_abmessung-ca-137-x-41-x-196-mm","10":"pa_gewicht-ca-069-kg","11":"desktop-align-left","12":"tablet-align-left","13":"mobile-align-left","15":"first","16":"instock","17":"product-type-simple"},"acf":[],"yoast_head":"<!-- This site is optimized with the Yoast SEO plugin v27.0 - https:\/\/yoast.com\/product\/yoast-seo-wordpress\/ -->\n<title>Infrarot-Temperaturmessger\u00e4t -40 bis +500\u00baC - Fr\u00f6wag GmbH<\/title>\n<meta name=\"robots\" content=\"index, follow, max-snippet:-1, max-image-preview:large, max-video-preview:-1\" \/>\n<link rel=\"canonical\" href=\"https:\/\/froewag.de\/en\/product\/infrarot-temperaturmessgeraet-40-bis-500oc\/\" \/>\n<meta property=\"og:locale\" content=\"en_GB\" \/>\n<meta property=\"og:type\" content=\"article\" \/>\n<meta property=\"og:title\" content=\"Infrarot-Temperaturmessger\u00e4t -40 bis +500\u00baC - Fr\u00f6wag GmbH\" \/>\n<meta property=\"og:description\" content=\"Messbereich: -40 ... +500\u00baC\" \/>\n<meta property=\"og:url\" content=\"https:\/\/froewag.de\/en\/product\/infrarot-temperaturmessgeraet-40-bis-500oc\/\" \/>\n<meta property=\"og:site_name\" content=\"Fr\u00f6wag GmbH\" \/>\n<meta property=\"article:modified_time\" content=\"2024-02-02T15:15:33+00:00\" \/>\n<meta property=\"og:image\" content=\"http:\/\/froewag.de\/wp-content\/uploads\/2021\/03\/8801.jpg\" \/>\n\t<meta property=\"og:image:width\" content=\"700\" \/>\n\t<meta property=\"og:image:height\" content=\"800\" \/>\n\t<meta property=\"og:image:type\" content=\"image\/jpeg\" \/>\n<meta name=\"twitter:card\" content=\"summary_large_image\" \/>\n<script type=\"application\/ld+json\" class=\"yoast-schema-graph\">{\"@context\":\"https:\/\/schema.org\",\"@graph\":[{\"@type\":\"WebPage\",\"@id\":\"https:\/\/froewag.de\/produkt\/infrarot-temperaturmessgeraet-40-bis-500oc\/\",\"url\":\"https:\/\/froewag.de\/produkt\/infrarot-temperaturmessgeraet-40-bis-500oc\/\",\"name\":\"Infrarot-Temperaturmessger\u00e4t -40 bis +500\u00baC - Fr\u00f6wag GmbH\",\"isPartOf\":{\"@id\":\"https:\/\/froewag.de\/#website\"},\"primaryImageOfPage\":{\"@id\":\"https:\/\/froewag.de\/produkt\/infrarot-temperaturmessgeraet-40-bis-500oc\/#primaryimage\"},\"image\":{\"@id\":\"https:\/\/froewag.de\/produkt\/infrarot-temperaturmessgeraet-40-bis-500oc\/#primaryimage\"},\"thumbnailUrl\":\"https:\/\/froewag.de\/wp-content\/uploads\/2021\/03\/8801.jpg\",\"datePublished\":\"2021-10-06T19:20:04+00:00\",\"dateModified\":\"2024-02-02T15:15:33+00:00\",\"breadcrumb\":{\"@id\":\"https:\/\/froewag.de\/produkt\/infrarot-temperaturmessgeraet-40-bis-500oc\/#breadcrumb\"},\"inLanguage\":\"en-GB\",\"potentialAction\":[{\"@type\":\"ReadAction\",\"target\":[\"https:\/\/froewag.de\/produkt\/infrarot-temperaturmessgeraet-40-bis-500oc\/\"]}]},{\"@type\":\"ImageObject\",\"inLanguage\":\"en-GB\",\"@id\":\"https:\/\/froewag.de\/produkt\/infrarot-temperaturmessgeraet-40-bis-500oc\/#primaryimage\",\"url\":\"https:\/\/froewag.de\/wp-content\/uploads\/2021\/03\/8801.jpg\",\"contentUrl\":\"https:\/\/froewag.de\/wp-content\/uploads\/2021\/03\/8801.jpg\",\"width\":700,\"height\":800},{\"@type\":\"BreadcrumbList\",\"@id\":\"https:\/\/froewag.de\/produkt\/infrarot-temperaturmessgeraet-40-bis-500oc\/#breadcrumb\",\"itemListElement\":[{\"@type\":\"ListItem\",\"position\":1,\"name\":\"Home\",\"item\":\"https:\/\/froewag.de\/\"},{\"@type\":\"ListItem\",\"position\":2,\"name\":\"Produkte\",\"item\":\"https:\/\/froewag.de\/produkte\/\"},{\"@type\":\"ListItem\",\"position\":3,\"name\":\"Laborger\u00e4te\",\"item\":\"https:\/\/froewag.de\/produktkategorie\/laborgeraete\/\"},{\"@type\":\"ListItem\",\"position\":4,\"name\":\"Thermometer\",\"item\":\"https:\/\/froewag.de\/produktkategorie\/laborgeraete\/thermometer\/\"},{\"@type\":\"ListItem\",\"position\":5,\"name\":\"Infrarot-Temperaturmessger\u00e4t -40 bis +500\u00baC\"}]},{\"@type\":\"WebSite\",\"@id\":\"https:\/\/froewag.de\/#website\",\"url\":\"https:\/\/froewag.de\/\",\"name\":\"Fr\u00f6wag GmbH\",\"description\":\"Pr\u00fcfanlagen f\u00fcr Baustoffe und Umwelt\",\"publisher\":{\"@id\":\"https:\/\/froewag.de\/#organization\"},\"potentialAction\":[{\"@type\":\"SearchAction\",\"target\":{\"@type\":\"EntryPoint\",\"urlTemplate\":\"https:\/\/froewag.de\/?s={search_term_string}\"},\"query-input\":{\"@type\":\"PropertyValueSpecification\",\"valueRequired\":true,\"valueName\":\"search_term_string\"}}],\"inLanguage\":\"en-GB\"},{\"@type\":\"Organization\",\"@id\":\"https:\/\/froewag.de\/#organization\",\"name\":\"Fr\u00f6Wag GmbH\",\"url\":\"https:\/\/froewag.de\/\",\"logo\":{\"@type\":\"ImageObject\",\"inLanguage\":\"en-GB\",\"@id\":\"https:\/\/froewag.de\/#\/schema\/logo\/image\/\",\"url\":\"\",\"contentUrl\":\"\",\"caption\":\"Fr\u00f6Wag GmbH\"},\"image\":{\"@id\":\"https:\/\/froewag.de\/#\/schema\/logo\/image\/\"}}]}<\/script>\n<!-- \/ Yoast SEO plugin. -->","yoast_head_json":{"title":"Infrarot-Temperaturmessger\u00e4t -40 bis +500\u00baC - Fr\u00f6wag GmbH","robots":{"index":"index","follow":"follow","max-snippet":"max-snippet:-1","max-image-preview":"max-image-preview:large","max-video-preview":"max-video-preview:-1"},"canonical":"https:\/\/froewag.de\/en\/product\/infrarot-temperaturmessgeraet-40-bis-500oc\/","og_locale":"en_GB","og_type":"article","og_title":"Infrarot-Temperaturmessger\u00e4t -40 bis +500\u00baC - Fr\u00f6wag GmbH","og_description":"Messbereich: -40 ... +500\u00baC","og_url":"https:\/\/froewag.de\/en\/product\/infrarot-temperaturmessgeraet-40-bis-500oc\/","og_site_name":"Fr\u00f6wag GmbH","article_modified_time":"2024-02-02T15:15:33+00:00","og_image":[{"width":700,"height":800,"url":"http:\/\/froewag.de\/wp-content\/uploads\/2021\/03\/8801.jpg","type":"image\/jpeg"}],"twitter_card":"summary_large_image","schema":{"@context":"https:\/\/schema.org","@graph":[{"@type":"WebPage","@id":"https:\/\/froewag.de\/produkt\/infrarot-temperaturmessgeraet-40-bis-500oc\/","url":"https:\/\/froewag.de\/produkt\/infrarot-temperaturmessgeraet-40-bis-500oc\/","name":"Infrarot-Temperaturmessger\u00e4t -40 bis +500\u00baC - Fr\u00f6wag GmbH","isPartOf":{"@id":"https:\/\/froewag.de\/#website"},"primaryImageOfPage":{"@id":"https:\/\/froewag.de\/produkt\/infrarot-temperaturmessgeraet-40-bis-500oc\/#primaryimage"},"image":{"@id":"https:\/\/froewag.de\/produkt\/infrarot-temperaturmessgeraet-40-bis-500oc\/#primaryimage"},"thumbnailUrl":"https:\/\/froewag.de\/wp-content\/uploads\/2021\/03\/8801.jpg","datePublished":"2021-10-06T19:20:04+00:00","dateModified":"2024-02-02T15:15:33+00:00","breadcrumb":{"@id":"https:\/\/froewag.de\/produkt\/infrarot-temperaturmessgeraet-40-bis-500oc\/#breadcrumb"},"inLanguage":"en-GB","potentialAction":[{"@type":"ReadAction","target":["https:\/\/froewag.de\/produkt\/infrarot-temperaturmessgeraet-40-bis-500oc\/"]}]},{"@type":"ImageObject","inLanguage":"en-GB","@id":"https:\/\/froewag.de\/produkt\/infrarot-temperaturmessgeraet-40-bis-500oc\/#primaryimage","url":"https:\/\/froewag.de\/wp-content\/uploads\/2021\/03\/8801.jpg","contentUrl":"https:\/\/froewag.de\/wp-content\/uploads\/2021\/03\/8801.jpg","width":700,"height":800},{"@type":"BreadcrumbList","@id":"https:\/\/froewag.de\/produkt\/infrarot-temperaturmessgeraet-40-bis-500oc\/#breadcrumb","itemListElement":[{"@type":"ListItem","position":1,"name":"Home","item":"https:\/\/froewag.de\/"},{"@type":"ListItem","position":2,"name":"Produkte","item":"https:\/\/froewag.de\/produkte\/"},{"@type":"ListItem","position":3,"name":"Laborger\u00e4te","item":"https:\/\/froewag.de\/produktkategorie\/laborgeraete\/"},{"@type":"ListItem","position":4,"name":"Thermometer","item":"https:\/\/froewag.de\/produktkategorie\/laborgeraete\/thermometer\/"},{"@type":"ListItem","position":5,"name":"Infrarot-Temperaturmessger\u00e4t -40 bis +500\u00baC"}]},{"@type":"WebSite","@id":"https:\/\/froewag.de\/#website","url":"https:\/\/froewag.de\/","name":"Fr\u00f6wag GmbH","description":"Pr\u00fcfanlagen f\u00fcr Baustoffe und Umwelt","publisher":{"@id":"https:\/\/froewag.de\/#organization"},"potentialAction":[{"@type":"SearchAction","target":{"@type":"EntryPoint","urlTemplate":"https:\/\/froewag.de\/?s={search_term_string}"},"query-input":{"@type":"PropertyValueSpecification","valueRequired":true,"valueName":"search_term_string"}}],"inLanguage":"en-GB"},{"@type":"Organization","@id":"https:\/\/froewag.de\/#organization","name":"Fr\u00f6Wag GmbH","url":"https:\/\/froewag.de\/","logo":{"@type":"ImageObject","inLanguage":"en-GB","@id":"https:\/\/froewag.de\/#\/schema\/logo\/image\/","url":"","contentUrl":"","caption":"Fr\u00f6Wag GmbH"},"image":{"@id":"https:\/\/froewag.de\/#\/schema\/logo\/image\/"}}]}},"_links":{"self":[{"href":"https:\/\/froewag.de\/en\/wp-json\/wp\/v2\/product\/49218","targetHints":{"allow":["GET"]}}],"collection":[{"href":"https:\/\/froewag.de\/en\/wp-json\/wp\/v2\/product"}],"about":[{"href":"https:\/\/froewag.de\/en\/wp-json\/wp\/v2\/types\/product"}],"version-history":[{"count":3,"href":"https:\/\/froewag.de\/en\/wp-json\/wp\/v2\/product\/49218\/revisions"}],"predecessor-version":[{"id":54093,"href":"https:\/\/froewag.de\/en\/wp-json\/wp\/v2\/product\/49218\/revisions\/54093"}],"wp:featuredmedia":[{"embeddable":true,"href":"https:\/\/froewag.de\/en\/wp-json\/wp\/v2\/media\/22004"}],"wp:attachment":[{"href":"https:\/\/froewag.de\/en\/wp-json\/wp\/v2\/media?parent=49218"}],"wp:term":[{"taxonomy":"product_brand","embeddable":true,"href":"https:\/\/froewag.de\/en\/wp-json\/wp\/v2\/product_brand?post=49218"},{"taxonomy":"product_cat","embeddable":true,"href":"https:\/\/froewag.de\/en\/wp-json\/wp\/v2\/product_cat?post=49218"},{"taxonomy":"product_tag","embeddable":true,"href":"https:\/\/froewag.de\/en\/wp-json\/wp\/v2\/product_tag?post=49218"}],"curies":[{"name":"wp","href":"https:\/\/api.w.org\/{rel}","templated":true}]}}