{"id":54971,"date":"2024-08-21T09:19:57","date_gmt":"2024-08-21T07:19:57","guid":{"rendered":"https:\/\/froewag.de\/?post_type=product&#038;p=54971"},"modified":"2024-08-22T08:51:56","modified_gmt":"2024-08-22T06:51:56","slug":"einuhr-plattendruckgeraet-100-kn-direkt","status":"publish","type":"product","link":"https:\/\/froewag.de\/en\/product\/einuhr-plattendruckgeraet-100-kn-direkt\/","title":{"rendered":"Einuhr &#8211; Plattendruckger\u00e4t 100 kN &#8222;Direkt&#8220;"},"content":{"rendered":"<p>Einuhrplattendruckger\u00e4t 100kN &#8222;Direkt&#8220;<\/p>\n<p>Nach DIN 18134:2012<br \/>\nDruckkraft 100 kN<br \/>\nZur Ermittlung von Drucksetzungslinien f\u00fcr die Beurteilung der Verformbarkeit<br \/>\nund Tragf\u00e4higkeit des Bodens, Messung mit nur einer Messuhr.<\/p>\n<p>\u2022 Pr\u00e4zise Lagerung des Tasters f\u00fcr genaue Messungen<br \/>\n\u2022 einfache Handhabung<br \/>\n\u2022 leichter und robuster Messkopf<br \/>\n\u2022 Umr\u00fcstung von Indirekter zu Direkter Messung innerhalb weniger Sekunden<\/p>\n<p>Bestehend aus:<\/p>\n<p>\u2022 Messbr\u00fccke mit ausziehbarem Messarm und verstellbaren Tellerf\u00fc\u00dfen<br \/>\n\u2022 Pr\u00e4zisionsmessuhr, 30mm mit 0,01mm Aufl\u00f6sung mit Werkspr\u00fcfprotokoll<br \/>\n\u2022 Belastungseinrichtung, Druckkraft 100kN<br \/>\n\u2022 Hydraulikzylinder, doppelt gef\u00fchrt, Kolbenfl\u00e4che 22,9 cm\u00b2 , Hub 150mm<br \/>\n\u2022 robuste Hydraulikpumpe mit Riffelblech zur besseren Standfestigkeit<br \/>\n\u2022 schr\u00e4g montiertes Pr\u00e4zisionsmanometer mit 3-fach Skala f\u00fcr Lastplatten \u00f8 300 mm, 600 mm und 762 mm, verblombt mit Werkspr\u00fcfprotokoll<br \/>\n\u2022 2 m langer Hydraulikschlauch<br \/>\n\u2022 oberes Kugelgelenk mit Haftmagnet<br \/>\n\u2022 Lastplatte S 355, \u00f8 300mm mit Messtunnel, Aufnahme f\u00fcr Kraftmesseinrichtung und verstellbarer Dosenlibelle<br \/>\n\u2022 Steckbarer Verl\u00e4ngerungssatz L 530 mm<\/p>\n<p>&nbsp;<\/p>\n<p><strong>Die Ausf\u00fchrung des Versuches nach DIN 18134 ist ohne elektronische Kraftmesseinrichtung nicht zul\u00e4ssig.<\/strong><\/p>","protected":false},"excerpt":{"rendered":"<p>Zur Ermittlung von Drucksetzungslinien f\u00fcr die Beurteilung der Verformbarkeit und Tragf\u00e4higkeit des Bodens, Messung mit nur einer Messuhr.<\/p>","protected":false},"featured_media":54973,"template":"","meta":{"_acf_changed":false,"site-sidebar-layout":"default","site-content-layout":"plain-container","ast-site-content-layout":"normal-width-container","site-content-style":"unboxed","site-sidebar-style":"unboxed","ast-global-header-display":"","ast-banner-title-visibility":"","ast-main-header-display":"","ast-hfb-above-header-display":"","ast-hfb-below-header-display":"","ast-hfb-mobile-header-display":"","site-post-title":"","ast-breadcrumbs-content":"","ast-featured-img":"","footer-sml-layout":"","theme-transparent-header-meta":"default","adv-header-id-meta":"","stick-header-meta":"","header-above-stick-meta":"","header-main-stick-meta":"","header-below-stick-meta":"","astra-migrate-meta-layouts":"set","ast-page-background-enabled":"default","ast-page-background-meta":{"desktop":{"background-color":"","background-image":"","background-repeat":"repeat","background-position":"center center","background-size":"auto","background-attachment":"scroll","background-type":"","background-media":"","overlay-type":"","overlay-color":"","overlay-opacity":"","overlay-gradient":""},"tablet":{"background-color":"","background-image":"","background-repeat":"repeat","background-position":"center center","background-size":"auto","background-attachment":"scroll","background-type":"","background-media":"","overlay-type":"","overlay-color":"","overlay-opacity":"","overlay-gradient":""},"mobile":{"background-color":"","background-image":"","background-repeat":"repeat","background-position":"center center","background-size":"auto","background-attachment":"scroll","background-type":"","background-media":"","overlay-type":"","overlay-color":"","overlay-opacity":"","overlay-gradient":""}},"ast-content-background-meta":{"desktop":{"background-color":"var(--ast-global-color-5)","background-image":"","background-repeat":"repeat","background-position":"center center","background-size":"auto","background-attachment":"scroll","background-type":"","background-media":"","overlay-type":"","overlay-color":"","overlay-opacity":"","overlay-gradient":""},"tablet":{"background-color":"var(--ast-global-color-5)","background-image":"","background-repeat":"repeat","background-position":"center center","background-size":"auto","background-attachment":"scroll","background-type":"","background-media":"","overlay-type":"","overlay-color":"","overlay-opacity":"","overlay-gradient":""},"mobile":{"background-color":"var(--ast-global-color-5)","background-image":"","background-repeat":"repeat","background-position":"center center","background-size":"auto","background-attachment":"scroll","background-type":"","background-media":"","overlay-type":"","overlay-color":"","overlay-opacity":"","overlay-gradient":""}},"_themeisle_gutenberg_block_has_review":false},"product_brand":[],"product_cat":[13928,13972],"product_tag":[13971],"class_list":{"0":"post-54971","1":"product","2":"type-product","3":"status-publish","4":"has-post-thumbnail","6":"product_cat-boden-2","7":"product_cat-verformbarkeit-tragfaehigkeit-boden-2","8":"product_tag-sportplatzbau","9":"pa_einzelnormen-din","10":"pa_einzelnormen-din-18134","11":"desktop-align-left","12":"tablet-align-left","13":"mobile-align-left","15":"first","16":"instock","17":"product-type-simple"},"acf":[],"yoast_head":"<!-- This site is optimized with the Yoast SEO plugin v27.0 - https:\/\/yoast.com\/product\/yoast-seo-wordpress\/ -->\n<title>Einuhr - Plattendruckger\u00e4t 100 kN &quot;Direkt&quot; - Fr\u00f6wag GmbH<\/title>\n<meta name=\"robots\" content=\"index, follow, max-snippet:-1, max-image-preview:large, max-video-preview:-1\" \/>\n<link rel=\"canonical\" href=\"https:\/\/froewag.de\/en\/product\/einuhr-plattendruckgeraet-100-kn-direkt\/\" \/>\n<meta property=\"og:locale\" content=\"en_GB\" \/>\n<meta property=\"og:type\" content=\"article\" \/>\n<meta property=\"og:title\" content=\"Einuhr - Plattendruckger\u00e4t 100 kN &quot;Direkt&quot; - Fr\u00f6wag GmbH\" \/>\n<meta property=\"og:description\" content=\"Zur Ermittlung von Drucksetzungslinien f\u00fcr die Beurteilung der Verformbarkeit und Tragf\u00e4higkeit des Bodens, Messung mit nur einer Messuhr.\" \/>\n<meta property=\"og:url\" content=\"https:\/\/froewag.de\/en\/product\/einuhr-plattendruckgeraet-100-kn-direkt\/\" \/>\n<meta property=\"og:site_name\" content=\"Fr\u00f6wag GmbH\" \/>\n<meta property=\"article:modified_time\" content=\"2024-08-22T06:51:56+00:00\" \/>\n<meta property=\"og:image\" content=\"http:\/\/froewag.de\/wp-content\/uploads\/2024\/08\/2.315-Direkte-Messung-Kpl.-klein.jpg\" \/>\n\t<meta property=\"og:image:width\" content=\"1920\" \/>\n\t<meta property=\"og:image:height\" content=\"1920\" \/>\n\t<meta property=\"og:image:type\" content=\"image\/jpeg\" \/>\n<meta name=\"twitter:card\" content=\"summary_large_image\" \/>\n<script type=\"application\/ld+json\" class=\"yoast-schema-graph\">{\"@context\":\"https:\/\/schema.org\",\"@graph\":[{\"@type\":\"WebPage\",\"@id\":\"https:\/\/froewag.de\/produkt\/einuhr-plattendruckgeraet-100-kn-direkt\/\",\"url\":\"https:\/\/froewag.de\/produkt\/einuhr-plattendruckgeraet-100-kn-direkt\/\",\"name\":\"Einuhr - Plattendruckger\u00e4t 100 kN \\\"Direkt\\\" - Fr\u00f6wag GmbH\",\"isPartOf\":{\"@id\":\"https:\/\/froewag.de\/#website\"},\"primaryImageOfPage\":{\"@id\":\"https:\/\/froewag.de\/produkt\/einuhr-plattendruckgeraet-100-kn-direkt\/#primaryimage\"},\"image\":{\"@id\":\"https:\/\/froewag.de\/produkt\/einuhr-plattendruckgeraet-100-kn-direkt\/#primaryimage\"},\"thumbnailUrl\":\"https:\/\/froewag.de\/wp-content\/uploads\/2024\/08\/2.315-Direkte-Messung-Kpl.-klein.jpg\",\"datePublished\":\"2024-08-21T07:19:57+00:00\",\"dateModified\":\"2024-08-22T06:51:56+00:00\",\"breadcrumb\":{\"@id\":\"https:\/\/froewag.de\/produkt\/einuhr-plattendruckgeraet-100-kn-direkt\/#breadcrumb\"},\"inLanguage\":\"en-GB\",\"potentialAction\":[{\"@type\":\"ReadAction\",\"target\":[\"https:\/\/froewag.de\/produkt\/einuhr-plattendruckgeraet-100-kn-direkt\/\"]}]},{\"@type\":\"ImageObject\",\"inLanguage\":\"en-GB\",\"@id\":\"https:\/\/froewag.de\/produkt\/einuhr-plattendruckgeraet-100-kn-direkt\/#primaryimage\",\"url\":\"https:\/\/froewag.de\/wp-content\/uploads\/2024\/08\/2.315-Direkte-Messung-Kpl.-klein.jpg\",\"contentUrl\":\"https:\/\/froewag.de\/wp-content\/uploads\/2024\/08\/2.315-Direkte-Messung-Kpl.-klein.jpg\",\"width\":1920,\"height\":1920},{\"@type\":\"BreadcrumbList\",\"@id\":\"https:\/\/froewag.de\/produkt\/einuhr-plattendruckgeraet-100-kn-direkt\/#breadcrumb\",\"itemListElement\":[{\"@type\":\"ListItem\",\"position\":1,\"name\":\"Home\",\"item\":\"https:\/\/froewag.de\/\"},{\"@type\":\"ListItem\",\"position\":2,\"name\":\"Produkte\",\"item\":\"https:\/\/froewag.de\/produkte\/\"},{\"@type\":\"ListItem\",\"position\":3,\"name\":\"Boden\",\"item\":\"https:\/\/froewag.de\/produktkategorie\/boden-2\/\"},{\"@type\":\"ListItem\",\"position\":4,\"name\":\"Verformbarkeit \/ Tragf\u00e4higkeit Boden\",\"item\":\"https:\/\/froewag.de\/produktkategorie\/boden-2\/verformbarkeit-tragfaehigkeit-boden-2\/\"},{\"@type\":\"ListItem\",\"position\":5,\"name\":\"Einuhr &#8211; Plattendruckger\u00e4t 100 kN &#8222;Direkt&#8220;\"}]},{\"@type\":\"WebSite\",\"@id\":\"https:\/\/froewag.de\/#website\",\"url\":\"https:\/\/froewag.de\/\",\"name\":\"Fr\u00f6wag GmbH\",\"description\":\"Pr\u00fcfanlagen f\u00fcr Baustoffe und Umwelt\",\"publisher\":{\"@id\":\"https:\/\/froewag.de\/#organization\"},\"potentialAction\":[{\"@type\":\"SearchAction\",\"target\":{\"@type\":\"EntryPoint\",\"urlTemplate\":\"https:\/\/froewag.de\/?s={search_term_string}\"},\"query-input\":{\"@type\":\"PropertyValueSpecification\",\"valueRequired\":true,\"valueName\":\"search_term_string\"}}],\"inLanguage\":\"en-GB\"},{\"@type\":\"Organization\",\"@id\":\"https:\/\/froewag.de\/#organization\",\"name\":\"Fr\u00f6Wag GmbH\",\"url\":\"https:\/\/froewag.de\/\",\"logo\":{\"@type\":\"ImageObject\",\"inLanguage\":\"en-GB\",\"@id\":\"https:\/\/froewag.de\/#\/schema\/logo\/image\/\",\"url\":\"\",\"contentUrl\":\"\",\"caption\":\"Fr\u00f6Wag GmbH\"},\"image\":{\"@id\":\"https:\/\/froewag.de\/#\/schema\/logo\/image\/\"}}]}<\/script>\n<!-- \/ Yoast SEO plugin. -->","yoast_head_json":{"title":"Einuhr - Plattendruckger\u00e4t 100 kN \"Direkt\" - Fr\u00f6wag GmbH","robots":{"index":"index","follow":"follow","max-snippet":"max-snippet:-1","max-image-preview":"max-image-preview:large","max-video-preview":"max-video-preview:-1"},"canonical":"https:\/\/froewag.de\/en\/product\/einuhr-plattendruckgeraet-100-kn-direkt\/","og_locale":"en_GB","og_type":"article","og_title":"Einuhr - Plattendruckger\u00e4t 100 kN \"Direkt\" - Fr\u00f6wag GmbH","og_description":"Zur Ermittlung von Drucksetzungslinien f\u00fcr die Beurteilung der Verformbarkeit und Tragf\u00e4higkeit des Bodens, Messung mit nur einer Messuhr.","og_url":"https:\/\/froewag.de\/en\/product\/einuhr-plattendruckgeraet-100-kn-direkt\/","og_site_name":"Fr\u00f6wag GmbH","article_modified_time":"2024-08-22T06:51:56+00:00","og_image":[{"width":1920,"height":1920,"url":"http:\/\/froewag.de\/wp-content\/uploads\/2024\/08\/2.315-Direkte-Messung-Kpl.-klein.jpg","type":"image\/jpeg"}],"twitter_card":"summary_large_image","schema":{"@context":"https:\/\/schema.org","@graph":[{"@type":"WebPage","@id":"https:\/\/froewag.de\/produkt\/einuhr-plattendruckgeraet-100-kn-direkt\/","url":"https:\/\/froewag.de\/produkt\/einuhr-plattendruckgeraet-100-kn-direkt\/","name":"Einuhr - Plattendruckger\u00e4t 100 kN \"Direkt\" - Fr\u00f6wag GmbH","isPartOf":{"@id":"https:\/\/froewag.de\/#website"},"primaryImageOfPage":{"@id":"https:\/\/froewag.de\/produkt\/einuhr-plattendruckgeraet-100-kn-direkt\/#primaryimage"},"image":{"@id":"https:\/\/froewag.de\/produkt\/einuhr-plattendruckgeraet-100-kn-direkt\/#primaryimage"},"thumbnailUrl":"https:\/\/froewag.de\/wp-content\/uploads\/2024\/08\/2.315-Direkte-Messung-Kpl.-klein.jpg","datePublished":"2024-08-21T07:19:57+00:00","dateModified":"2024-08-22T06:51:56+00:00","breadcrumb":{"@id":"https:\/\/froewag.de\/produkt\/einuhr-plattendruckgeraet-100-kn-direkt\/#breadcrumb"},"inLanguage":"en-GB","potentialAction":[{"@type":"ReadAction","target":["https:\/\/froewag.de\/produkt\/einuhr-plattendruckgeraet-100-kn-direkt\/"]}]},{"@type":"ImageObject","inLanguage":"en-GB","@id":"https:\/\/froewag.de\/produkt\/einuhr-plattendruckgeraet-100-kn-direkt\/#primaryimage","url":"https:\/\/froewag.de\/wp-content\/uploads\/2024\/08\/2.315-Direkte-Messung-Kpl.-klein.jpg","contentUrl":"https:\/\/froewag.de\/wp-content\/uploads\/2024\/08\/2.315-Direkte-Messung-Kpl.-klein.jpg","width":1920,"height":1920},{"@type":"BreadcrumbList","@id":"https:\/\/froewag.de\/produkt\/einuhr-plattendruckgeraet-100-kn-direkt\/#breadcrumb","itemListElement":[{"@type":"ListItem","position":1,"name":"Home","item":"https:\/\/froewag.de\/"},{"@type":"ListItem","position":2,"name":"Produkte","item":"https:\/\/froewag.de\/produkte\/"},{"@type":"ListItem","position":3,"name":"Boden","item":"https:\/\/froewag.de\/produktkategorie\/boden-2\/"},{"@type":"ListItem","position":4,"name":"Verformbarkeit \/ Tragf\u00e4higkeit Boden","item":"https:\/\/froewag.de\/produktkategorie\/boden-2\/verformbarkeit-tragfaehigkeit-boden-2\/"},{"@type":"ListItem","position":5,"name":"Einuhr &#8211; Plattendruckger\u00e4t 100 kN &#8222;Direkt&#8220;"}]},{"@type":"WebSite","@id":"https:\/\/froewag.de\/#website","url":"https:\/\/froewag.de\/","name":"Fr\u00f6wag GmbH","description":"Pr\u00fcfanlagen f\u00fcr Baustoffe und Umwelt","publisher":{"@id":"https:\/\/froewag.de\/#organization"},"potentialAction":[{"@type":"SearchAction","target":{"@type":"EntryPoint","urlTemplate":"https:\/\/froewag.de\/?s={search_term_string}"},"query-input":{"@type":"PropertyValueSpecification","valueRequired":true,"valueName":"search_term_string"}}],"inLanguage":"en-GB"},{"@type":"Organization","@id":"https:\/\/froewag.de\/#organization","name":"Fr\u00f6Wag GmbH","url":"https:\/\/froewag.de\/","logo":{"@type":"ImageObject","inLanguage":"en-GB","@id":"https:\/\/froewag.de\/#\/schema\/logo\/image\/","url":"","contentUrl":"","caption":"Fr\u00f6Wag GmbH"},"image":{"@id":"https:\/\/froewag.de\/#\/schema\/logo\/image\/"}}]}},"_links":{"self":[{"href":"https:\/\/froewag.de\/en\/wp-json\/wp\/v2\/product\/54971","targetHints":{"allow":["GET"]}}],"collection":[{"href":"https:\/\/froewag.de\/en\/wp-json\/wp\/v2\/product"}],"about":[{"href":"https:\/\/froewag.de\/en\/wp-json\/wp\/v2\/types\/product"}],"version-history":[{"count":2,"href":"https:\/\/froewag.de\/en\/wp-json\/wp\/v2\/product\/54971\/revisions"}],"predecessor-version":[{"id":54974,"href":"https:\/\/froewag.de\/en\/wp-json\/wp\/v2\/product\/54971\/revisions\/54974"}],"wp:featuredmedia":[{"embeddable":true,"href":"https:\/\/froewag.de\/en\/wp-json\/wp\/v2\/media\/54973"}],"wp:attachment":[{"href":"https:\/\/froewag.de\/en\/wp-json\/wp\/v2\/media?parent=54971"}],"wp:term":[{"taxonomy":"product_brand","embeddable":true,"href":"https:\/\/froewag.de\/en\/wp-json\/wp\/v2\/product_brand?post=54971"},{"taxonomy":"product_cat","embeddable":true,"href":"https:\/\/froewag.de\/en\/wp-json\/wp\/v2\/product_cat?post=54971"},{"taxonomy":"product_tag","embeddable":true,"href":"https:\/\/froewag.de\/en\/wp-json\/wp\/v2\/product_tag?post=54971"}],"curies":[{"name":"wp","href":"https:\/\/api.w.org\/{rel}","templated":true}]}}