{"id":55508,"date":"2026-02-19T13:30:58","date_gmt":"2026-02-19T12:30:58","guid":{"rendered":"https:\/\/froewag.de\/?post_type=product&#038;p=55508"},"modified":"2026-02-20T08:34:57","modified_gmt":"2026-02-20T07:34:57","slug":"einschaltautomatik-fuer-umlaufkuehler-400v","status":"publish","type":"product","link":"https:\/\/froewag.de\/en\/product\/einschaltautomatik-fuer-umlaufkuehler-400v\/","title":{"rendered":"Einschaltautomatik f\u00fcr Umlaufk\u00fchler 400V"},"content":{"rendered":"<h2 data-start=\"122\" data-end=\"181\">Einschaltautomatik f\u00fcr Umlaufk\u00fchler COOL BOY und ICE MAN<\/h2>\n<p data-start=\"183\" data-end=\"532\">Die Einschaltautomatik f\u00fcr die Umlaufk\u00fchler COOL BOY und ICE MAN erm\u00f6glicht eine intelligente, automatische Steuerung Ihrer K\u00fchlger\u00e4te in Verbindung mit angeschlossenen Verbrauchern. Sie sorgt daf\u00fcr, dass der Umlaufk\u00fchler automatisch aktiviert wird, sobald ein angeschlossenes Ger\u00e4t in Betrieb genommen wird \u2013 effizient, zuverl\u00e4ssig und komfortabel.<\/p>\n<p data-start=\"534\" data-end=\"844\">Die Einschaltautomatik ist f\u00fcr alle Ger\u00e4te mit einem 400V 16A CEE-Stecker geeignet, die einen Mindeststrom von 20 mA aufnehmen. Dadurch ist sie ideal einsetzbar bei typischen Labor- und Pr\u00fcfanwendungen wie Extraktoren, Asphaltanalysatoren, Bitumen-Sp\u00fclmaschinen und weiteren technischen Verbrauchern.<\/p>\n<p data-start=\"846\" data-end=\"1068\">Durch die automatische Einschaltung wird nicht nur der Bedienkomfort erh\u00f6ht, sondern auch die Betriebssicherheit verbessert und Energie effizient genutzt. Der Umlaufk\u00fchler l\u00e4uft nur dann, wenn er tats\u00e4chlich ben\u00f6tigt wird.<\/p>\n<h3 data-start=\"1070\" data-end=\"1103\">Ihre Vorteile auf einen Blick<\/h3>\n<ul data-start=\"1105\" data-end=\"1608\">\n<li data-start=\"1105\" data-end=\"1195\">\n<p data-start=\"1107\" data-end=\"1195\">Automatische Aktivierung des Umlaufk\u00fchlers beim Start des angeschlossenen Verbrauchers<\/p>\n<\/li>\n<li data-start=\"1196\" data-end=\"1251\">\n<p data-start=\"1198\" data-end=\"1251\">Geeignet f\u00fcr alle Ger\u00e4te mit 400V 16A CEE-Anschluss<\/p>\n<\/li>\n<li data-start=\"1252\" data-end=\"1310\">\n<p data-start=\"1254\" data-end=\"1310\">Mindeststrom des angeschlossenen Verbrauchers: 20 mA<\/p>\n<\/li>\n<li data-start=\"1311\" data-end=\"1362\">\n<p data-start=\"1313\" data-end=\"1362\">Anschlussm\u00f6glichkeit f\u00fcr einen 400V-Verbraucher<\/p>\n<\/li>\n<li data-start=\"1363\" data-end=\"1416\">\n<p data-start=\"1365\" data-end=\"1416\">Zus\u00e4tzlicher Anschluss f\u00fcr einen 230V-Verbraucher<\/p>\n<\/li>\n<li data-start=\"1417\" data-end=\"1471\">\n<p data-start=\"1419\" data-end=\"1471\">Kommunikationsanschluss f\u00fcr Umlaufk\u00fchler \u00fcber RJ45<\/p>\n<\/li>\n<li data-start=\"1472\" data-end=\"1545\">\n<p data-start=\"1474\" data-end=\"1545\">Erweiterungsm\u00f6glichkeit durch Verbindung mit weiteren Adaptern (RJ45)<\/p>\n<\/li>\n<li data-start=\"1546\" data-end=\"1608\">\n<p data-start=\"1548\" data-end=\"1608\">Integrierte Statusanzeige f\u00fcr einfache Betriebs\u00fcberwachung<\/p>\n<\/li>\n<\/ul>\n<h3 data-start=\"1610\" data-end=\"1638\">Typische Einsatzbereiche<\/h3>\n<ul data-start=\"1640\" data-end=\"1821\">\n<li data-start=\"1640\" data-end=\"1671\">\n<p data-start=\"1642\" data-end=\"1671\">Asphalt- und Bitumenpr\u00fcfung<\/p>\n<\/li>\n<li data-start=\"1672\" data-end=\"1708\">\n<p data-start=\"1674\" data-end=\"1708\">Baustoff- und Materialpr\u00fcflabore<\/p>\n<\/li>\n<li data-start=\"1709\" data-end=\"1730\">\n<p data-start=\"1711\" data-end=\"1730\">Extraktionsger\u00e4te<\/p>\n<\/li>\n<li data-start=\"1731\" data-end=\"1754\">\n<p data-start=\"1733\" data-end=\"1754\">Asphaltanalysatoren<\/p>\n<\/li>\n<li data-start=\"1755\" data-end=\"1780\">\n<p data-start=\"1757\" data-end=\"1780\">Bitumen-Sp\u00fclmaschinen<\/p>\n<\/li>\n<li data-start=\"1781\" data-end=\"1821\">\n<p data-start=\"1783\" data-end=\"1821\">Industrielle Pr\u00fcf- und Analyseger\u00e4te<\/p>\n<\/li>\n<\/ul>\n<h3 data-start=\"1823\" data-end=\"1867\">Effiziente und sichere Systemintegration<\/h3>\n<p data-start=\"1869\" data-end=\"2147\">Die Einschaltautomatik l\u00e4sst sich einfach in bestehende Arbeitsumgebungen integrieren und verbessert die Synchronisation zwischen Verbraucher und Umlaufk\u00fchler. Dies sch\u00fctzt Ihre Ger\u00e4te, reduziert unn\u00f6tige Laufzeiten und sorgt f\u00fcr einen reibungslosen und automatisierten Betrieb.<\/p>","protected":false},"excerpt":{"rendered":"<p>Einschaltautomatik f\u00fcr Umlaufk\u00fchler COOL BOY und ICE MAN<br \/>\nGeeignet f\u00fcr alle Ger\u00e4te mit einem 400V 16A CEE Stecker und einem Mindestverbrauch von 20mA. wie Extraktor, Asphaltanalysator, Bitumen-Sp\u00fclmaschine usw.<\/p>\n<p>\u2022 Anschluss von einem Verbraucher 400V<br \/>\n\u2022 Anschluss von einem Verbraucher 230V<br \/>\n\u2022 Kommunikationsanschuss f\u00fcr Umlaufk\u00fchler (RJ45)<br \/>\n\u2022 Anschluss zur Verbindung mit einem weiteren Adapter (RJ45)<br \/>\n\u2022 Statusanzeige<\/p>","protected":false},"featured_media":55510,"template":"","meta":{"_acf_changed":false,"site-sidebar-layout":"default","site-content-layout":"","ast-site-content-layout":"default","site-content-style":"default","site-sidebar-style":"default","ast-global-header-display":"","ast-banner-title-visibility":"","ast-main-header-display":"","ast-hfb-above-header-display":"","ast-hfb-below-header-display":"","ast-hfb-mobile-header-display":"","site-post-title":"","ast-breadcrumbs-content":"","ast-featured-img":"","footer-sml-layout":"","theme-transparent-header-meta":"default","adv-header-id-meta":"","stick-header-meta":"","header-above-stick-meta":"","header-main-stick-meta":"","header-below-stick-meta":"","astra-migrate-meta-layouts":"set","ast-page-background-enabled":"default","ast-page-background-meta":{"desktop":{"background-color":"","background-image":"","background-repeat":"repeat","background-position":"center center","background-size":"auto","background-attachment":"scroll","background-type":"","background-media":"","overlay-type":"","overlay-color":"","overlay-opacity":"","overlay-gradient":""},"tablet":{"background-color":"","background-image":"","background-repeat":"repeat","background-position":"center center","background-size":"auto","background-attachment":"scroll","background-type":"","background-media":"","overlay-type":"","overlay-color":"","overlay-opacity":"","overlay-gradient":""},"mobile":{"background-color":"","background-image":"","background-repeat":"repeat","background-position":"center center","background-size":"auto","background-attachment":"scroll","background-type":"","background-media":"","overlay-type":"","overlay-color":"","overlay-opacity":"","overlay-gradient":""}},"ast-content-background-meta":{"desktop":{"background-color":"var(--ast-global-color-5)","background-image":"","background-repeat":"repeat","background-position":"center center","background-size":"auto","background-attachment":"scroll","background-type":"","background-media":"","overlay-type":"","overlay-color":"","overlay-opacity":"","overlay-gradient":""},"tablet":{"background-color":"var(--ast-global-color-5)","background-image":"","background-repeat":"repeat","background-position":"center center","background-size":"auto","background-attachment":"scroll","background-type":"","background-media":"","overlay-type":"","overlay-color":"","overlay-opacity":"","overlay-gradient":""},"mobile":{"background-color":"var(--ast-global-color-5)","background-image":"","background-repeat":"repeat","background-position":"center center","background-size":"auto","background-attachment":"scroll","background-type":"","background-media":"","overlay-type":"","overlay-color":"","overlay-opacity":"","overlay-gradient":""}},"_themeisle_gutenberg_block_has_review":false},"product_brand":[],"product_cat":[13577,14607],"product_tag":[13604,14604,14605,14606],"class_list":{"0":"post-55508","1":"product","2":"type-product","3":"status-publish","4":"has-post-thumbnail","6":"product_cat-asphalt","7":"product_cat-umlaufkuehlanlagen","8":"product_tag-kuehlgeraet","9":"product_tag-kuehlwasser","10":"product_tag-kuehlwasserrueckkuehler","11":"product_tag-wasserkuehlung","12":"desktop-align-left","13":"tablet-align-left","14":"mobile-align-left","16":"first","17":"instock","18":"taxable","19":"shipping-taxable","20":"product-type-simple"},"acf":[],"yoast_head":"<!-- This site is optimized with the Yoast SEO plugin v27.0 - https:\/\/yoast.com\/product\/yoast-seo-wordpress\/ -->\n<title>Einschaltautomatik f\u00fcr Umlaufk\u00fchler 400V - Fr\u00f6wag GmbH<\/title>\n<meta name=\"robots\" content=\"index, follow, max-snippet:-1, max-image-preview:large, max-video-preview:-1\" \/>\n<link rel=\"canonical\" href=\"https:\/\/froewag.de\/en\/product\/einschaltautomatik-fuer-umlaufkuehler-400v\/\" \/>\n<meta property=\"og:locale\" content=\"en_GB\" \/>\n<meta property=\"og:type\" content=\"article\" \/>\n<meta property=\"og:title\" content=\"Einschaltautomatik f\u00fcr Umlaufk\u00fchler 400V - Fr\u00f6wag GmbH\" \/>\n<meta property=\"og:description\" content=\"Einschaltautomatik f\u00fcr Umlaufk\u00fchler COOL BOY und ICE MAN Geeignet f\u00fcr alle Ger\u00e4te mit einem 400V 16A CEE Stecker und einem Mindestverbrauch von 20mA. wie Extraktor, Asphaltanalysator, Bitumen-Sp\u00fclmaschine usw.  \u2022 Anschluss von einem Verbraucher 400V \u2022 Anschluss von einem Verbraucher 230V \u2022 Kommunikationsanschuss f\u00fcr Umlaufk\u00fchler (RJ45) \u2022 Anschluss zur Verbindung mit einem weiteren Adapter (RJ45) \u2022 Statusanzeige\" \/>\n<meta property=\"og:url\" content=\"https:\/\/froewag.de\/en\/product\/einschaltautomatik-fuer-umlaufkuehler-400v\/\" \/>\n<meta property=\"og:site_name\" content=\"Fr\u00f6wag GmbH\" \/>\n<meta property=\"article:modified_time\" content=\"2026-02-20T07:34:57+00:00\" \/>\n<meta property=\"og:image\" content=\"http:\/\/froewag.de\/wp-content\/uploads\/2026\/02\/1.048.50-Einschaltautomatik-400V-Home.jpg\" \/>\n\t<meta property=\"og:image:width\" content=\"1920\" \/>\n\t<meta property=\"og:image:height\" content=\"1920\" \/>\n\t<meta property=\"og:image:type\" content=\"image\/jpeg\" \/>\n<meta name=\"twitter:card\" content=\"summary_large_image\" \/>\n<script type=\"application\/ld+json\" class=\"yoast-schema-graph\">{\"@context\":\"https:\/\/schema.org\",\"@graph\":[{\"@type\":\"WebPage\",\"@id\":\"https:\/\/froewag.de\/produkt\/einschaltautomatik-fuer-umlaufkuehler-400v\/\",\"url\":\"https:\/\/froewag.de\/produkt\/einschaltautomatik-fuer-umlaufkuehler-400v\/\",\"name\":\"Einschaltautomatik f\u00fcr Umlaufk\u00fchler 400V - Fr\u00f6wag GmbH\",\"isPartOf\":{\"@id\":\"https:\/\/froewag.de\/#website\"},\"primaryImageOfPage\":{\"@id\":\"https:\/\/froewag.de\/produkt\/einschaltautomatik-fuer-umlaufkuehler-400v\/#primaryimage\"},\"image\":{\"@id\":\"https:\/\/froewag.de\/produkt\/einschaltautomatik-fuer-umlaufkuehler-400v\/#primaryimage\"},\"thumbnailUrl\":\"https:\/\/froewag.de\/wp-content\/uploads\/2026\/02\/1.048.50-Einschaltautomatik-400V-Home.jpg\",\"datePublished\":\"2026-02-19T12:30:58+00:00\",\"dateModified\":\"2026-02-20T07:34:57+00:00\",\"breadcrumb\":{\"@id\":\"https:\/\/froewag.de\/produkt\/einschaltautomatik-fuer-umlaufkuehler-400v\/#breadcrumb\"},\"inLanguage\":\"en-GB\",\"potentialAction\":[{\"@type\":\"ReadAction\",\"target\":[\"https:\/\/froewag.de\/produkt\/einschaltautomatik-fuer-umlaufkuehler-400v\/\"]}]},{\"@type\":\"ImageObject\",\"inLanguage\":\"en-GB\",\"@id\":\"https:\/\/froewag.de\/produkt\/einschaltautomatik-fuer-umlaufkuehler-400v\/#primaryimage\",\"url\":\"https:\/\/froewag.de\/wp-content\/uploads\/2026\/02\/1.048.50-Einschaltautomatik-400V-Home.jpg\",\"contentUrl\":\"https:\/\/froewag.de\/wp-content\/uploads\/2026\/02\/1.048.50-Einschaltautomatik-400V-Home.jpg\",\"width\":1920,\"height\":1920},{\"@type\":\"BreadcrumbList\",\"@id\":\"https:\/\/froewag.de\/produkt\/einschaltautomatik-fuer-umlaufkuehler-400v\/#breadcrumb\",\"itemListElement\":[{\"@type\":\"ListItem\",\"position\":1,\"name\":\"Home\",\"item\":\"https:\/\/froewag.de\/\"},{\"@type\":\"ListItem\",\"position\":2,\"name\":\"Produkte\",\"item\":\"https:\/\/froewag.de\/produkte\/\"},{\"@type\":\"ListItem\",\"position\":3,\"name\":\"Asphalt\",\"item\":\"https:\/\/froewag.de\/produktkategorie\/asphalt\/\"},{\"@type\":\"ListItem\",\"position\":4,\"name\":\"Einschaltautomatik f\u00fcr Umlaufk\u00fchler 400V\"}]},{\"@type\":\"WebSite\",\"@id\":\"https:\/\/froewag.de\/#website\",\"url\":\"https:\/\/froewag.de\/\",\"name\":\"Fr\u00f6wag GmbH\",\"description\":\"Pr\u00fcfanlagen f\u00fcr Baustoffe und Umwelt\",\"publisher\":{\"@id\":\"https:\/\/froewag.de\/#organization\"},\"potentialAction\":[{\"@type\":\"SearchAction\",\"target\":{\"@type\":\"EntryPoint\",\"urlTemplate\":\"https:\/\/froewag.de\/?s={search_term_string}\"},\"query-input\":{\"@type\":\"PropertyValueSpecification\",\"valueRequired\":true,\"valueName\":\"search_term_string\"}}],\"inLanguage\":\"en-GB\"},{\"@type\":\"Organization\",\"@id\":\"https:\/\/froewag.de\/#organization\",\"name\":\"Fr\u00f6Wag GmbH\",\"url\":\"https:\/\/froewag.de\/\",\"logo\":{\"@type\":\"ImageObject\",\"inLanguage\":\"en-GB\",\"@id\":\"https:\/\/froewag.de\/#\/schema\/logo\/image\/\",\"url\":\"\",\"contentUrl\":\"\",\"caption\":\"Fr\u00f6Wag GmbH\"},\"image\":{\"@id\":\"https:\/\/froewag.de\/#\/schema\/logo\/image\/\"}}]}<\/script>\n<!-- \/ Yoast SEO plugin. -->","yoast_head_json":{"title":"Einschaltautomatik f\u00fcr Umlaufk\u00fchler 400V - Fr\u00f6wag GmbH","robots":{"index":"index","follow":"follow","max-snippet":"max-snippet:-1","max-image-preview":"max-image-preview:large","max-video-preview":"max-video-preview:-1"},"canonical":"https:\/\/froewag.de\/en\/product\/einschaltautomatik-fuer-umlaufkuehler-400v\/","og_locale":"en_GB","og_type":"article","og_title":"Einschaltautomatik f\u00fcr Umlaufk\u00fchler 400V - Fr\u00f6wag GmbH","og_description":"Einschaltautomatik f\u00fcr Umlaufk\u00fchler COOL BOY und ICE MAN Geeignet f\u00fcr alle Ger\u00e4te mit einem 400V 16A CEE Stecker und einem Mindestverbrauch von 20mA. wie Extraktor, Asphaltanalysator, Bitumen-Sp\u00fclmaschine usw.  \u2022 Anschluss von einem Verbraucher 400V \u2022 Anschluss von einem Verbraucher 230V \u2022 Kommunikationsanschuss f\u00fcr Umlaufk\u00fchler (RJ45) \u2022 Anschluss zur Verbindung mit einem weiteren Adapter (RJ45) \u2022 Statusanzeige","og_url":"https:\/\/froewag.de\/en\/product\/einschaltautomatik-fuer-umlaufkuehler-400v\/","og_site_name":"Fr\u00f6wag GmbH","article_modified_time":"2026-02-20T07:34:57+00:00","og_image":[{"width":1920,"height":1920,"url":"http:\/\/froewag.de\/wp-content\/uploads\/2026\/02\/1.048.50-Einschaltautomatik-400V-Home.jpg","type":"image\/jpeg"}],"twitter_card":"summary_large_image","schema":{"@context":"https:\/\/schema.org","@graph":[{"@type":"WebPage","@id":"https:\/\/froewag.de\/produkt\/einschaltautomatik-fuer-umlaufkuehler-400v\/","url":"https:\/\/froewag.de\/produkt\/einschaltautomatik-fuer-umlaufkuehler-400v\/","name":"Einschaltautomatik f\u00fcr Umlaufk\u00fchler 400V - Fr\u00f6wag GmbH","isPartOf":{"@id":"https:\/\/froewag.de\/#website"},"primaryImageOfPage":{"@id":"https:\/\/froewag.de\/produkt\/einschaltautomatik-fuer-umlaufkuehler-400v\/#primaryimage"},"image":{"@id":"https:\/\/froewag.de\/produkt\/einschaltautomatik-fuer-umlaufkuehler-400v\/#primaryimage"},"thumbnailUrl":"https:\/\/froewag.de\/wp-content\/uploads\/2026\/02\/1.048.50-Einschaltautomatik-400V-Home.jpg","datePublished":"2026-02-19T12:30:58+00:00","dateModified":"2026-02-20T07:34:57+00:00","breadcrumb":{"@id":"https:\/\/froewag.de\/produkt\/einschaltautomatik-fuer-umlaufkuehler-400v\/#breadcrumb"},"inLanguage":"en-GB","potentialAction":[{"@type":"ReadAction","target":["https:\/\/froewag.de\/produkt\/einschaltautomatik-fuer-umlaufkuehler-400v\/"]}]},{"@type":"ImageObject","inLanguage":"en-GB","@id":"https:\/\/froewag.de\/produkt\/einschaltautomatik-fuer-umlaufkuehler-400v\/#primaryimage","url":"https:\/\/froewag.de\/wp-content\/uploads\/2026\/02\/1.048.50-Einschaltautomatik-400V-Home.jpg","contentUrl":"https:\/\/froewag.de\/wp-content\/uploads\/2026\/02\/1.048.50-Einschaltautomatik-400V-Home.jpg","width":1920,"height":1920},{"@type":"BreadcrumbList","@id":"https:\/\/froewag.de\/produkt\/einschaltautomatik-fuer-umlaufkuehler-400v\/#breadcrumb","itemListElement":[{"@type":"ListItem","position":1,"name":"Home","item":"https:\/\/froewag.de\/"},{"@type":"ListItem","position":2,"name":"Produkte","item":"https:\/\/froewag.de\/produkte\/"},{"@type":"ListItem","position":3,"name":"Asphalt","item":"https:\/\/froewag.de\/produktkategorie\/asphalt\/"},{"@type":"ListItem","position":4,"name":"Einschaltautomatik f\u00fcr Umlaufk\u00fchler 400V"}]},{"@type":"WebSite","@id":"https:\/\/froewag.de\/#website","url":"https:\/\/froewag.de\/","name":"Fr\u00f6wag GmbH","description":"Pr\u00fcfanlagen f\u00fcr Baustoffe und Umwelt","publisher":{"@id":"https:\/\/froewag.de\/#organization"},"potentialAction":[{"@type":"SearchAction","target":{"@type":"EntryPoint","urlTemplate":"https:\/\/froewag.de\/?s={search_term_string}"},"query-input":{"@type":"PropertyValueSpecification","valueRequired":true,"valueName":"search_term_string"}}],"inLanguage":"en-GB"},{"@type":"Organization","@id":"https:\/\/froewag.de\/#organization","name":"Fr\u00f6Wag GmbH","url":"https:\/\/froewag.de\/","logo":{"@type":"ImageObject","inLanguage":"en-GB","@id":"https:\/\/froewag.de\/#\/schema\/logo\/image\/","url":"","contentUrl":"","caption":"Fr\u00f6Wag GmbH"},"image":{"@id":"https:\/\/froewag.de\/#\/schema\/logo\/image\/"}}]}},"_links":{"self":[{"href":"https:\/\/froewag.de\/en\/wp-json\/wp\/v2\/product\/55508","targetHints":{"allow":["GET"]}}],"collection":[{"href":"https:\/\/froewag.de\/en\/wp-json\/wp\/v2\/product"}],"about":[{"href":"https:\/\/froewag.de\/en\/wp-json\/wp\/v2\/types\/product"}],"version-history":[{"count":5,"href":"https:\/\/froewag.de\/en\/wp-json\/wp\/v2\/product\/55508\/revisions"}],"predecessor-version":[{"id":55518,"href":"https:\/\/froewag.de\/en\/wp-json\/wp\/v2\/product\/55508\/revisions\/55518"}],"wp:featuredmedia":[{"embeddable":true,"href":"https:\/\/froewag.de\/en\/wp-json\/wp\/v2\/media\/55510"}],"wp:attachment":[{"href":"https:\/\/froewag.de\/en\/wp-json\/wp\/v2\/media?parent=55508"}],"wp:term":[{"taxonomy":"product_brand","embeddable":true,"href":"https:\/\/froewag.de\/en\/wp-json\/wp\/v2\/product_brand?post=55508"},{"taxonomy":"product_cat","embeddable":true,"href":"https:\/\/froewag.de\/en\/wp-json\/wp\/v2\/product_cat?post=55508"},{"taxonomy":"product_tag","embeddable":true,"href":"https:\/\/froewag.de\/en\/wp-json\/wp\/v2\/product_tag?post=55508"}],"curies":[{"name":"wp","href":"https:\/\/api.w.org\/{rel}","templated":true}]}}